{"id":25907,"date":"2024-04-22T08:28:04","date_gmt":"2024-04-22T06:28:04","guid":{"rendered":"https:\/\/www.omni-biotic.com\/it-it\/?page_id=25907"},"modified":"2024-08-08T15:13:22","modified_gmt":"2024-08-08T13:13:22","slug":"ambiente-e-risorse","status":"publish","type":"page","link":"https:\/\/www.omni-biotic.com\/it-it\/sostenibilita\/ambiente-e-risorse\/","title":{"rendered":"Ambiente e risorse"},"content":{"rendered":"\t\t<div data-elementor-type=\"wp-page\" data-elementor-id=\"25907\" class=\"elementor elementor-25907\" data-elementor-post-type=\"page\">\n\t\t\t\t<div class=\"elementor-element elementor-element-4a9714d e-con-full obcs none e-flex e-con e-parent\" data-id=\"4a9714d\" data-element_type=\"container\" data-settings=\"{&quot;background_background&quot;:&quot;classic&quot;,&quot;shape_divider_bottom&quot;:&quot;waves&quot;}\">\n\t\t\t\t<div class=\"elementor-shape elementor-shape-bottom\" aria-hidden=\"true\" data-negative=\"false\">\n\t\t\t<svg xmlns=\"http:\/\/www.w3.org\/2000\/svg\" viewBox=\"0 0 1000 100\" preserveAspectRatio=\"none\">\n\t<path class=\"elementor-shape-fill\" d=\"M421.9,6.5c22.6-2.5,51.5,0.4,75.5,5.3c23.6,4.9,70.9,23.5,100.5,35.7c75.8,32.2,133.7,44.5,192.6,49.7\n\tc23.6,2.1,48.7,3.5,103.4-2.5c54.7-6,106.2-25.6,106.2-25.6V0H0v30.3c0,0,72,32.6,158.4,30.5c39.2-0.7,92.8-6.7,134-22.4\n\tc21.2-8.1,52.2-18.2,79.7-24.2C399.3,7.9,411.6,7.5,421.9,6.5z\"\/>\n<\/svg>\t\t<\/div>\n\t\t<div class=\"elementor-element elementor-element-a86aaf5 e-con-full obcs none e-flex e-con e-child\" data-id=\"a86aaf5\" data-element_type=\"container\" data-settings=\"{&quot;background_background&quot;:&quot;gradient&quot;}\">\n\t\t\t\t<div class=\"elementor-element elementor-element-04d4dbc elementor-widget elementor-widget-heading\" data-id=\"04d4dbc\" data-element_type=\"widget\" data-widget_type=\"heading.default\">\n\t\t\t\t<div class=\"elementor-widget-container\">\n\t\t\t\t\t<h1 class=\"elementor-heading-title elementor-size-default\">Ambiente e Risorse<\/h1>\t\t\t\t<\/div>\n\t\t\t\t<\/div>\n\t\t\t\t<div class=\"elementor-element elementor-element-2b018d0 elementor-widget-divider--view-line elementor-widget elementor-widget-divider\" data-id=\"2b018d0\" data-element_type=\"widget\" data-widget_type=\"divider.default\">\n\t\t\t\t<div class=\"elementor-widget-container\">\n\t\t\t\t\t\t\t<div class=\"elementor-divider\">\n\t\t\t<span class=\"elementor-divider-separator\">\n\t\t\t\t\t\t<\/span>\n\t\t<\/div>\n\t\t\t\t\t\t<\/div>\n\t\t\t\t<\/div>\n\t\t\t\t<div class=\"elementor-element elementor-element-6f30068 elementor-widget elementor-widget-heading\" data-id=\"6f30068\" data-element_type=\"widget\" data-widget_type=\"heading.default\">\n\t\t\t\t<div class=\"elementor-widget-container\">\n\t\t\t\t\t<h3 class=\"elementor-heading-title elementor-size-default\">Ci\u00f2 che per noi \u00e8 importante<\/h3>\t\t\t\t<\/div>\n\t\t\t\t<\/div>\n\t\t\t\t<\/div>\n\t\t\t\t<\/div>\n\t\t<div class=\"elementor-element elementor-element-750b9ae obcs none e-flex e-con-boxed e-con e-parent\" data-id=\"750b9ae\" data-element_type=\"container\">\n\t\t\t\t\t<div class=\"e-con-inner\">\n\t\t<div class=\"elementor-element elementor-element-b1ba715 obcs none e-flex e-con-boxed e-con e-child\" data-id=\"b1ba715\" data-element_type=\"container\">\n\t\t\t\t\t<div class=\"e-con-inner\">\n\t\t<div class=\"elementor-element elementor-element-63638f4 e-con-full obcs none e-flex e-con e-child\" data-id=\"63638f4\" data-element_type=\"container\">\n\t\t\t\t<div class=\"elementor-element elementor-element-3029ffc elementor-align-left elementor-widget__width-initial elementor-widget elementor-widget-breadcrumbs\" data-id=\"3029ffc\" data-element_type=\"widget\" data-widget_type=\"breadcrumbs.default\">\n\t\t\t\t<div class=\"elementor-widget-container\">\n\t\t\t\t\t<span><span class=\"last\">Home<\/span><\/span>\t\t\t\t<\/div>\n\t\t\t\t<\/div>\n\t\t\t\t<\/div>\n\t\t\t\t\t<\/div>\n\t\t\t\t<\/div>\n\t\t\t\t\t<\/div>\n\t\t\t\t<\/div>\n\t\t<div class=\"elementor-element elementor-element-41052a6 obcs none e-flex e-con-boxed e-con e-parent\" data-id=\"41052a6\" data-element_type=\"container\">\n\t\t\t\t\t<div class=\"e-con-inner\">\n\t\t<div class=\"elementor-element elementor-element-bf084b7 e-con-full obcs none e-flex e-con e-child\" data-id=\"bf084b7\" data-element_type=\"container\" data-settings=\"{&quot;background_background&quot;:&quot;classic&quot;}\">\n\t\t\t\t<div class=\"elementor-element elementor-element-a64056b elementor-widget elementor-widget-image\" data-id=\"a64056b\" data-element_type=\"widget\" data-widget_type=\"image.default\">\n\t\t\t\t<div class=\"elementor-widget-container\">\n\t\t\t\t\t\t\t\t\t\t\t\t\t\t\t<img fetchpriority=\"high\" decoding=\"async\" width=\"800\" height=\"840\" src=\"https:\/\/www.omni-biotic.com\/it-it\/wp-content\/uploads\/sites\/5\/2024\/04\/energieffizientes_gebaeude.svg\" class=\"attachment-large size-large wp-image-25910\" alt=\"\" \/>\t\t\t\t\t\t\t\t\t\t\t\t\t\t\t<\/div>\n\t\t\t\t<\/div>\n\t\t\t\t<div class=\"elementor-element elementor-element-671ae2f elementor-widget elementor-widget-heading\" data-id=\"671ae2f\" data-element_type=\"widget\" data-widget_type=\"heading.default\">\n\t\t\t\t<div class=\"elementor-widget-container\">\n\t\t\t\t\t<div class=\"elementor-heading-title elementor-size-default\">Edificio come modello di efficienza energetica<\/div>\t\t\t\t<\/div>\n\t\t\t\t<\/div>\n\t\t\t\t<\/div>\n\t\t<div class=\"elementor-element elementor-element-1f94cdb e-con-full obcs none e-flex e-con e-child\" data-id=\"1f94cdb\" data-element_type=\"container\" data-settings=\"{&quot;background_background&quot;:&quot;classic&quot;}\">\n\t\t\t\t<div class=\"elementor-element elementor-element-6767e03 elementor-widget elementor-widget-image\" data-id=\"6767e03\" data-element_type=\"widget\" data-widget_type=\"image.default\">\n\t\t\t\t<div class=\"elementor-widget-container\">\n\t\t\t\t\t\t\t\t\t\t\t\t\t\t\t<img decoding=\"async\" width=\"800\" height=\"800\" src=\"https:\/\/www.omni-biotic.com\/it-it\/wp-content\/uploads\/sites\/5\/2024\/04\/eigener_strom.svg\" class=\"attachment-large size-large wp-image-25911\" alt=\"\" \/>\t\t\t\t\t\t\t\t\t\t\t\t\t\t\t<\/div>\n\t\t\t\t<\/div>\n\t\t\t\t<div class=\"elementor-element elementor-element-f45e7f1 elementor-widget elementor-widget-heading\" data-id=\"f45e7f1\" data-element_type=\"widget\" data-widget_type=\"heading.default\">\n\t\t\t\t<div class=\"elementor-widget-container\">\n\t\t\t\t\t<div class=\"elementor-heading-title elementor-size-default\">Elettricit\u00e0 generata da fonti rinnovabili\n\n<\/div>\t\t\t\t<\/div>\n\t\t\t\t<\/div>\n\t\t\t\t<\/div>\n\t\t<div class=\"elementor-element elementor-element-2d0b257 e-con-full obcs none e-flex e-con e-child\" data-id=\"2d0b257\" data-element_type=\"container\" data-settings=\"{&quot;background_background&quot;:&quot;classic&quot;}\">\n\t\t\t\t<div class=\"elementor-element elementor-element-f0183e5 elementor-widget elementor-widget-image\" data-id=\"f0183e5\" data-element_type=\"widget\" data-widget_type=\"image.default\">\n\t\t\t\t<div class=\"elementor-widget-container\">\n\t\t\t\t\t\t\t\t\t\t\t\t\t\t\t<img decoding=\"async\" width=\"800\" height=\"800\" src=\"https:\/\/www.omni-biotic.com\/it-it\/wp-content\/uploads\/sites\/5\/2024\/04\/recycling.svg\" class=\"attachment-large size-large wp-image-25912\" alt=\"\" \/>\t\t\t\t\t\t\t\t\t\t\t\t\t\t\t<\/div>\n\t\t\t\t<\/div>\n\t\t\t\t<div class=\"elementor-element elementor-element-2b4bafe elementor-widget elementor-widget-heading\" data-id=\"2b4bafe\" data-element_type=\"widget\" data-widget_type=\"heading.default\">\n\t\t\t\t<div class=\"elementor-widget-container\">\n\t\t\t\t\t<div class=\"elementor-heading-title elementor-size-default\">Impiego di materiali sostenibili e riciclati<\/div>\t\t\t\t<\/div>\n\t\t\t\t<\/div>\n\t\t\t\t<\/div>\n\t\t\t\t\t<\/div>\n\t\t\t\t<\/div>\n\t\t<div class=\"elementor-element elementor-element-7817815 obcs green e-flex e-con-boxed e-con e-parent\" data-id=\"7817815\" data-element_type=\"container\">\n\t\t\t\t\t<div class=\"e-con-inner\">\n\t\t<div class=\"elementor-element elementor-element-736cb1e e-con-full obcs none e-flex e-con e-child\" data-id=\"736cb1e\" data-element_type=\"container\">\n\t\t\t\t<div class=\"elementor-element elementor-element-7d7e10e elementor-widget elementor-widget-text-editor\" data-id=\"7d7e10e\" data-element_type=\"widget\" data-widget_type=\"text-editor.default\">\n\t\t\t\t<div class=\"elementor-widget-container\">\n\t\t\t\t\t\t\t\t\t<p>La sede centrale dell<strong>&#8216;Institut AllergoSan<\/strong> \u00e8 sinonimo di avanguardia e<strong>\u00a0di efficienza energetica,<\/strong> grazie alla produzione interna di elettricit\u00e0, derivante da fonti rinnovabili. Fin dalla fase iniziale abbiamo collaborato con aziende regionali situate poco distanti da noi. Il risultato \u00e8 un <strong>complesso edilizio unico,<\/strong> caratterizzato da un <strong>basso consumo energetico<\/strong> per la climatizzazione e il riscaldamento, 24 ore su 24. Inoltre, la nostra attenzione alla sostenibilit\u00e0 si estende anche a<strong> soluzioni innovative di design:<\/strong> un tetto verde non solo previene il surriscaldamento delle aree circostanti, ma funge da serbatoio per l&#8217;acqua piovana e offre rifugio a insetti utili, tra cui le api selvatiche. Un<strong> impianto fotovoltaico<\/strong> interno da 160 kWp copre l&#8217;intero tetto del magazzino, garantendo un <strong>approvvigionamento energetico<\/strong> continuo sia in estate che in inverno. Nel nostro impegno verso la mobilit\u00e0 sostenibile, stiamo incrementando stazioni di ricarica e automobili elettriche nel nostro parco macchine. Incentiviamo anche i nostri dipendenti a contribuire attivamente alla <strong>riduzione delle emissioni di CO2<\/strong>, pagando l\u2019abbonamento annuale a coloro che utilizzano i mezzi pubblici per raggiungere l\u2019ufficio. La nostra sede non \u00e8 solo un luogo di lavoro, ma un esempio tangibile del nostro impegno per un futuro sostenibile e responsabile.<\/p>\t\t\t\t\t\t\t\t<\/div>\n\t\t\t\t<\/div>\n\t\t<div class=\"elementor-element elementor-element-1faaea2 obcs none e-flex e-con-boxed e-con e-child\" data-id=\"1faaea2\" data-element_type=\"container\">\n\t\t\t\t\t<div class=\"e-con-inner\">\n\t\t<div class=\"elementor-element elementor-element-ad58d79 obcs none e-flex e-con-boxed e-con e-child\" data-id=\"ad58d79\" data-element_type=\"container\">\n\t\t\t\t\t<div class=\"e-con-inner\">\n\t\t<div class=\"elementor-element elementor-element-7f9b159 e-con-full obcs none e-flex e-con e-child\" data-id=\"7f9b159\" data-element_type=\"container\">\n\t\t\t\t<div class=\"elementor-element elementor-element-ed3ffa7 e-transform elementor-widget elementor-widget-image\" data-id=\"ed3ffa7\" data-element_type=\"widget\" data-settings=\"{&quot;_transform_rotateZ_effect&quot;:{&quot;unit&quot;:&quot;px&quot;,&quot;size&quot;:&quot;0&quot;,&quot;sizes&quot;:[]},&quot;_transform_rotate_3d&quot;:&quot;yes&quot;,&quot;_transform_rotateX_effect&quot;:{&quot;unit&quot;:&quot;px&quot;,&quot;size&quot;:&quot;0&quot;,&quot;sizes&quot;:[]},&quot;_transform_rotateY_effect&quot;:{&quot;unit&quot;:&quot;px&quot;,&quot;size&quot;:&quot;4&quot;,&quot;sizes&quot;:[]},&quot;_transform_perspective_effect&quot;:{&quot;unit&quot;:&quot;px&quot;,&quot;size&quot;:&quot;650&quot;,&quot;sizes&quot;:[]},&quot;_transform_rotateZ_effect_tablet&quot;:{&quot;unit&quot;:&quot;deg&quot;,&quot;size&quot;:&quot;&quot;,&quot;sizes&quot;:[]},&quot;_transform_rotateZ_effect_mobile&quot;:{&quot;unit&quot;:&quot;deg&quot;,&quot;size&quot;:&quot;&quot;,&quot;sizes&quot;:[]},&quot;_transform_rotateX_effect_tablet&quot;:{&quot;unit&quot;:&quot;deg&quot;,&quot;size&quot;:&quot;&quot;,&quot;sizes&quot;:[]},&quot;_transform_rotateX_effect_mobile&quot;:{&quot;unit&quot;:&quot;deg&quot;,&quot;size&quot;:&quot;&quot;,&quot;sizes&quot;:[]},&quot;_transform_rotateY_effect_tablet&quot;:{&quot;unit&quot;:&quot;deg&quot;,&quot;size&quot;:&quot;&quot;,&quot;sizes&quot;:[]},&quot;_transform_rotateY_effect_mobile&quot;:{&quot;unit&quot;:&quot;deg&quot;,&quot;size&quot;:&quot;&quot;,&quot;sizes&quot;:[]},&quot;_transform_perspective_effect_tablet&quot;:{&quot;unit&quot;:&quot;px&quot;,&quot;size&quot;:&quot;&quot;,&quot;sizes&quot;:[]},&quot;_transform_perspective_effect_mobile&quot;:{&quot;unit&quot;:&quot;px&quot;,&quot;size&quot;:&quot;&quot;,&quot;sizes&quot;:[]}}\" data-widget_type=\"image.default\">\n\t\t\t\t<div class=\"elementor-widget-container\">\n\t\t\t\t\t\t\t\t\t\t\t\t\t\t\t<img loading=\"lazy\" decoding=\"async\" width=\"800\" height=\"800\" src=\"https:\/\/www.omni-biotic.com\/it-it\/wp-content\/uploads\/sites\/5\/2024\/04\/ressourcen-und-umwelt.jpg\" class=\"attachment-large size-large wp-image-25893\" alt=\"\" srcset=\"https:\/\/www.omni-biotic.com\/it-it\/wp-content\/uploads\/sites\/5\/2024\/04\/ressourcen-und-umwelt.jpg 1024w, https:\/\/www.omni-biotic.com\/it-it\/wp-content\/uploads\/sites\/5\/2024\/04\/ressourcen-und-umwelt-300x300.jpg 300w, https:\/\/www.omni-biotic.com\/it-it\/wp-content\/uploads\/sites\/5\/2024\/04\/ressourcen-und-umwelt-150x150.jpg 150w, https:\/\/www.omni-biotic.com\/it-it\/wp-content\/uploads\/sites\/5\/2024\/04\/ressourcen-und-umwelt-768x768.jpg 768w\" sizes=\"(max-width: 800px) 100vw, 800px\" \/>\t\t\t\t\t\t\t\t\t\t\t\t\t\t\t<\/div>\n\t\t\t\t<\/div>\n\t\t\t\t<\/div>\n\t\t<div class=\"elementor-element elementor-element-cdf0dab e-con-full obcs none e-flex e-con e-child\" data-id=\"cdf0dab\" data-element_type=\"container\">\n\t\t\t\t<div class=\"elementor-element elementor-element-ec34e39 elementor-widget elementor-widget-text-editor\" data-id=\"ec34e39\" data-element_type=\"widget\" data-widget_type=\"text-editor.default\">\n\t\t\t\t<div class=\"elementor-widget-container\">\n\t\t\t\t\t\t\t\t\t<p>Affrontare la scarsit\u00e0 delle risorse naturali \u00e8 una delle sfide globali pi\u00f9 rilevanti. La nostra filosofia si basa sull&#8217;utilizzo di <strong>materiali ecologici e riciclabili in ogni fase della nostra produzione,<\/strong> dalle confezioni dei prodotti, ai cartoni di spedizione. Per garantire la massima sostenibilit\u00e0, esaminiamo regolarmente le <strong>alternative ecologiche<\/strong> disponibili sul mercato, cercando di integrarle nel nostro processo produttivo, nel r<strong>ispetto dei nostri rigorosi standard<\/strong> di qualit\u00e0 interni e delle normative <strong>dell&#8217;Unione Europea.<\/strong><\/p>\t\t\t\t\t\t\t\t<\/div>\n\t\t\t\t<\/div>\n\t\t\t\t<\/div>\n\t\t\t\t\t<\/div>\n\t\t\t\t<\/div>\n\t\t\t\t\t<\/div>\n\t\t\t\t<\/div>\n\t\t<div class=\"elementor-element elementor-element-b0c5e52 obcs none e-flex e-con-boxed e-con e-child\" data-id=\"b0c5e52\" data-element_type=\"container\">\n\t\t\t\t\t<div class=\"e-con-inner\">\n\t\t<div class=\"elementor-element elementor-element-7b5cf04 obcs none e-flex e-con-boxed e-con e-child\" data-id=\"7b5cf04\" data-element_type=\"container\">\n\t\t\t\t\t<div class=\"e-con-inner\">\n\t\t\t\t<div class=\"elementor-element elementor-element-4839d50 elementor-widget elementor-widget-infobox\" data-id=\"4839d50\" data-element_type=\"widget\" data-widget_type=\"infobox.default\">\n\t\t\t\t<div class=\"elementor-widget-container\">\n\t\t\t\t\t\n<div class=\"li-widgets--infobox blue\">\n\n    <div class=\"li-widgets--infobox__icon\">\n        <i aria-hidden=\"true\" class=\"fas fa-hand-holding-heart\"><\/i>    <\/div>\n    <div class=\"li-widgets--infobox__text\">\n            <\/div>\n    <div class=\"li-widgets--infobox__text-body\">\n        <p>Ad esempio, per la produzione delle confezioni della <strong>linea META-CARE\u00ae<\/strong> utilizziamo <strong>materiale riciclato (rePET) al 100 %.<\/strong> Inoltre, tutti i cartoni utilizzati per l'imballaggio sono realizzati con un <strong>mix sostenibile certificato FSC\u00ae<\/strong> o con una <strong>combinazione di FSC\u00ae e PEFC<\/strong> (certificazione che attesta che il legno, utilizzato come materia prima, deriva da foreste coltivate in modo sostenibile).<\/p>    <\/div>\n\n    \n<\/div>\n\t\t\t\t<\/div>\n\t\t\t\t<\/div>\n\t\t\t\t\t<\/div>\n\t\t\t\t<\/div>\n\t\t\t\t\t<\/div>\n\t\t\t\t<\/div>\n\t\t\t\t<div class=\"elementor-element elementor-element-8a35417 elementor-widget elementor-widget-text-editor\" data-id=\"8a35417\" data-element_type=\"widget\" data-widget_type=\"text-editor.default\">\n\t\t\t\t<div class=\"elementor-widget-container\">\n\t\t\t\t\t\t\t\t\t<p>Per ridurre l\u2019utilizzo della plastica abbiamo sostituito l&#8217;imbottitura in plastica dei nostri pacchi con carta riciclata e per garantire che nessun materiale venga sprecato, riutilizziamo le scatole di cartone dei nostri fornitori per spedire i nostri prodotti.<\/p><p>Inoltre, provvederemo a stilare un rapporto sull\u2019impronta ecologica di tutte le nostre attivit\u00e0 commerciali, garantendo quindi massima trasparenza sull&#8217;impatto ambientale di ciascun settore. Questo ci consente di ottimizzare ulteriormente la riduzione delle emissioni di CO2 in maniera mirata.<\/p>\t\t\t\t\t\t\t\t<\/div>\n\t\t\t\t<\/div>\n\t\t\t\t<\/div>\n\t\t\t\t\t<\/div>\n\t\t\t\t<\/div>\n\t\t<div class=\"elementor-element elementor-element-d7e8202 obcs green e-flex e-con-boxed e-con e-parent\" data-id=\"d7e8202\" data-element_type=\"container\">\n\t\t\t\t\t<div class=\"e-con-inner\">\n\t\t\t\t\t<\/div>\n\t\t\t\t<\/div>\n\t\t\t\t<\/div>\n\t\t","protected":false},"excerpt":{"rendered":"<p>Ambiente e Risorse Ci\u00f2 che per noi \u00e8 importante Home Edificio come modello di efficienza energetica Elettricit\u00e0 generata da fonti rinnovabili Impiego di materiali sostenibili e riciclati La sede centrale dell&#8216;Institut AllergoSan \u00e8 sinonimo di avanguardia e\u00a0di efficienza energetica, grazie alla produzione interna di elettricit\u00e0, derivante da fonti rinnovabili. Fin dalla fase iniziale abbiamo collaborato [&hellip;]<\/p>\n","protected":false},"author":8,"featured_media":25893,"parent":25888,"menu_order":0,"comment_status":"closed","ping_status":"closed","template":"","meta":{"_acf_changed":false,"inline_featured_image":false,"footnotes":""},"class_list":["post-25907","page","type-page","status-publish","has-post-thumbnail","hentry"],"acf":[],"_links":{"self":[{"href":"https:\/\/www.omni-biotic.com\/it-it\/wp-json\/wp\/v2\/pages\/25907","targetHints":{"allow":["GET"]}}],"collection":[{"href":"https:\/\/www.omni-biotic.com\/it-it\/wp-json\/wp\/v2\/pages"}],"about":[{"href":"https:\/\/www.omni-biotic.com\/it-it\/wp-json\/wp\/v2\/types\/page"}],"author":[{"embeddable":true,"href":"https:\/\/www.omni-biotic.com\/it-it\/wp-json\/wp\/v2\/users\/8"}],"replies":[{"embeddable":true,"href":"https:\/\/www.omni-biotic.com\/it-it\/wp-json\/wp\/v2\/comments?post=25907"}],"version-history":[{"count":7,"href":"https:\/\/www.omni-biotic.com\/it-it\/wp-json\/wp\/v2\/pages\/25907\/revisions"}],"predecessor-version":[{"id":26131,"href":"https:\/\/www.omni-biotic.com\/it-it\/wp-json\/wp\/v2\/pages\/25907\/revisions\/26131"}],"up":[{"embeddable":true,"href":"https:\/\/www.omni-biotic.com\/it-it\/wp-json\/wp\/v2\/pages\/25888"}],"wp:featuredmedia":[{"embeddable":true,"href":"https:\/\/www.omni-biotic.com\/it-it\/wp-json\/wp\/v2\/media\/25893"}],"wp:attachment":[{"href":"https:\/\/www.omni-biotic.com\/it-it\/wp-json\/wp\/v2\/media?parent=25907"}],"curies":[{"name":"wp","href":"https:\/\/api.w.org\/{rel}","templated":true}]}}