{"id":93,"date":"2022-03-07T10:07:28","date_gmt":"2022-03-07T09:07:28","guid":{"rendered":"https:\/\/www.omni-biotic.com\/ueber-uns\/forschung-entwicklung\/studienspiegel\/"},"modified":"2025-02-17T08:38:04","modified_gmt":"2025-02-17T07:38:04","slug":"criteri-qualitativi","status":"publish","type":"page","link":"https:\/\/www.omni-biotic.com\/it-it\/chi-siamo\/studi-scientifici\/criteri-qualitativi\/","title":{"rendered":"Criteri qualitativi"},"content":{"rendered":"\t\t<div data-elementor-type=\"wp-page\" data-elementor-id=\"93\" class=\"elementor elementor-93\" data-elementor-post-type=\"page\">\n\t\t\t\t<div class=\"elementor-element elementor-element-da12cac e-con-full obcs none e-flex e-con e-parent\" data-id=\"da12cac\" data-element_type=\"container\" data-settings=\"{&quot;background_background&quot;:&quot;classic&quot;,&quot;shape_divider_bottom&quot;:&quot;waves&quot;}\">\n\t\t\t\t<div class=\"elementor-shape elementor-shape-bottom\" aria-hidden=\"true\" data-negative=\"false\">\n\t\t\t<svg xmlns=\"http:\/\/www.w3.org\/2000\/svg\" viewBox=\"0 0 1000 100\" preserveAspectRatio=\"none\">\n\t<path class=\"elementor-shape-fill\" d=\"M421.9,6.5c22.6-2.5,51.5,0.4,75.5,5.3c23.6,4.9,70.9,23.5,100.5,35.7c75.8,32.2,133.7,44.5,192.6,49.7\n\tc23.6,2.1,48.7,3.5,103.4-2.5c54.7-6,106.2-25.6,106.2-25.6V0H0v30.3c0,0,72,32.6,158.4,30.5c39.2-0.7,92.8-6.7,134-22.4\n\tc21.2-8.1,52.2-18.2,79.7-24.2C399.3,7.9,411.6,7.5,421.9,6.5z\"\/>\n<\/svg>\t\t<\/div>\n\t\t\t\t<div class=\"elementor-element elementor-element-41165b3 elementor-absolute elementor-hidden-mobile elementor-align-center elementor-widget elementor-widget-lottie\" data-id=\"41165b3\" data-element_type=\"widget\" data-settings=\"{&quot;source_json&quot;:{&quot;url&quot;:&quot;https:\\\/\\\/www.omni-biotic.com\\\/it-it\\\/wp-content\\\/uploads\\\/sites\\\/5\\\/2022\\\/08\\\/lf30_editor_s5uwdgjh.json&quot;,&quot;id&quot;:&quot;7733&quot;,&quot;size&quot;:&quot;&quot;,&quot;alt&quot;:&quot;&quot;,&quot;source&quot;:&quot;library&quot;},&quot;loop&quot;:&quot;yes&quot;,&quot;play_speed&quot;:{&quot;unit&quot;:&quot;px&quot;,&quot;size&quot;:&quot;0.3&quot;,&quot;sizes&quot;:[]},&quot;_position&quot;:&quot;absolute&quot;,&quot;source&quot;:&quot;media_file&quot;,&quot;caption_source&quot;:&quot;none&quot;,&quot;link_to&quot;:&quot;none&quot;,&quot;trigger&quot;:&quot;arriving_to_viewport&quot;,&quot;viewport&quot;:{&quot;unit&quot;:&quot;%&quot;,&quot;size&quot;:&quot;&quot;,&quot;sizes&quot;:{&quot;start&quot;:0,&quot;end&quot;:100}},&quot;start_point&quot;:{&quot;unit&quot;:&quot;%&quot;,&quot;size&quot;:0,&quot;sizes&quot;:[]},&quot;end_point&quot;:{&quot;unit&quot;:&quot;%&quot;,&quot;size&quot;:100,&quot;sizes&quot;:[]},&quot;renderer&quot;:&quot;svg&quot;}\" data-widget_type=\"lottie.default\">\n\t\t\t\t<div class=\"elementor-widget-container\">\n\t\t\t\t\t<div class=\"e-lottie__container\"><div class=\"e-lottie__animation\"><\/div><\/div>\t\t\t\t<\/div>\n\t\t\t\t<\/div>\n\t\t<div class=\"elementor-element elementor-element-251f2bb e-con-full obcs none e-flex e-con e-child\" data-id=\"251f2bb\" data-element_type=\"container\" data-settings=\"{&quot;background_background&quot;:&quot;gradient&quot;}\">\n\t\t\t\t<div class=\"elementor-element elementor-element-1c8e387 elementor-widget elementor-widget-heading\" data-id=\"1c8e387\" data-element_type=\"widget\" data-widget_type=\"heading.default\">\n\t\t\t\t<div class=\"elementor-widget-container\">\n\t\t\t\t\t<h1 class=\"elementor-heading-title elementor-size-default\">Criteri qualitativi dei probiotici e prebiotici rilevanti dal punto di vista medico<\/h1>\t\t\t\t<\/div>\n\t\t\t\t<\/div>\n\t\t\t\t<div class=\"elementor-element elementor-element-b95cd50 elementor-widget-divider--view-line elementor-widget elementor-widget-divider\" data-id=\"b95cd50\" data-element_type=\"widget\" data-widget_type=\"divider.default\">\n\t\t\t\t<div class=\"elementor-widget-container\">\n\t\t\t\t\t\t\t<div class=\"elementor-divider\">\n\t\t\t<span class=\"elementor-divider-separator\">\n\t\t\t\t\t\t<\/span>\n\t\t<\/div>\n\t\t\t\t\t\t<\/div>\n\t\t\t\t<\/div>\n\t\t\t\t<div class=\"elementor-element elementor-element-09cf955 elementor-widget elementor-widget-text-editor\" data-id=\"09cf955\" data-element_type=\"widget\" data-widget_type=\"text-editor.default\">\n\t\t\t\t<div class=\"elementor-widget-container\">\n\t\t\t\t\t\t\t\t\t<p>I seguenti criteri di qualit\u00e0 sono stati compilati secondo le linee guida dell\u2019Organizzazione Mondiale della Sanit\u00e0 (OMS), della Food And Drug Administration (FDA), dell\u2019Organizzazione Mondiale di Gastroenterologia (WGO) e della Societ\u00e0 Austriaca per la Medicina Probiotica (OePROM).<\/p>\t\t\t\t\t\t\t\t<\/div>\n\t\t\t\t<\/div>\n\t\t\t\t<\/div>\n\t\t\t\t<\/div>\n\t\t<div class=\"elementor-element elementor-element-e8d0526 obcs none e-flex e-con-boxed e-con e-parent\" data-id=\"e8d0526\" data-element_type=\"container\">\n\t\t\t\t\t<div class=\"e-con-inner\">\n\t\t<div class=\"elementor-element elementor-element-8b0e3d6 e-con-full obcs none e-flex e-con e-child\" data-id=\"8b0e3d6\" data-element_type=\"container\">\n\t\t\t\t<div class=\"elementor-element elementor-element-820ef3c elementor-align-left elementor-widget__width-initial elementor-widget elementor-widget-breadcrumbs\" data-id=\"820ef3c\" data-element_type=\"widget\" data-widget_type=\"breadcrumbs.default\">\n\t\t\t\t<div class=\"elementor-widget-container\">\n\t\t\t\t\t<span><span class=\"last\">Home<\/span><\/span>\t\t\t\t<\/div>\n\t\t\t\t<\/div>\n\t\t\t\t<\/div>\n\t\t<div class=\"elementor-element elementor-element-e69b55d e-con-full obcs none e-flex e-con e-child\" data-id=\"e69b55d\" data-element_type=\"container\">\n\t\t\t\t<div class=\"elementor-element elementor-element-988957f elementor-toc--minimized-on-desktop elementor-widget elementor-widget-table-of-contents\" data-id=\"988957f\" data-element_type=\"widget\" data-settings=\"{&quot;exclude_headings_by_selector&quot;:[],&quot;minimized_on&quot;:&quot;desktop&quot;,&quot;no_headings_message&quot;:&quot;Non sono state trovate intestazioni in questa pagina.&quot;,&quot;headings_by_tags&quot;:[&quot;h2&quot;,&quot;h3&quot;,&quot;h4&quot;,&quot;h5&quot;,&quot;h6&quot;],&quot;marker_view&quot;:&quot;numbers&quot;,&quot;minimize_box&quot;:&quot;yes&quot;,&quot;hierarchical_view&quot;:&quot;yes&quot;,&quot;min_height&quot;:{&quot;unit&quot;:&quot;px&quot;,&quot;size&quot;:&quot;&quot;,&quot;sizes&quot;:[]},&quot;min_height_tablet&quot;:{&quot;unit&quot;:&quot;px&quot;,&quot;size&quot;:&quot;&quot;,&quot;sizes&quot;:[]},&quot;min_height_mobile&quot;:{&quot;unit&quot;:&quot;px&quot;,&quot;size&quot;:&quot;&quot;,&quot;sizes&quot;:[]}}\" data-widget_type=\"table-of-contents.default\">\n\t\t\t\t<div class=\"elementor-widget-container\">\n\t\t\t\t\t\t\t\t\t<div class=\"elementor-toc__header\">\n\t\t\t\t\t\t<h4 class=\"elementor-toc__header-title\">\n\t\t\t\tIndice\t\t\t<\/h4>\n\t\t\t\t\t\t\t\t\t\t<div class=\"elementor-toc__toggle-button elementor-toc__toggle-button--expand\" role=\"button\" tabindex=\"0\" aria-controls=\"elementor-toc__988957f\" aria-expanded=\"true\" aria-label=\"Apri l&#039;indice dei contenuti\"><i aria-hidden=\"true\" class=\"fas fa-chevron-down\"><\/i><\/div>\n\t\t\t\t<div class=\"elementor-toc__toggle-button elementor-toc__toggle-button--collapse\" role=\"button\" tabindex=\"0\" aria-controls=\"elementor-toc__988957f\" aria-expanded=\"true\" aria-label=\"Chiudi l&#039;indice dei contenuti\"><i aria-hidden=\"true\" class=\"fas fa-chevron-up\"><\/i><\/div>\n\t\t\t\t\t<\/div>\n\t\t\t\t<div id=\"elementor-toc__988957f\" class=\"elementor-toc__body\">\n\t\t\t<div class=\"elementor-toc__spinner-container\">\n\t\t\t\t<i class=\"elementor-toc__spinner eicon-animation-spin eicon-loading\" aria-hidden=\"true\"><\/i>\t\t\t<\/div>\n\t\t<\/div>\n\t\t\t\t\t\t<\/div>\n\t\t\t\t<\/div>\n\t\t\t\t<\/div>\n\t\t\t\t\t<\/div>\n\t\t\t\t<\/div>\n\t\t<div class=\"elementor-element elementor-element-01cdce7 obcs none e-flex e-con-boxed e-con e-parent\" data-id=\"01cdce7\" data-element_type=\"container\">\n\t\t\t\t\t<div class=\"e-con-inner\">\n\t\t\t\t<div class=\"elementor-element elementor-element-b7684c2 elementor-widget elementor-widget-heading\" data-id=\"b7684c2\" data-element_type=\"widget\" data-widget_type=\"heading.default\">\n\t\t\t\t<div class=\"elementor-widget-container\">\n\t\t\t\t\t<h2 class=\"elementor-heading-title elementor-size-default\">1.Sicurezza<\/h2>\t\t\t\t<\/div>\n\t\t\t\t<\/div>\n\t\t\t\t<div class=\"elementor-element elementor-element-51ba0fc elementor-widget elementor-widget-text-editor\" data-id=\"51ba0fc\" data-element_type=\"widget\" data-widget_type=\"text-editor.default\">\n\t\t\t\t<div class=\"elementor-widget-container\">\n\t\t\t\t\t\t\t\t\t<p>Tutti i ceppi batterici utilizzati devono essere qualificati come GRAS (Generally Recognized As Safe, generalmente riconosciuti come sicuri), fruire dello stato QPS (Qualified Presumption of Safety, presunzione qualificata di sicurezza) o di uno standard di sicurezza comparabile. Tali attestazioni sono indice di massima sicurezza per l\u2019assunzione da parte dell\u2019uomo e confermano l\u2019assenza di effetti collaterali, anche in caso di uso prolungato.<\/p>\t\t\t\t\t\t\t\t<\/div>\n\t\t\t\t<\/div>\n\t\t\t\t<div class=\"elementor-element elementor-element-60a01b0 elementor-widget elementor-widget-heading\" data-id=\"60a01b0\" data-element_type=\"widget\" data-widget_type=\"heading.default\">\n\t\t\t\t<div class=\"elementor-widget-container\">\n\t\t\t\t\t<h2 class=\"elementor-heading-title elementor-size-default\">2. Numero di batteri<\/h2>\t\t\t\t<\/div>\n\t\t\t\t<\/div>\n\t\t\t\t<div class=\"elementor-element elementor-element-ee03e7b elementor-widget elementor-widget-text-editor\" data-id=\"ee03e7b\" data-element_type=\"widget\" data-widget_type=\"text-editor.default\">\n\t\t\t\t<div class=\"elementor-widget-container\">\n\t\t\t\t\t\t\t\t\tSulla base delle evidenze scientifiche attuali, la quantit\u00e0 minima sufficiente per favorire una colonizzazione dell\u2019intestino da parte dei ceppi batterici \u00e8 di almeno 10<sup>9<\/sup> UFC (= unit\u00e0 formanti colonia), che equivale a 1 miliardo di fermenti lattici al giorno. Ci\u00f2 significa che pu\u00f2 essere assunto un numero rilevante di batteri vivi.\t\t\t\t\t\t\t\t<\/div>\n\t\t\t\t<\/div>\n\t\t\t\t<div class=\"elementor-element elementor-element-3146317 elementor-widget elementor-widget-heading\" data-id=\"3146317\" data-element_type=\"widget\" data-widget_type=\"heading.default\">\n\t\t\t\t<div class=\"elementor-widget-container\">\n\t\t\t\t\t<h2 class=\"elementor-heading-title elementor-size-default\">3. Attivit\u00e0<\/h2>\t\t\t\t<\/div>\n\t\t\t\t<\/div>\n\t\t\t\t<div class=\"elementor-element elementor-element-36ff05d elementor-widget elementor-widget-text-editor\" data-id=\"36ff05d\" data-element_type=\"widget\" data-widget_type=\"text-editor.default\">\n\t\t\t\t<div class=\"elementor-widget-container\">\n\t\t\t\t\t\t\t\t\t<p>I batteri probiotici sviluppano tutta la loro efficacia nelle 24 ore seguenti alla loro reidratazione nel liquido (ad es. acqua), quando sono pronti per svolgere nuovamente la loro attivit\u00e0 benefica nell\u2019intestino.<\/p>\t\t\t\t\t\t\t\t<\/div>\n\t\t\t\t<\/div>\n\t\t\t\t<div class=\"elementor-element elementor-element-5aa1beb elementor-widget elementor-widget-heading\" data-id=\"5aa1beb\" data-element_type=\"widget\" data-widget_type=\"heading.default\">\n\t\t\t\t<div class=\"elementor-widget-container\">\n\t\t\t\t\t<h2 class=\"elementor-heading-title elementor-size-default\">4. Capacit\u00e0 di moltiplicazione<\/h2>\t\t\t\t<\/div>\n\t\t\t\t<\/div>\n\t\t\t\t<div class=\"elementor-element elementor-element-87289bd elementor-widget elementor-widget-text-editor\" data-id=\"87289bd\" data-element_type=\"widget\" data-widget_type=\"text-editor.default\">\n\t\t\t\t<div class=\"elementor-widget-container\">\n\t\t\t\t\t\t\t\t\t<p>La capacit\u00e0 dei batteri probiotici di moltiplicarsi anche dopo la conclusione del trattamento \u00e8 comprovata. Le prove relative a OMNi-BiOTiC\u00ae PANDA, OMNi-BiOTiC\u00ae10 AAD e OMNi-BiOTiC\u00ae STRESS Repair sono state pubblicate su riviste scientifiche.<\/p>\t\t\t\t\t\t\t\t<\/div>\n\t\t\t\t<\/div>\n\t\t\t\t<div class=\"elementor-element elementor-element-3293a5d elementor-widget elementor-widget-heading\" data-id=\"3293a5d\" data-element_type=\"widget\" data-widget_type=\"heading.default\">\n\t\t\t\t<div class=\"elementor-widget-container\">\n\t\t\t\t\t<h2 class=\"elementor-heading-title elementor-size-default\">5.  Resistenza ai succhi gastrici e agli acidi biliari<\/h2>\t\t\t\t<\/div>\n\t\t\t\t<\/div>\n\t\t\t\t<div class=\"elementor-element elementor-element-d5b1dec elementor-widget elementor-widget-text-editor\" data-id=\"d5b1dec\" data-element_type=\"widget\" data-widget_type=\"text-editor.default\">\n\t\t\t\t<div class=\"elementor-widget-container\">\n\t\t\t\t\t\t\t\t\t<p>La resistenza dei batteri agli acidi forti \u00e8 fondamentale. Per rivitalizzare i batteri liofilizzati al di fuori dell\u2019organismo, \u00e8 consigliabile scioglierli in un liquido neutro, come acqua naturale, succhi di frutta poco acidi, latte, yogurt o m\u00fcsli. \u00c8 invece preferibile evitarne l\u2019assunzione con succhi di frutta a base di agrumi, caff\u00e8, alcol, bevande gassate o calde (oltre i 40\u00b0C). In questo modo, i batteri possono assorbire i primi nutrienti e attivarsi metabolicamente prima di affrontare il lento passaggio attraverso lo stomaco, con i suoi succhi gastrici, e il duodeno, dove incontrano acidi biliari e succo pancreatico.<\/p>\t\t\t\t\t\t\t\t<\/div>\n\t\t\t\t<\/div>\n\t\t\t\t<div class=\"elementor-element elementor-element-3839c9b elementor-widget elementor-widget-heading\" data-id=\"3839c9b\" data-element_type=\"widget\" data-widget_type=\"heading.default\">\n\t\t\t\t<div class=\"elementor-widget-container\">\n\t\t\t\t\t<h2 class=\"elementor-heading-title elementor-size-default\">6. Stabilit\u00e0 a temperatura ambiente<\/h2>\t\t\t\t<\/div>\n\t\t\t\t<\/div>\n\t\t\t\t<div class=\"elementor-element elementor-element-a13c4e9 elementor-widget elementor-widget-text-editor\" data-id=\"a13c4e9\" data-element_type=\"widget\" data-widget_type=\"text-editor.default\">\n\t\t\t\t<div class=\"elementor-widget-container\">\n\t\t\t\t\t\t\t\t\t<p class=\"bodytext\">Quel che conta non \u00e8 il numero di batteri presenti al momento del confezionamento, bens\u00ec quello alla fine della scadenza. Infatti, se l\u2019ambiente non offre condizioni di vita ottimali, i batteri vivi muoiono gi\u00e0 dopo pochi giorni. I prodotti OMNi-BiOTiC\u00ae sono sottoposti ad analisi di qualit\u00e0 continue per garantirne la stabilit\u00e0 a temperatura ambiente per 24 mesi.<\/p>\t\t\t\t\t\t\t\t<\/div>\n\t\t\t\t<\/div>\n\t\t\t\t<div class=\"elementor-element elementor-element-1c4d4f0 elementor-widget elementor-widget-heading\" data-id=\"1c4d4f0\" data-element_type=\"widget\" data-widget_type=\"heading.default\">\n\t\t\t\t<div class=\"elementor-widget-container\">\n\t\t\t\t\t<h2 class=\"elementor-heading-title elementor-size-default\">7. Ottimizzazione delle condizioni ambientali<\/h2>\t\t\t\t<\/div>\n\t\t\t\t<\/div>\n\t\t\t\t<div class=\"elementor-element elementor-element-8640d67 elementor-widget elementor-widget-text-editor\" data-id=\"8640d67\" data-element_type=\"widget\" data-widget_type=\"text-editor.default\">\n\t\t\t\t<div class=\"elementor-widget-container\">\n\t\t\t\t\t\t\t\t\t<p>Il valore ottimale del pH dell\u2019intestino tenue \u00e8 di 4,0 \u2013 5,5. Queste condizioni favoriscono la crescita dei batteri benefici, ma non di quelli patogeni. Pertanto, un probiotico deve contenere batteri che siano in grado di abbassare il valore del pH attraverso la produzione di acido lattico.<\/p>\t\t\t\t\t\t\t\t<\/div>\n\t\t\t\t<\/div>\n\t\t\t\t<div class=\"elementor-element elementor-element-4f0ed5a elementor-widget elementor-widget-heading\" data-id=\"4f0ed5a\" data-element_type=\"widget\" data-widget_type=\"heading.default\">\n\t\t\t\t<div class=\"elementor-widget-container\">\n\t\t\t\t\t<h2 class=\"elementor-heading-title elementor-size-default\">8. Formulazione multi-specie di ceppi batterici probiotici<\/h2>\t\t\t\t<\/div>\n\t\t\t\t<\/div>\n\t\t\t\t<div class=\"elementor-element elementor-element-60d2ef5 elementor-widget elementor-widget-text-editor\" data-id=\"60d2ef5\" data-element_type=\"widget\" data-widget_type=\"text-editor.default\">\n\t\t\t\t<div class=\"elementor-widget-container\">\n\t\t\t\t\t\t\t\t\t<p>I dati scientifici suggeriscono che la combinazione mirata di ceppi batterici diversi \u00e8 pi\u00f9 efficace in tutta una serie di campi applicativi rispetto alla somministrazione di singoli ceppi. Con l\u2019opportuno abbinamento dei ceppi batterici all\u2019interno di formule multispecie \u00e8, inoltre, possibile aumentare ulteriormente il potenziale di ogni singolo ceppo.<\/p>\t\t\t\t\t\t\t\t<\/div>\n\t\t\t\t<\/div>\n\t\t\t\t<div class=\"elementor-element elementor-element-5bd5fae elementor-widget elementor-widget-heading\" data-id=\"5bd5fae\" data-element_type=\"widget\" data-widget_type=\"heading.default\">\n\t\t\t\t<div class=\"elementor-widget-container\">\n\t\t\t\t\t<h2 class=\"elementor-heading-title elementor-size-default\">9. Sinergia dei ceppi batterici <\/h2>\t\t\t\t<\/div>\n\t\t\t\t<\/div>\n\t\t\t\t<div class=\"elementor-element elementor-element-a780633 elementor-widget elementor-widget-text-editor\" data-id=\"a780633\" data-element_type=\"widget\" data-widget_type=\"text-editor.default\">\n\t\t\t\t<div class=\"elementor-widget-container\">\n\t\t\t\t\t\t\t\t\t<p>Non tutti i ceppi batterici vivono in perfetta sintonia tra loro. Alcuni sono in competizione per procurarsi il nutrimento. Per questo motivo, la sinergia fra i ceppi nelle formulazioni multispecie va dimostrata o attraverso il metodo \u201ccross streak\u201d oppure mediante altri studi di efficacia.<\/p>\t\t\t\t\t\t\t\t<\/div>\n\t\t\t\t<\/div>\n\t\t\t\t<div class=\"elementor-element elementor-element-1f3ea3c elementor-widget elementor-widget-heading\" data-id=\"1f3ea3c\" data-element_type=\"widget\" data-widget_type=\"heading.default\">\n\t\t\t\t<div class=\"elementor-widget-container\">\n\t\t\t\t\t<h2 class=\"elementor-heading-title elementor-size-default\">10. Etichettatura chiara per il consumatore<\/h2>\t\t\t\t<\/div>\n\t\t\t\t<\/div>\n\t\t\t\t<div class=\"elementor-element elementor-element-bd8d0e0 elementor-widget elementor-widget-text-editor\" data-id=\"bd8d0e0\" data-element_type=\"widget\" data-widget_type=\"text-editor.default\">\n\t\t\t\t<div class=\"elementor-widget-container\">\n\t\t\t\t\t\t\t\t\t<p>I prodotti sono vegani, vegetariani e senza proteine animali, glutine, lievito, lattosio e OGM.<\/p>\t\t\t\t\t\t\t\t<\/div>\n\t\t\t\t<\/div>\n\t\t\t\t<div class=\"elementor-element elementor-element-0666e54 elementor-widget elementor-widget-heading\" data-id=\"0666e54\" data-element_type=\"widget\" data-widget_type=\"heading.default\">\n\t\t\t\t<div class=\"elementor-widget-container\">\n\t\t\t\t\t<h2 class=\"elementor-heading-title elementor-size-default\">11. Matrice<\/h2>\t\t\t\t<\/div>\n\t\t\t\t<\/div>\n\t\t\t\t<div class=\"elementor-element elementor-element-ea144ca elementor-widget elementor-widget-text-editor\" data-id=\"ea144ca\" data-element_type=\"widget\" data-widget_type=\"text-editor.default\">\n\t\t\t\t<div class=\"elementor-widget-container\">\n\t\t\t\t\t\t\t\t\t<p>Per aumentare l\u2019attivit\u00e0 e la capacit\u00e0 di moltiplicazione dei batteri, le formulazioni vengono arricchite di enzimi, fibre e minerali. Ci\u00f2 stimola la produzione di muco da parte della mucosa intestinale e migliora la l\u2019aderenza della combinazione batterica ingerita.<\/p>\t\t\t\t\t\t\t\t<\/div>\n\t\t\t\t<\/div>\n\t\t\t\t<div class=\"elementor-element elementor-element-168dcff elementor-widget elementor-widget-heading\" data-id=\"168dcff\" data-element_type=\"widget\" data-widget_type=\"heading.default\">\n\t\t\t\t<div class=\"elementor-widget-container\">\n\t\t\t\t\t<h2 class=\"elementor-heading-title elementor-size-default\">12. Studi sull'efficacia<\/h2>\t\t\t\t<\/div>\n\t\t\t\t<\/div>\n\t\t\t\t<div class=\"elementor-element elementor-element-63f5a93 elementor-widget elementor-widget-text-editor\" data-id=\"63f5a93\" data-element_type=\"widget\" data-widget_type=\"text-editor.default\">\n\t\t\t\t<div class=\"elementor-widget-container\">\n\t\t\t\t\t\t\t\t\t<p>L\u2019efficacia dei probiotici deve essere dimostrata attraverso studi scientifici compiuti sull\u2019uomo.<\/p>\t\t\t\t\t\t\t\t<\/div>\n\t\t\t\t<\/div>\n\t\t\t\t\t<\/div>\n\t\t\t\t<\/div>\n\t\t<div class=\"elementor-element elementor-element-5a8d101 obcs none e-flex e-con-boxed e-con e-parent\" data-id=\"5a8d101\" data-element_type=\"container\">\n\t\t\t\t\t<div class=\"e-con-inner\">\n\t\t\t\t<div class=\"elementor-element elementor-element-a45aa99 elementor-widget elementor-widget-infobox\" data-id=\"a45aa99\" data-element_type=\"widget\" data-widget_type=\"infobox.default\">\n\t\t\t\t<div class=\"elementor-widget-container\">\n\t\t\t\t\t\n<div class=\"li-widgets--infobox magenta highlights-always-magenta\">\n\n    <div class=\"li-widgets--infobox__icon\">\n        <i aria-hidden=\"true\" class=\"fas fa-info-circle\"><\/i>    <\/div>\n    <div class=\"li-widgets--infobox__text\">\n        <p>I prodotti OMNi-BiOTiC\u00ae soddisfano questi criteri di qualit\u00e0 e sono costituiti esclusivamente da colture batteriche presenti naturalmente nel corpo umano.<\/p>    <\/div>\n    <div class=\"li-widgets--infobox__text-body\">\n            <\/div>\n\n    \n<\/div>\n\t\t\t\t<\/div>\n\t\t\t\t<\/div>\n\t\t\t\t\t<\/div>\n\t\t\t\t<\/div>\n\t\t\t\t<\/div>\n\t\t","protected":false},"excerpt":{"rendered":"<p>Criteri qualitativi dei probiotici e prebiotici rilevanti dal punto di vista medico I seguenti criteri di qualit\u00e0 sono stati compilati secondo le linee guida dell\u2019Organizzazione Mondiale della Sanit\u00e0 (OMS), della Food And Drug Administration (FDA), dell\u2019Organizzazione Mondiale di Gastroenterologia (WGO) e della Societ\u00e0 Austriaca per la Medicina Probiotica (OePROM). Home Indice 1.Sicurezza Tutti i ceppi [&hellip;]<\/p>\n","protected":false},"author":3,"featured_media":0,"parent":91,"menu_order":150,"comment_status":"closed","ping_status":"closed","template":"","meta":{"_acf_changed":false,"inline_featured_image":false,"footnotes":""},"class_list":["post-93","page","type-page","status-publish","hentry"],"acf":[],"_links":{"self":[{"href":"https:\/\/www.omni-biotic.com\/it-it\/wp-json\/wp\/v2\/pages\/93","targetHints":{"allow":["GET"]}}],"collection":[{"href":"https:\/\/www.omni-biotic.com\/it-it\/wp-json\/wp\/v2\/pages"}],"about":[{"href":"https:\/\/www.omni-biotic.com\/it-it\/wp-json\/wp\/v2\/types\/page"}],"author":[{"embeddable":true,"href":"https:\/\/www.omni-biotic.com\/it-it\/wp-json\/wp\/v2\/users\/3"}],"replies":[{"embeddable":true,"href":"https:\/\/www.omni-biotic.com\/it-it\/wp-json\/wp\/v2\/comments?post=93"}],"version-history":[{"count":7,"href":"https:\/\/www.omni-biotic.com\/it-it\/wp-json\/wp\/v2\/pages\/93\/revisions"}],"predecessor-version":[{"id":32944,"href":"https:\/\/www.omni-biotic.com\/it-it\/wp-json\/wp\/v2\/pages\/93\/revisions\/32944"}],"up":[{"embeddable":true,"href":"https:\/\/www.omni-biotic.com\/it-it\/wp-json\/wp\/v2\/pages\/91"}],"wp:attachment":[{"href":"https:\/\/www.omni-biotic.com\/it-it\/wp-json\/wp\/v2\/media?parent=93"}],"curies":[{"name":"wp","href":"https:\/\/api.w.org\/{rel}","templated":true}]}}