{"id":101,"date":"2022-03-07T10:07:28","date_gmt":"2022-03-07T09:07:28","guid":{"rendered":"https:\/\/www.omni-biotic.com\/produkte\/omni-logic\/"},"modified":"2023-09-18T09:49:06","modified_gmt":"2023-09-18T07:49:06","slug":"omni-logic","status":"publish","type":"page","link":"https:\/\/www.omni-biotic.com\/sk-sk\/produkty\/omni-logic\/","title":{"rendered":"OMNi-LOGiC\u00ae"},"content":{"rendered":"\t\t<div data-elementor-type=\"wp-page\" data-elementor-id=\"101\" class=\"elementor elementor-101\" data-elementor-post-type=\"page\">\n\t\t\t\t<div class=\"elementor-element elementor-element-b1919b5 e-con-full obcs green e-flex e-con e-parent\" data-id=\"b1919b5\" data-element_type=\"container\" data-settings=\"{&quot;background_background&quot;:&quot;classic&quot;,&quot;shape_divider_bottom&quot;:&quot;waves&quot;}\">\n\t\t\t\t<div class=\"elementor-shape elementor-shape-bottom\" aria-hidden=\"true\" data-negative=\"false\">\n\t\t\t<svg xmlns=\"http:\/\/www.w3.org\/2000\/svg\" viewBox=\"0 0 1000 100\" preserveAspectRatio=\"none\">\n\t<path class=\"elementor-shape-fill\" d=\"M421.9,6.5c22.6-2.5,51.5,0.4,75.5,5.3c23.6,4.9,70.9,23.5,100.5,35.7c75.8,32.2,133.7,44.5,192.6,49.7\n\tc23.6,2.1,48.7,3.5,103.4-2.5c54.7-6,106.2-25.6,106.2-25.6V0H0v30.3c0,0,72,32.6,158.4,30.5c39.2-0.7,92.8-6.7,134-22.4\n\tc21.2-8.1,52.2-18.2,79.7-24.2C399.3,7.9,411.6,7.5,421.9,6.5z\"\/>\n<\/svg>\t\t<\/div>\n\t\t<div class=\"elementor-element elementor-element-032b07f e-con-full obcs magenta e-flex e-con e-parent\" data-id=\"032b07f\" data-element_type=\"container\" data-settings=\"{&quot;background_background&quot;:&quot;gradient&quot;}\">\n\t\t\t\t<div class=\"elementor-element elementor-element-71cd7d8 elementor-widget elementor-widget-heading\" data-id=\"71cd7d8\" data-element_type=\"widget\" data-widget_type=\"heading.default\">\n\t\t\t\t<div class=\"elementor-widget-container\">\n\t\t\t\t\t<h1 class=\"elementor-heading-title elementor-size-default\">OMNi-LOGiC\u00ae<\/h1>\t\t\t\t<\/div>\n\t\t\t\t<\/div>\n\t\t\t\t<div class=\"elementor-element elementor-element-8b03b7f elementor-widget-divider--view-line elementor-widget elementor-widget-divider\" data-id=\"8b03b7f\" data-element_type=\"widget\" data-widget_type=\"divider.default\">\n\t\t\t\t<div class=\"elementor-widget-container\">\n\t\t\t\t\t\t\t<div class=\"elementor-divider\">\n\t\t\t<span class=\"elementor-divider-separator\">\n\t\t\t\t\t\t<\/span>\n\t\t<\/div>\n\t\t\t\t\t\t<\/div>\n\t\t\t\t<\/div>\n\t\t\t\t<div class=\"elementor-element elementor-element-42e0417 elementor-widget elementor-widget-text-editor\" data-id=\"42e0417\" data-element_type=\"widget\" data-widget_type=\"text-editor.default\">\n\t\t\t\t<div class=\"elementor-widget-container\">\n\t\t\t\t\t\t\t\t\t<p>OMNi-LOGiC\u00ae je na\u0161a <strong>zna\u010dka<\/strong> <strong>prebiot\u00edk<\/strong>. Nie v\u0161etky prospe\u0161n\u00e9 \u010drevn\u00e9 bakt\u00e9rie sa daj\u00fa &#8222;prehltn\u00fa\u0165&#8220;, preto\u017ee nezn\u00e1\u0161aj\u00fa kysl\u00edk, a preto <strong>nepre\u017eij\u00fa mimo \u010dreva<\/strong>. Napriek tomu ich mo\u017eno \u013eahko rozmno\u017eova\u0165 t\u00fdm, \u017ee im poskytneme ich<strong> &#8222;ob\u013e\u00faben\u00fa potravu&#8220;<\/strong> v podobe<strong> vybran\u00fdch vl\u00e1knin (prebiotik\u00e1)<\/strong>.<\/p>\t\t\t\t\t\t\t\t<\/div>\n\t\t\t\t<\/div>\n\t\t\t\t<\/div>\n\t\t<div class=\"elementor-element elementor-element-e047c05 e-con-full elementor-hidden-mobile obcs none e-flex e-con e-parent\" data-id=\"e047c05\" data-element_type=\"container\">\n\t\t\t\t<\/div>\n\t\t\t\t<\/div>\n\t\t<div class=\"elementor-element elementor-element-3b8fa4f obcs none e-flex e-con-boxed e-con e-parent\" data-id=\"3b8fa4f\" data-element_type=\"container\">\n\t\t\t\t\t<div class=\"e-con-inner\">\n\t\t<div class=\"elementor-element elementor-element-462d43b e-con-full obcs none e-flex e-con e-parent\" data-id=\"462d43b\" data-element_type=\"container\">\n\t\t\t\t<div class=\"elementor-element elementor-element-15e3fcd elementor-align-left elementor-widget__width-initial elementor-widget elementor-widget-breadcrumbs\" data-id=\"15e3fcd\" data-element_type=\"widget\" data-widget_type=\"breadcrumbs.default\">\n\t\t\t\t<div class=\"elementor-widget-container\">\n\t\t\t\t\t<span><span class=\"last\">Home<\/span><\/span>\t\t\t\t<\/div>\n\t\t\t\t<\/div>\n\t\t\t\t<\/div>\n\t\t<div class=\"elementor-element elementor-element-0ab61ab e-con-full obcs none e-flex e-con e-parent\" data-id=\"0ab61ab\" data-element_type=\"container\">\n\t\t\t\t<\/div>\n\t\t\t\t\t<\/div>\n\t\t\t\t<\/div>\n\t\t<div class=\"elementor-element elementor-element-73734fb obcs none e-flex e-con-boxed e-con e-parent\" data-id=\"73734fb\" data-element_type=\"container\">\n\t\t\t\t\t<div class=\"e-con-inner\">\n\t\t\t\t<div class=\"elementor-element elementor-element-7a98695 elementor-widget__width-initial elementor-widget elementor-widget-li-widgets--tile-slider\" data-id=\"7a98695\" data-element_type=\"widget\" data-widget_type=\"li-widgets--tile-slider.default\">\n\t\t\t\t<div class=\"elementor-widget-container\">\n\t\t\t\t\t<div class=\"li-widgets--tile-slider magenta\">\n            <div class=\"headlines\">\n                            <div class=\"headline\">\n                    <div class=\"headline--main\"><h2>\"Ob\u013e\u00faben\u00e1 potrava\" pre prospe\u0161n\u00e9 \u010drevn\u00e9 bakt\u00e9rie<\/h2><\/div>\n                                    <\/div>\n                                <\/div>\n                <div class=\"tiles-container grid\">\n            <div class=\"tiles grid-wrapper\">\n                                    <div class=\"swiper-slide\">\n                        <div class=\"tile\">\n                                                        <a href=\"https:\/\/shop.omni-biotic.com\/sk-sk\/products\/omni-logic-fibre-sk-cz\">\n                                                                                                    <img decoding=\"async\" src=\"https:\/\/cdn.shopify.com\/s\/files\/1\/0611\/8198\/5020\/files\/omni-logic-fibre-250g-sk.webp?v=1755757975\" alt=\"OMNi-LOGiC\u00ae FIBRE\" class=\"tile__image\" title=\"\">\n                                                                                            <\/a>\n                                                                                    <div class=\"tile__headline\">OMNi-LOGiC\u00ae FIBRE<\/div>\n                                                                                        <div class=\"tile__subtitle\">Pr\u00edrodn\u00fd zdroj vl\u00e1kniny!<\/div>\n                                                                                                                    <div class=\"tile__price\">\n                                                                        od 20,95 \u20ac                                <\/div>\n                                                                                        <a class=\"tile__button\" href=\"https:\/\/shop.omni-biotic.com\/sk-sk\/products\/omni-logic-fibre-sk-cz\">k produktu<\/a>\n                                                    <\/div>\n                    <\/div>\n                                    <div class=\"swiper-slide\">\n                        <div class=\"tile\">\n                                                        <a href=\"https:\/\/shop.omni-biotic.com\/sk-sk\/products\/omni-logic-immune-sk-cz\">\n                                                                                                    <img decoding=\"async\" src=\"https:\/\/cdn.shopify.com\/s\/files\/1\/0611\/8198\/5020\/files\/omni-logic-immun-450g-sk.webp?v=1755757836\" alt=\"OMNi-LOGiC\u00ae IMMUNE\" class=\"tile__image\" title=\"\">\n                                                                                            <\/a>\n                                                                                    <div class=\"tile__headline\">OMNi-LOGiC\u00ae IMMUNE<\/div>\n                                                                                        <div class=\"tile__subtitle\">Ak\u00e1ciov\u00e1 vl\u00e1knina<\/div>\n                                                                                                                    <div class=\"tile__price\">\n                                                                        od 49,50 \u20ac                                <\/div>\n                                                                                        <a class=\"tile__button\" href=\"https:\/\/shop.omni-biotic.com\/sk-sk\/products\/omni-logic-immune-sk-cz\">k produktu<\/a>\n                                                    <\/div>\n                    <\/div>\n                                    <div class=\"swiper-slide\">\n                        <div class=\"tile\">\n                                                        <a href=\"https:\/\/shop.omni-biotic.com\/sk-sk\/products\/omni-logic-apple-pectin-sk-cz\">\n                                                                                                    <img decoding=\"async\" src=\"https:\/\/cdn.shopify.com\/s\/files\/1\/0611\/8198\/5020\/files\/omni-logic-apfelpektin-84kps-sk.webp?v=1755757647\" alt=\"OMNi-LOGiC\u00ae Jabl\u010dn\u00fd pekt\u00edn\" class=\"tile__image\" title=\"\">\n                                                                                            <\/a>\n                                                                                    <div class=\"tile__headline\">OMNi-LOGiC\u00ae Jabl\u010dn\u00fd pekt\u00edn<\/div>\n                                                                                        <div class=\"tile__subtitle\">Potrava pre bakt\u00e9rie, ktor\u00e9 podporuj\u00fa vylu\u010dovanie cukru z tela<\/div>\n                                                                                                                    <div class=\"tile__price\">\n                                                                        od 25,95 \u20ac                                <\/div>\n                                                                                        <a class=\"tile__button\" href=\"https:\/\/shop.omni-biotic.com\/sk-sk\/products\/omni-logic-apple-pectin-sk-cz\">k produktu<\/a>\n                                                    <\/div>\n                    <\/div>\n                                    <div class=\"swiper-slide\">\n                        <div class=\"tile\">\n                                                        <a href=\"https:\/\/shop.omni-biotic.com\/sk-sk\/products\/omni-logic-plus-sk-cz\">\n                                                                                                    <img decoding=\"async\" src=\"https:\/\/cdn.shopify.com\/s\/files\/1\/0611\/8198\/5020\/files\/omni-logic-plus-450g-sk.webp?v=1755757858\" alt=\"OMNi-LOGiC\u00ae PLUS\" class=\"tile__image\" title=\"\">\n                                                                                            <\/a>\n                                                                                    <div class=\"tile__headline\">OMNi-LOGiC\u00ae PLUS<\/div>\n                                                                                        <div class=\"tile__subtitle\">Rovno\"v\u00e1ha\" v tr\u00e1viacom trakte<\/div>\n                                                                                                                    <div class=\"tile__price\">\n                                                                        od 49,50 \u20ac                                <\/div>\n                                                                                        <a class=\"tile__button\" href=\"https:\/\/shop.omni-biotic.com\/sk-sk\/products\/omni-logic-plus-sk-cz\">k produktu<\/a>\n                                                    <\/div>\n                    <\/div>\n                            <\/div>\n        <\/div>\n    <\/div>\n\t\t\t\t<\/div>\n\t\t\t\t<\/div>\n\t\t\t\t\t<\/div>\n\t\t\t\t<\/div>\n\t\t<div class=\"elementor-element elementor-element-8a51231 obcs none e-flex e-con-boxed e-con e-parent\" data-id=\"8a51231\" data-element_type=\"container\">\n\t\t\t\t\t<div class=\"e-con-inner\">\n\t\t\t\t<div class=\"elementor-element elementor-element-f47a37d elementor-widget elementor-widget-heading\" data-id=\"f47a37d\" data-element_type=\"widget\" data-widget_type=\"heading.default\">\n\t\t\t\t<div class=\"elementor-widget-container\">\n\t\t\t\t\t<span class=\"elementor-heading-title elementor-size-default\">V\u017edy najlep\u0161ie informovan\u00ed!<\/span>\t\t\t\t<\/div>\n\t\t\t\t<\/div>\n\t\t\t\t<div class=\"elementor-element elementor-element-dbd6d74 elementor-widget__width-inherit elementor-widget elementor-widget-heading\" data-id=\"dbd6d74\" data-element_type=\"widget\" data-widget_type=\"heading.default\">\n\t\t\t\t<div class=\"elementor-widget-container\">\n\t\t\t\t\t<h2 class=\"elementor-heading-title elementor-size-default\">N\u00e1\u0161 OMNi-BiOTiC\u00ae Blog<\/h2>\t\t\t\t<\/div>\n\t\t\t\t<\/div>\n\t\t\t\t<div class=\"elementor-element elementor-element-1238767 elementor-widget elementor-widget-li-widgets--posts-gallery\" data-id=\"1238767\" data-element_type=\"widget\" data-widget_type=\"li-widgets--posts-gallery.default\">\n\t\t\t\t<div class=\"elementor-widget-container\">\n\t\t\t\t\t    \n<div class=\"li-widgets--posts-gallery__pagination\" data-post-id=\"101\">\n\n    <div class=\"li-widgets--posts-gallery__pagination-results\">\n        1-6 z 177 v\u00fdsledkov    <\/div>\n    <div class=\"li-widgets--posts-gallery__pagination-pages\">\n        Strana 1 z 30    <\/div>\n    <div class=\"li-widgets--posts-gallery__pagination-url\">\n                            <a href=\"#\" data-href=\"https:\/\/www.omni-biotic.com\/sk-sk\/wp-json\/wp\/v2\/pages\/101\/?search&category=0&cur=1\">1<\/a>\n                    <a href=\"#\" data-href=\"https:\/\/www.omni-biotic.com\/sk-sk\/wp-json\/wp\/v2\/pages\/101\/?search&category=0&cur=2\">2<\/a>\n                    <a href=\"#\" data-href=\"https:\/\/www.omni-biotic.com\/sk-sk\/wp-json\/wp\/v2\/pages\/101\/?search&category=0&cur=3\">3<\/a>\n                            <a href=\"#\" data-href=\"https:\/\/www.omni-biotic.com\/sk-sk\/wp-json\/wp\/v2\/pages\/101\/?search&category=0&cur=30\">\u00bb<\/a>\n            <\/div>\n<\/div>\n<div class=\"li-widgets--posts-gallery blog\">\n                    <a href=\"https:\/\/www.omni-biotic.com\/sk-sk\/blog\/rezistencia-na-antibiotika-problem-ktory-ohrozuje-verejne-zdravie\/\"\n           class=\"li-widgets--posts-gallery__post\">\n            <div class=\"post--image__container\">\n                <div class=\"post--image\">\n                    <img loading=\"lazy\" decoding=\"async\" width=\"768\" height=\"681\" src=\"https:\/\/www.omni-biotic.com\/sk-sk\/wp-content\/uploads\/sites\/9\/2025\/02\/rezistencia-na-antibiotika-768x681.png\" class=\"attachment-medium_large size-medium_large wp-post-image\" alt=\"\" srcset=\"https:\/\/www.omni-biotic.com\/sk-sk\/wp-content\/uploads\/sites\/9\/2025\/02\/rezistencia-na-antibiotika-768x681.png 768w, https:\/\/www.omni-biotic.com\/sk-sk\/wp-content\/uploads\/sites\/9\/2025\/02\/rezistencia-na-antibiotika-300x266.png 300w, https:\/\/www.omni-biotic.com\/sk-sk\/wp-content\/uploads\/sites\/9\/2025\/02\/rezistencia-na-antibiotika-1024x908.png 1024w, https:\/\/www.omni-biotic.com\/sk-sk\/wp-content\/uploads\/sites\/9\/2025\/02\/rezistencia-na-antibiotika.png 1067w\" sizes=\"(max-width: 768px) 100vw, 768px\" title=\"\">                <\/div>\n            <\/div>\n            <div class=\"post--teaser\">\n                <div class=\"title\">Rezistencia na antibiotik\u00e1: probl\u00e9m, ktor\u00fd ohrozuje verejn\u00e9 zdravie<\/div>\n                <div class=\"description\">\n                    Rezistencia na antibiotik\u00e1 je d\u00f4sledkom nespr\u00e1vneho a \u010dast\u00e9ho u\u017e\u00edvania antibiot\u00edk. Nast\u00e1va vtedy, ke\u010f bakt\u00e9rie pre\u017eij\u00fa\u2026                    <br>\n                    <span class=\"read-more\">\n                            \u010c\u00edta\u0165 viac                        <\/span>\n                <\/div>\n                <div class=\"metadata\"><b>Aktualizovan\u00e9:<\/b> 21. apr\u00edla 2026 \u2022 <b>Kateg\u00f3rie:<\/b> S\u0165a\u017enosti a poradenstvo \u2022 <b>Autor:<\/b> Alexandra Kormo\u0161ov\u00e1<\/div>\n            <\/div>\n        <\/a>\n                <a href=\"https:\/\/www.omni-biotic.com\/sk-sk\/blog\/crohnova-choroba\/\"\n           class=\"li-widgets--posts-gallery__post\">\n            <div class=\"post--image__container\">\n                <div class=\"post--image\">\n                    <img loading=\"lazy\" decoding=\"async\" width=\"768\" height=\"768\" src=\"https:\/\/www.omni-biotic.com\/sk-sk\/wp-content\/uploads\/sites\/9\/2022\/08\/morbuscrohn-768x768.jpg\" class=\"attachment-medium_large size-medium_large wp-post-image\" alt=\"Schweizer Studie zu chronischen Darmerkrankungen (IBD)\" srcset=\"https:\/\/www.omni-biotic.com\/sk-sk\/wp-content\/uploads\/sites\/9\/2022\/08\/morbuscrohn-768x768.jpg 768w, https:\/\/www.omni-biotic.com\/sk-sk\/wp-content\/uploads\/sites\/9\/2022\/08\/morbuscrohn-300x300.jpg 300w, https:\/\/www.omni-biotic.com\/sk-sk\/wp-content\/uploads\/sites\/9\/2022\/08\/morbuscrohn-150x150.jpg 150w, https:\/\/www.omni-biotic.com\/sk-sk\/wp-content\/uploads\/sites\/9\/2022\/08\/morbuscrohn.jpg 1000w\" sizes=\"(max-width: 768px) 100vw, 768px\" title=\"\">                <\/div>\n            <\/div>\n            <div class=\"post--teaser\">\n                <div class=\"title\">Crohnova choroba<\/div>\n                <div class=\"description\">\n                    Dlhodob\u00e1 hna\u010dka, k\u0155\u010de v bruchu, nevo\u013enos\u0165, nechutenstvo, chudnutie a nedostatok \u017eiv\u00edn. Ak s\u00fa v\u00e1m tieto\u2026                    <br>\n                    <span class=\"read-more\">\n                            \u010c\u00edta\u0165 viac                        <\/span>\n                <\/div>\n                <div class=\"metadata\"><b>Aktualizovan\u00e9:<\/b> 21. apr\u00edla 2026 \u2022 <b>Kateg\u00f3rie:<\/b> Novinky vo v\u00fdskume \u2022 <b>Autor:<\/b> Katrin Griebler<\/div>\n            <\/div>\n        <\/a>\n                <a href=\"https:\/\/www.omni-biotic.com\/sk-sk\/blog\/vaginalna-suchost\/\"\n           class=\"li-widgets--posts-gallery__post\">\n            <div class=\"post--image__container\">\n                <div class=\"post--image\">\n                    <img loading=\"lazy\" decoding=\"async\" width=\"768\" height=\"509\" src=\"https:\/\/www.omni-biotic.com\/sk-sk\/wp-content\/uploads\/sites\/9\/2023\/06\/vaginalna-suchost.jpg\" class=\"attachment-medium_large size-medium_large wp-post-image\" alt=\"\" srcset=\"https:\/\/www.omni-biotic.com\/sk-sk\/wp-content\/uploads\/sites\/9\/2023\/06\/vaginalna-suchost.jpg 768w, https:\/\/www.omni-biotic.com\/sk-sk\/wp-content\/uploads\/sites\/9\/2023\/06\/vaginalna-suchost-300x199.jpg 300w\" sizes=\"(max-width: 768px) 100vw, 768px\" title=\"\">                <\/div>\n            <\/div>\n            <div class=\"post--teaser\">\n                <div class=\"title\">Vagin\u00e1lna suchos\u0165<\/div>\n                <div class=\"description\">\n                    V po\u0161ve sa ka\u017ed\u00fd de\u0148 vytv\u00e1ra tekutina, ktor\u00e1 sa naz\u00fdva &#8222;vagin\u00e1lny v\u00fdtok&#8220;. Zdrav\u00fd v\u00fdtok by\u2026                    <br>\n                    <span class=\"read-more\">\n                            \u010c\u00edta\u0165 viac                        <\/span>\n                <\/div>\n                <div class=\"metadata\"><b>Aktualizovan\u00e9:<\/b> 21. apr\u00edla 2026 \u2022 <b>Kateg\u00f3rie:<\/b> S\u0165a\u017enosti a poradenstvo, Zdravie \u017eeny \u2022 <b>Autor:<\/b> Florentina Sgarz, BA<\/div>\n            <\/div>\n        <\/a>\n                <a href=\"https:\/\/www.omni-biotic.com\/sk-sk\/blog\/co-je-dobre-na-pankreas\/\"\n           class=\"li-widgets--posts-gallery__post\">\n            <div class=\"post--image__container\">\n                <div class=\"post--image\">\n                    <img loading=\"lazy\" decoding=\"async\" width=\"768\" height=\"512\" src=\"https:\/\/www.omni-biotic.com\/sk-sk\/wp-content\/uploads\/sites\/9\/2025\/08\/podrazdeny-pankreas-priznaky-768x512.png\" class=\"attachment-medium_large size-medium_large wp-post-image\" alt=\"\" srcset=\"https:\/\/www.omni-biotic.com\/sk-sk\/wp-content\/uploads\/sites\/9\/2025\/08\/podrazdeny-pankreas-priznaky-768x512.png 768w, https:\/\/www.omni-biotic.com\/sk-sk\/wp-content\/uploads\/sites\/9\/2025\/08\/podrazdeny-pankreas-priznaky-300x200.png 300w, https:\/\/www.omni-biotic.com\/sk-sk\/wp-content\/uploads\/sites\/9\/2025\/08\/podrazdeny-pankreas-priznaky-1024x683.png 1024w, https:\/\/www.omni-biotic.com\/sk-sk\/wp-content\/uploads\/sites\/9\/2025\/08\/podrazdeny-pankreas-priznaky.png 1536w\" sizes=\"(max-width: 768px) 100vw, 768px\" title=\"\">                <\/div>\n            <\/div>\n            <div class=\"post--teaser\">\n                <div class=\"title\">\u010co je dobr\u00e9 na pankreas?<\/div>\n                <div class=\"description\">\n                    Zdrav\u00fd pankreas je k\u013e\u00fa\u010dom k celkov\u00e9mu zdraviu \u2013 no mnoh\u00ed \u013eudia nevedia kde sa nach\u00e1dza\u2026                    <br>\n                    <span class=\"read-more\">\n                            \u010c\u00edta\u0165 viac                        <\/span>\n                <\/div>\n                <div class=\"metadata\"><b>Aktualizovan\u00e9:<\/b> 21. apr\u00edla 2026 \u2022 <b>Kateg\u00f3rie:<\/b> S\u0165a\u017enosti a poradenstvo \u2022 <b>Autor:<\/b> Alexandra Kormo\u0161ov\u00e1<\/div>\n            <\/div>\n        <\/a>\n                <a href=\"https:\/\/www.omni-biotic.com\/sk-sk\/blog\/endometrioza\/\"\n           class=\"li-widgets--posts-gallery__post\">\n            <div class=\"post--image__container\">\n                <div class=\"post--image\">\n                    <img loading=\"lazy\" decoding=\"async\" width=\"700\" height=\"500\" src=\"https:\/\/www.omni-biotic.com\/sk-sk\/wp-content\/uploads\/sites\/9\/2023\/05\/endometrioza-ako-sa-jej-zbavit-2.jpg\" class=\"attachment-medium_large size-medium_large wp-post-image\" alt=\"\" srcset=\"https:\/\/www.omni-biotic.com\/sk-sk\/wp-content\/uploads\/sites\/9\/2023\/05\/endometrioza-ako-sa-jej-zbavit-2.jpg 700w, https:\/\/www.omni-biotic.com\/sk-sk\/wp-content\/uploads\/sites\/9\/2023\/05\/endometrioza-ako-sa-jej-zbavit-2-300x214.jpg 300w\" sizes=\"(max-width: 700px) 100vw, 700px\" title=\"\">                <\/div>\n            <\/div>\n            <div class=\"post--teaser\">\n                <div class=\"title\">Endometri\u00f3za<\/div>\n                <div class=\"description\">\n                    Neznesite\u013en\u00e9 bolesti pri men\u0161tru\u00e1cii, \u017eal\u00fado\u010dn\u00e9 a \u010drevn\u00e9 probl\u00e9my , naf\u00faknut\u00e9 brucho a mo\u017eno aj nenaplnen\u00e1\u2026                    <br>\n                    <span class=\"read-more\">\n                            \u010c\u00edta\u0165 viac                        <\/span>\n                <\/div>\n                <div class=\"metadata\"><b>Aktualizovan\u00e9:<\/b> 6. marca 2026 \u2022 <b>Kateg\u00f3rie:<\/b> S\u0165a\u017enosti a poradenstvo, Zdravie \u017eeny \u2022 <b>Autor:<\/b> Dr. Stephanie Kolleritsch<\/div>\n            <\/div>\n        <\/a>\n                <a href=\"https:\/\/www.omni-biotic.com\/sk-sk\/blog\/post-a-zdravie-odborny-rozhovor-s-dr-andreasom-michalsenom\/\"\n           class=\"li-widgets--posts-gallery__post\">\n            <div class=\"post--image__container\">\n                <div class=\"post--image\">\n                    <img loading=\"lazy\" decoding=\"async\" width=\"768\" height=\"512\" src=\"https:\/\/www.omni-biotic.com\/sk-sk\/wp-content\/uploads\/sites\/9\/2023\/06\/shutterstock-1714850479-768x512.png\" class=\"attachment-medium_large size-medium_large wp-post-image\" alt=\"Fasten &amp; Darm\" srcset=\"https:\/\/www.omni-biotic.com\/sk-sk\/wp-content\/uploads\/sites\/9\/2023\/06\/shutterstock-1714850479-768x512.png 768w, https:\/\/www.omni-biotic.com\/sk-sk\/wp-content\/uploads\/sites\/9\/2023\/06\/shutterstock-1714850479-300x200.png 300w, https:\/\/www.omni-biotic.com\/sk-sk\/wp-content\/uploads\/sites\/9\/2023\/06\/shutterstock-1714850479-1024x683.png 1024w, https:\/\/www.omni-biotic.com\/sk-sk\/wp-content\/uploads\/sites\/9\/2023\/06\/shutterstock-1714850479.png 1200w\" sizes=\"(max-width: 768px) 100vw, 768px\" title=\"\">                <\/div>\n            <\/div>\n            <div class=\"post--teaser\">\n                <div class=\"title\">P\u00f4st a zdravie: Odborn\u00fd rozhovor s Dr. Andreasom Michalsenom<\/div>\n                <div class=\"description\">\n                    Mali sme t\u00fa \u010des\u0165 urobi\u0165 rozhovor s Prof. Dr. Andreasom Michalsenom na t\u00e9mu \u201cP\u00f4st\u201d. Prof.\u2026                    <br>\n                    <span class=\"read-more\">\n                            \u010c\u00edta\u0165 viac                        <\/span>\n                <\/div>\n                <div class=\"metadata\"><b>Aktualizovan\u00e9:<\/b> 23. febru\u00e1ra 2026 \u2022 <b>Kateg\u00f3rie:<\/b> S\u0165a\u017enosti a poradenstvo, Stravovanie a recepty<\/div>\n            <\/div>\n        <\/a>\n            <\/div>\n\t\t\t\t<\/div>\n\t\t\t\t<\/div>\n\t\t\t\t\t<\/div>\n\t\t\t\t<\/div>\n\t\t\t\t<\/div>\n\t\t","protected":false},"excerpt":{"rendered":"<p>OMNi-LOGiC\u00ae OMNi-LOGiC\u00ae je na\u0161a zna\u010dka prebiot\u00edk. Nie v\u0161etky prospe\u0161n\u00e9 \u010drevn\u00e9 bakt\u00e9rie sa daj\u00fa &#8222;prehltn\u00fa\u0165&#8220;, preto\u017ee nezn\u00e1\u0161aj\u00fa kysl\u00edk, a preto nepre\u017eij\u00fa mimo \u010dreva. Napriek tomu ich mo\u017eno \u013eahko rozmno\u017eova\u0165 t\u00fdm, \u017ee im poskytneme ich &#8222;ob\u013e\u00faben\u00fa potravu&#8220; v podobe vybran\u00fdch vl\u00e1knin (prebiotik\u00e1). &#8222;Ob\u013e\u00faben\u00e1 potrava&#8220; pre prospe\u0161n\u00e9 \u010drevn\u00e9 bakt\u00e9rie OMNi-LOGiC\u00ae PLUS got to product OMNi-LOGiC\u00ae IMMUNE got to [&hellip;]<\/p>\n","protected":false},"author":3,"featured_media":0,"parent":97,"menu_order":190,"comment_status":"closed","ping_status":"closed","template":"","meta":{"_acf_changed":false,"inline_featured_image":false,"footnotes":""},"class_list":["post-101","page","type-page","status-publish","hentry"],"acf":[],"_links":{"self":[{"href":"https:\/\/www.omni-biotic.com\/sk-sk\/wp-json\/wp\/v2\/pages\/101","targetHints":{"allow":["GET"]}}],"collection":[{"href":"https:\/\/www.omni-biotic.com\/sk-sk\/wp-json\/wp\/v2\/pages"}],"about":[{"href":"https:\/\/www.omni-biotic.com\/sk-sk\/wp-json\/wp\/v2\/types\/page"}],"author":[{"embeddable":true,"href":"https:\/\/www.omni-biotic.com\/sk-sk\/wp-json\/wp\/v2\/users\/3"}],"replies":[{"embeddable":true,"href":"https:\/\/www.omni-biotic.com\/sk-sk\/wp-json\/wp\/v2\/comments?post=101"}],"version-history":[{"count":7,"href":"https:\/\/www.omni-biotic.com\/sk-sk\/wp-json\/wp\/v2\/pages\/101\/revisions"}],"predecessor-version":[{"id":20552,"href":"https:\/\/www.omni-biotic.com\/sk-sk\/wp-json\/wp\/v2\/pages\/101\/revisions\/20552"}],"up":[{"embeddable":true,"href":"https:\/\/www.omni-biotic.com\/sk-sk\/wp-json\/wp\/v2\/pages\/97"}],"wp:attachment":[{"href":"https:\/\/www.omni-biotic.com\/sk-sk\/wp-json\/wp\/v2\/media?parent=101"}],"curies":[{"name":"wp","href":"https:\/\/api.w.org\/{rel}","templated":true}]}}