{"id":17372,"date":"2023-07-10T09:38:00","date_gmt":"2023-07-10T07:38:00","guid":{"rendered":"https:\/\/www.omni-biotic.com\/sk-sk\/?page_id=17372"},"modified":"2024-02-01T10:28:53","modified_gmt":"2024-02-01T09:28:53","slug":"crevne-zdravie","status":"publish","type":"page","link":"https:\/\/www.omni-biotic.com\/sk-sk\/crevne-zdravie\/","title":{"rendered":"\u010crevn\u00e9 zdravie"},"content":{"rendered":"\t\t<div data-elementor-type=\"wp-page\" data-elementor-id=\"17372\" class=\"elementor elementor-17372\" data-elementor-post-type=\"page\">\n\t\t\t\t<div class=\"elementor-element elementor-element-928c043 e-con-full obcs yellow e-flex e-con e-parent\" data-id=\"928c043\" data-element_type=\"container\" data-settings=\"{&quot;background_background&quot;:&quot;gradient&quot;,&quot;shape_divider_bottom&quot;:&quot;waves&quot;}\">\n\t\t\t\t<div class=\"elementor-shape elementor-shape-bottom\" aria-hidden=\"true\" data-negative=\"false\">\n\t\t\t<svg xmlns=\"http:\/\/www.w3.org\/2000\/svg\" viewBox=\"0 0 1000 100\" preserveAspectRatio=\"none\">\n\t<path class=\"elementor-shape-fill\" d=\"M421.9,6.5c22.6-2.5,51.5,0.4,75.5,5.3c23.6,4.9,70.9,23.5,100.5,35.7c75.8,32.2,133.7,44.5,192.6,49.7\n\tc23.6,2.1,48.7,3.5,103.4-2.5c54.7-6,106.2-25.6,106.2-25.6V0H0v30.3c0,0,72,32.6,158.4,30.5c39.2-0.7,92.8-6.7,134-22.4\n\tc21.2-8.1,52.2-18.2,79.7-24.2C399.3,7.9,411.6,7.5,421.9,6.5z\"\/>\n<\/svg>\t\t<\/div>\n\t\t\t\t<div class=\"elementor-element elementor-element-ae52ac8 elementor-absolute elementor-hidden-mobile elementor-align-center elementor-widget elementor-widget-lottie\" data-id=\"ae52ac8\" data-element_type=\"widget\" data-settings=\"{&quot;source_json&quot;:{&quot;url&quot;:&quot;https:\\\/\\\/www.omni-biotic.com\\\/sk-sk\\\/wp-content\\\/uploads\\\/sites\\\/9\\\/2022\\\/08\\\/lf30_editor_s5uwdgjh.json&quot;,&quot;id&quot;:&quot;7733&quot;,&quot;size&quot;:&quot;&quot;,&quot;alt&quot;:&quot;&quot;,&quot;source&quot;:&quot;library&quot;},&quot;loop&quot;:&quot;yes&quot;,&quot;play_speed&quot;:{&quot;unit&quot;:&quot;px&quot;,&quot;size&quot;:&quot;0.3&quot;,&quot;sizes&quot;:[]},&quot;_position&quot;:&quot;absolute&quot;,&quot;source&quot;:&quot;media_file&quot;,&quot;caption_source&quot;:&quot;none&quot;,&quot;link_to&quot;:&quot;none&quot;,&quot;trigger&quot;:&quot;arriving_to_viewport&quot;,&quot;viewport&quot;:{&quot;unit&quot;:&quot;%&quot;,&quot;size&quot;:&quot;&quot;,&quot;sizes&quot;:{&quot;start&quot;:0,&quot;end&quot;:100}},&quot;start_point&quot;:{&quot;unit&quot;:&quot;%&quot;,&quot;size&quot;:0,&quot;sizes&quot;:[]},&quot;end_point&quot;:{&quot;unit&quot;:&quot;%&quot;,&quot;size&quot;:100,&quot;sizes&quot;:[]},&quot;renderer&quot;:&quot;svg&quot;}\" data-widget_type=\"lottie.default\">\n\t\t\t\t<div class=\"elementor-widget-container\">\n\t\t\t\t\t<div class=\"e-lottie__container\"><div class=\"e-lottie__animation\"><\/div><\/div>\t\t\t\t<\/div>\n\t\t\t\t<\/div>\n\t\t<div class=\"elementor-element elementor-element-525abcd e-con-full obcs green e-flex e-con e-child\" data-id=\"525abcd\" data-element_type=\"container\" data-settings=\"{&quot;background_background&quot;:&quot;gradient&quot;}\">\n\t\t\t\t<div class=\"elementor-element elementor-element-c84d646 elementor-widget elementor-widget-heading\" data-id=\"c84d646\" data-element_type=\"widget\" data-widget_type=\"heading.default\">\n\t\t\t\t<div class=\"elementor-widget-container\">\n\t\t\t\t\t<h1 class=\"elementor-heading-title elementor-size-default\">\u010crevn\u00e9 zdravie<\/h1>\t\t\t\t<\/div>\n\t\t\t\t<\/div>\n\t\t\t\t<div class=\"elementor-element elementor-element-92439a1 elementor-widget-divider--view-line elementor-widget elementor-widget-divider\" data-id=\"92439a1\" data-element_type=\"widget\" data-widget_type=\"divider.default\">\n\t\t\t\t<div class=\"elementor-widget-container\">\n\t\t\t\t\t\t\t<div class=\"elementor-divider\">\n\t\t\t<span class=\"elementor-divider-separator\">\n\t\t\t\t\t\t<\/span>\n\t\t<\/div>\n\t\t\t\t\t\t<\/div>\n\t\t\t\t<\/div>\n\t\t\t\t<div class=\"elementor-element elementor-element-f63956a elementor-widget elementor-widget-text-editor\" data-id=\"f63956a\" data-element_type=\"widget\" data-widget_type=\"text-editor.default\">\n\t\t\t\t<div class=\"elementor-widget-container\">\n\t\t\t\t\t\t\t\t\t<p>\u010crev\u00e1 s\u00fa motorom n\u00e1\u0161ho \u017eivota. Poskytuj\u00fa nielen palivo prostredn\u00edctvom tr\u00e1venia potravy, ale ovplyv\u0148uj\u00fa aj mnoh\u00e9 procesy od hlavy a\u017e po p\u00e4ty. Ak \u010drevo nepracuje bez probl\u00e9mov, ovplyv\u0148uje to cel\u00e9 telo. Za to \u010di \u010drev\u00e1 funguj\u00fa bez probl\u00e9mov, zodpoved\u00e1 do ve\u013ekej miery \u017eivotn\u00fd \u0161t\u00fdl.<\/p>\t\t\t\t\t\t\t\t<\/div>\n\t\t\t\t<\/div>\n\t\t\t\t<\/div>\n\t\t\t\t<\/div>\n\t\t<div class=\"elementor-element elementor-element-56302be obcs none e-flex e-con-boxed e-con e-parent\" data-id=\"56302be\" data-element_type=\"container\">\n\t\t\t\t\t<div class=\"e-con-inner\">\n\t\t<div class=\"elementor-element elementor-element-9cc8833 obcs none e-flex e-con-boxed e-con e-child\" data-id=\"9cc8833\" data-element_type=\"container\">\n\t\t\t\t\t<div class=\"e-con-inner\">\n\t\t<div class=\"elementor-element elementor-element-20457bd e-con-full obcs none e-flex e-con e-child\" data-id=\"20457bd\" data-element_type=\"container\">\n\t\t\t\t<\/div>\n\t\t<div class=\"elementor-element elementor-element-50ccde7 e-con-full obcs none e-flex e-con e-child\" data-id=\"50ccde7\" data-element_type=\"container\">\n\t\t\t\t<div class=\"elementor-element elementor-element-21a2c67 elementor-toc--minimized-on-desktop elementor-widget elementor-widget-table-of-contents\" data-id=\"21a2c67\" data-element_type=\"widget\" data-settings=\"{&quot;exclude_headings_by_selector&quot;:[],&quot;minimized_on&quot;:&quot;desktop&quot;,&quot;_animation&quot;:&quot;none&quot;,&quot;headings_by_tags&quot;:[&quot;h2&quot;,&quot;h3&quot;,&quot;h4&quot;,&quot;h5&quot;,&quot;h6&quot;],&quot;marker_view&quot;:&quot;numbers&quot;,&quot;no_headings_message&quot;:&quot;No headings were found on this page.&quot;,&quot;minimize_box&quot;:&quot;yes&quot;,&quot;hierarchical_view&quot;:&quot;yes&quot;,&quot;min_height&quot;:{&quot;unit&quot;:&quot;px&quot;,&quot;size&quot;:&quot;&quot;,&quot;sizes&quot;:[]},&quot;min_height_tablet&quot;:{&quot;unit&quot;:&quot;px&quot;,&quot;size&quot;:&quot;&quot;,&quot;sizes&quot;:[]},&quot;min_height_mobile&quot;:{&quot;unit&quot;:&quot;px&quot;,&quot;size&quot;:&quot;&quot;,&quot;sizes&quot;:[]}}\" data-widget_type=\"table-of-contents.default\">\n\t\t\t\t<div class=\"elementor-widget-container\">\n\t\t\t\t\t\t\t\t\t<div class=\"elementor-toc__header\">\n\t\t\t\t\t\t<h4 class=\"elementor-toc__header-title\">\n\t\t\t\tObsah str\u00e1nky\t\t\t<\/h4>\n\t\t\t\t\t\t\t\t\t\t<div class=\"elementor-toc__toggle-button elementor-toc__toggle-button--expand\" role=\"button\" tabindex=\"0\" aria-controls=\"elementor-toc__21a2c67\" aria-expanded=\"true\" aria-label=\"Open table of contents\"><i aria-hidden=\"true\" class=\"fas fa-chevron-down\"><\/i><\/div>\n\t\t\t\t<div class=\"elementor-toc__toggle-button elementor-toc__toggle-button--collapse\" role=\"button\" tabindex=\"0\" aria-controls=\"elementor-toc__21a2c67\" aria-expanded=\"true\" aria-label=\"Close table of contents\"><i aria-hidden=\"true\" class=\"fas fa-chevron-up\"><\/i><\/div>\n\t\t\t\t\t<\/div>\n\t\t\t\t<div id=\"elementor-toc__21a2c67\" class=\"elementor-toc__body\">\n\t\t\t<div class=\"elementor-toc__spinner-container\">\n\t\t\t\t<i class=\"elementor-toc__spinner eicon-animation-spin eicon-loading\" aria-hidden=\"true\"><\/i>\t\t\t<\/div>\n\t\t<\/div>\n\t\t\t\t\t\t<\/div>\n\t\t\t\t<\/div>\n\t\t\t\t<\/div>\n\t\t\t\t\t<\/div>\n\t\t\t\t<\/div>\n\t\t\t\t\t<\/div>\n\t\t\t\t<\/div>\n\t\t<div class=\"elementor-element elementor-element-e5daf9d obcs none e-flex e-con-boxed e-con e-parent\" data-id=\"e5daf9d\" data-element_type=\"container\">\n\t\t\t\t\t<div class=\"e-con-inner\">\n\t\t<div class=\"elementor-element elementor-element-cfca520 e-con-full obcs none e-flex e-con e-child\" data-id=\"cfca520\" data-element_type=\"container\">\n\t\t\t\t<div class=\"elementor-element elementor-element-aef6fb0 elementor-widget elementor-widget-text-editor\" data-id=\"aef6fb0\" data-element_type=\"widget\" data-widget_type=\"text-editor.default\">\n\t\t\t\t<div class=\"elementor-widget-container\">\n\t\t\t\t\t\t\t\t\t<p><strong>\u010crevo<\/strong> je na\u0161ou<strong> najv\u00e4\u010d\u0161ou kontaktnou plochou<\/strong> s vonkaj\u0161\u00edm svetom. V\u0161etko, \u010do prehltneme, \u010di u\u017e v tekutom alebo pevnom stave, \u010di u\u017e je to <strong>prospe\u0161n\u00e9<\/strong> alebo dokonca <strong>toxick\u00e9<\/strong>, prech\u00e1dza cez \u00fastnu dutinu a pa\u017eer\u00e1k do \u017eal\u00fadka a <strong>nakoniec do \u010dreva<\/strong>. Tr\u00e1viaci syst\u00e9m mus\u00ed po\u010das \u013eudsk\u00e9ho \u017eivota spracova\u0165 pribli\u017ene<strong> 40 ton stravy a pribli\u017ene 60 000 litrov tekut\u00edn<\/strong>. Predov\u0161etk\u00fdm v hrubom \u010dreve sa mnoho<span style=\"color: #b5085a\"><strong> bili\u00f3nov (!) r\u00f4znych mikroorganizmov<\/strong><\/span> star\u00e1 o to, aby sa d\u00f4le\u017eit\u00e9 <strong>\u017eiviny vstreb\u00e1vali<\/strong> a <strong>\u0161kodliv\u00e9 l\u00e1tky z tela vyl\u00fa\u010dili<\/strong>. Tieto \u010drevn\u00e9 bakt\u00e9rie spolo\u010dne tvoria \u010drevn\u00fa fl\u00f3ru. Zl\u00e9 a nepou\u017eite\u013en\u00e9 l\u00e1tky sa prirodzene vylu\u010duj\u00fa ako stolica. Zvy\u0161n\u00e9 toxick\u00e9 l\u00e1tky sa cez tenk\u00e9 \u010drevo a <strong>port\u00e1lnu \u017eilu<\/strong> dostan\u00fa <strong>do &#8222;detoxika\u010dn\u00e9ho centra&#8220;<\/strong> <a href=\"https:\/\/www.omni-biotic.com\/sk-sk\/crevne-zdravie\/centrum-zdravia-crevo\/os-crevo-pecen\/\"><span style=\"color: #b5085a\"><strong>pe\u010dene<\/strong> <\/span><\/a>a tam sa rozlo\u017eia.<\/p><p>To by bol<strong> ide\u00e1lny proces tr\u00e1venia<\/strong>, keby na mnoh\u00fdch miestach ne\u010d\u00edhali probl\u00e9my, s ktor\u00fdmi sa <strong>\u010drev\u00e1 a pe\u010de\u0148 musia vysporiada\u0165<\/strong>. Neoptim\u00e1lne stravovacie n\u00e1vyky (pr\u00edli\u0161 <strong>ve\u013ea cukru<\/strong> a pr\u00edli\u0161 ve\u013ea <strong>priemyselne spracovan\u00fdch potrav\u00edn<\/strong>) a \u0161kodliv\u00e9 vplyvy \u017eivotn\u00e9ho prostredia, ale aj niektor\u00e9 <strong>lieky<\/strong><span style=\"color: #b5085a\"><strong> (napr. antibiotik\u00e1)<\/strong> <\/span>m\u00f4\u017eu niekedy zmeni\u0165 meni\u0165 &#8222;perfektne zabehnut\u00fd motor na hromadu \u0161rotu&#8220;.<\/p>\t\t\t\t\t\t\t\t<\/div>\n\t\t\t\t<\/div>\n\t\t\t\t<\/div>\n\t\t\t\t\t<\/div>\n\t\t\t\t<\/div>\n\t\t<div class=\"elementor-element elementor-element-a860144 obcs green e-flex e-con-boxed e-con e-parent\" data-id=\"a860144\" data-element_type=\"container\">\n\t\t\t\t\t<div class=\"e-con-inner\">\n\t\t<div class=\"elementor-element elementor-element-eff568c e-con-full obcs none e-flex e-con e-child\" data-id=\"eff568c\" data-element_type=\"container\">\n\t\t\t\t<div class=\"elementor-element elementor-element-4bd33e1 elementor-widget elementor-widget-heading\" data-id=\"4bd33e1\" data-element_type=\"widget\" data-widget_type=\"heading.default\">\n\t\t\t\t<div class=\"elementor-widget-container\">\n\t\t\t\t\t<h3 class=\"elementor-heading-title elementor-size-default\">Centrum zdravia - \u010drevo<\/h3>\t\t\t\t<\/div>\n\t\t\t\t<\/div>\n\t\t\t\t<div class=\"elementor-element elementor-element-5c4f3df e-transform elementor-widget elementor-widget-image\" data-id=\"5c4f3df\" data-element_type=\"widget\" data-settings=\"{&quot;_transform_translateY_effect_hover&quot;:{&quot;unit&quot;:&quot;px&quot;,&quot;size&quot;:&quot;-20&quot;,&quot;sizes&quot;:[]},&quot;_transform_translateX_effect_hover&quot;:{&quot;unit&quot;:&quot;px&quot;,&quot;size&quot;:&quot;&quot;,&quot;sizes&quot;:[]},&quot;_transform_translateX_effect_hover_tablet&quot;:{&quot;unit&quot;:&quot;px&quot;,&quot;size&quot;:&quot;&quot;,&quot;sizes&quot;:[]},&quot;_transform_translateX_effect_hover_mobile&quot;:{&quot;unit&quot;:&quot;px&quot;,&quot;size&quot;:&quot;&quot;,&quot;sizes&quot;:[]},&quot;_transform_translateY_effect_hover_tablet&quot;:{&quot;unit&quot;:&quot;px&quot;,&quot;size&quot;:&quot;&quot;,&quot;sizes&quot;:[]},&quot;_transform_translateY_effect_hover_mobile&quot;:{&quot;unit&quot;:&quot;px&quot;,&quot;size&quot;:&quot;&quot;,&quot;sizes&quot;:[]}}\" data-widget_type=\"image.default\">\n\t\t\t\t<div class=\"elementor-widget-container\">\n\t\t\t\t\t\t\t\t\t\t\t\t\t\t\t\t<a href=\"https:\/\/www.omni-biotic.com\/sk-sk\/crevne-zdravie\/centrum-zdravia-crevo\/\">\n\t\t\t\t\t\t\t<img fetchpriority=\"high\" decoding=\"async\" width=\"800\" height=\"800\" src=\"https:\/\/www.omni-biotic.com\/sk-sk\/wp-content\/uploads\/sites\/9\/2023\/07\/crevne-zdravie.jpg\" class=\"attachment-large size-large wp-image-18624\" alt=\"\" srcset=\"https:\/\/www.omni-biotic.com\/sk-sk\/wp-content\/uploads\/sites\/9\/2023\/07\/crevne-zdravie.jpg 1024w, https:\/\/www.omni-biotic.com\/sk-sk\/wp-content\/uploads\/sites\/9\/2023\/07\/crevne-zdravie-300x300.jpg 300w, https:\/\/www.omni-biotic.com\/sk-sk\/wp-content\/uploads\/sites\/9\/2023\/07\/crevne-zdravie-150x150.jpg 150w, https:\/\/www.omni-biotic.com\/sk-sk\/wp-content\/uploads\/sites\/9\/2023\/07\/crevne-zdravie-768x768.jpg 768w\" sizes=\"(max-width: 800px) 100vw, 800px\" title=\"\">\t\t\t\t\t\t\t\t<\/a>\n\t\t\t\t\t\t\t\t\t\t\t\t\t\t\t<\/div>\n\t\t\t\t<\/div>\n\t\t\t\t<div class=\"elementor-element elementor-element-dbd6fb9 elementor-widget elementor-widget-text-editor\" data-id=\"dbd6fb9\" data-element_type=\"widget\" data-widget_type=\"text-editor.default\">\n\t\t\t\t<div class=\"elementor-widget-container\">\n\t\t\t\t\t\t\t\t\t<p style=\"text-align: center\">Probiotik\u00e1, prebiotik\u00e1, \u010drevn\u00e9 bakt\u00e9rie, \u010drevn\u00fd mikrobi\u00f3m, \u010drevn\u00e1 fl\u00f3ra at\u010f.<\/p>\t\t\t\t\t\t\t\t<\/div>\n\t\t\t\t<\/div>\n\t\t\t\t<\/div>\n\t\t<div class=\"elementor-element elementor-element-faf9b4f e-con-full obcs none e-flex e-con e-child\" data-id=\"faf9b4f\" data-element_type=\"container\">\n\t\t\t\t<div class=\"elementor-element elementor-element-8316d94 elementor-widget elementor-widget-heading\" data-id=\"8316d94\" data-element_type=\"widget\" data-widget_type=\"heading.default\">\n\t\t\t\t<div class=\"elementor-widget-container\">\n\t\t\t\t\t<h3 class=\"elementor-heading-title elementor-size-default\">Oblasti vplyvu \u010driev<\/h3>\t\t\t\t<\/div>\n\t\t\t\t<\/div>\n\t\t\t\t<div class=\"elementor-element elementor-element-914927d e-transform elementor-widget elementor-widget-image\" data-id=\"914927d\" data-element_type=\"widget\" data-settings=\"{&quot;_transform_translateY_effect_hover&quot;:{&quot;unit&quot;:&quot;px&quot;,&quot;size&quot;:&quot;-20&quot;,&quot;sizes&quot;:[]},&quot;_transform_translateX_effect_hover&quot;:{&quot;unit&quot;:&quot;px&quot;,&quot;size&quot;:&quot;&quot;,&quot;sizes&quot;:[]},&quot;_transform_translateX_effect_hover_tablet&quot;:{&quot;unit&quot;:&quot;px&quot;,&quot;size&quot;:&quot;&quot;,&quot;sizes&quot;:[]},&quot;_transform_translateX_effect_hover_mobile&quot;:{&quot;unit&quot;:&quot;px&quot;,&quot;size&quot;:&quot;&quot;,&quot;sizes&quot;:[]},&quot;_transform_translateY_effect_hover_tablet&quot;:{&quot;unit&quot;:&quot;px&quot;,&quot;size&quot;:&quot;&quot;,&quot;sizes&quot;:[]},&quot;_transform_translateY_effect_hover_mobile&quot;:{&quot;unit&quot;:&quot;px&quot;,&quot;size&quot;:&quot;&quot;,&quot;sizes&quot;:[]}}\" data-widget_type=\"image.default\">\n\t\t\t\t<div class=\"elementor-widget-container\">\n\t\t\t\t\t\t\t\t\t\t\t\t\t\t\t\t<a href=\"https:\/\/www.omni-biotic.com\/sk-sk\/crevne-zdravie\/oblasti-vplyvu-criev\/\">\n\t\t\t\t\t\t\t<img decoding=\"async\" width=\"800\" height=\"800\" src=\"https:\/\/www.omni-biotic.com\/sk-sk\/wp-content\/uploads\/sites\/9\/2023\/07\/vplyv-creva.jpg\" class=\"attachment-large size-large wp-image-18625\" alt=\"\" srcset=\"https:\/\/www.omni-biotic.com\/sk-sk\/wp-content\/uploads\/sites\/9\/2023\/07\/vplyv-creva.jpg 1024w, https:\/\/www.omni-biotic.com\/sk-sk\/wp-content\/uploads\/sites\/9\/2023\/07\/vplyv-creva-300x300.jpg 300w, https:\/\/www.omni-biotic.com\/sk-sk\/wp-content\/uploads\/sites\/9\/2023\/07\/vplyv-creva-150x150.jpg 150w, https:\/\/www.omni-biotic.com\/sk-sk\/wp-content\/uploads\/sites\/9\/2023\/07\/vplyv-creva-768x768.jpg 768w\" sizes=\"(max-width: 800px) 100vw, 800px\" title=\"\">\t\t\t\t\t\t\t\t<\/a>\n\t\t\t\t\t\t\t\t\t\t\t\t\t\t\t<\/div>\n\t\t\t\t<\/div>\n\t\t\t\t<div class=\"elementor-element elementor-element-691e04f elementor-widget elementor-widget-text-editor\" data-id=\"691e04f\" data-element_type=\"widget\" data-widget_type=\"text-editor.default\">\n\t\t\t\t<div class=\"elementor-widget-container\">\n\t\t\t\t\t\t\t\t\t<p style=\"text-align: center\">Zdravie pleti, imunitn\u00fd syst\u00e9m, vagin\u00e1lna fl\u00f3ra, chudnutie a pod.<\/p>\t\t\t\t\t\t\t\t<\/div>\n\t\t\t\t<\/div>\n\t\t\t\t<\/div>\n\t\t\t\t\t<\/div>\n\t\t\t\t<\/div>\n\t\t<div class=\"elementor-element elementor-element-d2e2455 obcs none e-flex e-con-boxed e-con e-parent\" data-id=\"d2e2455\" data-element_type=\"container\" data-settings=\"{&quot;background_background&quot;:&quot;classic&quot;,&quot;shape_divider_top&quot;:&quot;waves&quot;,&quot;shape_divider_bottom&quot;:&quot;waves&quot;}\">\n\t\t\t\t\t<div class=\"e-con-inner\">\n\t\t\t\t<div class=\"elementor-shape elementor-shape-top\" aria-hidden=\"true\" data-negative=\"false\">\n\t\t\t<svg xmlns=\"http:\/\/www.w3.org\/2000\/svg\" viewBox=\"0 0 1000 100\" preserveAspectRatio=\"none\">\n\t<path class=\"elementor-shape-fill\" d=\"M421.9,6.5c22.6-2.5,51.5,0.4,75.5,5.3c23.6,4.9,70.9,23.5,100.5,35.7c75.8,32.2,133.7,44.5,192.6,49.7\n\tc23.6,2.1,48.7,3.5,103.4-2.5c54.7-6,106.2-25.6,106.2-25.6V0H0v30.3c0,0,72,32.6,158.4,30.5c39.2-0.7,92.8-6.7,134-22.4\n\tc21.2-8.1,52.2-18.2,79.7-24.2C399.3,7.9,411.6,7.5,421.9,6.5z\"\/>\n<\/svg>\t\t<\/div>\n\t\t\t\t<div class=\"elementor-shape elementor-shape-bottom\" aria-hidden=\"true\" data-negative=\"false\">\n\t\t\t<svg xmlns=\"http:\/\/www.w3.org\/2000\/svg\" viewBox=\"0 0 1000 100\" preserveAspectRatio=\"none\">\n\t<path class=\"elementor-shape-fill\" d=\"M421.9,6.5c22.6-2.5,51.5,0.4,75.5,5.3c23.6,4.9,70.9,23.5,100.5,35.7c75.8,32.2,133.7,44.5,192.6,49.7\n\tc23.6,2.1,48.7,3.5,103.4-2.5c54.7-6,106.2-25.6,106.2-25.6V0H0v30.3c0,0,72,32.6,158.4,30.5c39.2-0.7,92.8-6.7,134-22.4\n\tc21.2-8.1,52.2-18.2,79.7-24.2C399.3,7.9,411.6,7.5,421.9,6.5z\"\/>\n<\/svg>\t\t<\/div>\n\t\t<div class=\"elementor-element elementor-element-c2a1300 e-con-full obcs none e-flex e-con e-child\" data-id=\"c2a1300\" data-element_type=\"container\">\n\t\t\t\t<div class=\"elementor-element elementor-element-e2ae63e elementor-widget elementor-widget-heading\" data-id=\"e2ae63e\" data-element_type=\"widget\" data-widget_type=\"heading.default\">\n\t\t\t\t<div class=\"elementor-widget-container\">\n\t\t\t\t\t<h3 class=\"elementor-heading-title elementor-size-default\">Odborn\u00e9 medic\u00ednsko-vedeck\u00e9 poradenstvo k produktom zdarma\u200b\n<\/h3>\t\t\t\t<\/div>\n\t\t\t\t<\/div>\n\t\t\t\t<div class=\"elementor-element elementor-element-0951ac5 elementor-widget elementor-widget-heading\" data-id=\"0951ac5\" data-element_type=\"widget\" data-widget_type=\"heading.default\">\n\t\t\t\t<div class=\"elementor-widget-container\">\n\t\t\t\t\t<h2 class=\"elementor-heading-title elementor-size-default\">Ktor\u00fd produkt je pre m\u0148a vhodn\u00fd?<\/h2>\t\t\t\t<\/div>\n\t\t\t\t<\/div>\n\t\t\t\t<div class=\"elementor-element elementor-element-c3552c5 elementor-widget-divider--view-line elementor-widget elementor-widget-divider\" data-id=\"c3552c5\" data-element_type=\"widget\" data-widget_type=\"divider.default\">\n\t\t\t\t<div class=\"elementor-widget-container\">\n\t\t\t\t\t\t\t<div class=\"elementor-divider\">\n\t\t\t<span class=\"elementor-divider-separator\">\n\t\t\t\t\t\t<\/span>\n\t\t<\/div>\n\t\t\t\t\t\t<\/div>\n\t\t\t\t<\/div>\n\t\t\t\t<div class=\"elementor-element elementor-element-7775757 elementor-widget elementor-widget-text-editor\" data-id=\"7775757\" data-element_type=\"widget\" data-widget_type=\"text-editor.default\">\n\t\t\t\t<div class=\"elementor-widget-container\">\n\t\t\t\t\t\t\t\t\t<p>H\u013ead\u00e1te vhodn\u00e9 probiotikum pre svoje probl\u00e9my? Chcete posilni\u0165 imunitu, pr\u00edpadne u\u017e\u00edva\u0165 ur\u010dit\u00e9 vitam\u00edny a miner\u00e1ly? Vyu\u017eite na\u0161e odborn\u00e9 poradenstvo k produktom zdarma! N\u00e1\u0161 vysokokvalifikovan\u00fd poradensk\u00fd t\u00edm zlo\u017een\u00fd z lek\u00e1rov, farmaceutov, biol\u00f3gov, odborn\u00edkov na v\u00fd\u017eivu a mikrobiol\u00f3gov je V\u00e1m k dispoz\u00edcii pre v\u0161etky Va\u0161e ot\u00e1zky oh\u013eadom vhodn\u00fdch produktov a ich u\u017e\u00edvania.<\/p>\t\t\t\t\t\t\t\t<\/div>\n\t\t\t\t<\/div>\n\t\t\t\t<div class=\"elementor-element elementor-element-95e8e24 elementor-align-center elementor-widget elementor-widget-button\" data-id=\"95e8e24\" data-element_type=\"widget\" data-widget_type=\"button.default\">\n\t\t\t\t<div class=\"elementor-widget-container\">\n\t\t\t\t\t\t\t\t\t<div class=\"elementor-button-wrapper\">\n\t\t\t\t\t<a class=\"elementor-button elementor-button-link elementor-size-md\" href=\"https:\/\/www.omni-biotic.com\/sk-sk\/o-nas\/institut-allergosan\/kontakt\/\">\n\t\t\t\t\t\t<span class=\"elementor-button-content-wrapper\">\n\t\t\t\t\t\t\t\t\t<span class=\"elementor-button-text\">Kontaktn\u00fd formul\u00e1r<\/span>\n\t\t\t\t\t<\/span>\n\t\t\t\t\t<\/a>\n\t\t\t\t<\/div>\n\t\t\t\t\t\t\t\t<\/div>\n\t\t\t\t<\/div>\n\t\t\t\t<\/div>\n\t\t\t\t\t<\/div>\n\t\t\t\t<\/div>\n\t\t\t\t<\/div>\n\t\t","protected":false},"excerpt":{"rendered":"<p>\u010crevn\u00e9 zdravie \u010crev\u00e1 s\u00fa motorom n\u00e1\u0161ho \u017eivota. Poskytuj\u00fa nielen palivo prostredn\u00edctvom tr\u00e1venia potravy, ale ovplyv\u0148uj\u00fa aj mnoh\u00e9 procesy od hlavy a\u017e po p\u00e4ty. Ak \u010drevo nepracuje bez probl\u00e9mov, ovplyv\u0148uje to cel\u00e9 telo. Za to \u010di \u010drev\u00e1 funguj\u00fa bez probl\u00e9mov, zodpoved\u00e1 do ve\u013ekej miery \u017eivotn\u00fd \u0161t\u00fdl. Obsah str\u00e1nky \u010crevo je na\u0161ou najv\u00e4\u010d\u0161ou kontaktnou plochou s vonkaj\u0161\u00edm [&hellip;]<\/p>\n","protected":false},"author":8,"featured_media":0,"parent":0,"menu_order":0,"comment_status":"closed","ping_status":"closed","template":"","meta":{"_acf_changed":false,"inline_featured_image":false,"footnotes":""},"class_list":["post-17372","page","type-page","status-publish","hentry"],"acf":[],"_links":{"self":[{"href":"https:\/\/www.omni-biotic.com\/sk-sk\/wp-json\/wp\/v2\/pages\/17372","targetHints":{"allow":["GET"]}}],"collection":[{"href":"https:\/\/www.omni-biotic.com\/sk-sk\/wp-json\/wp\/v2\/pages"}],"about":[{"href":"https:\/\/www.omni-biotic.com\/sk-sk\/wp-json\/wp\/v2\/types\/page"}],"author":[{"embeddable":true,"href":"https:\/\/www.omni-biotic.com\/sk-sk\/wp-json\/wp\/v2\/users\/8"}],"replies":[{"embeddable":true,"href":"https:\/\/www.omni-biotic.com\/sk-sk\/wp-json\/wp\/v2\/comments?post=17372"}],"version-history":[{"count":7,"href":"https:\/\/www.omni-biotic.com\/sk-sk\/wp-json\/wp\/v2\/pages\/17372\/revisions"}],"predecessor-version":[{"id":22155,"href":"https:\/\/www.omni-biotic.com\/sk-sk\/wp-json\/wp\/v2\/pages\/17372\/revisions\/22155"}],"wp:attachment":[{"href":"https:\/\/www.omni-biotic.com\/sk-sk\/wp-json\/wp\/v2\/media?parent=17372"}],"curies":[{"name":"wp","href":"https:\/\/api.w.org\/{rel}","templated":true}]}}