{"id":19313,"date":"2023-08-07T13:36:37","date_gmt":"2023-08-07T11:36:37","guid":{"rendered":"https:\/\/www.omni-biotic.com\/sk-sk\/?page_id=19313"},"modified":"2024-11-27T11:23:05","modified_gmt":"2024-11-27T10:23:05","slug":"udaje-o-spolocnosti","status":"publish","type":"page","link":"https:\/\/www.omni-biotic.com\/sk-sk\/udaje-o-spolocnosti\/","title":{"rendered":"\u00dadaje o spolo\u010dnosti"},"content":{"rendered":"\t\t<div data-elementor-type=\"wp-page\" data-elementor-id=\"19313\" class=\"elementor elementor-19313\" data-elementor-post-type=\"page\">\n\t\t\t\t<div class=\"elementor-element elementor-element-34df9dc e-con-full obcs none e-flex e-con e-parent\" data-id=\"34df9dc\" data-element_type=\"container\" data-settings=\"{&quot;background_background&quot;:&quot;classic&quot;,&quot;shape_divider_bottom&quot;:&quot;waves&quot;}\">\n\t\t\t\t<div class=\"elementor-shape elementor-shape-bottom\" aria-hidden=\"true\" data-negative=\"false\">\n\t\t\t<svg xmlns=\"http:\/\/www.w3.org\/2000\/svg\" viewBox=\"0 0 1000 100\" preserveAspectRatio=\"none\">\n\t<path class=\"elementor-shape-fill\" d=\"M421.9,6.5c22.6-2.5,51.5,0.4,75.5,5.3c23.6,4.9,70.9,23.5,100.5,35.7c75.8,32.2,133.7,44.5,192.6,49.7\n\tc23.6,2.1,48.7,3.5,103.4-2.5c54.7-6,106.2-25.6,106.2-25.6V0H0v30.3c0,0,72,32.6,158.4,30.5c39.2-0.7,92.8-6.7,134-22.4\n\tc21.2-8.1,52.2-18.2,79.7-24.2C399.3,7.9,411.6,7.5,421.9,6.5z\"\/>\n<\/svg>\t\t<\/div>\n\t\t\t\t<div class=\"elementor-element elementor-element-859e5f4 elementor-absolute elementor-hidden-mobile elementor-align-center elementor-widget elementor-widget-lottie\" data-id=\"859e5f4\" data-element_type=\"widget\" data-settings=\"{&quot;source_json&quot;:{&quot;url&quot;:&quot;https:\\\/\\\/www.omni-biotic.com\\\/sk-sk\\\/wp-content\\\/uploads\\\/sites\\\/9\\\/2022\\\/08\\\/lf30_editor_s5uwdgjh.json&quot;,&quot;id&quot;:&quot;7733&quot;,&quot;size&quot;:&quot;&quot;,&quot;alt&quot;:&quot;&quot;,&quot;source&quot;:&quot;library&quot;},&quot;loop&quot;:&quot;yes&quot;,&quot;play_speed&quot;:{&quot;unit&quot;:&quot;px&quot;,&quot;size&quot;:&quot;0.3&quot;,&quot;sizes&quot;:[]},&quot;_position&quot;:&quot;absolute&quot;,&quot;source&quot;:&quot;media_file&quot;,&quot;caption_source&quot;:&quot;none&quot;,&quot;link_to&quot;:&quot;none&quot;,&quot;trigger&quot;:&quot;arriving_to_viewport&quot;,&quot;viewport&quot;:{&quot;unit&quot;:&quot;%&quot;,&quot;size&quot;:&quot;&quot;,&quot;sizes&quot;:{&quot;start&quot;:0,&quot;end&quot;:100}},&quot;start_point&quot;:{&quot;unit&quot;:&quot;%&quot;,&quot;size&quot;:0,&quot;sizes&quot;:[]},&quot;end_point&quot;:{&quot;unit&quot;:&quot;%&quot;,&quot;size&quot;:100,&quot;sizes&quot;:[]},&quot;renderer&quot;:&quot;svg&quot;}\" data-widget_type=\"lottie.default\">\n\t\t\t\t<div class=\"elementor-widget-container\">\n\t\t\t\t\t<div class=\"e-lottie__container\"><div class=\"e-lottie__animation\"><\/div><\/div>\t\t\t\t<\/div>\n\t\t\t\t<\/div>\n\t\t<div class=\"elementor-element elementor-element-670519a e-con-full obcs none e-flex e-con e-child\" data-id=\"670519a\" data-element_type=\"container\" data-settings=\"{&quot;background_background&quot;:&quot;gradient&quot;}\">\n\t\t\t\t<div class=\"elementor-element elementor-element-88dfaad elementor-widget elementor-widget-heading\" data-id=\"88dfaad\" data-element_type=\"widget\" data-widget_type=\"heading.default\">\n\t\t\t\t<div class=\"elementor-widget-container\">\n\t\t\t\t\t<h1 class=\"elementor-heading-title elementor-size-default\">\u00dadaje o spolo\u010dnosti<\/h1>\t\t\t\t<\/div>\n\t\t\t\t<\/div>\n\t\t\t\t<div class=\"elementor-element elementor-element-92b1c2f elementor-widget-divider--view-line elementor-widget elementor-widget-divider\" data-id=\"92b1c2f\" data-element_type=\"widget\" data-widget_type=\"divider.default\">\n\t\t\t\t<div class=\"elementor-widget-container\">\n\t\t\t\t\t\t\t<div class=\"elementor-divider\">\n\t\t\t<span class=\"elementor-divider-separator\">\n\t\t\t\t\t\t<\/span>\n\t\t<\/div>\n\t\t\t\t\t\t<\/div>\n\t\t\t\t<\/div>\n\t\t\t\t<\/div>\n\t\t\t\t<\/div>\n\t\t<div class=\"elementor-element elementor-element-5fa5dc9 obcs none e-flex e-con-boxed e-con e-parent\" data-id=\"5fa5dc9\" data-element_type=\"container\">\n\t\t\t\t\t<div class=\"e-con-inner\">\n\t\t<div class=\"elementor-element elementor-element-052c29b obcs none e-flex e-con-boxed e-con e-child\" data-id=\"052c29b\" data-element_type=\"container\">\n\t\t\t\t\t<div class=\"e-con-inner\">\n\t\t<div class=\"elementor-element elementor-element-581e8a0 e-con-full obcs none e-flex e-con e-child\" data-id=\"581e8a0\" data-element_type=\"container\">\n\t\t\t\t<div class=\"elementor-element elementor-element-55f9921 elementor-align-left elementor-widget__width-initial elementor-widget elementor-widget-breadcrumbs\" data-id=\"55f9921\" data-element_type=\"widget\" data-widget_type=\"breadcrumbs.default\">\n\t\t\t\t<div class=\"elementor-widget-container\">\n\t\t\t\t\t<span><span class=\"last\">Home<\/span><\/span>\t\t\t\t<\/div>\n\t\t\t\t<\/div>\n\t\t\t\t<\/div>\n\t\t\t\t\t<\/div>\n\t\t\t\t<\/div>\n\t\t\t\t\t<\/div>\n\t\t\t\t<\/div>\n\t\t<div class=\"elementor-element elementor-element-9e7cd4e obcs yellow e-flex e-con-boxed e-con e-parent\" data-id=\"9e7cd4e\" data-element_type=\"container\">\n\t\t\t\t\t<div class=\"e-con-inner\">\n\t\t<div class=\"elementor-element elementor-element-c755c3c e-con-full obcs blue e-flex e-con e-child\" data-id=\"c755c3c\" data-element_type=\"container\">\n\t\t\t\t<div class=\"elementor-element elementor-element-a93897e elementor-widget elementor-widget-heading\" data-id=\"a93897e\" data-element_type=\"widget\" data-widget_type=\"heading.default\">\n\t\t\t\t<div class=\"elementor-widget-container\">\n\t\t\t\t\t<h2 class=\"elementor-heading-title elementor-size-default\">Institut AllergoSan Pharma GmbH<\/h2>\t\t\t\t<\/div>\n\t\t\t\t<\/div>\n\t\t\t\t<div class=\"elementor-element elementor-element-c5598b5 elementor-widget elementor-widget-text-editor\" data-id=\"c5598b5\" data-element_type=\"widget\" data-widget_type=\"text-editor.default\">\n\t\t\t\t<div class=\"elementor-widget-container\">\n\t\t\t\t\t\t\t\t\t<p><strong>Predmet \u010dinnosti spolo\u010dnosti:<\/strong>\u00a0V\u00fdskum, v\u00fdvoj, v\u00fdroba a distrib\u00facia zdravotn\u00edckych produktov, doplnkov v\u00fd\u017eivy a liekov<\/p><p><strong>I\u010c DPH:<\/strong>\u00a0ATU64528657<\/p><p><strong>\u010c\u00edslo z\u00e1pisu v obchodnom registri:<\/strong>\u00a0FN 317527 b Krajinsk\u00e9ho s\u00fadu v Grazi (GmbH so s\u00eddlom v Grazi)<\/p><p><strong>Konate\u013e:<\/strong>\u00a0Prof. Anita Frauwallner<\/p><p><strong>Obchodn\u00fd registra\u010dn\u00fd s\u00fad:<\/strong>\u00a0Krajinsk\u00fd s\u00fad pre ZRS Graz<\/p><p><strong>S\u00eddlo spolo\u010dnosti:<\/strong>\u00a0Gmeinstra\u00dfe 13, AT-8055 Graz<\/p><p><strong>Kontakt:<\/strong> Tel: +43 316 405 305; Fax: +43 316 405 305 20; E-mail: info@allergosan.com<\/p><p><strong>\u010clenstvo v organiz\u00e1ci\u00e1ch:<\/strong>\u00a0Obchodn\u00e1 komora Steiermark<\/p><p><strong>Pr\u00edslu\u0161n\u00e9 pr\u00e1vne predpisy (okrem in\u00e9ho):<\/strong>\u00a0\u017eivnostensk\u00e9 predpisy (v\u0161etky z\u00e1kony s\u00fa okrem in\u00e9ho dostupn\u00e9 na www.ris.bka.gv.at)<\/p><p><strong>Regula\u010dn\u00fd org\u00e1n:<\/strong>\u00a0\u017divnostensk\u00fd \u00farad Graz<\/p>\t\t\t\t\t\t\t\t<\/div>\n\t\t\t\t<\/div>\n\t\t\t\t<div class=\"elementor-element elementor-element-75ddb23 elementor-widget elementor-widget-heading\" data-id=\"75ddb23\" data-element_type=\"widget\" data-widget_type=\"heading.default\">\n\t\t\t\t<div class=\"elementor-widget-container\">\n\t\t\t\t\t<h2 class=\"elementor-heading-title elementor-size-default\">V pr\u00edpade faktur\u00e1cie Institut AllergoSan pou\u017eite nasleduj\u00face \u00fadaje:<\/h2>\t\t\t\t<\/div>\n\t\t\t\t<\/div>\n\t\t\t\t<div class=\"elementor-element elementor-element-3033290 elementor-widget elementor-widget-text-editor\" data-id=\"3033290\" data-element_type=\"widget\" data-widget_type=\"text-editor.default\">\n\t\t\t\t<div class=\"elementor-widget-container\">\n\t\t\t\t\t\t\t\t\t<p><strong>Institut AllergoSan<\/strong><span style=\"font-weight: 700\">&nbsp;Holding GmbH<\/span><br>Pharmazeutische Produkte Forschungs- und Vertriebs GmbH<br>Gmeinstra\u00dfe 13<br>A-8055 Graz<\/p>\n<p><strong>UID:<\/strong> ATU63000558<\/p>\t\t\t\t\t\t\t\t<\/div>\n\t\t\t\t<\/div>\n\t\t\t\t<\/div>\n\t\t\t\t\t<\/div>\n\t\t\t\t<\/div>\n\t\t\t\t<\/div>\n\t\t","protected":false},"excerpt":{"rendered":"<p>\u00dadaje o spolo\u010dnosti Home Institut AllergoSan Pharma GmbH Predmet \u010dinnosti spolo\u010dnosti:\u00a0V\u00fdskum, v\u00fdvoj, v\u00fdroba a distrib\u00facia zdravotn\u00edckych produktov, doplnkov v\u00fd\u017eivy a liekov I\u010c DPH:\u00a0ATU64528657 \u010c\u00edslo z\u00e1pisu v obchodnom registri:\u00a0FN 317527 b Krajinsk\u00e9ho s\u00fadu v Grazi (GmbH so s\u00eddlom v Grazi) Konate\u013e:\u00a0Prof. Anita Frauwallner Obchodn\u00fd registra\u010dn\u00fd s\u00fad:\u00a0Krajinsk\u00fd s\u00fad pre ZRS Graz S\u00eddlo spolo\u010dnosti:\u00a0Gmeinstra\u00dfe 13, AT-8055 Graz Kontakt: [&hellip;]<\/p>\n","protected":false},"author":8,"featured_media":0,"parent":0,"menu_order":0,"comment_status":"closed","ping_status":"closed","template":"","meta":{"_acf_changed":false,"inline_featured_image":false,"footnotes":""},"class_list":["post-19313","page","type-page","status-publish","hentry"],"acf":[],"_links":{"self":[{"href":"https:\/\/www.omni-biotic.com\/sk-sk\/wp-json\/wp\/v2\/pages\/19313","targetHints":{"allow":["GET"]}}],"collection":[{"href":"https:\/\/www.omni-biotic.com\/sk-sk\/wp-json\/wp\/v2\/pages"}],"about":[{"href":"https:\/\/www.omni-biotic.com\/sk-sk\/wp-json\/wp\/v2\/types\/page"}],"author":[{"embeddable":true,"href":"https:\/\/www.omni-biotic.com\/sk-sk\/wp-json\/wp\/v2\/users\/8"}],"replies":[{"embeddable":true,"href":"https:\/\/www.omni-biotic.com\/sk-sk\/wp-json\/wp\/v2\/comments?post=19313"}],"version-history":[{"count":8,"href":"https:\/\/www.omni-biotic.com\/sk-sk\/wp-json\/wp\/v2\/pages\/19313\/revisions"}],"predecessor-version":[{"id":28826,"href":"https:\/\/www.omni-biotic.com\/sk-sk\/wp-json\/wp\/v2\/pages\/19313\/revisions\/28826"}],"wp:attachment":[{"href":"https:\/\/www.omni-biotic.com\/sk-sk\/wp-json\/wp\/v2\/media?parent=19313"}],"curies":[{"name":"wp","href":"https:\/\/api.w.org\/{rel}","templated":true}]}}