{"id":20156,"date":"2023-08-31T12:40:19","date_gmt":"2023-08-31T10:40:19","guid":{"rendered":"https:\/\/www.omni-biotic.com\/sk-sk\/?page_id=20156"},"modified":"2023-10-16T15:00:40","modified_gmt":"2023-10-16T13:00:40","slug":"hladat","status":"publish","type":"page","link":"https:\/\/www.omni-biotic.com\/sk-sk\/hladat\/","title":{"rendered":"H\u013eadat"},"content":{"rendered":"\t\t<div data-elementor-type=\"wp-page\" data-elementor-id=\"20156\" class=\"elementor elementor-20156\" data-elementor-post-type=\"page\">\n\t\t\t\t<div class=\"elementor-element elementor-element-96f94e4 e-con-full obcs none e-flex e-con e-parent\" data-id=\"96f94e4\" data-element_type=\"container\">\n\t\t<div class=\"elementor-element elementor-element-fb2e01d obcs none e-flex e-con-boxed e-con e-parent\" data-id=\"fb2e01d\" data-element_type=\"container\" data-settings=\"{&quot;background_background&quot;:&quot;classic&quot;,&quot;shape_divider_bottom&quot;:&quot;waves&quot;}\">\n\t\t\t\t\t<div class=\"e-con-inner\">\n\t\t\t\t<div class=\"elementor-shape elementor-shape-bottom\" aria-hidden=\"true\" data-negative=\"false\">\n\t\t\t<svg xmlns=\"http:\/\/www.w3.org\/2000\/svg\" viewBox=\"0 0 1000 100\" preserveAspectRatio=\"none\">\n\t<path class=\"elementor-shape-fill\" d=\"M421.9,6.5c22.6-2.5,51.5,0.4,75.5,5.3c23.6,4.9,70.9,23.5,100.5,35.7c75.8,32.2,133.7,44.5,192.6,49.7\n\tc23.6,2.1,48.7,3.5,103.4-2.5c54.7-6,106.2-25.6,106.2-25.6V0H0v30.3c0,0,72,32.6,158.4,30.5c39.2-0.7,92.8-6.7,134-22.4\n\tc21.2-8.1,52.2-18.2,79.7-24.2C399.3,7.9,411.6,7.5,421.9,6.5z\"\/>\n<\/svg>\t\t<\/div>\n\t\t<div class=\"elementor-element elementor-element-5d09526 e-con-full obcs none e-flex e-con e-parent\" data-id=\"5d09526\" data-element_type=\"container\">\n\t\t\t\t<div class=\"elementor-element elementor-element-8343ac4 elementor-widget elementor-widget-heading\" data-id=\"8343ac4\" data-element_type=\"widget\" data-widget_type=\"heading.default\">\n\t\t\t\t<div class=\"elementor-widget-container\">\n\t\t\t\t\t<h1 class=\"elementor-heading-title elementor-size-default\">Vyu\u017eite na\u0161e vyh\u013ead\u00e1vanie!<\/h1>\t\t\t\t<\/div>\n\t\t\t\t<\/div>\n\t\t\t\t<div class=\"elementor-element elementor-element-be51e8c elementor-widget elementor-widget-li-widgets--search-form\" data-id=\"be51e8c\" data-element_type=\"widget\" data-widget_type=\"li-widgets--search-form.default\">\n\t\t\t\t<div class=\"elementor-widget-container\">\n\t\t\t\t\t<div class=\"li-widgets--search-form\">\n    <form class=\"li-widgets--search-form__form\">\n        <div class=\"li-widgets--search-form__form-search\">\n            <input type=\"text\" name=\"search\" value=\"\" placeholder=\"Preh\u013ead\u00e1va\u0165...\"\/>\n        <\/div>\n        <div class=\"li-widgets--search-form__form-category\">\n            <select name=\"search-post-type\">\n                                    <option value=\"\" selected>Triedit' v\u00fdsledky...<\/option>\n                                    <option value=\"posts\">\u010cl\u00e1nky<\/option>\n                                    <option value=\"pages\">Str\u00e1nky<\/option>\n                                    <option value=\"products\">Produkty<\/option>\n                            <\/select>\n        <\/div>\n        <div class=\"li-widgets--search-form__form-reset\">\n            <input type=\"reset\" value=\"Vymaza\u0165 filter\"\/>\n        <\/div>\n    <\/form>\n<\/div>\n\t\t\t\t<\/div>\n\t\t\t\t<\/div>\n\t\t\t\t<\/div>\n\t\t\t\t\t<\/div>\n\t\t\t\t<\/div>\n\t\t\t\t<\/div>\n\t\t<div class=\"elementor-element elementor-element-95ab6d1 obcs none e-flex e-con-boxed e-con e-parent\" data-id=\"95ab6d1\" data-element_type=\"container\">\n\t\t\t\t\t<div class=\"e-con-inner\">\n\t\t\t\t<div class=\"elementor-element elementor-element-304b1c0 elementor-widget elementor-widget-li-widgets--posts-gallery\" data-id=\"304b1c0\" data-element_type=\"widget\" data-widget_type=\"li-widgets--posts-gallery.default\">\n\t\t\t\t<div class=\"elementor-widget-container\">\n\t\t\t\t\t<div class=\"li-widgets--posts-gallery search\">\n    <\/div>\n\t\t\t\t<\/div>\n\t\t\t\t<\/div>\n\t\t\t\t\t<\/div>\n\t\t\t\t<\/div>\n\t\t\t\t<\/div>\n\t\t","protected":false},"excerpt":{"rendered":"<p>Vyu\u017eite na\u0161e vyh\u013ead\u00e1vanie! Triedit&#8216; v\u00fdsledky&#8230;PostsPagesProducts<\/p>\n","protected":false},"author":4,"featured_media":0,"parent":0,"menu_order":0,"comment_status":"closed","ping_status":"closed","template":"","meta":{"_acf_changed":false,"inline_featured_image":false,"footnotes":""},"class_list":["post-20156","page","type-page","status-publish","hentry"],"acf":[],"_links":{"self":[{"href":"https:\/\/www.omni-biotic.com\/sk-sk\/wp-json\/wp\/v2\/pages\/20156","targetHints":{"allow":["GET"]}}],"collection":[{"href":"https:\/\/www.omni-biotic.com\/sk-sk\/wp-json\/wp\/v2\/pages"}],"about":[{"href":"https:\/\/www.omni-biotic.com\/sk-sk\/wp-json\/wp\/v2\/types\/page"}],"author":[{"embeddable":true,"href":"https:\/\/www.omni-biotic.com\/sk-sk\/wp-json\/wp\/v2\/users\/4"}],"replies":[{"embeddable":true,"href":"https:\/\/www.omni-biotic.com\/sk-sk\/wp-json\/wp\/v2\/comments?post=20156"}],"version-history":[{"count":7,"href":"https:\/\/www.omni-biotic.com\/sk-sk\/wp-json\/wp\/v2\/pages\/20156\/revisions"}],"predecessor-version":[{"id":21125,"href":"https:\/\/www.omni-biotic.com\/sk-sk\/wp-json\/wp\/v2\/pages\/20156\/revisions\/21125"}],"wp:attachment":[{"href":"https:\/\/www.omni-biotic.com\/sk-sk\/wp-json\/wp\/v2\/media?parent=20156"}],"curies":[{"name":"wp","href":"https:\/\/api.w.org\/{rel}","templated":true}]}}