{"id":23018,"date":"2024-04-11T14:29:38","date_gmt":"2024-04-11T12:29:38","guid":{"rendered":"https:\/\/www.omni-biotic.com\/sk-sk\/?page_id=23018"},"modified":"2024-04-11T14:36:20","modified_gmt":"2024-04-11T12:36:20","slug":"udrzatelnost","status":"publish","type":"page","link":"https:\/\/www.omni-biotic.com\/sk-sk\/udrzatelnost\/","title":{"rendered":"Udr\u017eate\u013enos\u0165"},"content":{"rendered":"\t\t<div data-elementor-type=\"wp-page\" data-elementor-id=\"23018\" class=\"elementor elementor-23018\" data-elementor-post-type=\"page\">\n\t\t\t\t<div class=\"elementor-element elementor-element-8504f95 e-con-full obcs none e-flex e-con e-parent\" data-id=\"8504f95\" data-element_type=\"container\" data-settings=\"{&quot;background_background&quot;:&quot;classic&quot;,&quot;shape_divider_bottom&quot;:&quot;waves&quot;}\">\n\t\t\t\t<div class=\"elementor-shape elementor-shape-bottom\" aria-hidden=\"true\" data-negative=\"false\">\n\t\t\t<svg xmlns=\"http:\/\/www.w3.org\/2000\/svg\" viewBox=\"0 0 1000 100\" preserveAspectRatio=\"none\">\n\t<path class=\"elementor-shape-fill\" d=\"M421.9,6.5c22.6-2.5,51.5,0.4,75.5,5.3c23.6,4.9,70.9,23.5,100.5,35.7c75.8,32.2,133.7,44.5,192.6,49.7\n\tc23.6,2.1,48.7,3.5,103.4-2.5c54.7-6,106.2-25.6,106.2-25.6V0H0v30.3c0,0,72,32.6,158.4,30.5c39.2-0.7,92.8-6.7,134-22.4\n\tc21.2-8.1,52.2-18.2,79.7-24.2C399.3,7.9,411.6,7.5,421.9,6.5z\"\/>\n<\/svg>\t\t<\/div>\n\t\t<div class=\"elementor-element elementor-element-f05155f e-con-full obcs none e-flex e-con e-child\" data-id=\"f05155f\" data-element_type=\"container\" data-settings=\"{&quot;background_background&quot;:&quot;gradient&quot;}\">\n\t\t\t\t<div class=\"elementor-element elementor-element-913cdfc elementor-widget elementor-widget-heading\" data-id=\"913cdfc\" data-element_type=\"widget\" data-widget_type=\"heading.default\">\n\t\t\t\t<div class=\"elementor-widget-container\">\n\t\t\t\t\t<h1 class=\"elementor-heading-title elementor-size-default\">Udr\u017eate\u013enos\u0165<\/h1>\t\t\t\t<\/div>\n\t\t\t\t<\/div>\n\t\t\t\t<div class=\"elementor-element elementor-element-3fd4c0b elementor-widget-divider--view-line elementor-widget elementor-widget-divider\" data-id=\"3fd4c0b\" data-element_type=\"widget\" data-widget_type=\"divider.default\">\n\t\t\t\t<div class=\"elementor-widget-container\">\n\t\t\t\t\t\t\t<div class=\"elementor-divider\">\n\t\t\t<span class=\"elementor-divider-separator\">\n\t\t\t\t\t\t<\/span>\n\t\t<\/div>\n\t\t\t\t\t\t<\/div>\n\t\t\t\t<\/div>\n\t\t\t\t<div class=\"elementor-element elementor-element-9cefa06 elementor-widget elementor-widget-heading\" data-id=\"9cefa06\" data-element_type=\"widget\" data-widget_type=\"heading.default\">\n\t\t\t\t<div class=\"elementor-widget-container\">\n\t\t\t\t\t<h3 class=\"elementor-heading-title elementor-size-default\">V\u00fdznamn\u00e1 t\u00e9ma v in\u0161tit\u00fate AllergoSan<\/h3>\t\t\t\t<\/div>\n\t\t\t\t<\/div>\n\t\t\t\t<\/div>\n\t\t\t\t<\/div>\n\t\t<div class=\"elementor-element elementor-element-ab15e8c obcs none e-flex e-con-boxed e-con e-parent\" data-id=\"ab15e8c\" data-element_type=\"container\">\n\t\t\t\t\t<div class=\"e-con-inner\">\n\t\t<div class=\"elementor-element elementor-element-dbaa4c4 obcs none e-flex e-con-boxed e-con e-child\" data-id=\"dbaa4c4\" data-element_type=\"container\">\n\t\t\t\t\t<div class=\"e-con-inner\">\n\t\t<div class=\"elementor-element elementor-element-c5609b6 e-con-full obcs none e-flex e-con e-child\" data-id=\"c5609b6\" data-element_type=\"container\">\n\t\t\t\t<div class=\"elementor-element elementor-element-ebce45e elementor-align-left elementor-widget__width-initial elementor-widget elementor-widget-breadcrumbs\" data-id=\"ebce45e\" data-element_type=\"widget\" data-widget_type=\"breadcrumbs.default\">\n\t\t\t\t<div class=\"elementor-widget-container\">\n\t\t\t\t\t<span><span class=\"last\">Home<\/span><\/span>\t\t\t\t<\/div>\n\t\t\t\t<\/div>\n\t\t\t\t<\/div>\n\t\t\t\t\t<\/div>\n\t\t\t\t<\/div>\n\t\t\t\t\t<\/div>\n\t\t\t\t<\/div>\n\t\t<div class=\"elementor-element elementor-element-a7c86e8 obcs green e-flex e-con-boxed e-con e-parent\" data-id=\"a7c86e8\" data-element_type=\"container\">\n\t\t\t\t\t<div class=\"e-con-inner\">\n\t\t<div class=\"elementor-element elementor-element-43691fd e-con-full obcs none e-flex e-con e-child\" data-id=\"43691fd\" data-element_type=\"container\">\n\t\t\t\t<div class=\"elementor-element elementor-element-bc1498b elementor-widget elementor-widget-text-editor\" data-id=\"bc1498b\" data-element_type=\"widget\" data-widget_type=\"text-editor.default\">\n\t\t\t\t<div class=\"elementor-widget-container\">\n\t\t\t\t\t\t\t\t\t<p><a href=\"https:\/\/www.omni-biotic.com\/sk-sk\/o-nas\/institut-allergosan\/\"><strong>In\u0161tit\u00fat AllergoSan<\/strong><\/a> si ako centrum pre <strong><a href=\"https:\/\/www.omni-biotic.com\/sk-sk\/o-nas\/vyskum-vyvoj\/\">v\u00fdskum mikrobi\u00f3mu<\/a><\/strong> stanovil za cie\u013e vyv\u00edja\u0165<strong> vedeck\u00e9 inov\u00e1cie<\/strong>, ktor\u00e9 s\u00fa zameran\u00e9 na celkov\u00fd syst\u00e9m <strong>\u010dloveka<\/strong> a <strong>pr\u00edrody<\/strong>. To znamen\u00e1, \u017ee pracujeme v\u00fdlu\u010dne s l\u00e1tkami, ktor\u00e9 n\u00e1m <strong>poskytuje pr\u00edroda<\/strong>. Je preto samozrejm\u00e9, \u017ee sa zav\u00e4zujeme chr\u00e1ni\u0165 a zachov\u00e1va\u0165 tento z\u00e1klad na\u0161ej pr\u00e1ce. <strong>Udr\u017eate\u013enos\u0165<\/strong> \u017eijeme s nad\u0161en\u00edm u\u017e mnoho rokov &#8211; a svoj z\u00e1v\u00e4zok neust\u00e1le zintenz\u00edv\u0148ujeme.<\/p><p>Od <strong>obalov \u0161etriacich zdroje<\/strong> a\u017e po cestu na pracovisko \u0161etrn\u00fa ku kl\u00edme: analyzujeme vplyv na\u0161ich \u010dinnost\u00ed, vyv\u00edjame opatrenia a neust\u00e1le pracujeme na h\u013eadan\u00ed e\u0161te lep\u0161\u00edch rie\u0161en\u00ed <strong>pre \u017eivotn\u00e9 prostredie<\/strong> a spolo\u010dnos\u0165 &#8211; spolo\u010dne m\u00f4\u017eeme toti\u017e <strong>v\u00fdznamne prispie\u0165<\/strong>!<\/p>\t\t\t\t\t\t\t\t<\/div>\n\t\t\t\t<\/div>\n\t\t\t\t<\/div>\n\t\t\t\t\t<\/div>\n\t\t\t\t<\/div>\n\t\t<div class=\"elementor-element elementor-element-deb62dd obcs none e-flex e-con-boxed e-con e-parent\" data-id=\"deb62dd\" data-element_type=\"container\">\n\t\t\t\t\t<div class=\"e-con-inner\">\n\t\t\t\t<div class=\"elementor-element elementor-element-f6f4414 elementor-widget elementor-widget-infobox\" data-id=\"f6f4414\" data-element_type=\"widget\" data-widget_type=\"infobox.default\">\n\t\t\t\t<div class=\"elementor-widget-container\">\n\t\t\t\t\t\n<div class=\"li-widgets--infobox blue\">\n\n    <div class=\"li-widgets--infobox__icon\">\n        <i aria-hidden=\"true\" class=\"fas fa-hand-holding-heart\"><\/i>    <\/div>\n    <div class=\"li-widgets--infobox__text\">\n            <\/div>\n    <div class=\"li-widgets--infobox__text-body\">\n        <p><strong>My v in\u0161tit\u00fate AllergoSan sme presved\u010den\u00ed:<\/strong><\/p><p><strong>Udr\u017eate\u013en\u00fd rozvoj na\u0161ej plan\u00e9ty<\/strong> a zachovanie sveta, v ktorom sa oplat\u00ed \u017ei\u0165, so vz\u00e1jomn\u00fdm uznan\u00edm a spravodliv\u00fdm zaobch\u00e1dzan\u00edm, mo\u017eno dosiahnu\u0165 len vtedy, ak podnikneme kroky na viacer\u00fdch \u00farovniach. A pr\u00e1ve preto sme vypracovali strat\u00e9giu udr\u017eate\u013enosti, v ktorej akt\u00edvne presadzujeme opatrenia z <strong>environment\u00e1lneho<\/strong>, <strong>ekonomick\u00e9ho<\/strong> a <strong>soci\u00e1lneho<\/strong> h\u013eadiska.<\/p>    <\/div>\n\n    \n<\/div>\n\t\t\t\t<\/div>\n\t\t\t\t<\/div>\n\t\t\t\t\t<\/div>\n\t\t\t\t<\/div>\n\t\t<div class=\"elementor-element elementor-element-484f976 obcs green e-flex e-con-boxed e-con e-parent\" data-id=\"484f976\" data-element_type=\"container\">\n\t\t\t\t\t<div class=\"e-con-inner\">\n\t\t<div class=\"elementor-element elementor-element-924d6fa e-con-full obcs none e-flex e-con e-child\" data-id=\"924d6fa\" data-element_type=\"container\">\n\t\t\t\t<div class=\"elementor-element elementor-element-95af729 elementor-widget elementor-widget-heading\" data-id=\"95af729\" data-element_type=\"widget\" data-widget_type=\"heading.default\">\n\t\t\t\t<div class=\"elementor-widget-container\">\n\t\t\t\t\t<span class=\"elementor-heading-title elementor-size-default\">Zameriavame sa na tri piliere udr\u017eate\u013enosti:<\/span>\t\t\t\t<\/div>\n\t\t\t\t<\/div>\n\t\t\t\t<\/div>\n\t\t\t\t\t<\/div>\n\t\t\t\t<\/div>\n\t\t<div class=\"elementor-element elementor-element-9db412a obcs green e-flex e-con-boxed e-con e-parent\" data-id=\"9db412a\" data-element_type=\"container\">\n\t\t\t\t\t<div class=\"e-con-inner\">\n\t\t<div class=\"elementor-element elementor-element-b2373ae obcs green e-con-full e-flex e-con e-child\" data-id=\"b2373ae\" data-element_type=\"container\">\n\t\t\t\t<div class=\"elementor-element elementor-element-3344fc3 e-transform elementor-widget elementor-widget-image\" data-id=\"3344fc3\" data-element_type=\"widget\" data-settings=\"{&quot;_transform_translateY_effect_hover&quot;:{&quot;unit&quot;:&quot;px&quot;,&quot;size&quot;:&quot;-20&quot;,&quot;sizes&quot;:[]},&quot;_transform_translateX_effect_hover&quot;:{&quot;unit&quot;:&quot;px&quot;,&quot;size&quot;:&quot;&quot;,&quot;sizes&quot;:[]},&quot;_transform_translateX_effect_hover_tablet&quot;:{&quot;unit&quot;:&quot;px&quot;,&quot;size&quot;:&quot;&quot;,&quot;sizes&quot;:[]},&quot;_transform_translateX_effect_hover_mobile&quot;:{&quot;unit&quot;:&quot;px&quot;,&quot;size&quot;:&quot;&quot;,&quot;sizes&quot;:[]},&quot;_transform_translateY_effect_hover_tablet&quot;:{&quot;unit&quot;:&quot;px&quot;,&quot;size&quot;:&quot;&quot;,&quot;sizes&quot;:[]},&quot;_transform_translateY_effect_hover_mobile&quot;:{&quot;unit&quot;:&quot;px&quot;,&quot;size&quot;:&quot;&quot;,&quot;sizes&quot;:[]}}\" data-widget_type=\"image.default\">\n\t\t\t\t<div class=\"elementor-widget-container\">\n\t\t\t\t\t\t\t\t\t\t\t\t\t\t\t\t<a href=\"https:\/\/www.omni-biotic.com\/sk-sk\/udrzatelnost\/zamestnanci-a-spolocnost\/\">\n\t\t\t\t\t\t\t<img fetchpriority=\"high\" decoding=\"async\" width=\"800\" height=\"800\" src=\"https:\/\/www.omni-biotic.com\/sk-sk\/wp-content\/uploads\/sites\/9\/2024\/04\/mitarbeiter-gesellschaft.jpg\" class=\"attachment-large size-large wp-image-23021\" alt=\"\" srcset=\"https:\/\/www.omni-biotic.com\/sk-sk\/wp-content\/uploads\/sites\/9\/2024\/04\/mitarbeiter-gesellschaft.jpg 1024w, https:\/\/www.omni-biotic.com\/sk-sk\/wp-content\/uploads\/sites\/9\/2024\/04\/mitarbeiter-gesellschaft-300x300.jpg 300w, https:\/\/www.omni-biotic.com\/sk-sk\/wp-content\/uploads\/sites\/9\/2024\/04\/mitarbeiter-gesellschaft-150x150.jpg 150w, https:\/\/www.omni-biotic.com\/sk-sk\/wp-content\/uploads\/sites\/9\/2024\/04\/mitarbeiter-gesellschaft-768x768.jpg 768w\" sizes=\"(max-width: 800px) 100vw, 800px\" title=\"\">\t\t\t\t\t\t\t\t<\/a>\n\t\t\t\t\t\t\t\t\t\t\t\t\t\t\t<\/div>\n\t\t\t\t<\/div>\n\t\t\t\t<div class=\"elementor-element elementor-element-cb43069 elementor-widget elementor-widget-heading\" data-id=\"cb43069\" data-element_type=\"widget\" data-widget_type=\"heading.default\">\n\t\t\t\t<div class=\"elementor-widget-container\">\n\t\t\t\t\t<h3 class=\"elementor-heading-title elementor-size-default\"><a href=\"https:\/\/www.omni-biotic.com\/sk-sk\/udrzatelnost\/zamestnanci-a-spolocnost\/\">Zamestnanci a spolo\u010dnos\u0165<\/a><\/h3>\t\t\t\t<\/div>\n\t\t\t\t<\/div>\n\t\t\t\t<div class=\"elementor-element elementor-element-f782821 elementor-widget elementor-widget-text-editor\" data-id=\"f782821\" data-element_type=\"widget\" data-widget_type=\"text-editor.default\">\n\t\t\t\t<div class=\"elementor-widget-container\">\n\t\t\t\t\t\t\t\t\t<p style=\"text-align: center\">M\u00e1me zodpovednos\u0165 vo\u010di v\u0161etk\u00fdm, ktor\u00ed pre n\u00e1s a s nami pracuj\u00fa.<\/p>\t\t\t\t\t\t\t\t<\/div>\n\t\t\t\t<\/div>\n\t\t\t\t<\/div>\n\t\t<div class=\"elementor-element elementor-element-85fbbb7 obcs green e-con-full e-flex e-con e-child\" data-id=\"85fbbb7\" data-element_type=\"container\">\n\t\t\t\t<div class=\"elementor-element elementor-element-7eef4e1 e-transform elementor-widget elementor-widget-image\" data-id=\"7eef4e1\" data-element_type=\"widget\" data-settings=\"{&quot;_transform_translateY_effect_hover&quot;:{&quot;unit&quot;:&quot;px&quot;,&quot;size&quot;:&quot;-20&quot;,&quot;sizes&quot;:[]},&quot;_transform_translateX_effect_hover&quot;:{&quot;unit&quot;:&quot;px&quot;,&quot;size&quot;:&quot;&quot;,&quot;sizes&quot;:[]},&quot;_transform_translateX_effect_hover_tablet&quot;:{&quot;unit&quot;:&quot;px&quot;,&quot;size&quot;:&quot;&quot;,&quot;sizes&quot;:[]},&quot;_transform_translateX_effect_hover_mobile&quot;:{&quot;unit&quot;:&quot;px&quot;,&quot;size&quot;:&quot;&quot;,&quot;sizes&quot;:[]},&quot;_transform_translateY_effect_hover_tablet&quot;:{&quot;unit&quot;:&quot;px&quot;,&quot;size&quot;:&quot;&quot;,&quot;sizes&quot;:[]},&quot;_transform_translateY_effect_hover_mobile&quot;:{&quot;unit&quot;:&quot;px&quot;,&quot;size&quot;:&quot;&quot;,&quot;sizes&quot;:[]}}\" data-widget_type=\"image.default\">\n\t\t\t\t<div class=\"elementor-widget-container\">\n\t\t\t\t\t\t\t\t\t\t\t\t\t\t\t\t<a href=\"https:\/\/www.omni-biotic.com\/sk-sk\/udrzatelnost\/ekonomicka-udrzatelnost\/\">\n\t\t\t\t\t\t\t<img decoding=\"async\" width=\"800\" height=\"800\" src=\"https:\/\/www.omni-biotic.com\/sk-sk\/wp-content\/uploads\/sites\/9\/2024\/04\/wirtschaftliche-nachhaltigkeit.jpg\" class=\"attachment-large size-large wp-image-23022\" alt=\"\" srcset=\"https:\/\/www.omni-biotic.com\/sk-sk\/wp-content\/uploads\/sites\/9\/2024\/04\/wirtschaftliche-nachhaltigkeit.jpg 1024w, https:\/\/www.omni-biotic.com\/sk-sk\/wp-content\/uploads\/sites\/9\/2024\/04\/wirtschaftliche-nachhaltigkeit-300x300.jpg 300w, https:\/\/www.omni-biotic.com\/sk-sk\/wp-content\/uploads\/sites\/9\/2024\/04\/wirtschaftliche-nachhaltigkeit-150x150.jpg 150w, https:\/\/www.omni-biotic.com\/sk-sk\/wp-content\/uploads\/sites\/9\/2024\/04\/wirtschaftliche-nachhaltigkeit-768x768.jpg 768w\" sizes=\"(max-width: 800px) 100vw, 800px\" title=\"\">\t\t\t\t\t\t\t\t<\/a>\n\t\t\t\t\t\t\t\t\t\t\t\t\t\t\t<\/div>\n\t\t\t\t<\/div>\n\t\t\t\t<div class=\"elementor-element elementor-element-57f4f15 elementor-widget elementor-widget-heading\" data-id=\"57f4f15\" data-element_type=\"widget\" data-widget_type=\"heading.default\">\n\t\t\t\t<div class=\"elementor-widget-container\">\n\t\t\t\t\t<h3 class=\"elementor-heading-title elementor-size-default\"><a href=\"https:\/\/www.omni-biotic.com\/sk-sk\/udrzatelnost\/ekonomicka-udrzatelnost\/\">Ekonomick\u00e1 udr\u017eate\u013enos\u0165<\/a><\/h3>\t\t\t\t<\/div>\n\t\t\t\t<\/div>\n\t\t\t\t<div class=\"elementor-element elementor-element-2f17f40 elementor-widget elementor-widget-text-editor\" data-id=\"2f17f40\" data-element_type=\"widget\" data-widget_type=\"text-editor.default\">\n\t\t\t\t<div class=\"elementor-widget-container\">\n\t\t\t\t\t\t\t\t\t<p style=\"text-align: center\">Na\u0161e podnikate\u013esk\u00e9 aktivity s\u00fa zameran\u00e9 aj na prospech bud\u00facich gener\u00e1ci\u00ed.<\/p>\t\t\t\t\t\t\t\t<\/div>\n\t\t\t\t<\/div>\n\t\t\t\t<\/div>\n\t\t<div class=\"elementor-element elementor-element-661b2a3 obcs green e-con-full e-flex e-con e-child\" data-id=\"661b2a3\" data-element_type=\"container\">\n\t\t\t\t<div class=\"elementor-element elementor-element-1cec78a e-transform elementor-widget elementor-widget-image\" data-id=\"1cec78a\" data-element_type=\"widget\" data-settings=\"{&quot;_transform_translateY_effect_hover&quot;:{&quot;unit&quot;:&quot;px&quot;,&quot;size&quot;:&quot;-20&quot;,&quot;sizes&quot;:[]},&quot;_transform_translateX_effect_hover&quot;:{&quot;unit&quot;:&quot;px&quot;,&quot;size&quot;:&quot;&quot;,&quot;sizes&quot;:[]},&quot;_transform_translateX_effect_hover_tablet&quot;:{&quot;unit&quot;:&quot;px&quot;,&quot;size&quot;:&quot;&quot;,&quot;sizes&quot;:[]},&quot;_transform_translateX_effect_hover_mobile&quot;:{&quot;unit&quot;:&quot;px&quot;,&quot;size&quot;:&quot;&quot;,&quot;sizes&quot;:[]},&quot;_transform_translateY_effect_hover_tablet&quot;:{&quot;unit&quot;:&quot;px&quot;,&quot;size&quot;:&quot;&quot;,&quot;sizes&quot;:[]},&quot;_transform_translateY_effect_hover_mobile&quot;:{&quot;unit&quot;:&quot;px&quot;,&quot;size&quot;:&quot;&quot;,&quot;sizes&quot;:[]}}\" data-widget_type=\"image.default\">\n\t\t\t\t<div class=\"elementor-widget-container\">\n\t\t\t\t\t\t\t\t\t\t\t\t\t\t\t\t<a href=\"https:\/\/www.omni-biotic.com\/sk-sk\/udrzatelnost\/zivotne-prostredie-a-zdroje\/\">\n\t\t\t\t\t\t\t<img decoding=\"async\" width=\"800\" height=\"800\" src=\"https:\/\/www.omni-biotic.com\/sk-sk\/wp-content\/uploads\/sites\/9\/2024\/04\/ressourcen-und-umwelt.jpg\" class=\"attachment-large size-large wp-image-23023\" alt=\"\" srcset=\"https:\/\/www.omni-biotic.com\/sk-sk\/wp-content\/uploads\/sites\/9\/2024\/04\/ressourcen-und-umwelt.jpg 1024w, https:\/\/www.omni-biotic.com\/sk-sk\/wp-content\/uploads\/sites\/9\/2024\/04\/ressourcen-und-umwelt-300x300.jpg 300w, https:\/\/www.omni-biotic.com\/sk-sk\/wp-content\/uploads\/sites\/9\/2024\/04\/ressourcen-und-umwelt-150x150.jpg 150w, https:\/\/www.omni-biotic.com\/sk-sk\/wp-content\/uploads\/sites\/9\/2024\/04\/ressourcen-und-umwelt-768x768.jpg 768w\" sizes=\"(max-width: 800px) 100vw, 800px\" title=\"\">\t\t\t\t\t\t\t\t<\/a>\n\t\t\t\t\t\t\t\t\t\t\t\t\t\t\t<\/div>\n\t\t\t\t<\/div>\n\t\t\t\t<div class=\"elementor-element elementor-element-d97d0b4 elementor-widget elementor-widget-heading\" data-id=\"d97d0b4\" data-element_type=\"widget\" data-widget_type=\"heading.default\">\n\t\t\t\t<div class=\"elementor-widget-container\">\n\t\t\t\t\t<h3 class=\"elementor-heading-title elementor-size-default\"><a href=\"https:\/\/www.omni-biotic.com\/sk-sk\/udrzatelnost\/zivotne-prostredie-a-zdroje\/\">\u017divotn\u00e9 prostredie a zdroje<\/a><\/h3>\t\t\t\t<\/div>\n\t\t\t\t<\/div>\n\t\t\t\t<div class=\"elementor-element elementor-element-ec9c125 elementor-widget elementor-widget-text-editor\" data-id=\"ec9c125\" data-element_type=\"widget\" data-widget_type=\"text-editor.default\">\n\t\t\t\t<div class=\"elementor-widget-container\">\n\t\t\t\t\t\t\t\t\t<p style=\"text-align: center\">Ekologicky \u0161etrn\u00fd pr\u00edstup zni\u017euje emisie a \u0161etr\u00ed pr\u00edrodn\u00e9 zdroje.<\/p>\t\t\t\t\t\t\t\t<\/div>\n\t\t\t\t<\/div>\n\t\t\t\t<\/div>\n\t\t\t\t\t<\/div>\n\t\t\t\t<\/div>\n\t\t\t\t<\/div>\n\t\t","protected":false},"excerpt":{"rendered":"<p>Udr\u017eate\u013enos\u0165 V\u00fdznamn\u00e1 t\u00e9ma v in\u0161tit\u00fate AllergoSan Home In\u0161tit\u00fat AllergoSan si ako centrum pre v\u00fdskum mikrobi\u00f3mu stanovil za cie\u013e vyv\u00edja\u0165 vedeck\u00e9 inov\u00e1cie, ktor\u00e9 s\u00fa zameran\u00e9 na celkov\u00fd syst\u00e9m \u010dloveka a pr\u00edrody. To znamen\u00e1, \u017ee pracujeme v\u00fdlu\u010dne s l\u00e1tkami, ktor\u00e9 n\u00e1m poskytuje pr\u00edroda. Je preto samozrejm\u00e9, \u017ee sa zav\u00e4zujeme chr\u00e1ni\u0165 a zachov\u00e1va\u0165 tento z\u00e1klad na\u0161ej pr\u00e1ce. Udr\u017eate\u013enos\u0165 [&hellip;]<\/p>\n","protected":false},"author":8,"featured_media":0,"parent":0,"menu_order":0,"comment_status":"closed","ping_status":"closed","template":"","meta":{"_acf_changed":false,"inline_featured_image":false,"footnotes":""},"class_list":["post-23018","page","type-page","status-publish","hentry"],"acf":[],"_links":{"self":[{"href":"https:\/\/www.omni-biotic.com\/sk-sk\/wp-json\/wp\/v2\/pages\/23018","targetHints":{"allow":["GET"]}}],"collection":[{"href":"https:\/\/www.omni-biotic.com\/sk-sk\/wp-json\/wp\/v2\/pages"}],"about":[{"href":"https:\/\/www.omni-biotic.com\/sk-sk\/wp-json\/wp\/v2\/types\/page"}],"author":[{"embeddable":true,"href":"https:\/\/www.omni-biotic.com\/sk-sk\/wp-json\/wp\/v2\/users\/8"}],"replies":[{"embeddable":true,"href":"https:\/\/www.omni-biotic.com\/sk-sk\/wp-json\/wp\/v2\/comments?post=23018"}],"version-history":[{"count":7,"href":"https:\/\/www.omni-biotic.com\/sk-sk\/wp-json\/wp\/v2\/pages\/23018\/revisions"}],"predecessor-version":[{"id":23198,"href":"https:\/\/www.omni-biotic.com\/sk-sk\/wp-json\/wp\/v2\/pages\/23018\/revisions\/23198"}],"wp:attachment":[{"href":"https:\/\/www.omni-biotic.com\/sk-sk\/wp-json\/wp\/v2\/media?parent=23018"}],"curies":[{"name":"wp","href":"https:\/\/api.w.org\/{rel}","templated":true}]}}