{"id":23040,"date":"2024-04-11T14:36:39","date_gmt":"2024-04-11T12:36:39","guid":{"rendered":"https:\/\/www.omni-biotic.com\/sk-sk\/?page_id=23040"},"modified":"2024-04-11T14:36:39","modified_gmt":"2024-04-11T12:36:39","slug":"zivotne-prostredie-a-zdroje","status":"publish","type":"page","link":"https:\/\/www.omni-biotic.com\/sk-sk\/udrzatelnost\/zivotne-prostredie-a-zdroje\/","title":{"rendered":"\u017divotn\u00e9 prostredie a zdroje"},"content":{"rendered":"\t\t<div data-elementor-type=\"wp-page\" data-elementor-id=\"23040\" class=\"elementor elementor-23040\" data-elementor-post-type=\"page\">\n\t\t\t\t<div class=\"elementor-element elementor-element-e1de503 e-con-full obcs none e-flex e-con e-parent\" data-id=\"e1de503\" data-element_type=\"container\" data-settings=\"{&quot;background_background&quot;:&quot;classic&quot;,&quot;shape_divider_bottom&quot;:&quot;waves&quot;}\">\n\t\t\t\t<div class=\"elementor-shape elementor-shape-bottom\" aria-hidden=\"true\" data-negative=\"false\">\n\t\t\t<svg xmlns=\"http:\/\/www.w3.org\/2000\/svg\" viewBox=\"0 0 1000 100\" preserveAspectRatio=\"none\">\n\t<path class=\"elementor-shape-fill\" d=\"M421.9,6.5c22.6-2.5,51.5,0.4,75.5,5.3c23.6,4.9,70.9,23.5,100.5,35.7c75.8,32.2,133.7,44.5,192.6,49.7\n\tc23.6,2.1,48.7,3.5,103.4-2.5c54.7-6,106.2-25.6,106.2-25.6V0H0v30.3c0,0,72,32.6,158.4,30.5c39.2-0.7,92.8-6.7,134-22.4\n\tc21.2-8.1,52.2-18.2,79.7-24.2C399.3,7.9,411.6,7.5,421.9,6.5z\"\/>\n<\/svg>\t\t<\/div>\n\t\t<div class=\"elementor-element elementor-element-f593043 e-con-full obcs none e-flex e-con e-child\" data-id=\"f593043\" data-element_type=\"container\" data-settings=\"{&quot;background_background&quot;:&quot;gradient&quot;}\">\n\t\t\t\t<div class=\"elementor-element elementor-element-c8dd7fb elementor-widget elementor-widget-heading\" data-id=\"c8dd7fb\" data-element_type=\"widget\" data-widget_type=\"heading.default\">\n\t\t\t\t<div class=\"elementor-widget-container\">\n\t\t\t\t\t<h1 class=\"elementor-heading-title elementor-size-default\">\u017divotn\u00e9 prostredie a zdroje<\/h1>\t\t\t\t<\/div>\n\t\t\t\t<\/div>\n\t\t\t\t<div class=\"elementor-element elementor-element-6c6482a elementor-widget-divider--view-line elementor-widget elementor-widget-divider\" data-id=\"6c6482a\" data-element_type=\"widget\" data-widget_type=\"divider.default\">\n\t\t\t\t<div class=\"elementor-widget-container\">\n\t\t\t\t\t\t\t<div class=\"elementor-divider\">\n\t\t\t<span class=\"elementor-divider-separator\">\n\t\t\t\t\t\t<\/span>\n\t\t<\/div>\n\t\t\t\t\t\t<\/div>\n\t\t\t\t<\/div>\n\t\t\t\t<div class=\"elementor-element elementor-element-ba1cae3 elementor-widget elementor-widget-heading\" data-id=\"ba1cae3\" data-element_type=\"widget\" data-widget_type=\"heading.default\">\n\t\t\t\t<div class=\"elementor-widget-container\">\n\t\t\t\t\t<h3 class=\"elementor-heading-title elementor-size-default\">Priklad\u00e1me tomu ve\u013ek\u00fd v\u00fdznam<\/h3>\t\t\t\t<\/div>\n\t\t\t\t<\/div>\n\t\t\t\t<\/div>\n\t\t\t\t<\/div>\n\t\t<div class=\"elementor-element elementor-element-a272ce6 obcs none e-flex e-con-boxed e-con e-parent\" data-id=\"a272ce6\" data-element_type=\"container\">\n\t\t\t\t\t<div class=\"e-con-inner\">\n\t\t<div class=\"elementor-element elementor-element-d75c04b obcs none e-flex e-con-boxed e-con e-child\" data-id=\"d75c04b\" data-element_type=\"container\">\n\t\t\t\t\t<div class=\"e-con-inner\">\n\t\t<div class=\"elementor-element elementor-element-486e487 e-con-full obcs none e-flex e-con e-child\" data-id=\"486e487\" data-element_type=\"container\">\n\t\t\t\t<div class=\"elementor-element elementor-element-df31388 elementor-align-left elementor-widget__width-initial elementor-widget elementor-widget-breadcrumbs\" data-id=\"df31388\" data-element_type=\"widget\" data-widget_type=\"breadcrumbs.default\">\n\t\t\t\t<div class=\"elementor-widget-container\">\n\t\t\t\t\t<span><span class=\"last\">Home<\/span><\/span>\t\t\t\t<\/div>\n\t\t\t\t<\/div>\n\t\t\t\t<\/div>\n\t\t\t\t\t<\/div>\n\t\t\t\t<\/div>\n\t\t\t\t\t<\/div>\n\t\t\t\t<\/div>\n\t\t<div class=\"elementor-element elementor-element-f6195c7 obcs none e-flex e-con-boxed e-con e-parent\" data-id=\"f6195c7\" data-element_type=\"container\">\n\t\t\t\t\t<div class=\"e-con-inner\">\n\t\t<div class=\"elementor-element elementor-element-5e656f7 e-con-full obcs none e-flex e-con e-child\" data-id=\"5e656f7\" data-element_type=\"container\" data-settings=\"{&quot;background_background&quot;:&quot;classic&quot;}\">\n\t\t\t\t<div class=\"elementor-element elementor-element-0225835 elementor-widget elementor-widget-image\" data-id=\"0225835\" data-element_type=\"widget\" data-widget_type=\"image.default\">\n\t\t\t\t<div class=\"elementor-widget-container\">\n\t\t\t\t\t\t\t\t\t\t\t\t\t\t\t<img fetchpriority=\"high\" decoding=\"async\" width=\"800\" height=\"840\" src=\"https:\/\/www.omni-biotic.com\/sk-sk\/wp-content\/uploads\/sites\/9\/2024\/04\/energieffizientes_gebaeude.svg\" class=\"attachment-large size-large wp-image-23043\" alt=\"\" title=\"\">\t\t\t\t\t\t\t\t\t\t\t\t\t\t\t<\/div>\n\t\t\t\t<\/div>\n\t\t\t\t<div class=\"elementor-element elementor-element-5e64900 elementor-widget elementor-widget-heading\" data-id=\"5e64900\" data-element_type=\"widget\" data-widget_type=\"heading.default\">\n\t\t\t\t<div class=\"elementor-widget-container\">\n\t\t\t\t\t<div class=\"elementor-heading-title elementor-size-default\">Energeticky \u00fasporn\u00e1 budova<\/div>\t\t\t\t<\/div>\n\t\t\t\t<\/div>\n\t\t\t\t<\/div>\n\t\t<div class=\"elementor-element elementor-element-29f780e e-con-full obcs none e-flex e-con e-child\" data-id=\"29f780e\" data-element_type=\"container\" data-settings=\"{&quot;background_background&quot;:&quot;classic&quot;}\">\n\t\t\t\t<div class=\"elementor-element elementor-element-b6f53f8 elementor-widget elementor-widget-image\" data-id=\"b6f53f8\" data-element_type=\"widget\" data-widget_type=\"image.default\">\n\t\t\t\t<div class=\"elementor-widget-container\">\n\t\t\t\t\t\t\t\t\t\t\t\t\t\t\t<img decoding=\"async\" width=\"800\" height=\"800\" src=\"https:\/\/www.omni-biotic.com\/sk-sk\/wp-content\/uploads\/sites\/9\/2024\/04\/eigener_strom.svg\" class=\"attachment-large size-large wp-image-23044\" alt=\"\" title=\"\">\t\t\t\t\t\t\t\t\t\t\t\t\t\t\t<\/div>\n\t\t\t\t<\/div>\n\t\t\t\t<div class=\"elementor-element elementor-element-385bcf4 elementor-widget elementor-widget-heading\" data-id=\"385bcf4\" data-element_type=\"widget\" data-widget_type=\"heading.default\">\n\t\t\t\t<div class=\"elementor-widget-container\">\n\t\t\t\t\t<div class=\"elementor-heading-title elementor-size-default\">Vlastn\u00e1 elektrina z obnovite\u013en\u00fdch zdrojov energie<\/div>\t\t\t\t<\/div>\n\t\t\t\t<\/div>\n\t\t\t\t<\/div>\n\t\t<div class=\"elementor-element elementor-element-845a001 e-con-full obcs none e-flex e-con e-child\" data-id=\"845a001\" data-element_type=\"container\" data-settings=\"{&quot;background_background&quot;:&quot;classic&quot;}\">\n\t\t\t\t<div class=\"elementor-element elementor-element-553e07d elementor-widget elementor-widget-image\" data-id=\"553e07d\" data-element_type=\"widget\" data-widget_type=\"image.default\">\n\t\t\t\t<div class=\"elementor-widget-container\">\n\t\t\t\t\t\t\t\t\t\t\t\t\t\t\t<img decoding=\"async\" width=\"800\" height=\"800\" src=\"https:\/\/www.omni-biotic.com\/sk-sk\/wp-content\/uploads\/sites\/9\/2024\/04\/recycling.svg\" class=\"attachment-large size-large wp-image-23045\" alt=\"\" title=\"\">\t\t\t\t\t\t\t\t\t\t\t\t\t\t\t<\/div>\n\t\t\t\t<\/div>\n\t\t\t\t<div class=\"elementor-element elementor-element-95ead68 elementor-widget elementor-widget-heading\" data-id=\"95ead68\" data-element_type=\"widget\" data-widget_type=\"heading.default\">\n\t\t\t\t<div class=\"elementor-widget-container\">\n\t\t\t\t\t<div class=\"elementor-heading-title elementor-size-default\">Pou\u017e\u00edvanie udr\u017eate\u013en\u00fdch alebo recyklovan\u00fdch materi\u00e1lov\n\n<\/div>\t\t\t\t<\/div>\n\t\t\t\t<\/div>\n\t\t\t\t<\/div>\n\t\t\t\t\t<\/div>\n\t\t\t\t<\/div>\n\t\t<div class=\"elementor-element elementor-element-f3894ed obcs green e-flex e-con-boxed e-con e-parent\" data-id=\"f3894ed\" data-element_type=\"container\">\n\t\t\t\t\t<div class=\"e-con-inner\">\n\t\t<div class=\"elementor-element elementor-element-e90b4c2 e-con-full obcs none e-flex e-con e-child\" data-id=\"e90b4c2\" data-element_type=\"container\">\n\t\t\t\t<div class=\"elementor-element elementor-element-9a23af0 elementor-widget elementor-widget-text-editor\" data-id=\"9a23af0\" data-element_type=\"widget\" data-widget_type=\"text-editor.default\">\n\t\t\t\t<div class=\"elementor-widget-container\">\n\t\t\t\t\t\t\t\t\t<p>Samotn\u00e9 <a href=\"https:\/\/www.omni-biotic.com\/sk-sk\/blog\/6-faktov-o-institute-institut-allergosan\/\"><strong>s\u00eddlo in\u0161tit\u00fatu AllergoSan<\/strong><\/a> je vynikaj\u00facim pr\u00edkladom udr\u017eate\u013enej, <strong>energeticky \u00fa\u010dinnej<\/strong> a prezieravej <strong>v\u00fdstavby<\/strong>: U\u017e vo f\u00e1ze v\u00fdstavby sme dbali na to, aby sme vyu\u017e\u00edvali region\u00e1lne spolo\u010dnosti s kr\u00e1tkou dojazdovou vzdialenos\u0165ou. A v\u00fdsledok dnes hovor\u00ed s\u00e1m za seba: v ka\u017edodennom pracovnom \u017eivote umo\u017e\u0148uje n\u00e1\u0161 jedine\u010dn\u00fd komplex budov <strong>ve\u013emi n\u00edzku spotrebu energie<\/strong> na <strong>chladenie<\/strong> a <strong>vykurovanie<\/strong> po cel\u00fd de\u0148. Trval\u00e1 udr\u017eate\u013enos\u0165 sa zoh\u013ead\u0148ovala aj v z\u00e1kulis\u00ed a nad kulisami:<strong> Zelen\u00e1 strecha zabra\u0148uje prehrievaniu<\/strong> okolit\u00fdch priestorov, zadr\u017eiava <strong>da\u017e\u010fov\u00fa vodu<\/strong> a je tie\u017e domovom <strong>hmyzieho hotela<\/strong>, ktor\u00fd je \u00fato\u010diskom pre divok\u00e9 v\u010dely a in\u00fd <strong>u\u017eito\u010dn\u00fd hmyz<\/strong>. Obzvl\u00e1\u0161\u0165 hrd\u00ed sme na n\u00e1\u0161 vlastn\u00fd <strong>fotovoltick\u00fd syst\u00e9m<\/strong> s v\u00fdkonom 160 kWp, ktor\u00fd <strong>pokr\u00fdva cel\u00fa strechu<\/strong> nad skladom a v lete i v zime <strong>poskytuje energiu<\/strong> na udr\u017eiavanie pr\u00edjemnej teploty po\u010das pracovn\u00e9ho d\u0148a. \u010coraz viac sa zameriavame aj na <strong>elektrick\u00fa energiu<\/strong> pre n\u00e1\u0161 vozov\u00fd park:<strong> nab\u00edjacie stanice aj po\u010det e-automobilov<\/strong> sa neust\u00e1le roz\u0161iruj\u00fa. \u010co na\u0161i zamestnanci najviac oce\u0148uj\u00fa: Ka\u017ed\u00fd, kto cestuje do pr\u00e1ce verejnou dopravou, m\u00e1 k dispoz\u00edcii <strong>bezplatn\u00fd cestovn\u00fd l\u00edstok<\/strong> na verejn\u00fa dopravu a tak m\u00f4\u017ee ka\u017ed\u00fd de\u0148 osobne prispie\u0165 k <strong>zn\u00ed\u017eeniu emisi\u00ed CO2<\/strong>.<\/p>\t\t\t\t\t\t\t\t<\/div>\n\t\t\t\t<\/div>\n\t\t<div class=\"elementor-element elementor-element-15c414c obcs none e-flex e-con-boxed e-con e-child\" data-id=\"15c414c\" data-element_type=\"container\">\n\t\t\t\t\t<div class=\"e-con-inner\">\n\t\t<div class=\"elementor-element elementor-element-f23a9ef obcs none e-flex e-con-boxed e-con e-child\" data-id=\"f23a9ef\" data-element_type=\"container\">\n\t\t\t\t\t<div class=\"e-con-inner\">\n\t\t<div class=\"elementor-element elementor-element-0f2afbd e-con-full obcs none e-flex e-con e-child\" data-id=\"0f2afbd\" data-element_type=\"container\">\n\t\t\t\t<div class=\"elementor-element elementor-element-d89e8c4 e-transform elementor-widget elementor-widget-image\" data-id=\"d89e8c4\" data-element_type=\"widget\" data-settings=\"{&quot;_transform_rotateZ_effect&quot;:{&quot;unit&quot;:&quot;px&quot;,&quot;size&quot;:&quot;0&quot;,&quot;sizes&quot;:[]},&quot;_transform_rotate_3d&quot;:&quot;yes&quot;,&quot;_transform_rotateX_effect&quot;:{&quot;unit&quot;:&quot;px&quot;,&quot;size&quot;:&quot;0&quot;,&quot;sizes&quot;:[]},&quot;_transform_rotateY_effect&quot;:{&quot;unit&quot;:&quot;px&quot;,&quot;size&quot;:&quot;4&quot;,&quot;sizes&quot;:[]},&quot;_transform_perspective_effect&quot;:{&quot;unit&quot;:&quot;px&quot;,&quot;size&quot;:&quot;650&quot;,&quot;sizes&quot;:[]},&quot;_transform_rotateZ_effect_tablet&quot;:{&quot;unit&quot;:&quot;deg&quot;,&quot;size&quot;:&quot;&quot;,&quot;sizes&quot;:[]},&quot;_transform_rotateZ_effect_mobile&quot;:{&quot;unit&quot;:&quot;deg&quot;,&quot;size&quot;:&quot;&quot;,&quot;sizes&quot;:[]},&quot;_transform_rotateX_effect_tablet&quot;:{&quot;unit&quot;:&quot;deg&quot;,&quot;size&quot;:&quot;&quot;,&quot;sizes&quot;:[]},&quot;_transform_rotateX_effect_mobile&quot;:{&quot;unit&quot;:&quot;deg&quot;,&quot;size&quot;:&quot;&quot;,&quot;sizes&quot;:[]},&quot;_transform_rotateY_effect_tablet&quot;:{&quot;unit&quot;:&quot;deg&quot;,&quot;size&quot;:&quot;&quot;,&quot;sizes&quot;:[]},&quot;_transform_rotateY_effect_mobile&quot;:{&quot;unit&quot;:&quot;deg&quot;,&quot;size&quot;:&quot;&quot;,&quot;sizes&quot;:[]},&quot;_transform_perspective_effect_tablet&quot;:{&quot;unit&quot;:&quot;px&quot;,&quot;size&quot;:&quot;&quot;,&quot;sizes&quot;:[]},&quot;_transform_perspective_effect_mobile&quot;:{&quot;unit&quot;:&quot;px&quot;,&quot;size&quot;:&quot;&quot;,&quot;sizes&quot;:[]}}\" data-widget_type=\"image.default\">\n\t\t\t\t<div class=\"elementor-widget-container\">\n\t\t\t\t\t\t\t\t\t\t\t\t\t\t\t<img loading=\"lazy\" decoding=\"async\" width=\"800\" height=\"800\" src=\"https:\/\/www.omni-biotic.com\/sk-sk\/wp-content\/uploads\/sites\/9\/2024\/04\/ressourcen-und-umwelt.jpg\" class=\"attachment-large size-large wp-image-23023\" alt=\"\" srcset=\"https:\/\/www.omni-biotic.com\/sk-sk\/wp-content\/uploads\/sites\/9\/2024\/04\/ressourcen-und-umwelt.jpg 1024w, https:\/\/www.omni-biotic.com\/sk-sk\/wp-content\/uploads\/sites\/9\/2024\/04\/ressourcen-und-umwelt-300x300.jpg 300w, https:\/\/www.omni-biotic.com\/sk-sk\/wp-content\/uploads\/sites\/9\/2024\/04\/ressourcen-und-umwelt-150x150.jpg 150w, https:\/\/www.omni-biotic.com\/sk-sk\/wp-content\/uploads\/sites\/9\/2024\/04\/ressourcen-und-umwelt-768x768.jpg 768w\" sizes=\"(max-width: 800px) 100vw, 800px\" title=\"\">\t\t\t\t\t\t\t\t\t\t\t\t\t\t\t<\/div>\n\t\t\t\t<\/div>\n\t\t\t\t<\/div>\n\t\t<div class=\"elementor-element elementor-element-1ca5059 e-con-full obcs none e-flex e-con e-child\" data-id=\"1ca5059\" data-element_type=\"container\">\n\t\t\t\t<div class=\"elementor-element elementor-element-87e4f48 elementor-widget elementor-widget-text-editor\" data-id=\"87e4f48\" data-element_type=\"widget\" data-widget_type=\"text-editor.default\">\n\t\t\t\t<div class=\"elementor-widget-container\">\n\t\t\t\t\t\t\t\t\t<p>Jednou z najv\u00e4\u010d\u0161\u00edch glob\u00e1lnych v\u00fdziev je <strong>dostupnos\u0165 pr\u00edrodn\u00fdch zdrojov<\/strong>. Na\u0161\u00edm mottom je pou\u017e\u00edva\u0165 <strong>materi\u00e1ly<\/strong>, ktor\u00e9 s\u00fa \u010do najviac <strong>\u0161etrn\u00e9 k \u017eivotn\u00e9mu prostrediu<\/strong> a recyklovate\u013en\u00e9 &#8211; od obalov na v\u00fdrobky a\u017e po prepravn\u00e9 kart\u00f3ny. Na tento \u00fa\u010del pravidelne kontrolujeme trh, \u010di sa na \u0148om nenach\u00e1dzaj\u00fa <strong>ekologick\u00e9 alternat\u00edvy<\/strong>, aby sme ich pou\u017e\u00edvali \u010do najudr\u017eate\u013enej\u0161ie a z\u00e1rove\u0148 zachovali na\u0161e<strong> pr\u00edsne intern\u00e9 <a href=\"https:\/\/www.omni-biotic.com\/sk-sk\/o-nas\/vyskum-vyvoj\/kriteria-kvality\/\">krit\u00e9ri\u00e1 kvality<\/a><\/strong> a krit\u00e9ri\u00e1 kvality <strong>v s\u00falade s E\u00da<\/strong>.<\/p>\t\t\t\t\t\t\t\t<\/div>\n\t\t\t\t<\/div>\n\t\t\t\t<\/div>\n\t\t\t\t\t<\/div>\n\t\t\t\t<\/div>\n\t\t\t\t\t<\/div>\n\t\t\t\t<\/div>\n\t\t<div class=\"elementor-element elementor-element-dc79408 obcs none e-flex e-con-boxed e-con e-child\" data-id=\"dc79408\" data-element_type=\"container\">\n\t\t\t\t\t<div class=\"e-con-inner\">\n\t\t<div class=\"elementor-element elementor-element-07926eb obcs none e-flex e-con-boxed e-con e-child\" data-id=\"07926eb\" data-element_type=\"container\">\n\t\t\t\t\t<div class=\"e-con-inner\">\n\t\t\t\t<div class=\"elementor-element elementor-element-3f76b5c elementor-widget elementor-widget-infobox\" data-id=\"3f76b5c\" data-element_type=\"widget\" data-widget_type=\"infobox.default\">\n\t\t\t\t<div class=\"elementor-widget-container\">\n\t\t\t\t\t\n<div class=\"li-widgets--infobox blue\">\n\n    <div class=\"li-widgets--infobox__icon\">\n        <i aria-hidden=\"true\" class=\"fas fa-hand-holding-heart\"><\/i>    <\/div>\n    <div class=\"li-widgets--infobox__text\">\n            <\/div>\n    <div class=\"li-widgets--infobox__text-body\">\n        <p>Na\u0161e obaly na v\u00fdrobky z cel\u00e9ho radu <strong>META-CARE\u00ae<\/strong> s\u00fa vyroben\u00e9 zo<strong> 100 % recyklovan\u00e9ho materi\u00e1lu<\/strong> <strong>(rePET)<\/strong> a v\u0161etky kart\u00f3nov\u00e9 obaly s\u00fa vyroben\u00e9 z udr\u017eate\u013enej <strong>zmesi FSC\u00ae<\/strong> alebo zo zmesi <strong>FSC\u00ae<\/strong> v kombin\u00e1cii s certifik\u00e1tom <strong>PEFC<\/strong> (dreven\u00e9 suroviny z lesov obhospodarovan\u00fdch \u0161etrn\u00fdm sp\u00f4sobom k \u017eivotn\u00e9mu prostrediu).<\/p>    <\/div>\n\n    \n<\/div>\n\t\t\t\t<\/div>\n\t\t\t\t<\/div>\n\t\t\t\t\t<\/div>\n\t\t\t\t<\/div>\n\t\t\t\t\t<\/div>\n\t\t\t\t<\/div>\n\t\t\t\t<div class=\"elementor-element elementor-element-d0f653d elementor-widget elementor-widget-text-editor\" data-id=\"d0f653d\" data-element_type=\"widget\" data-widget_type=\"text-editor.default\">\n\t\t\t\t<div class=\"elementor-widget-container\">\n\t\t\t\t\t\t\t\t\t<p>Aby sme sa<strong> vyhli plastom<\/strong> v\u0161ade tam, kde je to mo\u017en\u00e9 a rozumn\u00e9, nahradili sme plastov\u00fa v\u00fdpl\u0148 na\u0161ich bal\u00edkov <strong>recyklovan\u00fdm papierom<\/strong>. A aby sme zabezpe\u010dili, \u017ee \u017eiadny materi\u00e1l nepr\u00edde nazmar, sami <strong>op\u00e4tovne pou\u017e\u00edvame existuj\u00face kart\u00f3nov\u00e9 \u0161katul<\/strong>e od na\u0161ich dod\u00e1vate\u013eov na prepravu na\u0161ich v\u00fdrobkov.<\/p><p>Okrem toho je vytvoren\u00e1 <strong>uhl\u00edkov\u00e1 stopa<\/strong> v\u0161etk\u00fdch na\u0161ich obchodn\u00fdch aktiv\u00edt, ktor\u00e1 n\u00e1m poskytuje najpresnej\u0161iu transparentnos\u0165 o tom, ak\u00fd ve\u013ek\u00fd je n\u00e1\u0161<strong> vplyv na \u017eivotn\u00e9 prostredie<\/strong> v ka\u017edej oblasti. A to n\u00e1m umo\u017e\u0148uje e\u0161te cielenej\u0161ie <strong>zni\u017eova\u0165 na\u0161e emisie CO2<\/strong>.<\/p>\t\t\t\t\t\t\t\t<\/div>\n\t\t\t\t<\/div>\n\t\t\t\t<\/div>\n\t\t\t\t\t<\/div>\n\t\t\t\t<\/div>\n\t\t<div class=\"elementor-element elementor-element-96557f4 obcs green e-flex e-con-boxed e-con e-parent\" data-id=\"96557f4\" data-element_type=\"container\">\n\t\t\t\t\t<div class=\"e-con-inner\">\n\t\t\t\t\t<\/div>\n\t\t\t\t<\/div>\n\t\t\t\t<\/div>\n\t\t","protected":false},"excerpt":{"rendered":"<p>\u017divotn\u00e9 prostredie a zdroje Priklad\u00e1me tomu ve\u013ek\u00fd v\u00fdznam Home Energeticky \u00fasporn\u00e1 budova Vlastn\u00e1 elektrina z obnovite\u013en\u00fdch zdrojov energie Pou\u017e\u00edvanie udr\u017eate\u013en\u00fdch alebo recyklovan\u00fdch materi\u00e1lov Samotn\u00e9 s\u00eddlo in\u0161tit\u00fatu AllergoSan je vynikaj\u00facim pr\u00edkladom udr\u017eate\u013enej, energeticky \u00fa\u010dinnej a prezieravej v\u00fdstavby: U\u017e vo f\u00e1ze v\u00fdstavby sme dbali na to, aby sme vyu\u017e\u00edvali region\u00e1lne spolo\u010dnosti s kr\u00e1tkou dojazdovou vzdialenos\u0165ou. A v\u00fdsledok [&hellip;]<\/p>\n","protected":false},"author":8,"featured_media":0,"parent":23018,"menu_order":0,"comment_status":"closed","ping_status":"closed","template":"","meta":{"_acf_changed":false,"inline_featured_image":false,"footnotes":""},"class_list":["post-23040","page","type-page","status-publish","hentry"],"acf":[],"_links":{"self":[{"href":"https:\/\/www.omni-biotic.com\/sk-sk\/wp-json\/wp\/v2\/pages\/23040","targetHints":{"allow":["GET"]}}],"collection":[{"href":"https:\/\/www.omni-biotic.com\/sk-sk\/wp-json\/wp\/v2\/pages"}],"about":[{"href":"https:\/\/www.omni-biotic.com\/sk-sk\/wp-json\/wp\/v2\/types\/page"}],"author":[{"embeddable":true,"href":"https:\/\/www.omni-biotic.com\/sk-sk\/wp-json\/wp\/v2\/users\/8"}],"replies":[{"embeddable":true,"href":"https:\/\/www.omni-biotic.com\/sk-sk\/wp-json\/wp\/v2\/comments?post=23040"}],"version-history":[{"count":8,"href":"https:\/\/www.omni-biotic.com\/sk-sk\/wp-json\/wp\/v2\/pages\/23040\/revisions"}],"predecessor-version":[{"id":23195,"href":"https:\/\/www.omni-biotic.com\/sk-sk\/wp-json\/wp\/v2\/pages\/23040\/revisions\/23195"}],"up":[{"embeddable":true,"href":"https:\/\/www.omni-biotic.com\/sk-sk\/wp-json\/wp\/v2\/pages\/23018"}],"wp:attachment":[{"href":"https:\/\/www.omni-biotic.com\/sk-sk\/wp-json\/wp\/v2\/media?parent=23040"}],"curies":[{"name":"wp","href":"https:\/\/api.w.org\/{rel}","templated":true}]}}