{"id":23050,"date":"2024-04-11T14:36:44","date_gmt":"2024-04-11T12:36:44","guid":{"rendered":"https:\/\/www.omni-biotic.com\/sk-sk\/?page_id=23050"},"modified":"2024-04-11T14:36:44","modified_gmt":"2024-04-11T12:36:44","slug":"ekonomicka-udrzatelnost","status":"publish","type":"page","link":"https:\/\/www.omni-biotic.com\/sk-sk\/udrzatelnost\/ekonomicka-udrzatelnost\/","title":{"rendered":"Ekonomick\u00e1 udr\u017eate\u013enos\u0165"},"content":{"rendered":"\t\t<div data-elementor-type=\"wp-page\" data-elementor-id=\"23050\" class=\"elementor elementor-23050\" data-elementor-post-type=\"page\">\n\t\t\t\t<div class=\"elementor-element elementor-element-05eae36 e-con-full obcs none e-flex e-con e-parent\" data-id=\"05eae36\" data-element_type=\"container\" data-settings=\"{&quot;background_background&quot;:&quot;classic&quot;,&quot;shape_divider_bottom&quot;:&quot;waves&quot;}\">\n\t\t\t\t<div class=\"elementor-shape elementor-shape-bottom\" aria-hidden=\"true\" data-negative=\"false\">\n\t\t\t<svg xmlns=\"http:\/\/www.w3.org\/2000\/svg\" viewBox=\"0 0 1000 100\" preserveAspectRatio=\"none\">\n\t<path class=\"elementor-shape-fill\" d=\"M421.9,6.5c22.6-2.5,51.5,0.4,75.5,5.3c23.6,4.9,70.9,23.5,100.5,35.7c75.8,32.2,133.7,44.5,192.6,49.7\n\tc23.6,2.1,48.7,3.5,103.4-2.5c54.7-6,106.2-25.6,106.2-25.6V0H0v30.3c0,0,72,32.6,158.4,30.5c39.2-0.7,92.8-6.7,134-22.4\n\tc21.2-8.1,52.2-18.2,79.7-24.2C399.3,7.9,411.6,7.5,421.9,6.5z\"\/>\n<\/svg>\t\t<\/div>\n\t\t<div class=\"elementor-element elementor-element-85448df e-con-full obcs none e-flex e-con e-child\" data-id=\"85448df\" data-element_type=\"container\" data-settings=\"{&quot;background_background&quot;:&quot;gradient&quot;}\">\n\t\t\t\t<div class=\"elementor-element elementor-element-4dfe7f9 elementor-widget elementor-widget-heading\" data-id=\"4dfe7f9\" data-element_type=\"widget\" data-widget_type=\"heading.default\">\n\t\t\t\t<div class=\"elementor-widget-container\">\n\t\t\t\t\t<h1 class=\"elementor-heading-title elementor-size-default\">Ekonomick\u00e1 udr\u017eate\u013enos\u0165\n<\/h1>\t\t\t\t<\/div>\n\t\t\t\t<\/div>\n\t\t\t\t<div class=\"elementor-element elementor-element-23b87dd elementor-widget-divider--view-line elementor-widget elementor-widget-divider\" data-id=\"23b87dd\" data-element_type=\"widget\" data-widget_type=\"divider.default\">\n\t\t\t\t<div class=\"elementor-widget-container\">\n\t\t\t\t\t\t\t<div class=\"elementor-divider\">\n\t\t\t<span class=\"elementor-divider-separator\">\n\t\t\t\t\t\t<\/span>\n\t\t<\/div>\n\t\t\t\t\t\t<\/div>\n\t\t\t\t<\/div>\n\t\t\t\t<\/div>\n\t\t\t\t<\/div>\n\t\t<div class=\"elementor-element elementor-element-7c1a67e obcs none e-flex e-con-boxed e-con e-parent\" data-id=\"7c1a67e\" data-element_type=\"container\">\n\t\t\t\t\t<div class=\"e-con-inner\">\n\t\t<div class=\"elementor-element elementor-element-6ab26f7 obcs none e-flex e-con-boxed e-con e-child\" data-id=\"6ab26f7\" data-element_type=\"container\">\n\t\t\t\t\t<div class=\"e-con-inner\">\n\t\t<div class=\"elementor-element elementor-element-39ad845 e-con-full obcs none e-flex e-con e-child\" data-id=\"39ad845\" data-element_type=\"container\">\n\t\t\t\t<div class=\"elementor-element elementor-element-5abd261 elementor-align-left elementor-widget__width-initial elementor-widget elementor-widget-breadcrumbs\" data-id=\"5abd261\" data-element_type=\"widget\" data-widget_type=\"breadcrumbs.default\">\n\t\t\t\t<div class=\"elementor-widget-container\">\n\t\t\t\t\t<span><span class=\"last\">Home<\/span><\/span>\t\t\t\t<\/div>\n\t\t\t\t<\/div>\n\t\t\t\t<\/div>\n\t\t\t\t\t<\/div>\n\t\t\t\t<\/div>\n\t\t\t\t\t<\/div>\n\t\t\t\t<\/div>\n\t\t<div class=\"elementor-element elementor-element-57537e1 obcs none e-flex e-con-boxed e-con e-parent\" data-id=\"57537e1\" data-element_type=\"container\">\n\t\t\t\t\t<div class=\"e-con-inner\">\n\t\t<div class=\"elementor-element elementor-element-128a488 e-con-full obcs none e-flex e-con e-child\" data-id=\"128a488\" data-element_type=\"container\" data-settings=\"{&quot;background_background&quot;:&quot;classic&quot;}\">\n\t\t\t\t<div class=\"elementor-element elementor-element-c5eeab0 elementor-widget elementor-widget-image\" data-id=\"c5eeab0\" data-element_type=\"widget\" data-widget_type=\"image.default\">\n\t\t\t\t<div class=\"elementor-widget-container\">\n\t\t\t\t\t\t\t\t\t\t\t\t\t\t\t<img fetchpriority=\"high\" decoding=\"async\" width=\"753\" height=\"1024\" src=\"https:\/\/www.omni-biotic.com\/sk-sk\/wp-content\/uploads\/sites\/9\/2024\/04\/wissenschaft.svg\" class=\"attachment-large size-large wp-image-23089\" alt=\"\" title=\"\">\t\t\t\t\t\t\t\t\t\t\t\t\t\t\t<\/div>\n\t\t\t\t<\/div>\n\t\t\t\t<div class=\"elementor-element elementor-element-36421dc elementor-widget elementor-widget-heading\" data-id=\"36421dc\" data-element_type=\"widget\" data-widget_type=\"heading.default\">\n\t\t\t\t<div class=\"elementor-widget-container\">\n\t\t\t\t\t<div class=\"elementor-heading-title elementor-size-default\">Vysok\u00e9 \u0161tandardy kvality\n\n<\/div>\t\t\t\t<\/div>\n\t\t\t\t<\/div>\n\t\t\t\t<\/div>\n\t\t<div class=\"elementor-element elementor-element-c1ec606 e-con-full obcs none e-flex e-con e-child\" data-id=\"c1ec606\" data-element_type=\"container\" data-settings=\"{&quot;background_background&quot;:&quot;classic&quot;}\">\n\t\t\t\t<div class=\"elementor-element elementor-element-bd2e209 elementor-widget elementor-widget-image\" data-id=\"bd2e209\" data-element_type=\"widget\" data-widget_type=\"image.default\">\n\t\t\t\t<div class=\"elementor-widget-container\">\n\t\t\t\t\t\t\t\t\t\t\t\t\t\t\t<img decoding=\"async\" width=\"800\" height=\"872\" src=\"https:\/\/www.omni-biotic.com\/sk-sk\/wp-content\/uploads\/sites\/9\/2024\/04\/forschung.svg\" class=\"attachment-large size-large wp-image-23090\" alt=\"\" title=\"\">\t\t\t\t\t\t\t\t\t\t\t\t\t\t\t<\/div>\n\t\t\t\t<\/div>\n\t\t\t\t<div class=\"elementor-element elementor-element-00201cf elementor-widget elementor-widget-heading\" data-id=\"00201cf\" data-element_type=\"widget\" data-widget_type=\"heading.default\">\n\t\t\t\t<div class=\"elementor-widget-container\">\n\t\t\t\t\t<div class=\"elementor-heading-title elementor-size-default\">Spolupr\u00e1ca s renomovan\u00fdmi in\u0161tit\u00faciami\n\n<\/div>\t\t\t\t<\/div>\n\t\t\t\t<\/div>\n\t\t\t\t<\/div>\n\t\t<div class=\"elementor-element elementor-element-31911f1 e-con-full obcs none e-flex e-con e-child\" data-id=\"31911f1\" data-element_type=\"container\" data-settings=\"{&quot;background_background&quot;:&quot;classic&quot;}\">\n\t\t\t\t<div class=\"elementor-element elementor-element-022e6a6 elementor-widget elementor-widget-image\" data-id=\"022e6a6\" data-element_type=\"widget\" data-widget_type=\"image.default\">\n\t\t\t\t<div class=\"elementor-widget-container\">\n\t\t\t\t\t\t\t\t\t\t\t\t\t\t\t<img decoding=\"async\" width=\"800\" height=\"856\" src=\"https:\/\/www.omni-biotic.com\/sk-sk\/wp-content\/uploads\/sites\/9\/2024\/04\/ressourcenverbrauch.svg\" class=\"attachment-large size-large wp-image-23091\" alt=\"\" title=\"\">\t\t\t\t\t\t\t\t\t\t\t\t\t\t\t<\/div>\n\t\t\t\t<\/div>\n\t\t\t\t<div class=\"elementor-element elementor-element-b21f050 elementor-widget elementor-widget-heading\" data-id=\"b21f050\" data-element_type=\"widget\" data-widget_type=\"heading.default\">\n\t\t\t\t<div class=\"elementor-widget-container\">\n\t\t\t\t\t<div class=\"elementor-heading-title elementor-size-default\">Spotreba zdrojov pod drobnoh\u013eadom\n\n<\/div>\t\t\t\t<\/div>\n\t\t\t\t<\/div>\n\t\t\t\t<\/div>\n\t\t\t\t\t<\/div>\n\t\t\t\t<\/div>\n\t\t<div class=\"elementor-element elementor-element-40c9639 obcs green e-flex e-con-boxed e-con e-parent\" data-id=\"40c9639\" data-element_type=\"container\">\n\t\t\t\t\t<div class=\"e-con-inner\">\n\t\t<div class=\"elementor-element elementor-element-014a1af e-con-full obcs none e-flex e-con e-child\" data-id=\"014a1af\" data-element_type=\"container\">\n\t\t<div class=\"elementor-element elementor-element-91e095a obcs none e-flex e-con-boxed e-con e-child\" data-id=\"91e095a\" data-element_type=\"container\">\n\t\t\t\t\t<div class=\"e-con-inner\">\n\t\t<div class=\"elementor-element elementor-element-027c8f2 obcs none e-flex e-con-boxed e-con e-child\" data-id=\"027c8f2\" data-element_type=\"container\">\n\t\t\t\t\t<div class=\"e-con-inner\">\n\t\t<div class=\"elementor-element elementor-element-bb3c145 e-con-full obcs none e-flex e-con e-child\" data-id=\"bb3c145\" data-element_type=\"container\">\n\t\t\t\t<div class=\"elementor-element elementor-element-c34af4f e-transform elementor-widget elementor-widget-image\" data-id=\"c34af4f\" data-element_type=\"widget\" data-settings=\"{&quot;_transform_rotateZ_effect&quot;:{&quot;unit&quot;:&quot;px&quot;,&quot;size&quot;:&quot;0&quot;,&quot;sizes&quot;:[]},&quot;_transform_rotate_3d&quot;:&quot;yes&quot;,&quot;_transform_rotateX_effect&quot;:{&quot;unit&quot;:&quot;px&quot;,&quot;size&quot;:&quot;0&quot;,&quot;sizes&quot;:[]},&quot;_transform_rotateY_effect&quot;:{&quot;unit&quot;:&quot;px&quot;,&quot;size&quot;:&quot;4&quot;,&quot;sizes&quot;:[]},&quot;_transform_perspective_effect&quot;:{&quot;unit&quot;:&quot;px&quot;,&quot;size&quot;:&quot;650&quot;,&quot;sizes&quot;:[]},&quot;_transform_rotateZ_effect_tablet&quot;:{&quot;unit&quot;:&quot;deg&quot;,&quot;size&quot;:&quot;&quot;,&quot;sizes&quot;:[]},&quot;_transform_rotateZ_effect_mobile&quot;:{&quot;unit&quot;:&quot;deg&quot;,&quot;size&quot;:&quot;&quot;,&quot;sizes&quot;:[]},&quot;_transform_rotateX_effect_tablet&quot;:{&quot;unit&quot;:&quot;deg&quot;,&quot;size&quot;:&quot;&quot;,&quot;sizes&quot;:[]},&quot;_transform_rotateX_effect_mobile&quot;:{&quot;unit&quot;:&quot;deg&quot;,&quot;size&quot;:&quot;&quot;,&quot;sizes&quot;:[]},&quot;_transform_rotateY_effect_tablet&quot;:{&quot;unit&quot;:&quot;deg&quot;,&quot;size&quot;:&quot;&quot;,&quot;sizes&quot;:[]},&quot;_transform_rotateY_effect_mobile&quot;:{&quot;unit&quot;:&quot;deg&quot;,&quot;size&quot;:&quot;&quot;,&quot;sizes&quot;:[]},&quot;_transform_perspective_effect_tablet&quot;:{&quot;unit&quot;:&quot;px&quot;,&quot;size&quot;:&quot;&quot;,&quot;sizes&quot;:[]},&quot;_transform_perspective_effect_mobile&quot;:{&quot;unit&quot;:&quot;px&quot;,&quot;size&quot;:&quot;&quot;,&quot;sizes&quot;:[]}}\" data-widget_type=\"image.default\">\n\t\t\t\t<div class=\"elementor-widget-container\">\n\t\t\t\t\t\t\t\t\t\t\t\t\t\t\t<img loading=\"lazy\" decoding=\"async\" width=\"800\" height=\"800\" src=\"https:\/\/www.omni-biotic.com\/sk-sk\/wp-content\/uploads\/sites\/9\/2024\/04\/wirtschaftliche-nachhaltigkeit.jpg\" class=\"attachment-large size-large wp-image-23022\" alt=\"\" srcset=\"https:\/\/www.omni-biotic.com\/sk-sk\/wp-content\/uploads\/sites\/9\/2024\/04\/wirtschaftliche-nachhaltigkeit.jpg 1024w, https:\/\/www.omni-biotic.com\/sk-sk\/wp-content\/uploads\/sites\/9\/2024\/04\/wirtschaftliche-nachhaltigkeit-300x300.jpg 300w, https:\/\/www.omni-biotic.com\/sk-sk\/wp-content\/uploads\/sites\/9\/2024\/04\/wirtschaftliche-nachhaltigkeit-150x150.jpg 150w, https:\/\/www.omni-biotic.com\/sk-sk\/wp-content\/uploads\/sites\/9\/2024\/04\/wirtschaftliche-nachhaltigkeit-768x768.jpg 768w\" sizes=\"(max-width: 800px) 100vw, 800px\" title=\"\">\t\t\t\t\t\t\t\t\t\t\t\t\t\t\t<\/div>\n\t\t\t\t<\/div>\n\t\t\t\t<\/div>\n\t\t<div class=\"elementor-element elementor-element-b7271d9 e-con-full obcs none e-flex e-con e-child\" data-id=\"b7271d9\" data-element_type=\"container\">\n\t\t\t\t<div class=\"elementor-element elementor-element-38b0de9 elementor-widget elementor-widget-heading\" data-id=\"38b0de9\" data-element_type=\"widget\" data-widget_type=\"heading.default\">\n\t\t\t\t<div class=\"elementor-widget-container\">\n\t\t\t\t\t<h2 class=\"elementor-heading-title elementor-size-default\">Ekonomick\u00e1 udr\u017eate\u013enos\u0165\n<\/h2>\t\t\t\t<\/div>\n\t\t\t\t<\/div>\n\t\t\t\t<div class=\"elementor-element elementor-element-35bd237 elementor-widget elementor-widget-text-editor\" data-id=\"35bd237\" data-element_type=\"widget\" data-widget_type=\"text-editor.default\">\n\t\t\t\t<div class=\"elementor-widget-container\">\n\t\t\t\t\t\t\t\t\t<p class=\"sustain-eco\"><a href=\"https:\/\/www.omni-biotic.com\/sk-sk\/blog\/za-30-rokov-k-celosvetovej-znacke-probiotik\/\"><strong>In\u0161tit\u00fat AllergoSan<\/strong> <\/a>sa usiluje o \u010do<strong> najudr\u017eate\u013enej\u0161ie ekonomick\u00e9 fungovanie<\/strong> a z\u00e1rove\u0148 vytv\u00e1ra bezpe\u010dn\u00e9 a atrakt\u00edvne <strong>pracovn\u00e9 miesta<\/strong> pre svojich zamestnancov. Vysok\u00e9 <strong>\u0161tandardy kvality<\/strong> v spojen\u00ed s renomovanou <strong>v\u00fdskumnou pr\u00e1cou<\/strong> zabezpe\u010duj\u00fa n\u00e1\u0161 obchodn\u00fd model z dlhodob\u00e9ho h\u013eadiska a naprie\u010d gener\u00e1ciami. Prostredn\u00edctvom na\u0161ej <strong>vedeckej pr\u00e1ce<\/strong> nielen\u017ee zohr\u00e1vame rozhoduj\u00facu \u00falohu pri formovan\u00ed <strong>medic\u00edny 21. storo\u010dia<\/strong>, ale z\u00edskavame aj vysok\u00fa d\u00f4veru v <a href=\"https:\/\/www.omni-biotic.com\/sk-sk\/produkty\/\"><strong>na\u0161e produkty<\/strong><\/a> od na\u0161ich z\u00e1kazn\u00edkov, ako aj od lek\u00e1rov a lek\u00e1rnikov: Nie nadarmo je <strong>in\u0161tit\u00fat AllergoSan<\/strong> pova\u017eovan\u00fd za celosvetovo <strong>uzn\u00e1van\u00e9 centrum \u0161pi\u010dkov\u00e9ho v\u00fdskumu<\/strong> <strong>mikrobi\u00f3mu<\/strong> a <a href=\"https:\/\/www.omni-biotic.com\/sk-sk\/produkty\/omni-biotic\/\"><strong>OMNi-BiOTiC\u00ae<\/strong><\/a> je u\u017e<strong> tre\u0165ou najv\u00e4\u010d\u0161ou zna\u010dkou <a href=\"https:\/\/www.omni-biotic.com\/sk-sk\/crevne-zdravie\/centrum-zdravia-crevo\/probiotika\/\">probiot\u00edk<\/a><\/strong> na svete. Neust\u00e1le spolupracujeme s medzin\u00e1rodn\u00fdmi odborn\u00edkmi a <strong>renomovan\u00fdmi v\u00fdskumn\u00fdmi in\u0161tit\u00faciami<\/strong> na celom svete, ako s\u00fa Charit\u00e9 Berl\u00edn, Univerzitn\u00e1 nemocnica v Z\u00fcrichu, UKE Hamburg, Univerzitn\u00e1 nemocnica v Rij\u00e1de a Kalifornsk\u00e1 univerzita v San Diegu.<\/p>\t\t\t\t\t\t\t\t<\/div>\n\t\t\t\t<\/div>\n\t\t\t\t<\/div>\n\t\t\t\t\t<\/div>\n\t\t\t\t<\/div>\n\t\t\t\t\t<\/div>\n\t\t\t\t<\/div>\n\t\t\t\t<\/div>\n\t\t\t\t\t<\/div>\n\t\t\t\t<\/div>\n\t\t<div class=\"elementor-element elementor-element-1ea7488 obcs none e-flex e-con-boxed e-con e-parent\" data-id=\"1ea7488\" data-element_type=\"container\">\n\t\t\t\t\t<div class=\"e-con-inner\">\n\t\t\t\t<div class=\"elementor-element elementor-element-cbe00bc elementor-widget elementor-widget-infobox\" data-id=\"cbe00bc\" data-element_type=\"widget\" data-widget_type=\"infobox.default\">\n\t\t\t\t<div class=\"elementor-widget-container\">\n\t\t\t\t\t\n<div class=\"li-widgets--infobox blue\">\n\n    <div class=\"li-widgets--infobox__icon\">\n        <i aria-hidden=\"true\" class=\"fas fa-hand-holding-heart\"><\/i>    <\/div>\n    <div class=\"li-widgets--infobox__text\">\n            <\/div>\n    <div class=\"li-widgets--infobox__text-body\">\n        <p>\u00a0<\/p><div id=\"shopify-section-template--20743281115485__main\" class=\"shopify-section\"><div class=\"page\"><div class=\"container mt-30\"><div class=\"rte mb-50 mb-lg-60\"><p>Ke\u010f\u017ee <strong>u\u017e dnes mysl\u00edme na zajtraj\u0161ok<\/strong>, stanovili sme si cie\u013e zabezpe\u010di\u0165, aby na\u0161a <strong>spotreba energie<\/strong> a zdrojov ner\u00e1stla rovnak\u00fdm tempom ako samotn\u00e1 spolo\u010dnos\u0165 - preto<strong> vytv\u00e1rame uhl\u00edkov\u00fa stopu<\/strong> pre na\u0161e obchodn\u00e9 aktivity, ktor\u00e1 zah\u0155\u0148a <strong>transparentn\u00e9 riadenie zdrojov<\/strong>. To n\u00e1m z\u00e1rove\u0148 umo\u017e\u0148uje podrobne sa pozrie\u0165 na to, ktor\u00fdm oblastiam mus\u00edme venova\u0165 viac pozornosti.<\/p><\/div><\/div><\/div><\/div><p>\u00a0<\/p><div id=\"shopify-section-footer\" class=\"shopify-section\"><footer id=\"footer\" class=\"footer\"><div class=\"footer__content\"><div class=\"footer__top\"><div class=\"footer__logo\"><div class=\"footer__logo m-auto ml-lg-0 mr-lg-15\"><div class=\"logo h6 w-100 m-0 text-hide\">\u00a0<\/div><\/div><\/div><div class=\"footer__support\">\u00a0<\/div><\/div><\/div><\/footer><\/div>    <\/div>\n\n    \n<\/div>\n\t\t\t\t<\/div>\n\t\t\t\t<\/div>\n\t\t\t\t\t<\/div>\n\t\t\t\t<\/div>\n\t\t\t\t<\/div>\n\t\t","protected":false},"excerpt":{"rendered":"<p>Ekonomick\u00e1 udr\u017eate\u013enos\u0165 Home Vysok\u00e9 \u0161tandardy kvality Spolupr\u00e1ca s renomovan\u00fdmi in\u0161tit\u00faciami Spotreba zdrojov pod drobnoh\u013eadom Ekonomick\u00e1 udr\u017eate\u013enos\u0165 In\u0161tit\u00fat AllergoSan sa usiluje o \u010do najudr\u017eate\u013enej\u0161ie ekonomick\u00e9 fungovanie a z\u00e1rove\u0148 vytv\u00e1ra bezpe\u010dn\u00e9 a atrakt\u00edvne pracovn\u00e9 miesta pre svojich zamestnancov. Vysok\u00e9 \u0161tandardy kvality v spojen\u00ed s renomovanou v\u00fdskumnou pr\u00e1cou zabezpe\u010duj\u00fa n\u00e1\u0161 obchodn\u00fd model z dlhodob\u00e9ho h\u013eadiska a naprie\u010d gener\u00e1ciami. [&hellip;]<\/p>\n","protected":false},"author":8,"featured_media":0,"parent":23018,"menu_order":0,"comment_status":"closed","ping_status":"closed","template":"","meta":{"_acf_changed":false,"inline_featured_image":false,"footnotes":""},"class_list":["post-23050","page","type-page","status-publish","hentry"],"acf":[],"_links":{"self":[{"href":"https:\/\/www.omni-biotic.com\/sk-sk\/wp-json\/wp\/v2\/pages\/23050","targetHints":{"allow":["GET"]}}],"collection":[{"href":"https:\/\/www.omni-biotic.com\/sk-sk\/wp-json\/wp\/v2\/pages"}],"about":[{"href":"https:\/\/www.omni-biotic.com\/sk-sk\/wp-json\/wp\/v2\/types\/page"}],"author":[{"embeddable":true,"href":"https:\/\/www.omni-biotic.com\/sk-sk\/wp-json\/wp\/v2\/users\/8"}],"replies":[{"embeddable":true,"href":"https:\/\/www.omni-biotic.com\/sk-sk\/wp-json\/wp\/v2\/comments?post=23050"}],"version-history":[{"count":8,"href":"https:\/\/www.omni-biotic.com\/sk-sk\/wp-json\/wp\/v2\/pages\/23050\/revisions"}],"predecessor-version":[{"id":23193,"href":"https:\/\/www.omni-biotic.com\/sk-sk\/wp-json\/wp\/v2\/pages\/23050\/revisions\/23193"}],"up":[{"embeddable":true,"href":"https:\/\/www.omni-biotic.com\/sk-sk\/wp-json\/wp\/v2\/pages\/23018"}],"wp:attachment":[{"href":"https:\/\/www.omni-biotic.com\/sk-sk\/wp-json\/wp\/v2\/media?parent=23050"}],"curies":[{"name":"wp","href":"https:\/\/api.w.org\/{rel}","templated":true}]}}