{"id":24771,"date":"2024-09-03T10:18:37","date_gmt":"2024-09-03T08:18:37","guid":{"rendered":"https:\/\/www.omni-biotic.com\/sk-sk\/?page_id=24771"},"modified":"2024-10-22T13:36:53","modified_gmt":"2024-10-22T11:36:53","slug":"vaginalne-zdravie-zeny","status":"publish","type":"page","link":"https:\/\/www.omni-biotic.com\/sk-sk\/crevne-zdravie\/oblasti-vplyvu-criev\/vaginalna-flora\/vaginalne-zdravie-zeny\/","title":{"rendered":"Vagin\u00e1lne zdravie \u017eeny"},"content":{"rendered":"\t\t<div data-elementor-type=\"wp-page\" data-elementor-id=\"24771\" class=\"elementor elementor-24771\" data-elementor-post-type=\"page\">\n\t\t\t\t<div class=\"elementor-element elementor-element-934e2d9 obcs none e-flex e-con-boxed e-con e-parent\" data-id=\"934e2d9\" data-element_type=\"container\" data-settings=\"{&quot;background_background&quot;:&quot;classic&quot;,&quot;shape_divider_bottom&quot;:&quot;curve-asymmetrical&quot;,&quot;shape_divider_bottom_negative&quot;:&quot;yes&quot;}\">\n\t\t\t\t\t<div class=\"e-con-inner\">\n\t\t\t\t<div class=\"elementor-shape elementor-shape-bottom\" aria-hidden=\"true\" data-negative=\"true\">\n\t\t\t<svg xmlns=\"http:\/\/www.w3.org\/2000\/svg\" viewBox=\"0 0 1000 100\" preserveAspectRatio=\"none\">\n\t<path class=\"elementor-shape-fill\" d=\"M615.2,96.7C240.2,97.8,0,18.9,0,0v100h1000V0C1000,19.2,989.8,96,615.2,96.7z\"\/>\n<\/svg>\t\t<\/div>\n\t\t<div class=\"elementor-element elementor-element-84bdb6c e-con-full obcs none e-flex e-con e-child\" data-id=\"84bdb6c\" data-element_type=\"container\" data-settings=\"{&quot;background_background&quot;:&quot;classic&quot;}\">\n\t\t<div class=\"elementor-element elementor-element-f5fff3c obcs none e-flex e-con-boxed e-con e-child\" data-id=\"f5fff3c\" data-element_type=\"container\">\n\t\t\t\t\t<div class=\"e-con-inner\">\n\t\t\t\t<div class=\"elementor-element elementor-element-81c363e elementor-widget elementor-widget-heading\" data-id=\"81c363e\" data-element_type=\"widget\" data-widget_type=\"heading.default\">\n\t\t\t\t<div class=\"elementor-widget-container\">\n\t\t\t\t\t<h1 class=\"elementor-heading-title elementor-size-default\"> E-kniha vagin\u00e1lne zdravie a mikrobi\u00f3m \u017eeny<\/h1>\t\t\t\t<\/div>\n\t\t\t\t<\/div>\n\t\t\t\t\t<\/div>\n\t\t\t\t<\/div>\n\t\t\t\t<div class=\"elementor-element elementor-element-bb8efd9 elementor-widget-divider--view-line elementor-widget elementor-widget-divider\" data-id=\"bb8efd9\" data-element_type=\"widget\" data-widget_type=\"divider.default\">\n\t\t\t\t<div class=\"elementor-widget-container\">\n\t\t\t\t\t\t\t<div class=\"elementor-divider\">\n\t\t\t<span class=\"elementor-divider-separator\">\n\t\t\t\t\t\t<\/span>\n\t\t<\/div>\n\t\t\t\t\t\t<\/div>\n\t\t\t\t<\/div>\n\t\t\t\t<div class=\"elementor-element elementor-element-687748a elementor-widget elementor-widget-text-editor\" data-id=\"687748a\" data-element_type=\"widget\" data-widget_type=\"text-editor.default\">\n\t\t\t\t<div class=\"elementor-widget-container\">\n\t\t\t\t\t\t\t\t\t<p><b>Svrbenie v po\u0161ve? Kvasinky? Myk\u00f3za? Z\u00e1pal mo\u010dov\u00fdch ciest?\u00a0<\/b>Takmer ka\u017ed\u00e1 \u017eena sa aspo\u0148 raz za \u017eivot stretne s int\u00edmnymi probl\u00e9mami. Niektor\u00e9 \u017eeny s t\u00fdm opakovane bojuj\u00fa a netu\u0161ia, ak\u00e1 je pr\u00ed\u010dina a ako sa toho m\u00f4\u017eu prirodzene zbavi\u0165. Zistite viac v na\u0161ej E-knihe.<\/p>\t\t\t\t\t\t\t\t<\/div>\n\t\t\t\t<\/div>\n\t\t\t\t<\/div>\n\t\t\t\t\t<\/div>\n\t\t\t\t<\/div>\n\t\t<div class=\"elementor-element elementor-element-588b692 obcs magenta e-flex e-con-boxed e-con e-parent\" data-id=\"588b692\" data-element_type=\"container\">\n\t\t\t\t\t<div class=\"e-con-inner\">\n\t\t<div class=\"elementor-element elementor-element-103cdfd e-con-full obcs none e-flex e-con e-child\" data-id=\"103cdfd\" data-element_type=\"container\">\n\t\t\t\t<div class=\"elementor-element elementor-element-929e2db elementor-widget elementor-widget-heading\" data-id=\"929e2db\" data-element_type=\"widget\" data-widget_type=\"heading.default\">\n\t\t\t\t<div class=\"elementor-widget-container\">\n\t\t\t\t\t<h2 class=\"elementor-heading-title elementor-size-default\">Vy\u017eiadajte si teraz t\u00fato online knihu zdarma!<\/h2>\t\t\t\t<\/div>\n\t\t\t\t<\/div>\n\t\t\t\t<div class=\"elementor-element elementor-element-663c99c elementor-widget elementor-widget-text-editor\" data-id=\"663c99c\" data-element_type=\"widget\" data-widget_type=\"text-editor.default\">\n\t\t\t\t<div class=\"elementor-widget-container\">\n\t\t\t\t\t\t\t\t\t<p><span style=\"color: var( --e-global-color-text );font-family: var( --e-global-typography-text-font-family ), -apple-system,BlinkMacSystemFont,Segoe UI,Roboto,Helvetica Neue,Arial,Noto Sans,sans-serif;font-size: var( --e-global-typography-text-font-size );font-style: var( --e-global-typography-text-font-style );font-weight: var( --e-global-typography-text-font-weight );letter-spacing: var( --e-global-typography-text-letter-spacing );text-transform: var( --e-global-typography-text-text-transform );background-color: inherit\">Vedeli ste, \u017ee ka\u017ed\u00e1 <\/span><span style=\"color: var( --e-global-color-text );font-family: var( --e-global-typography-text-font-family ), -apple-system,BlinkMacSystemFont,Segoe UI,Roboto,Helvetica Neue,Arial,Noto Sans,sans-serif;font-size: var( --e-global-typography-text-font-size );font-style: var( --e-global-typography-text-font-style );letter-spacing: var( --e-global-typography-text-letter-spacing );text-transform: var( --e-global-typography-text-text-transform );background-color: inherit\"><b>z\u00e1pcha<\/b><\/span><span style=\"color: var( --e-global-color-text );font-family: var( --e-global-typography-text-font-family ), -apple-system,BlinkMacSystemFont,Segoe UI,Roboto,Helvetica Neue,Arial,Noto Sans,sans-serif;font-size: var( --e-global-typography-text-font-size );font-style: var( --e-global-typography-text-font-style );font-weight: var( --e-global-typography-text-font-weight );letter-spacing: var( --e-global-typography-text-letter-spacing );text-transform: var( --e-global-typography-text-text-transform );background-color: inherit\">, <\/span><span style=\"color: var( --e-global-color-text );font-family: var( --e-global-typography-text-font-family ), -apple-system,BlinkMacSystemFont,Segoe UI,Roboto,Helvetica Neue,Arial,Noto Sans,sans-serif;font-size: var( --e-global-typography-text-font-size );font-style: var( --e-global-typography-text-font-style );letter-spacing: var( --e-global-typography-text-letter-spacing );text-transform: var( --e-global-typography-text-text-transform );background-color: inherit\"><b>hna\u010dka<\/b><\/span><span style=\"color: var( --e-global-color-text );font-family: var( --e-global-typography-text-font-family ), -apple-system,BlinkMacSystemFont,Segoe UI,Roboto,Helvetica Neue,Arial,Noto Sans,sans-serif;font-size: var( --e-global-typography-text-font-size );font-style: var( --e-global-typography-text-font-style );font-weight: var( --e-global-typography-text-font-weight );letter-spacing: var( --e-global-typography-text-letter-spacing );text-transform: var( --e-global-typography-text-text-transform );background-color: inherit\">, \u010di dokonca <\/span><span style=\"color: var( --e-global-color-text );font-family: var( --e-global-typography-text-font-family ), -apple-system,BlinkMacSystemFont,Segoe UI,Roboto,Helvetica Neue,Arial,Noto Sans,sans-serif;font-size: var( --e-global-typography-text-font-size );font-style: var( --e-global-typography-text-font-style );letter-spacing: var( --e-global-typography-text-letter-spacing );text-transform: var( --e-global-typography-text-text-transform );background-color: inherit\"><b>stres <\/b><\/span><span style=\"color: var( --e-global-color-text );font-family: var( --e-global-typography-text-font-family ), -apple-system,BlinkMacSystemFont,Segoe UI,Roboto,Helvetica Neue,Arial,Noto Sans,sans-serif;font-size: var( --e-global-typography-text-font-size );font-style: var( --e-global-typography-text-font-style );font-weight: var( --e-global-typography-text-font-weight );letter-spacing: var( --e-global-typography-text-letter-spacing );text-transform: var( --e-global-typography-text-text-transform );background-color: inherit\">m\u00f4\u017eu <\/span><span style=\"color: var( --e-global-color-text );font-family: var( --e-global-typography-text-font-family ), -apple-system,BlinkMacSystemFont,Segoe UI,Roboto,Helvetica Neue,Arial,Noto Sans,sans-serif;font-size: var( --e-global-typography-text-font-size );font-style: var( --e-global-typography-text-font-style );letter-spacing: var( --e-global-typography-text-letter-spacing );text-transform: var( --e-global-typography-text-text-transform );background-color: inherit\"><b>ovplyvni\u0165 <\/b>aj <b>int\u00edmne zdravie<\/b><\/span><span style=\"color: var( --e-global-color-text );font-family: var( --e-global-typography-text-font-family ), -apple-system,BlinkMacSystemFont,Segoe UI,Roboto,Helvetica Neue,Arial,Noto Sans,sans-serif;font-size: var( --e-global-typography-text-font-size );font-style: var( --e-global-typography-text-font-style );font-weight: var( --e-global-typography-text-font-weight );letter-spacing: var( --e-global-typography-text-letter-spacing );text-transform: var( --e-global-typography-text-text-transform );background-color: inherit\">? \u010crevn\u00fd a <\/span><span style=\"color: var( --e-global-color-text );font-family: var( --e-global-typography-text-font-family ), -apple-system,BlinkMacSystemFont,Segoe UI,Roboto,Helvetica Neue,Arial,Noto Sans,sans-serif;font-size: var( --e-global-typography-text-font-size );font-style: var( --e-global-typography-text-font-style );letter-spacing: var( --e-global-typography-text-letter-spacing );text-transform: var( --e-global-typography-text-text-transform );background-color: inherit\"><b>vagin\u00e1ny mikrobi\u00f3m<\/b><\/span><span style=\"color: var( --e-global-color-text );font-family: var( --e-global-typography-text-font-family ), -apple-system,BlinkMacSystemFont,Segoe UI,Roboto,Helvetica Neue,Arial,Noto Sans,sans-serif;font-size: var( --e-global-typography-text-font-size );font-style: var( --e-global-typography-text-font-style );font-weight: var( --e-global-typography-text-font-weight );letter-spacing: var( --e-global-typography-text-letter-spacing );text-transform: var( --e-global-typography-text-text-transform );background-color: inherit\"> spolupracuj\u00fa a <\/span><span style=\"color: var( --e-global-color-text );font-family: var( --e-global-typography-text-font-family ), -apple-system,BlinkMacSystemFont,Segoe UI,Roboto,Helvetica Neue,Arial,Noto Sans,sans-serif;font-size: var( --e-global-typography-text-font-size );font-style: var( --e-global-typography-text-font-style );letter-spacing: var( --e-global-typography-text-letter-spacing );text-transform: var( --e-global-typography-text-text-transform );background-color: inherit\"><b>ovplyv\u0148uj\u00fa cel\u00fd organizmus<\/b><\/span><span style=\"color: var( --e-global-color-text );font-family: var( --e-global-typography-text-font-family ), -apple-system,BlinkMacSystemFont,Segoe UI,Roboto,Helvetica Neue,Arial,Noto Sans,sans-serif;font-size: var( --e-global-typography-text-font-size );font-style: var( --e-global-typography-text-font-style );font-weight: var( --e-global-typography-text-font-weight );letter-spacing: var( --e-global-typography-text-letter-spacing );text-transform: var( --e-global-typography-text-text-transform );background-color: inherit\">.<\/span><\/p><p>Viac inform\u00e1ci\u00ed o tejto <b>d\u00f4le\u017eitej s\u00favislosti<\/b>, ako aj <b>podrobn\u00e9 inform\u00e1cie<\/b> o bakteri\u00e1lnej vagin\u00f3ze, svrben\u00ed v po\u0161ve, vagin\u00e1lnych kvasinkov\u00fdch infekci\u00e1ch po antibiotik\u00e1ch a po sexe, o vagin\u00e1lnej suchosti, o menopauze a mnoh\u00e9 \u010fal\u0161ie inform\u00e1cie o <b>\u017eenskom vagi\u00e1lnom zdrav\u00ed<\/b> sa dozviete tu. V\u0161etky <b>rady <\/b>po kope od odborn\u00ed\u010dky <strong>Prof<\/strong><b>. Anity Frauwallner<\/b>:<\/p>\t\t\t\t\t\t\t\t<\/div>\n\t\t\t\t<\/div>\n\t\t\t\t<div class=\"elementor-element elementor-element-234405a elementor-button-align-start elementor-widget elementor-widget-form\" data-id=\"234405a\" data-element_type=\"widget\" data-settings=\"{&quot;step_next_label&quot;:&quot;N\\u00e4chster&quot;,&quot;step_previous_label&quot;:&quot;Voriger&quot;,&quot;button_width&quot;:&quot;100&quot;,&quot;step_type&quot;:&quot;number_text&quot;,&quot;step_icon_shape&quot;:&quot;circle&quot;}\" data-widget_type=\"form.default\">\n\t\t\t\t<div class=\"elementor-widget-container\">\n\t\t\t\t\t\t\t<form class=\"elementor-form\" method=\"post\" id=\"ob_gutschein_fjk_AT\" name=\"Frauenratgeber SK 2024\" aria-label=\"Frauenratgeber SK 2024\" novalidate=\"\">\n\t\t\t<input type=\"hidden\" name=\"post_id\" value=\"24771\"\/>\n\t\t\t<input type=\"hidden\" name=\"form_id\" value=\"234405a\"\/>\n\t\t\t<input type=\"hidden\" name=\"referer_title\" value=\"\" \/>\n\n\t\t\t\n\t\t\t<div class=\"elementor-form-fields-wrapper elementor-labels-\">\n\t\t\t\t\t\t\t\t<div class=\"elementor-field-type-text elementor-field-group elementor-column elementor-field-group-field_a427082 elementor-col-33 elementor-field-required\">\n\t\t\t\t\t\t\t\t\t\t\t\t<label for=\"form-field-field_a427082\" class=\"elementor-field-label elementor-screen-only\">\n\t\t\t\t\t\t\t\tMeno\t\t\t\t\t\t\t<\/label>\n\t\t\t\t\t\t\t\t\t\t\t\t\t\t<input size=\"1\" type=\"text\" name=\"form_fields[field_a427082]\" id=\"form-field-field_a427082\" class=\"elementor-field elementor-size-sm  elementor-field-textual\" placeholder=\"Meno*\" required=\"required\">\n\t\t\t\t\t\t\t\t\t\t\t<\/div>\n\t\t\t\t\t\t\t\t<div class=\"elementor-field-type-text elementor-field-group elementor-column elementor-field-group-field_0e437eb elementor-col-33 elementor-field-required\">\n\t\t\t\t\t\t\t\t\t\t\t\t<label for=\"form-field-field_0e437eb\" class=\"elementor-field-label elementor-screen-only\">\n\t\t\t\t\t\t\t\tPriezvisko\t\t\t\t\t\t\t<\/label>\n\t\t\t\t\t\t\t\t\t\t\t\t\t\t<input size=\"1\" type=\"text\" name=\"form_fields[field_0e437eb]\" id=\"form-field-field_0e437eb\" class=\"elementor-field elementor-size-sm  elementor-field-textual\" placeholder=\"Priezvisko*\" required=\"required\">\n\t\t\t\t\t\t\t\t\t\t\t<\/div>\n\t\t\t\t\t\t\t\t<div class=\"elementor-field-type-email elementor-field-group elementor-column elementor-field-group-email elementor-col-50 elementor-field-required\">\n\t\t\t\t\t\t\t\t\t\t\t\t<label for=\"form-field-email\" class=\"elementor-field-label elementor-screen-only\">\n\t\t\t\t\t\t\t\tE-mailov\u00e1 adresa\t\t\t\t\t\t\t<\/label>\n\t\t\t\t\t\t\t\t\t\t\t\t\t\t<input size=\"1\" type=\"email\" name=\"form_fields[email]\" id=\"form-field-email\" class=\"elementor-field elementor-size-sm  elementor-field-textual\" placeholder=\"E-mailov\u00e1 adresa*\" required=\"required\">\n\t\t\t\t\t\t\t\t\t\t\t<\/div>\n\t\t\t\t\t\t\t\t<div class=\"elementor-field-type-acceptance elementor-field-group elementor-column elementor-field-group-consent_1 elementor-col-100 elementor-field-required\">\n\t\t\t\t\t\t\t\t\t\t\t\t<label for=\"form-field-consent_1\" class=\"elementor-field-label elementor-screen-only\">\n\t\t\t\t\t\t\t\tEinwillgungserkl\u00e4rung Pflicht\t\t\t\t\t\t\t<\/label>\n\t\t\t\t\t\t\t\t<div class=\"elementor-field-subgroup\">\n\t\t\t<span class=\"elementor-field-option\">\n\t\t\t\t<input type=\"checkbox\" name=\"form_fields[consent_1]\" id=\"form-field-consent_1\" class=\"elementor-field elementor-size-sm  elementor-acceptance-field\" required=\"required\">\n\t\t\t\t<label for=\"form-field-consent_1\">V\u00fdslovne s\u00fahlas\u00edm s t\u00fdm, aby nasleduj\u00face spolo\u010dnosti sprac\u00favali osobn\u00e9 \u00fadaje zhroma\u017eden\u00e9 o mne a mojej spolo\u010dnosti a uveden\u00e9 (osobn\u00e9) z\u00e1ujmy (\u010falej len \u201e\u00fadaje\u201c) na \u00fa\u010dely vedeck\u00fdch inform\u00e1ci\u00ed, inform\u00e1ci\u00ed o podujatiach a produktoch a na marketingov\u00e9 \u00fa\u010dely: 1. Institut AllergoSan Deutschland (privat) GmbH; 2. Institut AllergoSan Pharmazeutische Produkte, Forschungs- und Vertriebs GmbH; 3. spolo\u010dnosti skupiny alebo dc\u00e9rske spolo\u010dnosti pridru\u017een\u00e9 k uveden\u00fdm spolo\u010dnostiam, ako aj tie lek\u00e1rske spolo\u010dnosti a zdru\u017eenia, ktor\u00e9 s\u00fa pod doh\u013eadom alebo podporou jednej zo spolo\u010dnost\u00ed alebo dc\u00e9rskych spolo\u010dnost\u00ed uveden\u00fdch v bodoch 1 a\u017e 3. Pre\u010d\u00edtal(a) som si <a href=\"https:\/\/shop.omni-biotic.com\/sk-sk\/policies\/privacy-policy\" target=\"blank\">tu<\/a> prilo\u017een\u00e9 z\u00e1sady ochrany osobn\u00fdch \u00fadajov a s\u00fahlas\u00edm s nimi.<\/label>\t\t\t<\/span>\n\t\t<\/div>\n\t\t\t\t\t\t<\/div>\n\t\t\t\t\t\t\t\t<div class=\"elementor-field-type-acceptance elementor-field-group elementor-column elementor-field-group-consent_2 elementor-col-100 elementor-field-required\">\n\t\t\t\t\t\t\t\t\t\t\t\t<label for=\"form-field-consent_2\" class=\"elementor-field-label elementor-screen-only\">\n\t\t\t\t\t\t\t\tNewsletter Erhalt Einwilligung\t\t\t\t\t\t\t<\/label>\n\t\t\t\t\t\t\t\t<div class=\"elementor-field-subgroup\">\n\t\t\t<span class=\"elementor-field-option\">\n\t\t\t\t<input type=\"checkbox\" name=\"form_fields[consent_2]\" id=\"form-field-consent_2\" class=\"elementor-field elementor-size-sm  elementor-acceptance-field\" required=\"required\">\n\t\t\t\t<label for=\"form-field-consent_2\">V\u00fdslovne s\u00fahlas\u00edm s t\u00fdm, \u017ee spolo\u010dnosti uveden\u00e9 vy\u0161\u0161ie v bodoch 1 a\u017e 3 ma m\u00f4\u017eu kontaktova\u0165 e-mailom, faxom alebo in\u00fdmi obvykl\u00fdmi komunika\u010dn\u00fdmi prostriedkami na \u00fa\u010dely vedeck\u00fdch inform\u00e1ci\u00ed, inform\u00e1ci\u00ed o podujatiach a v\u00fdrobkoch a na marketingov\u00e9 \u00fa\u010dely a m\u00f4\u017eu mi zasiela\u0165 vzorky produktov a ponuky.<\/label>\t\t\t<\/span>\n\t\t<\/div>\n\t\t\t\t\t\t<\/div>\n\t\t\t\t\t\t\t\t<div class=\"elementor-field-type-frcaptcha elementor-field-group elementor-column elementor-field-group-field_407c3f7 elementor-col-30\">\n\t\t\t\t\t\t\t\t\t\t\t\t<label for=\"form-field-field_407c3f7\" class=\"elementor-field-label elementor-screen-only\">\n\t\t\t\t\t\t\t\tfriendlyCAPTCHA\t\t\t\t\t\t\t<\/label>\n\t\t\t\t\t\t<div class=\"frc-captcha \" data-sitekey=\"FCMOS3MHCRNSBOJ7\" data-lang=\"sk\" data-puzzle-endpoint=\"https:\/\/eu-api.friendlycaptcha.eu\/api\/v1\/puzzle\"><\/div>\n\t\t<noscript>You need to enable Javascript for the anti-spam check.<\/noscript><style>.frc-captcha {max-width: 100%; width:100%}<\/style><input type=\"frcaptcha text\" name=\"form_fields[field_407c3f7]\" id=\"form-field-field_407c3f7\" class=\"elementor-field elementor-size-sm \" style=\"display: none\">\t\t\t\t<\/div>\n\t\t\t\t\t\t\t\t<div class=\"elementor-field-group elementor-column elementor-field-type-submit elementor-col-100 e-form__buttons\">\n\t\t\t\t\t<button class=\"elementor-button elementor-size-lg\" type=\"submit\">\n\t\t\t\t\t\t<span class=\"elementor-button-content-wrapper\">\n\t\t\t\t\t\t\t\t\t\t\t\t\t\t\t\t\t\t\t\t\t\t<span class=\"elementor-button-text\">Vy\u017eiada\u0165 si teraz E-knihu zdarma<\/span>\n\t\t\t\t\t\t\t\t\t\t\t\t\t<\/span>\n\t\t\t\t\t<\/button>\n\t\t\t\t<\/div>\n\t\t\t<\/div>\n\t\t<\/form>\n\t\t\t\t\t\t<\/div>\n\t\t\t\t<\/div>\n\t\t\t\t<\/div>\n\t\t\t\t\t<\/div>\n\t\t\t\t<\/div>\n\t\t<div class=\"elementor-element elementor-element-78e9038 obcs none e-flex e-con-boxed e-con e-parent\" data-id=\"78e9038\" data-element_type=\"container\">\n\t\t\t\t\t<div class=\"e-con-inner\">\n\t\t\t\t<div class=\"elementor-element elementor-element-47db5f4 elementor-widget elementor-widget-infobox\" data-id=\"47db5f4\" data-element_type=\"widget\" data-widget_type=\"infobox.default\">\n\t\t\t\t<div class=\"elementor-widget-container\">\n\t\t\t\t\t\n<div class=\"li-widgets--infobox yellow highlights-always-magenta\">\n\n    <div class=\"li-widgets--infobox__icon\">\n        <i aria-hidden=\"true\" class=\"fas fa-bacteria\"><\/i>    <\/div>\n    <div class=\"li-widgets--infobox__text\">\n        <p>\u010co maj\u00fa spolo\u010dn\u00e9 \u010drevn\u00fd a vagin\u00e1lny mikrobi\u00f3m?\n\u200b <\/p>    <\/div>\n    <div class=\"li-widgets--infobox__text-body\">\n        <div id=\"single-post-content\" class=\"elementor-element elementor-element-69cb71e e-con-full obcs none e-flex e-con e-child\" data-id=\"69cb71e\" data-element_type=\"container\"><div class=\"elementor-element elementor-element-6109453 elementor-widget elementor-widget-theme-post-content\" data-id=\"6109453\" data-element_type=\"widget\" data-widget_type=\"theme-post-content.default\"><div class=\"elementor-widget-container\"><div class=\"elementor elementor-24444\" data-elementor-type=\"wp-post\" data-elementor-id=\"24444\" data-elementor-post-type=\"post\"><div class=\"elementor-element elementor-element-fd404c9 obcs none e-flex e-con-boxed e-con e-parent\" data-id=\"fd404c9\" data-element_type=\"container\"><div class=\"e-con-inner\"><div class=\"elementor-element elementor-element-7d95032 elementor-widget elementor-widget-text-editor\" data-id=\"7d95032\" data-element_type=\"widget\" data-widget_type=\"text-editor.default\"><div class=\"elementor-widget-container\"><p><strong>Vagin\u00e1lna fl\u00f3ra<\/strong>\u00a0je domovom ve\u013ek\u00e9ho po\u010dtu\u00a0<em>laktobacilov<\/em>, ktor\u00e9\u00a0<strong>produkuj\u00fa kyselinu mlie\u010dnu<\/strong>, ktor\u00e1 je nevyhnutn\u00e1 na udr\u017eanie\u00a0<strong>kyslej hodnoty pH<\/strong>. Rovnako ako\u00a0<strong>po\u0161va<\/strong>, aj \u010drevo m\u00e1 svoj\u00a0<strong>vlastn\u00fd mikrobi\u00f3m<\/strong>\u00a0so \u0161pecifick\u00fdmi bakt\u00e9riami. Jedna vec, ktor\u00fa maj\u00fa<strong>\u00a0vag\u00edna a \u010drevo<\/strong>\u00a0spolo\u010dn\u00fa, je \u010diasto\u010dne\u00a0<strong>kysl\u00e9 prostredie<\/strong>, ktor\u00e9 je sp\u00f4soben\u00e9<a href=\"https:\/\/www.omni-biotic.com\/sk-sk\/blog\/kyselina-mliecna-na-podporu-plodnosti\/\">\u00a0<strong>bakt\u00e9riami mlie\u010dneho kvasenia<\/strong><\/a>\u00a0<em>(laktobacilmi)<\/em>, ktor\u00e9 tam \u017eij\u00fa. Toto prostredie je predpokladom\u00a0<strong>funk\u010dnej obrany tela<\/strong> proti patog\u00e9nom.<\/p><\/div><\/div><\/div><\/div><\/div><\/div><\/div><\/div>    <\/div>\n\n            <a href=\"https:\/\/www.omni-biotic.com\/sk-sk\/blog\/omni-biotic-flora-plus\/\"\n           class=\"li-widgets--infobox__button\"\n            href=\"https:\/\/www.omni-biotic.com\/sk-sk\/blog\/omni-biotic-flora-plus\/\">\n            Viac o laktobaciloch pre \u017eeny        <\/a>\n    \n<\/div>\n\t\t\t\t<\/div>\n\t\t\t\t<\/div>\n\t\t\t\t\t<\/div>\n\t\t\t\t<\/div>\n\t\t<div class=\"elementor-element elementor-element-d460e68 obcs none e-flex e-con-boxed e-con e-parent\" data-id=\"d460e68\" data-element_type=\"container\">\n\t\t\t\t\t<div class=\"e-con-inner\">\n\t\t\t\t<div class=\"elementor-element elementor-element-05fa340 elementor-widget__width-inherit elementor-widget elementor-widget-heading\" data-id=\"05fa340\" data-element_type=\"widget\" data-widget_type=\"heading.default\">\n\t\t\t\t<div class=\"elementor-widget-container\">\n\t\t\t\t\t<h2 class=\"elementor-heading-title elementor-size-default\">Podobn\u00e9 \u010dl\u00e1nky na t\u00fato t\u00e9mu<\/h2>\t\t\t\t<\/div>\n\t\t\t\t<\/div>\n\t\t\t\t<div class=\"elementor-element elementor-element-f0ec8c4 elementor-widget elementor-widget-li-widgets--posts-gallery\" data-id=\"f0ec8c4\" data-element_type=\"widget\" data-widget_type=\"li-widgets--posts-gallery.default\">\n\t\t\t\t<div class=\"elementor-widget-container\">\n\t\t\t\t\t    \n<div class=\"li-widgets--posts-gallery__pagination\" data-post-id=\"24771\">\n\n    <div class=\"li-widgets--posts-gallery__pagination-results\">\n        1-0 z 0 v\u00fdsledkov    <\/div>\n    <div class=\"li-widgets--posts-gallery__pagination-pages\">\n        Strana 1 z 0    <\/div>\n    <div class=\"li-widgets--posts-gallery__pagination-url\">\n                            <\/div>\n<\/div>\n<div class=\"li-widgets--posts-gallery blog\">\n                <\/div>\n\t\t\t\t<\/div>\n\t\t\t\t<\/div>\n\t\t\t\t\t<\/div>\n\t\t\t\t<\/div>\n\t\t\t\t<\/div>\n\t\t","protected":false},"excerpt":{"rendered":"<p>E-kniha vagin\u00e1lne zdravie a mikrobi\u00f3m \u017eeny Svrbenie v po\u0161ve? Kvasinky? Myk\u00f3za? Z\u00e1pal mo\u010dov\u00fdch ciest?\u00a0Takmer ka\u017ed\u00e1 \u017eena sa aspo\u0148 raz za \u017eivot stretne s int\u00edmnymi probl\u00e9mami. Niektor\u00e9 \u017eeny s t\u00fdm opakovane bojuj\u00fa a netu\u0161ia, ak\u00e1 je pr\u00ed\u010dina a ako sa toho m\u00f4\u017eu prirodzene zbavi\u0165. Zistite viac v na\u0161ej E-knihe. Vy\u017eiadajte si teraz t\u00fato online knihu zdarma! [&hellip;]<\/p>\n","protected":false},"author":8,"featured_media":25032,"parent":141,"menu_order":390,"comment_status":"closed","ping_status":"closed","template":"","meta":{"_acf_changed":false,"inline_featured_image":false,"footnotes":""},"class_list":["post-24771","page","type-page","status-publish","has-post-thumbnail","hentry"],"acf":[],"_links":{"self":[{"href":"https:\/\/www.omni-biotic.com\/sk-sk\/wp-json\/wp\/v2\/pages\/24771","targetHints":{"allow":["GET"]}}],"collection":[{"href":"https:\/\/www.omni-biotic.com\/sk-sk\/wp-json\/wp\/v2\/pages"}],"about":[{"href":"https:\/\/www.omni-biotic.com\/sk-sk\/wp-json\/wp\/v2\/types\/page"}],"author":[{"embeddable":true,"href":"https:\/\/www.omni-biotic.com\/sk-sk\/wp-json\/wp\/v2\/users\/8"}],"replies":[{"embeddable":true,"href":"https:\/\/www.omni-biotic.com\/sk-sk\/wp-json\/wp\/v2\/comments?post=24771"}],"version-history":[{"count":7,"href":"https:\/\/www.omni-biotic.com\/sk-sk\/wp-json\/wp\/v2\/pages\/24771\/revisions"}],"predecessor-version":[{"id":25539,"href":"https:\/\/www.omni-biotic.com\/sk-sk\/wp-json\/wp\/v2\/pages\/24771\/revisions\/25539"}],"up":[{"embeddable":true,"href":"https:\/\/www.omni-biotic.com\/sk-sk\/wp-json\/wp\/v2\/pages\/141"}],"wp:featuredmedia":[{"embeddable":true,"href":"https:\/\/www.omni-biotic.com\/sk-sk\/wp-json\/wp\/v2\/media\/25032"}],"wp:attachment":[{"href":"https:\/\/www.omni-biotic.com\/sk-sk\/wp-json\/wp\/v2\/media?parent=24771"}],"curies":[{"name":"wp","href":"https:\/\/api.w.org\/{rel}","templated":true}]}}