{"id":67,"date":"2022-03-07T10:07:27","date_gmt":"2022-03-07T09:07:27","guid":{"rendered":"https:\/\/www.omni-biotic.com\/ueber-uns\/was-ist-omni-biotic\/"},"modified":"2025-10-07T14:18:15","modified_gmt":"2025-10-07T12:18:15","slug":"co-je-to-omni-biotic","status":"publish","type":"page","link":"https:\/\/www.omni-biotic.com\/sk-sk\/o-nas\/co-je-to-omni-biotic\/","title":{"rendered":"\u010co je to OMNi-BiOTiC?"},"content":{"rendered":"\t\t<div data-elementor-type=\"wp-page\" data-elementor-id=\"67\" class=\"elementor elementor-67\" data-elementor-post-type=\"page\">\n\t\t\t\t<div class=\"elementor-element elementor-element-ee2efd0 e-con-full obcs none e-flex e-con e-parent\" data-id=\"ee2efd0\" data-element_type=\"container\" data-settings=\"{&quot;background_background&quot;:&quot;classic&quot;,&quot;shape_divider_bottom&quot;:&quot;waves&quot;}\">\n\t\t\t\t<div class=\"elementor-shape elementor-shape-bottom\" aria-hidden=\"true\" data-negative=\"false\">\n\t\t\t<svg xmlns=\"http:\/\/www.w3.org\/2000\/svg\" viewBox=\"0 0 1000 100\" preserveAspectRatio=\"none\">\n\t<path class=\"elementor-shape-fill\" d=\"M421.9,6.5c22.6-2.5,51.5,0.4,75.5,5.3c23.6,4.9,70.9,23.5,100.5,35.7c75.8,32.2,133.7,44.5,192.6,49.7\n\tc23.6,2.1,48.7,3.5,103.4-2.5c54.7-6,106.2-25.6,106.2-25.6V0H0v30.3c0,0,72,32.6,158.4,30.5c39.2-0.7,92.8-6.7,134-22.4\n\tc21.2-8.1,52.2-18.2,79.7-24.2C399.3,7.9,411.6,7.5,421.9,6.5z\"\/>\n<\/svg>\t\t<\/div>\n\t\t<div class=\"elementor-element elementor-element-5fea978 e-con-full obcs none e-flex e-con e-child\" data-id=\"5fea978\" data-element_type=\"container\" data-settings=\"{&quot;background_background&quot;:&quot;gradient&quot;}\">\n\t\t\t\t<div class=\"elementor-element elementor-element-ec9612b elementor-widget elementor-widget-heading\" data-id=\"ec9612b\" data-element_type=\"widget\" data-widget_type=\"heading.default\">\n\t\t\t\t<div class=\"elementor-widget-container\">\n\t\t\t\t\t<h1 class=\"elementor-heading-title elementor-size-default\">OMNi-BiOTiC\u00ae \u2013 produkty, na ktor\u00fdch \u00fa\u010dinok sa m\u00f4\u017eete spo\u013eahn\u00fa\u0165! <\/h1>\t\t\t\t<\/div>\n\t\t\t\t<\/div>\n\t\t\t\t<div class=\"elementor-element elementor-element-e8ed10b elementor-widget-divider--view-line elementor-widget elementor-widget-divider\" data-id=\"e8ed10b\" data-element_type=\"widget\" data-widget_type=\"divider.default\">\n\t\t\t\t<div class=\"elementor-widget-container\">\n\t\t\t\t\t\t\t<div class=\"elementor-divider\">\n\t\t\t<span class=\"elementor-divider-separator\">\n\t\t\t\t\t\t<\/span>\n\t\t<\/div>\n\t\t\t\t\t\t<\/div>\n\t\t\t\t<\/div>\n\t\t\t\t<div class=\"elementor-element elementor-element-2f4ecc5 elementor-widget elementor-widget-text-editor\" data-id=\"2f4ecc5\" data-element_type=\"widget\" data-widget_type=\"text-editor.default\">\n\t\t\t\t<div class=\"elementor-widget-container\">\n\t\t\t\t\t\t\t\t\t<p><strong>\u201eV\u0161etky choroby za\u010d\u00ednaj\u00fa v \u010drev\u00e1ch.\u201c<\/strong> \u2013 Hippokrates\u00a0<\/p><p>Tak\u017ee\u2026 ak choroby za\u010d\u00ednaj\u00fa v \u010drev\u00e1ch, aj <strong>zdravie za\u010d\u00edna<\/strong> tam!<strong> U\u017e 30 rokov<\/strong> to dokazujeme na\u0161imi <strong>vysokokvalitn\u00fdmi probiotikami<\/strong> a <strong>prebiotikami<\/strong> \u2013 pre lep\u0161ie tr\u00e1venie, imunitu a celkov\u00e9 zdravie.<\/p><p><strong>Mili\u00f3ny spokojn\u00fdch z\u00e1kazn\u00edkov po celom svete<\/strong>, ktor\u00fdm produkty OMNi-BiOTiC\u00ae pomohli <strong>zlep\u0161i\u0165 zdravie<\/strong> a t\u00fdm aj <strong>kvalitu \u017eivota<\/strong> potvrdzuj\u00fa &#8211; \u00e1no, zdravie skuto\u010dne za\u010d\u00edna v \u010drev\u00e1ch!<\/p>\t\t\t\t\t\t\t\t<\/div>\n\t\t\t\t<\/div>\n\t\t\t\t<\/div>\n\t\t\t\t<\/div>\n\t\t<div class=\"elementor-element elementor-element-5a24d55 obcs none e-flex e-con-boxed e-con e-parent\" data-id=\"5a24d55\" data-element_type=\"container\">\n\t\t\t\t\t<div class=\"e-con-inner\">\n\t\t<div class=\"elementor-element elementor-element-6ce4a9d e-con-full obcs none e-flex e-con e-child\" data-id=\"6ce4a9d\" data-element_type=\"container\">\n\t\t\t\t<div class=\"elementor-element elementor-element-519492c elementor-align-left elementor-widget__width-initial elementor-widget elementor-widget-breadcrumbs\" data-id=\"519492c\" data-element_type=\"widget\" data-widget_type=\"breadcrumbs.default\">\n\t\t\t\t<div class=\"elementor-widget-container\">\n\t\t\t\t\t<span><span class=\"last\">Home<\/span><\/span>\t\t\t\t<\/div>\n\t\t\t\t<\/div>\n\t\t\t\t<\/div>\n\t\t<div class=\"elementor-element elementor-element-62eb78b e-con-full obcs none e-flex e-con e-child\" data-id=\"62eb78b\" data-element_type=\"container\">\n\t\t\t\t<div class=\"elementor-element elementor-element-9176814 elementor-toc--minimized-on-desktop elementor-widget elementor-widget-table-of-contents\" data-id=\"9176814\" data-element_type=\"widget\" data-settings=\"{&quot;exclude_headings_by_selector&quot;:[],&quot;minimized_on&quot;:&quot;desktop&quot;,&quot;no_headings_message&quot;:&quot;No headings were found on this page.&quot;,&quot;headings_by_tags&quot;:[&quot;h2&quot;,&quot;h3&quot;,&quot;h4&quot;,&quot;h5&quot;,&quot;h6&quot;],&quot;marker_view&quot;:&quot;numbers&quot;,&quot;minimize_box&quot;:&quot;yes&quot;,&quot;hierarchical_view&quot;:&quot;yes&quot;,&quot;min_height&quot;:{&quot;unit&quot;:&quot;px&quot;,&quot;size&quot;:&quot;&quot;,&quot;sizes&quot;:[]},&quot;min_height_tablet&quot;:{&quot;unit&quot;:&quot;px&quot;,&quot;size&quot;:&quot;&quot;,&quot;sizes&quot;:[]},&quot;min_height_mobile&quot;:{&quot;unit&quot;:&quot;px&quot;,&quot;size&quot;:&quot;&quot;,&quot;sizes&quot;:[]}}\" data-widget_type=\"table-of-contents.default\">\n\t\t\t\t<div class=\"elementor-widget-container\">\n\t\t\t\t\t\t\t\t\t<div class=\"elementor-toc__header\">\n\t\t\t\t\t\t<h4 class=\"elementor-toc__header-title\">\n\t\t\t\tObsah str\u00e1nky\t\t\t<\/h4>\n\t\t\t\t\t\t\t\t\t\t<div class=\"elementor-toc__toggle-button elementor-toc__toggle-button--expand\" role=\"button\" tabindex=\"0\" aria-controls=\"elementor-toc__9176814\" aria-expanded=\"true\" aria-label=\"Open table of contents\"><i aria-hidden=\"true\" class=\"fas fa-chevron-down\"><\/i><\/div>\n\t\t\t\t<div class=\"elementor-toc__toggle-button elementor-toc__toggle-button--collapse\" role=\"button\" tabindex=\"0\" aria-controls=\"elementor-toc__9176814\" aria-expanded=\"true\" aria-label=\"Close table of contents\"><i aria-hidden=\"true\" class=\"fas fa-chevron-up\"><\/i><\/div>\n\t\t\t\t\t<\/div>\n\t\t\t\t<div id=\"elementor-toc__9176814\" class=\"elementor-toc__body\">\n\t\t\t<div class=\"elementor-toc__spinner-container\">\n\t\t\t\t<i class=\"elementor-toc__spinner eicon-animation-spin eicon-loading\" aria-hidden=\"true\"><\/i>\t\t\t<\/div>\n\t\t<\/div>\n\t\t\t\t\t\t<\/div>\n\t\t\t\t<\/div>\n\t\t\t\t<\/div>\n\t\t\t\t\t<\/div>\n\t\t\t\t<\/div>\n\t\t<div class=\"elementor-element elementor-element-ab7e0c5 obcs magenta e-flex e-con-boxed e-con e-parent\" data-id=\"ab7e0c5\" data-element_type=\"container\">\n\t\t\t\t\t<div class=\"e-con-inner\">\n\t\t<div class=\"elementor-element elementor-element-d23600d e-con-full obcs none e-flex e-con e-child\" data-id=\"d23600d\" data-element_type=\"container\">\n\t\t\t\t<div class=\"elementor-element elementor-element-e2cd693 elementor-widget elementor-widget-text-editor\" data-id=\"e2cd693\" data-element_type=\"widget\" data-widget_type=\"text-editor.default\">\n\t\t\t\t<div class=\"elementor-widget-container\">\n\t\t\t\t\t\t\t\t\t<p>\u00daspe\u0161n\u00fd pr\u00edbeh zna\u010dky probiot\u00edk sa za\u010dal<strong> pred viac ako 30 rokmi<\/strong>, ke\u010f mnohon\u00e1sobne ocenen\u00e1 odborn\u00ed\u010dka na \u010drevn\u00e9 bakt\u00e9rie a zakladate\u013eka in\u0161tit\u00fatu AllergoSan pani\u00a0<a href=\"https:\/\/www.omni-biotic.com\/sk-sk\/o-nas\/institut-allergosan\/mag-anita-frauwallner\/\"><span style=\"color: #b5085a\"><strong>Prof. Anita Frauwallner<\/strong><\/span><\/a> objavila svoj z\u00e1ujem o\u00a0<a href=\"https:\/\/www.omni-biotic.com\/sk-sk\/crevne-zdravie\/centrum-zdravia-crevo\/crevne-bakterie\/\"><span style=\"color: #b5085a\"><strong>\u010drevn\u00e9 bakt\u00e9ri<\/strong><\/span><\/a><span style=\"color: #b5085a\"><b>e<\/b><\/span>\u00a0&#8211; po \u00fadere osudu sa vydala na \u00faplne nov\u00fa cestu. Presved\u010denie, \u017ee<strong> zdrav\u00e9 \u010drev\u00e1<\/strong> s\u00fa <strong>k\u013e\u00fa\u010dom k vit\u00e1lnemu \u017eivotu<\/strong>, ju viedlo k vytvoreniu zna\u010dky probiot\u00edk<strong> OMNi-BiOTiC\u00ae<\/strong>, ktor\u00e1 je od za\u010diatku roka 2023<strong> tre\u0165ou* najsilnej\u0161ou zna\u010dkou probiot\u00edk na svete<\/strong>! \u010coraz viac \u013eud\u00ed na celom svete vie, \u017ee zdravie sa za\u010d\u00edna v \u010drev\u00e1ch. Mnoh\u00ed sa u\u017e presved\u010dili o \u00fa\u010dinku produktov OMNi-BiOTiC\u00ae. Cie\u013eom <strong>OMNi-BiOTiC\u00ae<\/strong> je <strong>posilni\u0165 z\u00e1klady zdravia<\/strong> e\u0161te pred vznikom ochoren\u00ed a nebojova\u0165 iba proti sympt\u00f3mom, ale rie\u0161i\u0165\u00a0<strong>pr\u00ed\u010diny chor\u00f4b<\/strong> &#8211; a to pomocou toho, \u010do poskytla <strong>pr\u00edroda a overila veda!<\/strong><\/p><p><em>* IQVIA OTC Global Insights 2022, 03D5 Antidiarr Micro-Organisms, 03F1 Probiotics Digest Health, IQVIA OTC Audits \/ Public Price in EUR \/ Mio<\/em><\/p>\t\t\t\t\t\t\t\t<\/div>\n\t\t\t\t<\/div>\n\t\t\t\t<\/div>\n\t\t<div class=\"elementor-element elementor-element-9b59c75 e-con-full obcs none e-flex e-con e-child\" data-id=\"9b59c75\" data-element_type=\"container\">\n\t\t\t\t<div class=\"elementor-element elementor-element-3aca668 elementor-widget elementor-widget-image\" data-id=\"3aca668\" data-element_type=\"widget\" data-widget_type=\"image.default\">\n\t\t\t\t<div class=\"elementor-widget-container\">\n\t\t\t\t\t\t\t\t\t\t\t\t\t\t\t<img fetchpriority=\"high\" decoding=\"async\" width=\"800\" height=\"604\" src=\"https:\/\/www.omni-biotic.com\/sk-sk\/wp-content\/uploads\/sites\/9\/2022\/03\/ob-logo-2018-web-high-1024x773.png\" class=\"attachment-large size-large wp-image-43\" alt=\"\" srcset=\"https:\/\/www.omni-biotic.com\/sk-sk\/wp-content\/uploads\/sites\/9\/2022\/03\/ob-logo-2018-web-high-1024x773.png 1024w, https:\/\/www.omni-biotic.com\/sk-sk\/wp-content\/uploads\/sites\/9\/2022\/03\/ob-logo-2018-web-high-300x227.png 300w, https:\/\/www.omni-biotic.com\/sk-sk\/wp-content\/uploads\/sites\/9\/2022\/03\/ob-logo-2018-web-high-768x580.png 768w, https:\/\/www.omni-biotic.com\/sk-sk\/wp-content\/uploads\/sites\/9\/2022\/03\/ob-logo-2018-web-high-1536x1160.png 1536w, https:\/\/www.omni-biotic.com\/sk-sk\/wp-content\/uploads\/sites\/9\/2022\/03\/ob-logo-2018-web-high-2048x1547.png 2048w, https:\/\/www.omni-biotic.com\/sk-sk\/wp-content\/uploads\/sites\/9\/2022\/03\/ob-logo-2018-web-high-1920x1450.png 1920w\" sizes=\"(max-width: 800px) 100vw, 800px\" title=\"\">\t\t\t\t\t\t\t\t\t\t\t\t\t\t\t<\/div>\n\t\t\t\t<\/div>\n\t\t\t\t<\/div>\n\t\t\t\t\t<\/div>\n\t\t\t\t<\/div>\n\t\t<div class=\"elementor-element elementor-element-0efdc5b obcs magenta e-flex e-con-boxed e-con e-parent\" data-id=\"0efdc5b\" data-element_type=\"container\">\n\t\t\t\t\t<div class=\"e-con-inner\">\n\t\t\t\t<div class=\"elementor-element elementor-element-b7e3b8a elementor-widget elementor-widget-infobox\" data-id=\"b7e3b8a\" data-element_type=\"widget\" data-widget_type=\"infobox.default\">\n\t\t\t\t<div class=\"elementor-widget-container\">\n\t\t\t\t\t\n<div class=\"li-widgets--infobox magenta highlights-always-magenta\">\n\n    <div class=\"li-widgets--infobox__icon\">\n        <i aria-hidden=\"true\" class=\"fas fa-info-circle\"><\/i>    <\/div>\n    <div class=\"li-widgets--infobox__text\">\n        <p>\u010co rob\u00ed OMNi-BiOTiC\u00ae tak v\u00fdnimo\u010dn\u00fdm ?<\/p>    <\/div>\n    <div class=\"li-widgets--infobox__text-body\">\n        <p>Tajomstvo \u00faspechu <strong>OMNi-BiOTiC\u00ae<\/strong> spo\u010d\u00edva v <strong>inovat\u00edvnom zlo\u017een\u00ed<\/strong> a vysok\u00fdch \u0161tandardoch kvality, ktor\u00e9 s\u00fa prvorad\u00e9 pri v\u00fdvoji <strong>probiot\u00edk<\/strong> a zabezpe\u010duj\u00fa u\u017e\u00edvate\u013eom <strong>badate\u013en\u00fd \u00fa\u010dinok<\/strong>.<\/p>    <\/div>\n\n    \n<\/div>\n\t\t\t\t<\/div>\n\t\t\t\t<\/div>\n\t\t\t\t\t<\/div>\n\t\t\t\t<\/div>\n\t\t<div class=\"elementor-element elementor-element-56b4c83 obcs none e-flex e-con-boxed e-con e-parent\" data-id=\"56b4c83\" data-element_type=\"container\">\n\t\t\t\t\t<div class=\"e-con-inner\">\n\t\t<div class=\"elementor-element elementor-element-77077db e-con-full obcs none e-flex e-con e-child\" data-id=\"77077db\" data-element_type=\"container\">\n\t\t\t\t<div class=\"elementor-element elementor-element-28f72e1 elementor-widget elementor-widget-heading\" data-id=\"28f72e1\" data-element_type=\"widget\" data-widget_type=\"heading.default\">\n\t\t\t\t<div class=\"elementor-widget-container\">\n\t\t\t\t\t<h2 class=\"elementor-heading-title elementor-size-default\">Tajomstvo \u00faspechu OMNi-BiOTiC\u00ae<\/h2>\t\t\t\t<\/div>\n\t\t\t\t<\/div>\n\t\t\t\t<div class=\"elementor-element elementor-element-672a187 elementor-widget elementor-widget-text-editor\" data-id=\"672a187\" data-element_type=\"widget\" data-widget_type=\"text-editor.default\">\n\t\t\t\t<div class=\"elementor-widget-container\">\n\t\t\t\t\t\t\t\t\t<p>Kvalitn\u00e9 <strong>\u0161t\u00fadie<\/strong> sa vykon\u00e1vaj\u00fa v spolupr\u00e1ci s renomovan\u00fdmi klinikami a publikuj\u00fa sa v prest\u00ed\u017enych vedeck\u00fdch \u010dasopisoch. V\u0161etky <strong>produkty OMNi-BiOTiC\u00ae<\/strong> obsahuj\u00fa<strong> vysok\u00fd po\u010det \u017eivotaschopn\u00fdch a rozmno\u017eovania sa schopn\u00fdch bakt\u00e9ri\u00ed<\/strong>, ktor\u00e9 pozit\u00edvne p\u00f4sobia nielen priamo v \u010dreve, ale aj<strong> v celom organizme<\/strong>. Aby sa \u010do najv\u00e4\u010d\u0161\u00ed po\u010det na\u0161ich mal\u00fdch &#8222;pomocn\u00edkov&#8220; dostal bez ujmy do \u010driev, musia by\u0165 v \u017eal\u00fadku a \u010drev\u00e1ch optim\u00e1lne vyzbrojen\u00e9 proti telu vlastn\u00fdm <strong>kyselin\u00e1m<\/strong>. Rozhoduj\u00face s\u00fa pritom najm\u00e4 dve veci:<\/p>\t\t\t\t\t\t\t\t<\/div>\n\t\t\t\t<\/div>\n\t\t\t\t<\/div>\n\t\t\t\t\t<\/div>\n\t\t\t\t<\/div>\n\t\t<div class=\"elementor-element elementor-element-fca19f5 obcs none e-flex e-con-boxed e-con e-parent\" data-id=\"fca19f5\" data-element_type=\"container\">\n\t\t\t\t\t<div class=\"e-con-inner\">\n\t\t<div class=\"elementor-element elementor-element-710e617 e-con-full obcs none e-flex e-con e-child\" data-id=\"710e617\" data-element_type=\"container\">\n\t\t\t\t<div class=\"elementor-element elementor-element-6aefb9c e-transform elementor-widget elementor-widget-image\" data-id=\"6aefb9c\" data-element_type=\"widget\" data-settings=\"{&quot;_transform_rotateZ_effect&quot;:{&quot;unit&quot;:&quot;px&quot;,&quot;size&quot;:&quot;0&quot;,&quot;sizes&quot;:[]},&quot;_transform_rotate_3d&quot;:&quot;yes&quot;,&quot;_transform_rotateX_effect&quot;:{&quot;unit&quot;:&quot;px&quot;,&quot;size&quot;:&quot;0&quot;,&quot;sizes&quot;:[]},&quot;_transform_rotateY_effect&quot;:{&quot;unit&quot;:&quot;px&quot;,&quot;size&quot;:&quot;4&quot;,&quot;sizes&quot;:[]},&quot;_transform_perspective_effect&quot;:{&quot;unit&quot;:&quot;px&quot;,&quot;size&quot;:&quot;650&quot;,&quot;sizes&quot;:[]},&quot;_transform_rotateZ_effect_tablet&quot;:{&quot;unit&quot;:&quot;deg&quot;,&quot;size&quot;:&quot;&quot;,&quot;sizes&quot;:[]},&quot;_transform_rotateZ_effect_mobile&quot;:{&quot;unit&quot;:&quot;deg&quot;,&quot;size&quot;:&quot;&quot;,&quot;sizes&quot;:[]},&quot;_transform_rotateX_effect_tablet&quot;:{&quot;unit&quot;:&quot;deg&quot;,&quot;size&quot;:&quot;&quot;,&quot;sizes&quot;:[]},&quot;_transform_rotateX_effect_mobile&quot;:{&quot;unit&quot;:&quot;deg&quot;,&quot;size&quot;:&quot;&quot;,&quot;sizes&quot;:[]},&quot;_transform_rotateY_effect_tablet&quot;:{&quot;unit&quot;:&quot;deg&quot;,&quot;size&quot;:&quot;&quot;,&quot;sizes&quot;:[]},&quot;_transform_rotateY_effect_mobile&quot;:{&quot;unit&quot;:&quot;deg&quot;,&quot;size&quot;:&quot;&quot;,&quot;sizes&quot;:[]},&quot;_transform_perspective_effect_tablet&quot;:{&quot;unit&quot;:&quot;px&quot;,&quot;size&quot;:&quot;&quot;,&quot;sizes&quot;:[]},&quot;_transform_perspective_effect_mobile&quot;:{&quot;unit&quot;:&quot;px&quot;,&quot;size&quot;:&quot;&quot;,&quot;sizes&quot;:[]}}\" data-widget_type=\"image.default\">\n\t\t\t\t<div class=\"elementor-widget-container\">\n\t\t\t\t\t\t\t\t\t\t\t\t\t\t\t<img decoding=\"async\" width=\"800\" height=\"800\" src=\"https:\/\/www.omni-biotic.com\/sk-sk\/wp-content\/uploads\/sites\/9\/2023\/07\/crevne-bakterie.jpg\" class=\"attachment-large size-large wp-image-18726\" alt=\"\" srcset=\"https:\/\/www.omni-biotic.com\/sk-sk\/wp-content\/uploads\/sites\/9\/2023\/07\/crevne-bakterie.jpg 1024w, https:\/\/www.omni-biotic.com\/sk-sk\/wp-content\/uploads\/sites\/9\/2023\/07\/crevne-bakterie-300x300.jpg 300w, https:\/\/www.omni-biotic.com\/sk-sk\/wp-content\/uploads\/sites\/9\/2023\/07\/crevne-bakterie-150x150.jpg 150w, https:\/\/www.omni-biotic.com\/sk-sk\/wp-content\/uploads\/sites\/9\/2023\/07\/crevne-bakterie-768x768.jpg 768w\" sizes=\"(max-width: 800px) 100vw, 800px\" title=\"\">\t\t\t\t\t\t\t\t\t\t\t\t\t\t\t<\/div>\n\t\t\t\t<\/div>\n\t\t\t\t<\/div>\n\t\t<div class=\"elementor-element elementor-element-13b8f41 e-con-full obcs none e-flex e-con e-child\" data-id=\"13b8f41\" data-element_type=\"container\">\n\t\t\t\t<div class=\"elementor-element elementor-element-98be53c elementor-widget elementor-widget-heading\" data-id=\"98be53c\" data-element_type=\"widget\" data-widget_type=\"heading.default\">\n\t\t\t\t<div class=\"elementor-widget-container\">\n\t\t\t\t\t<h3 class=\"elementor-heading-title elementor-size-default\">V\u00fdber bakteri\u00e1lnych kme\u0148ov<\/h3>\t\t\t\t<\/div>\n\t\t\t\t<\/div>\n\t\t\t\t<div class=\"elementor-element elementor-element-b2c9f67 elementor-widget elementor-widget-text-editor\" data-id=\"b2c9f67\" data-element_type=\"widget\" data-widget_type=\"text-editor.default\">\n\t\t\t\t<div class=\"elementor-widget-container\">\n\t\t\t\t\t\t\t\t\t<p>Po prv\u00e9, pri v\u00fdbere bakteri\u00e1lnych kme\u0148ov sa db\u00e1 na to, aby sa pou\u017e\u00edvali <strong>len \u013eudsk\u00e9 kmene<\/strong>, t. j. kmene, ktor\u00e9 sa<strong> prirodzene vyskytuj\u00fa v \u013eudskom \u010dreve<\/strong> a ktor\u00e9 s\u00fa geneticky odoln\u00e9 vo\u010di \u017eal\u00fado\u010dnej kyseline, \u017el\u010dov\u00fdm kyselin\u00e1m a sekr\u00e9tom pankreasu, ktor\u00e9 ni\u010dia cudzie z\u00e1rodky v \u017eal\u00fadku a dvan\u00e1stniku.<\/p>\t\t\t\t\t\t\t\t<\/div>\n\t\t\t\t<\/div>\n\t\t\t\t<div class=\"elementor-element elementor-element-a19e111 elementor-widget elementor-widget-heading\" data-id=\"a19e111\" data-element_type=\"widget\" data-widget_type=\"heading.default\">\n\t\t\t\t<div class=\"elementor-widget-container\">\n\t\t\t\t\t<h3 class=\"elementor-heading-title elementor-size-default\">Rehydrat\u00e1cia v tekutine<\/h3>\t\t\t\t<\/div>\n\t\t\t\t<\/div>\n\t\t\t\t<div class=\"elementor-element elementor-element-50dd608 elementor-widget elementor-widget-text-editor\" data-id=\"50dd608\" data-element_type=\"widget\" data-widget_type=\"text-editor.default\">\n\t\t\t\t<div class=\"elementor-widget-container\">\n\t\t\t\t\t\t\t\t\t<p>Na druhej strane s\u00fa<strong> lyofilizovan\u00e9 bakteri\u00e1lne kmene OMNI-BiOTiC\u00ae<\/strong> intenz\u00edvne aktivovan\u00e9 a posilnen\u00e9 <strong>rehydrat\u00e1ciou v tekutine<\/strong> (napr. v poh\u00e1ri vody) e\u0161te mimo tela, <strong>tak\u017ee \u013eahko pre\u017eij\u00fa<\/strong> prechod \u017eal\u00fadkom a okam\u017eite za\u010dn\u00fa pracova\u0165 v \u010dreve.<\/p>\t\t\t\t\t\t\t\t<\/div>\n\t\t\t\t<\/div>\n\t\t\t\t<\/div>\n\t\t\t\t\t<\/div>\n\t\t\t\t<\/div>\n\t\t<div class=\"elementor-element elementor-element-d749335 obcs none e-flex e-con-boxed e-con e-parent\" data-id=\"d749335\" data-element_type=\"container\" data-settings=\"{&quot;background_background&quot;:&quot;classic&quot;,&quot;shape_divider_top&quot;:&quot;waves&quot;,&quot;shape_divider_bottom&quot;:&quot;waves&quot;}\">\n\t\t\t\t\t<div class=\"e-con-inner\">\n\t\t\t\t<div class=\"elementor-shape elementor-shape-top\" aria-hidden=\"true\" data-negative=\"false\">\n\t\t\t<svg xmlns=\"http:\/\/www.w3.org\/2000\/svg\" viewBox=\"0 0 1000 100\" preserveAspectRatio=\"none\">\n\t<path class=\"elementor-shape-fill\" d=\"M421.9,6.5c22.6-2.5,51.5,0.4,75.5,5.3c23.6,4.9,70.9,23.5,100.5,35.7c75.8,32.2,133.7,44.5,192.6,49.7\n\tc23.6,2.1,48.7,3.5,103.4-2.5c54.7-6,106.2-25.6,106.2-25.6V0H0v30.3c0,0,72,32.6,158.4,30.5c39.2-0.7,92.8-6.7,134-22.4\n\tc21.2-8.1,52.2-18.2,79.7-24.2C399.3,7.9,411.6,7.5,421.9,6.5z\"\/>\n<\/svg>\t\t<\/div>\n\t\t\t\t<div class=\"elementor-shape elementor-shape-bottom\" aria-hidden=\"true\" data-negative=\"false\">\n\t\t\t<svg xmlns=\"http:\/\/www.w3.org\/2000\/svg\" viewBox=\"0 0 1000 100\" preserveAspectRatio=\"none\">\n\t<path class=\"elementor-shape-fill\" d=\"M421.9,6.5c22.6-2.5,51.5,0.4,75.5,5.3c23.6,4.9,70.9,23.5,100.5,35.7c75.8,32.2,133.7,44.5,192.6,49.7\n\tc23.6,2.1,48.7,3.5,103.4-2.5c54.7-6,106.2-25.6,106.2-25.6V0H0v30.3c0,0,72,32.6,158.4,30.5c39.2-0.7,92.8-6.7,134-22.4\n\tc21.2-8.1,52.2-18.2,79.7-24.2C399.3,7.9,411.6,7.5,421.9,6.5z\"\/>\n<\/svg>\t\t<\/div>\n\t\t\t\t<div class=\"elementor-element elementor-element-ef6bf42 elementor-widget elementor-widget-text-editor\" data-id=\"ef6bf42\" data-element_type=\"widget\" data-widget_type=\"text-editor.default\">\n\t\t\t\t<div class=\"elementor-widget-container\">\n\t\t\t\t\t\t\t\t\t<p>Zatia\u013e existuje<strong> 17 r\u00f4znych produktov OMNi-BiOTiC\u00ae<\/strong>: <br \/>Ka\u017ed\u00fd produkt obsahuje <strong>in\u00fa kombin\u00e1ciu probiotick\u00fdch bakt\u00e9ri\u00ed<\/strong>, ktor\u00e1 v z\u00e1vislosti od zlo\u017eenia \u010drevnej fl\u00f3ry a sympt\u00f3mov je ide\u00e1lnou vo\u013ebou na <strong>dosiahnutie najlep\u0161\u00edch mo\u017en\u00fdch \u00fa\u010dinkov<\/strong> a na posilnenie \u010dreva &#8211; centra zdravia.<\/p>\t\t\t\t\t\t\t\t<\/div>\n\t\t\t\t<\/div>\n\t\t\t\t\t<\/div>\n\t\t\t\t<\/div>\n\t\t\t\t<\/div>\n\t\t","protected":false},"excerpt":{"rendered":"<p>OMNi-BiOTiC\u00ae \u2013 produkty, na ktor\u00fdch \u00fa\u010dinok sa m\u00f4\u017eete spo\u013eahn\u00fa\u0165! \u201eV\u0161etky choroby za\u010d\u00ednaj\u00fa v \u010drev\u00e1ch.\u201c \u2013 Hippokrates Tak\u017ee\u2026 ak choroby za\u010d\u00ednaj\u00fa v \u010drev\u00e1ch, aj zdravie za\u010d\u00edna tam! U\u017e 30 rokov to dokazujeme na\u0161imi vysokokvalitn\u00fdmi probiotikami a prebiotikami \u2013 pre lep\u0161ie tr\u00e1venie, imunitu a celkov\u00e9 zdravie. Mili\u00f3ny spokojn\u00fdch z\u00e1kazn\u00edkov po celom svete, ktor\u00fdm produkty OMNi-BiOTiC\u00ae pomohli zlep\u0161i\u0165 [&hellip;]<\/p>\n","protected":false},"author":3,"featured_media":24071,"parent":65,"menu_order":20,"comment_status":"closed","ping_status":"closed","template":"","meta":{"_acf_changed":false,"inline_featured_image":false,"footnotes":""},"class_list":["post-67","page","type-page","status-publish","has-post-thumbnail","hentry"],"acf":[],"_links":{"self":[{"href":"https:\/\/www.omni-biotic.com\/sk-sk\/wp-json\/wp\/v2\/pages\/67","targetHints":{"allow":["GET"]}}],"collection":[{"href":"https:\/\/www.omni-biotic.com\/sk-sk\/wp-json\/wp\/v2\/pages"}],"about":[{"href":"https:\/\/www.omni-biotic.com\/sk-sk\/wp-json\/wp\/v2\/types\/page"}],"author":[{"embeddable":true,"href":"https:\/\/www.omni-biotic.com\/sk-sk\/wp-json\/wp\/v2\/users\/3"}],"replies":[{"embeddable":true,"href":"https:\/\/www.omni-biotic.com\/sk-sk\/wp-json\/wp\/v2\/comments?post=67"}],"version-history":[{"count":7,"href":"https:\/\/www.omni-biotic.com\/sk-sk\/wp-json\/wp\/v2\/pages\/67\/revisions"}],"predecessor-version":[{"id":27771,"href":"https:\/\/www.omni-biotic.com\/sk-sk\/wp-json\/wp\/v2\/pages\/67\/revisions\/27771"}],"up":[{"embeddable":true,"href":"https:\/\/www.omni-biotic.com\/sk-sk\/wp-json\/wp\/v2\/pages\/65"}],"wp:featuredmedia":[{"embeddable":true,"href":"https:\/\/www.omni-biotic.com\/sk-sk\/wp-json\/wp\/v2\/media\/24071"}],"wp:attachment":[{"href":"https:\/\/www.omni-biotic.com\/sk-sk\/wp-json\/wp\/v2\/media?parent=67"}],"curies":[{"name":"wp","href":"https:\/\/api.w.org\/{rel}","templated":true}]}}