{"id":93,"date":"2022-03-07T10:07:28","date_gmt":"2022-03-07T09:07:28","guid":{"rendered":"https:\/\/www.omni-biotic.com\/ueber-uns\/forschung-entwicklung\/studienspiegel\/"},"modified":"2025-02-17T11:11:21","modified_gmt":"2025-02-17T10:11:21","slug":"kriteria-kvality","status":"publish","type":"page","link":"https:\/\/www.omni-biotic.com\/sk-sk\/o-nas\/vyskum-vyvoj\/kriteria-kvality\/","title":{"rendered":"Krit\u00e9ri\u00e1 kvality"},"content":{"rendered":"\t\t<div data-elementor-type=\"wp-page\" data-elementor-id=\"93\" class=\"elementor elementor-93\" data-elementor-post-type=\"page\">\n\t\t\t\t<div class=\"elementor-element elementor-element-95da774 e-con-full obcs none e-flex e-con e-parent\" data-id=\"95da774\" data-element_type=\"container\" data-settings=\"{&quot;background_background&quot;:&quot;classic&quot;,&quot;shape_divider_bottom&quot;:&quot;waves&quot;}\">\n\t\t\t\t<div class=\"elementor-shape elementor-shape-bottom\" aria-hidden=\"true\" data-negative=\"false\">\n\t\t\t<svg xmlns=\"http:\/\/www.w3.org\/2000\/svg\" viewBox=\"0 0 1000 100\" preserveAspectRatio=\"none\">\n\t<path class=\"elementor-shape-fill\" d=\"M421.9,6.5c22.6-2.5,51.5,0.4,75.5,5.3c23.6,4.9,70.9,23.5,100.5,35.7c75.8,32.2,133.7,44.5,192.6,49.7\n\tc23.6,2.1,48.7,3.5,103.4-2.5c54.7-6,106.2-25.6,106.2-25.6V0H0v30.3c0,0,72,32.6,158.4,30.5c39.2-0.7,92.8-6.7,134-22.4\n\tc21.2-8.1,52.2-18.2,79.7-24.2C399.3,7.9,411.6,7.5,421.9,6.5z\"\/>\n<\/svg>\t\t<\/div>\n\t\t\t\t<div class=\"elementor-element elementor-element-dcf8cab elementor-absolute elementor-hidden-mobile elementor-align-center elementor-widget elementor-widget-lottie\" data-id=\"dcf8cab\" data-element_type=\"widget\" data-settings=\"{&quot;source_json&quot;:{&quot;url&quot;:&quot;https:\\\/\\\/www.omni-biotic.com\\\/sk-sk\\\/wp-content\\\/uploads\\\/sites\\\/9\\\/2022\\\/08\\\/lf30_editor_s5uwdgjh.json&quot;,&quot;id&quot;:&quot;7733&quot;,&quot;size&quot;:&quot;&quot;,&quot;alt&quot;:&quot;&quot;,&quot;source&quot;:&quot;library&quot;},&quot;loop&quot;:&quot;yes&quot;,&quot;play_speed&quot;:{&quot;unit&quot;:&quot;px&quot;,&quot;size&quot;:&quot;0.3&quot;,&quot;sizes&quot;:[]},&quot;_position&quot;:&quot;absolute&quot;,&quot;source&quot;:&quot;media_file&quot;,&quot;caption_source&quot;:&quot;none&quot;,&quot;link_to&quot;:&quot;none&quot;,&quot;trigger&quot;:&quot;arriving_to_viewport&quot;,&quot;viewport&quot;:{&quot;unit&quot;:&quot;%&quot;,&quot;size&quot;:&quot;&quot;,&quot;sizes&quot;:{&quot;start&quot;:0,&quot;end&quot;:100}},&quot;start_point&quot;:{&quot;unit&quot;:&quot;%&quot;,&quot;size&quot;:0,&quot;sizes&quot;:[]},&quot;end_point&quot;:{&quot;unit&quot;:&quot;%&quot;,&quot;size&quot;:100,&quot;sizes&quot;:[]},&quot;renderer&quot;:&quot;svg&quot;}\" data-widget_type=\"lottie.default\">\n\t\t\t\t<div class=\"elementor-widget-container\">\n\t\t\t\t\t<div class=\"e-lottie__container\"><div class=\"e-lottie__animation\"><\/div><\/div>\t\t\t\t<\/div>\n\t\t\t\t<\/div>\n\t\t<div class=\"elementor-element elementor-element-7f691d6 e-con-full obcs none e-flex e-con e-child\" data-id=\"7f691d6\" data-element_type=\"container\" data-settings=\"{&quot;background_background&quot;:&quot;gradient&quot;}\">\n\t\t\t\t<div class=\"elementor-element elementor-element-980d7b4 elementor-widget elementor-widget-heading\" data-id=\"980d7b4\" data-element_type=\"widget\" data-widget_type=\"heading.default\">\n\t\t\t\t<div class=\"elementor-widget-container\">\n\t\t\t\t\t<h1 class=\"elementor-heading-title elementor-size-default\">Krit\u00e9ri\u00e1 kvality zdraviu prospe\u0161n\u00fdch probiot\u00edk a synbiot\u00edk<\/h1>\t\t\t\t<\/div>\n\t\t\t\t<\/div>\n\t\t\t\t<div class=\"elementor-element elementor-element-cdaa3e5 elementor-widget-divider--view-line elementor-widget elementor-widget-divider\" data-id=\"cdaa3e5\" data-element_type=\"widget\" data-widget_type=\"divider.default\">\n\t\t\t\t<div class=\"elementor-widget-container\">\n\t\t\t\t\t\t\t<div class=\"elementor-divider\">\n\t\t\t<span class=\"elementor-divider-separator\">\n\t\t\t\t\t\t<\/span>\n\t\t<\/div>\n\t\t\t\t\t\t<\/div>\n\t\t\t\t<\/div>\n\t\t\t\t<div class=\"elementor-element elementor-element-77cbac4 elementor-widget elementor-widget-text-editor\" data-id=\"77cbac4\" data-element_type=\"widget\" data-widget_type=\"text-editor.default\">\n\t\t\t\t<div class=\"elementor-widget-container\">\n\t\t\t\t\t\t\t\t\t<p>pod\u013ea krit\u00e9ri\u00ed WHO, WGO, FDA a OePROM<\/p>\t\t\t\t\t\t\t\t<\/div>\n\t\t\t\t<\/div>\n\t\t\t\t<\/div>\n\t\t\t\t<\/div>\n\t\t<div class=\"elementor-element elementor-element-ce9e83f obcs none e-flex e-con-boxed e-con e-parent\" data-id=\"ce9e83f\" data-element_type=\"container\">\n\t\t\t\t\t<div class=\"e-con-inner\">\n\t\t<div class=\"elementor-element elementor-element-cf6d568 e-con-full obcs none e-flex e-con e-child\" data-id=\"cf6d568\" data-element_type=\"container\">\n\t\t\t\t<div class=\"elementor-element elementor-element-f929b7f elementor-align-left elementor-widget__width-initial elementor-widget elementor-widget-breadcrumbs\" data-id=\"f929b7f\" data-element_type=\"widget\" data-widget_type=\"breadcrumbs.default\">\n\t\t\t\t<div class=\"elementor-widget-container\">\n\t\t\t\t\t<span><span class=\"last\">Home<\/span><\/span>\t\t\t\t<\/div>\n\t\t\t\t<\/div>\n\t\t\t\t<\/div>\n\t\t<div class=\"elementor-element elementor-element-6b3bbab e-con-full obcs none e-flex e-con e-child\" data-id=\"6b3bbab\" data-element_type=\"container\">\n\t\t\t\t<div class=\"elementor-element elementor-element-4bc587b elementor-toc--minimized-on-desktop elementor-widget elementor-widget-table-of-contents\" data-id=\"4bc587b\" data-element_type=\"widget\" data-settings=\"{&quot;exclude_headings_by_selector&quot;:[],&quot;minimized_on&quot;:&quot;desktop&quot;,&quot;no_headings_message&quot;:&quot;No headings were found on this page.&quot;,&quot;headings_by_tags&quot;:[&quot;h2&quot;,&quot;h3&quot;,&quot;h4&quot;,&quot;h5&quot;,&quot;h6&quot;],&quot;marker_view&quot;:&quot;numbers&quot;,&quot;minimize_box&quot;:&quot;yes&quot;,&quot;hierarchical_view&quot;:&quot;yes&quot;,&quot;min_height&quot;:{&quot;unit&quot;:&quot;px&quot;,&quot;size&quot;:&quot;&quot;,&quot;sizes&quot;:[]},&quot;min_height_tablet&quot;:{&quot;unit&quot;:&quot;px&quot;,&quot;size&quot;:&quot;&quot;,&quot;sizes&quot;:[]},&quot;min_height_mobile&quot;:{&quot;unit&quot;:&quot;px&quot;,&quot;size&quot;:&quot;&quot;,&quot;sizes&quot;:[]}}\" data-widget_type=\"table-of-contents.default\">\n\t\t\t\t<div class=\"elementor-widget-container\">\n\t\t\t\t\t\t\t\t\t<div class=\"elementor-toc__header\">\n\t\t\t\t\t\t<h4 class=\"elementor-toc__header-title\">\n\t\t\t\tObsah\t\t\t<\/h4>\n\t\t\t\t\t\t\t\t\t\t<div class=\"elementor-toc__toggle-button elementor-toc__toggle-button--expand\" role=\"button\" tabindex=\"0\" aria-controls=\"elementor-toc__4bc587b\" aria-expanded=\"true\" aria-label=\"Open table of contents\"><i aria-hidden=\"true\" class=\"fas fa-chevron-down\"><\/i><\/div>\n\t\t\t\t<div class=\"elementor-toc__toggle-button elementor-toc__toggle-button--collapse\" role=\"button\" tabindex=\"0\" aria-controls=\"elementor-toc__4bc587b\" aria-expanded=\"true\" aria-label=\"Close table of contents\"><i aria-hidden=\"true\" class=\"fas fa-chevron-up\"><\/i><\/div>\n\t\t\t\t\t<\/div>\n\t\t\t\t<div id=\"elementor-toc__4bc587b\" class=\"elementor-toc__body\">\n\t\t\t<div class=\"elementor-toc__spinner-container\">\n\t\t\t\t<i class=\"elementor-toc__spinner eicon-animation-spin eicon-loading\" aria-hidden=\"true\"><\/i>\t\t\t<\/div>\n\t\t<\/div>\n\t\t\t\t\t\t<\/div>\n\t\t\t\t<\/div>\n\t\t\t\t<\/div>\n\t\t\t\t\t<\/div>\n\t\t\t\t<\/div>\n\t\t<div class=\"elementor-element elementor-element-78076da obcs none e-flex e-con-boxed e-con e-parent\" data-id=\"78076da\" data-element_type=\"container\">\n\t\t\t\t\t<div class=\"e-con-inner\">\n\t\t\t\t<div class=\"elementor-element elementor-element-97e7fc1 elementor-widget elementor-widget-heading\" data-id=\"97e7fc1\" data-element_type=\"widget\" data-widget_type=\"heading.default\">\n\t\t\t\t<div class=\"elementor-widget-container\">\n\t\t\t\t\t<h2 class=\"elementor-heading-title elementor-size-default\">1. Bezpe\u010dnos\u0165<\/h2>\t\t\t\t<\/div>\n\t\t\t\t<\/div>\n\t\t\t\t<div class=\"elementor-element elementor-element-91ef60f elementor-widget elementor-widget-text-editor\" data-id=\"91ef60f\" data-element_type=\"widget\" data-widget_type=\"text-editor.default\">\n\t\t\t\t<div class=\"elementor-widget-container\">\n\t\t\t\t\t\t\t\t\t<p class=\"bodytext\">V\u0161etky obsiahnut\u00e9 bakteri\u00e1lne kmene musia ma\u0165 \u0161tat\u00fat GRAS, QPS alebo porovnate\u013en\u00e9 bezpe\u010dnostn\u00e9 normy, \u010do znamen\u00e1 najvy\u0161\u0161iu bezpe\u010dnos\u0165 pri u\u017e\u00edvan\u00ed pre \u010dloveka a absenciu ved\u013eaj\u0161\u00edch \u00fa\u010dinkov aj pri dlhodobom u\u017e\u00edvan\u00ed.<\/p>\t\t\t\t\t\t\t\t<\/div>\n\t\t\t\t<\/div>\n\t\t\t\t<div class=\"elementor-element elementor-element-cf911f9 elementor-widget elementor-widget-heading\" data-id=\"cf911f9\" data-element_type=\"widget\" data-widget_type=\"heading.default\">\n\t\t\t\t<div class=\"elementor-widget-container\">\n\t\t\t\t\t<h2 class=\"elementor-heading-title elementor-size-default\"> 2. Po\u010det bakt\u00e9ri\u00ed\n<\/h2>\t\t\t\t<\/div>\n\t\t\t\t<\/div>\n\t\t\t\t<div class=\"elementor-element elementor-element-8f686da elementor-widget elementor-widget-text-editor\" data-id=\"8f686da\" data-element_type=\"widget\" data-widget_type=\"text-editor.default\">\n\t\t\t\t<div class=\"elementor-widget-container\">\n\t\t\t\t\t\t\t\t\t<p class=\"bodytext\">Najmenej 10<span style=\"position: relative;font-size: 13.5px;line-height: 0;vertical-align: baseline;top: -0.5em\">9<\/span>\u00a0CFU (= 1 miliarda mikr\u00f3bov na gram pr\u00e1\u0161ku). To znamen\u00e1, \u017ee sa do tela m\u00f4\u017ee dosta\u0165 relevantn\u00fd po\u010det \u017eivotaschopn\u00fdch bakt\u00e9ri\u00ed.<\/p>\t\t\t\t\t\t\t\t<\/div>\n\t\t\t\t<\/div>\n\t\t\t\t<div class=\"elementor-element elementor-element-adb3b9d elementor-widget elementor-widget-heading\" data-id=\"adb3b9d\" data-element_type=\"widget\" data-widget_type=\"heading.default\">\n\t\t\t\t<div class=\"elementor-widget-container\">\n\t\t\t\t\t<h2 class=\"elementor-heading-title elementor-size-default\">3. Aktivita<\/h2>\t\t\t\t<\/div>\n\t\t\t\t<\/div>\n\t\t\t\t<div class=\"elementor-element elementor-element-dc082bf elementor-widget elementor-widget-text-editor\" data-id=\"dc082bf\" data-element_type=\"widget\" data-widget_type=\"text-editor.default\">\n\t\t\t\t<div class=\"elementor-widget-container\">\n\t\t\t\t\t\t\t\t\t<p class=\"bodytext\">Probiotick\u00e9 bakt\u00e9rie s\u00fa najakt\u00edvnej\u0161ie 24 hod\u00edn po ich rehydrat\u00e1cii, vtedy je op\u00e4tovne rozvinut\u00e1 ich aktivita. V pr\u00edpade jogurtov sa to deje e\u0161te v mliekarni, kde sa z mlieka tvor\u00ed kyselina mlie\u010dna. U pr\u00e1\u0161kov\u00fdch gran\u00fal sa to deje priamo v \u013eudskom tele, kde vysoko akt\u00edvne bakt\u00e9rie vyu\u017e\u00edvaj\u00fa v\u0161etky svoje schopnosti pre n\u00e1s.<\/p>\t\t\t\t\t\t\t\t<\/div>\n\t\t\t\t<\/div>\n\t\t\t\t<div class=\"elementor-element elementor-element-af8b59b elementor-widget elementor-widget-heading\" data-id=\"af8b59b\" data-element_type=\"widget\" data-widget_type=\"heading.default\">\n\t\t\t\t<div class=\"elementor-widget-container\">\n\t\t\t\t\t<h2 class=\"elementor-heading-title elementor-size-default\">4. Schopnos\u0165 rozmno\u017eova\u0165 sa<\/h2>\t\t\t\t<\/div>\n\t\t\t\t<\/div>\n\t\t\t\t<div class=\"elementor-element elementor-element-94a897c elementor-widget elementor-widget-text-editor\" data-id=\"94a897c\" data-element_type=\"widget\" data-widget_type=\"text-editor.default\">\n\t\t\t\t<div class=\"elementor-widget-container\">\n\t\t\t\t\t\t\t\t\t<p>Dok\u00e1zan\u00e9 mno\u017eenie probiotick\u00fdch bakt\u00e9ri\u00ed v tele aj po skon\u010den\u00ed u\u017e\u00edvania. Doteraz to bolo dok\u00e1zan\u00e9 len pri ve\u013emi m\u00e1lo produktoch, preto\u017ee je mo\u017en\u00e9 zaznamena\u0165 len ve\u013emi ve\u013ek\u00e9 \u010d\u00edsla pri n\u00e1soben\u00ed. Vo vedeck\u00fdch \u010dasopisoch boli napr\u00edklad publikovan\u00e9 \u00fadaje o\u00a0<a href=\"https:\/\/shop.omni-biotic.com\/sk-sk\/products\/omni-biotic-panda-int-99108\"><span style=\"color: #b5085a\"><strong>OMNi-BiOTiC\u00ae PANDA<\/strong><\/span><\/a>,\u00a0<a href=\"https:\/\/shop.omni-biotic.com\/sk-sk\/products\/omni-biotic-stress-repair-int-99113\"><span style=\"color: #b5085a\"><strong>OMNi-Bi<\/strong><strong>O<\/strong><strong>TiC\u00ae 10<\/strong>\u00a0a<strong>\u00a0OMNi-BiOTiC\u00ae Stress Repair<\/strong><\/span><\/a>\u00a0ako d\u00f4kaz.<\/p>\t\t\t\t\t\t\t\t<\/div>\n\t\t\t\t<\/div>\n\t\t\t\t<div class=\"elementor-element elementor-element-f0265f9 elementor-widget elementor-widget-heading\" data-id=\"f0265f9\" data-element_type=\"widget\" data-widget_type=\"heading.default\">\n\t\t\t\t<div class=\"elementor-widget-container\">\n\t\t\t\t\t<h2 class=\"elementor-heading-title elementor-size-default\">5. Odolnos\u0165 vo\u010di \u017eal\u00fado\u010dn\u00fdm a \u017el\u010dov\u00fdm kyselin\u00e1m<\/h2>\t\t\t\t<\/div>\n\t\t\t\t<\/div>\n\t\t\t\t<div class=\"elementor-element elementor-element-f3eaa92 elementor-widget elementor-widget-text-editor\" data-id=\"f3eaa92\" data-element_type=\"widget\" data-widget_type=\"text-editor.default\">\n\t\t\t\t<div class=\"elementor-widget-container\">\n\t\t\t\t\t\t\t\t\t<p class=\"bodytext\">Rozhoduj\u00facim faktorom je stabilita bakt\u00e9ri\u00ed vo\u010di siln\u00fdm kyselin\u00e1m. Ako najlep\u0161ia met\u00f3da sa osved\u010dila revitaliz\u00e1cia (rehydrat\u00e1cia) lyofilizovan\u00fdch bakt\u00e9ri\u00ed mimo tela v tekutine. Na tento \u00fa\u010del je vhodn\u00e1 neperliv\u00e1 voda, ovocn\u00e9 \u0161\u0165avy s n\u00edzkym obsahom kysel\u00edn, mlieko alebo dokonca jogurt a m\u00fcsli. Nemie\u0161ajte ich s citrusov\u00fdmi \u0161\u0165avami, k\u00e1vou, alkoholom, s\u00fdten\u00fdmi alebo hor\u00facimi n\u00e1pojmi (nad 40 \u00b0C). V tekutine m\u00f4\u017eu bakt\u00e9rie absorbova\u0165 prv\u00fa potravu a sta\u0165 sa (metabolicky) akt\u00edvnymi sk\u00f4r, ako musia pre\u017ei\u0165 nieko\u013ekohodinov\u00fd prechod \u017eal\u00fadkom s jeho \u017eal\u00fado\u010dnou kyselinou a dvan\u00e1stnikom so \u017el\u010dov\u00fdmi kyselinami a pankreatick\u00fdmi sekr\u00e9tmi.<\/p>\t\t\t\t\t\t\t\t<\/div>\n\t\t\t\t<\/div>\n\t\t\t\t<div class=\"elementor-element elementor-element-c6daa58 elementor-widget elementor-widget-heading\" data-id=\"c6daa58\" data-element_type=\"widget\" data-widget_type=\"heading.default\">\n\t\t\t\t<div class=\"elementor-widget-container\">\n\t\t\t\t\t<h2 class=\"elementor-heading-title elementor-size-default\">6. Stabilita pri izbovej teplote\n<\/h2>\t\t\t\t<\/div>\n\t\t\t\t<\/div>\n\t\t\t\t<div class=\"elementor-element elementor-element-32ccc00 elementor-widget elementor-widget-text-editor\" data-id=\"32ccc00\" data-element_type=\"widget\" data-widget_type=\"text-editor.default\">\n\t\t\t\t<div class=\"elementor-widget-container\">\n\t\t\t\t\t\t\t\t\t<p class=\"bodytext\">Nemal by sa uv\u00e1dza\u0165 po\u010det bakt\u00e9ri\u00ed v \u010dase v\u00fdroby produktu, ale po\u010det bakt\u00e9ri\u00ed v produkte ku koncu d\u00e1tumu minim\u00e1lnej trvanlivosti. Ak prostredie neposkytuje optim\u00e1lne \u017eivotn\u00e9 podmienky, bakt\u00e9rie hyn\u00fa u\u017e po nieko\u013ek\u00fdch d\u0148och. Produkty OMNi-BiOTiC\u00ae sa priebe\u017ene podrobuj\u00fa anal\u00fdzam kvality, aby sa preuk\u00e1zate\u013ene zaru\u010dila 24-mesa\u010dn\u00e1 stabilita optim\u00e1lne balen\u00fdch lyofilizovan\u00fdch bakt\u00e9ri\u00ed pri izbovej teplote.<\/p>\t\t\t\t\t\t\t\t<\/div>\n\t\t\t\t<\/div>\n\t\t\t\t<div class=\"elementor-element elementor-element-0d8563f elementor-widget elementor-widget-heading\" data-id=\"0d8563f\" data-element_type=\"widget\" data-widget_type=\"heading.default\">\n\t\t\t\t<div class=\"elementor-widget-container\">\n\t\t\t\t\t<h2 class=\"elementor-heading-title elementor-size-default\">7. Optimaliz\u00e1cia prostredia<\/h2>\t\t\t\t<\/div>\n\t\t\t\t<\/div>\n\t\t\t\t<div class=\"elementor-element elementor-element-78386c8 elementor-widget elementor-widget-text-editor\" data-id=\"78386c8\" data-element_type=\"widget\" data-widget_type=\"text-editor.default\">\n\t\t\t\t<div class=\"elementor-widget-container\">\n\t\t\t\t\t\t\t\t\t<p class=\"bodytext\">Optim\u00e1lna hodnota pH v tenkom \u010dreve je 4,0-5,5. Pri tejto hodnote sa u\u017eito\u010dn\u00e9 bakt\u00e9rie optim\u00e1lne mno\u017eia, zatia\u013e \u010do patog\u00e9nne bakt\u00e9rie nie. Preto by probiotikum malo obsahova\u0165 bakt\u00e9rie, ktor\u00e9 dok\u00e1\u017eu zn\u00ed\u017ei\u0165 hodnotu pH prostredn\u00edctvom silnej tvorby kyseliny mlie\u010dnej.<\/p>\t\t\t\t\t\t\t\t<\/div>\n\t\t\t\t<\/div>\n\t\t\t\t<div class=\"elementor-element elementor-element-9bae3bd elementor-widget elementor-widget-heading\" data-id=\"9bae3bd\" data-element_type=\"widget\" data-widget_type=\"heading.default\">\n\t\t\t\t<div class=\"elementor-widget-container\">\n\t\t\t\t\t<h2 class=\"elementor-heading-title elementor-size-default\">8. Viacdruhov\u00e9 zlo\u017eenie symbiotick\u00fdch bakteri\u00e1lnych kme\u0148ov\n<\/h2>\t\t\t\t<\/div>\n\t\t\t\t<\/div>\n\t\t\t\t<div class=\"elementor-element elementor-element-bc1d50b elementor-widget elementor-widget-text-editor\" data-id=\"bc1d50b\" data-element_type=\"widget\" data-widget_type=\"text-editor.default\">\n\t\t\t\t<div class=\"elementor-widget-container\">\n\t\t\t\t\t\t\t\t\t<p class=\"bodytext\">Vedeck\u00e9 d\u00f4kazy nazna\u010duj\u00fa, \u017ee cielen\u00e1 kombin\u00e1cia viacer\u00fdch bakteri\u00e1lnych kme\u0148ov a ich jednotliv\u00e1 s\u00fahra je lep\u0161ia ako pod\u00e1vanie jedn\u00e9ho kme\u0148a na r\u00f4zne \u00fa\u010dely. Potenci\u00e1l jednotliv\u00fdch kme\u0148ov sa m\u00f4\u017ee \u010falej zvy\u0161ova\u0165 prostredn\u00edctvom rozumn\u00fdch kombin\u00e1ci\u00ed vo viacdruhov\u00fdch zlo\u017eeniach.<\/p>\t\t\t\t\t\t\t\t<\/div>\n\t\t\t\t<\/div>\n\t\t\t\t<div class=\"elementor-element elementor-element-e7540f8 elementor-widget elementor-widget-heading\" data-id=\"e7540f8\" data-element_type=\"widget\" data-widget_type=\"heading.default\">\n\t\t\t\t<div class=\"elementor-widget-container\">\n\t\t\t\t\t<h2 class=\"elementor-heading-title elementor-size-default\">9. S\u00fahra bakteri\u00e1lnych kme\u0148ov<\/h2>\t\t\t\t<\/div>\n\t\t\t\t<\/div>\n\t\t\t\t<div class=\"elementor-element elementor-element-0e32daa elementor-widget elementor-widget-text-editor\" data-id=\"0e32daa\" data-element_type=\"widget\" data-widget_type=\"text-editor.default\">\n\t\t\t\t<div class=\"elementor-widget-container\">\n\t\t\t\t\t\t\t\t\t<p class=\"bodytext\">Nie v\u0161etky bakteri\u00e1lne kmene spolu dobre vych\u00e1dzaj\u00fa, ale m\u00f4\u017eu si aj konkurova\u0165 (napr. v boji o potravu), preto musia by\u0165 spr\u00e1vne skombinovan\u00e9 a ich vz\u00e1jomn\u00e1 s\u00fahra sa mus\u00ed preuk\u00e1za\u0165 tzv. met\u00f3dou &#8222;cross streak&#8220;, alebo by mali by\u0165 k dispoz\u00edcii \u0161t\u00fadie o \u00fa\u010dinnosti.<\/p>\t\t\t\t\t\t\t\t<\/div>\n\t\t\t\t<\/div>\n\t\t\t\t<div class=\"elementor-element elementor-element-7c00832 elementor-widget elementor-widget-heading\" data-id=\"7c00832\" data-element_type=\"widget\" data-widget_type=\"heading.default\">\n\t\t\t\t<div class=\"elementor-widget-container\">\n\t\t\t\t\t<h2 class=\"elementor-heading-title elementor-size-default\">10. Bez cukru, bez glut\u00e9nu a bez \u017eivo\u010d\u00ed\u0161nych bielkov\u00edn\n<\/h2>\t\t\t\t<\/div>\n\t\t\t\t<\/div>\n\t\t\t\t<div class=\"elementor-element elementor-element-9ec09bd elementor-widget elementor-widget-text-editor\" data-id=\"9ec09bd\" data-element_type=\"widget\" data-widget_type=\"text-editor.default\">\n\t\t\t\t<div class=\"elementor-widget-container\">\n\t\t\t\t\t\t\t\t\t<p>Aby sa nepodporovala nekompatibilita.<\/p>\t\t\t\t\t\t\t\t<\/div>\n\t\t\t\t<\/div>\n\t\t\t\t<div class=\"elementor-element elementor-element-e7c2ce0 elementor-widget elementor-widget-heading\" data-id=\"e7c2ce0\" data-element_type=\"widget\" data-widget_type=\"heading.default\">\n\t\t\t\t<div class=\"elementor-widget-container\">\n\t\t\t\t\t<h2 class=\"elementor-heading-title elementor-size-default\">11. Matrica<\/h2>\t\t\t\t<\/div>\n\t\t\t\t<\/div>\n\t\t\t\t<div class=\"elementor-element elementor-element-3804f68 elementor-widget elementor-widget-text-editor\" data-id=\"3804f68\" data-element_type=\"widget\" data-widget_type=\"text-editor.default\">\n\t\t\t\t<div class=\"elementor-widget-container\">\n\t\t\t\t\t\t\t\t\t<p>Prid\u00e1vaj\u00fa sa enz\u00fdmy, vl\u00e1knina a miner\u00e1lne l\u00e1tky, ktor\u00e9 zvy\u0161uj\u00fa aktivitu a schopnos\u0165 mno\u017eenia bakt\u00e9ri\u00ed. T\u00fdm sa zvy\u0161uje produkcia hlienu \u010drevnej sliznice a pri\u013enavos\u0165 pridanej kombin\u00e1cie bakt\u00e9ri\u00ed.<\/p>\t\t\t\t\t\t\t\t<\/div>\n\t\t\t\t<\/div>\n\t\t\t\t<div class=\"elementor-element elementor-element-8ae8e8a elementor-widget elementor-widget-heading\" data-id=\"8ae8e8a\" data-element_type=\"widget\" data-widget_type=\"heading.default\">\n\t\t\t\t<div class=\"elementor-widget-container\">\n\t\t\t\t\t<h2 class=\"elementor-heading-title elementor-size-default\">12. \u0160t\u00fadie o \u00fa\u010dinnosti\n<\/h2>\t\t\t\t<\/div>\n\t\t\t\t<\/div>\n\t\t\t\t<div class=\"elementor-element elementor-element-0c3ee57 elementor-widget elementor-widget-text-editor\" data-id=\"0c3ee57\" data-element_type=\"widget\" data-widget_type=\"text-editor.default\">\n\t\t\t\t<div class=\"elementor-widget-container\">\n\t\t\t\t\t\t\t\t\t<p>\u00da\u010dinnos\u0165 probiot\u00edk by mala by\u0165 dolo\u017een\u00e1 vedeck\u00fdmi \u0161t\u00fadiami na \u013eu\u010foch.<\/p>\t\t\t\t\t\t\t\t<\/div>\n\t\t\t\t<\/div>\n\t\t\t\t\t<\/div>\n\t\t\t\t<\/div>\n\t\t<div class=\"elementor-element elementor-element-73156fd obcs none e-flex e-con-boxed e-con e-parent\" data-id=\"73156fd\" data-element_type=\"container\">\n\t\t\t\t\t<div class=\"e-con-inner\">\n\t\t\t\t<div class=\"elementor-element elementor-element-efa37e1 elementor-widget elementor-widget-infobox\" data-id=\"efa37e1\" data-element_type=\"widget\" data-widget_type=\"infobox.default\">\n\t\t\t\t<div class=\"elementor-widget-container\">\n\t\t\t\t\t\n<div class=\"li-widgets--infobox magenta highlights-always-magenta\">\n\n    <div class=\"li-widgets--infobox__icon\">\n        <i aria-hidden=\"true\" class=\"fas fa-info-circle\"><\/i>    <\/div>\n    <div class=\"li-widgets--infobox__text\">\n        <p>Produkty OMNi-BiOTiC\u00ae sa riadia t\u00fdmito krit\u00e9riami kvality a pozost\u00e1vaj\u00fa v\u00fdlu\u010dne z bakteri\u00e1lnych kult\u00far prirodzene sa vyskytuj\u00facich v zdravom \u013eudskom tele.<\/p>    <\/div>\n    <div class=\"li-widgets--infobox__text-body\">\n            <\/div>\n\n    \n<\/div>\n\t\t\t\t<\/div>\n\t\t\t\t<\/div>\n\t\t\t\t\t<\/div>\n\t\t\t\t<\/div>\n\t\t\t\t<\/div>\n\t\t","protected":false},"excerpt":{"rendered":"<p>Krit\u00e9ri\u00e1 kvality zdraviu prospe\u0161n\u00fdch probiot\u00edk a synbiot\u00edk pod\u013ea krit\u00e9ri\u00ed WHO, WGO, FDA a OePROM Home Obsah 1. Bezpe\u010dnos\u0165 V\u0161etky obsiahnut\u00e9 bakteri\u00e1lne kmene musia ma\u0165 \u0161tat\u00fat GRAS, QPS alebo porovnate\u013en\u00e9 bezpe\u010dnostn\u00e9 normy, \u010do znamen\u00e1 najvy\u0161\u0161iu bezpe\u010dnos\u0165 pri u\u017e\u00edvan\u00ed pre \u010dloveka a absenciu ved\u013eaj\u0161\u00edch \u00fa\u010dinkov aj pri dlhodobom u\u017e\u00edvan\u00ed. 2. Po\u010det bakt\u00e9ri\u00ed Najmenej 109\u00a0CFU (= 1 miliarda [&hellip;]<\/p>\n","protected":false},"author":3,"featured_media":0,"parent":91,"menu_order":150,"comment_status":"closed","ping_status":"closed","template":"","meta":{"_acf_changed":false,"inline_featured_image":false,"footnotes":""},"class_list":["post-93","page","type-page","status-publish","hentry"],"acf":[],"_links":{"self":[{"href":"https:\/\/www.omni-biotic.com\/sk-sk\/wp-json\/wp\/v2\/pages\/93","targetHints":{"allow":["GET"]}}],"collection":[{"href":"https:\/\/www.omni-biotic.com\/sk-sk\/wp-json\/wp\/v2\/pages"}],"about":[{"href":"https:\/\/www.omni-biotic.com\/sk-sk\/wp-json\/wp\/v2\/types\/page"}],"author":[{"embeddable":true,"href":"https:\/\/www.omni-biotic.com\/sk-sk\/wp-json\/wp\/v2\/users\/3"}],"replies":[{"embeddable":true,"href":"https:\/\/www.omni-biotic.com\/sk-sk\/wp-json\/wp\/v2\/comments?post=93"}],"version-history":[{"count":7,"href":"https:\/\/www.omni-biotic.com\/sk-sk\/wp-json\/wp\/v2\/pages\/93\/revisions"}],"predecessor-version":[{"id":26074,"href":"https:\/\/www.omni-biotic.com\/sk-sk\/wp-json\/wp\/v2\/pages\/93\/revisions\/26074"}],"up":[{"embeddable":true,"href":"https:\/\/www.omni-biotic.com\/sk-sk\/wp-json\/wp\/v2\/pages\/91"}],"wp:attachment":[{"href":"https:\/\/www.omni-biotic.com\/sk-sk\/wp-json\/wp\/v2\/media?parent=93"}],"curies":[{"name":"wp","href":"https:\/\/api.w.org\/{rel}","templated":true}]}}