{"id":101,"date":"2022-03-07T10:07:28","date_gmt":"2022-03-07T09:07:28","guid":{"rendered":"https:\/\/www.omni-biotic.com\/produkte\/omni-logic\/"},"modified":"2025-04-24T08:18:27","modified_gmt":"2025-04-24T06:18:27","slug":"omni-logic","status":"publish","type":"page","link":"https:\/\/www.omni-biotic.com\/sl-si\/izdelki\/omni-logic\/","title":{"rendered":"OMNi-LOGiC\u00ae"},"content":{"rendered":"\t\t<div data-elementor-type=\"wp-page\" data-elementor-id=\"101\" class=\"elementor elementor-101\" data-elementor-post-type=\"page\">\n\t\t\t\t<div class=\"elementor-element elementor-element-a0ce705 e-con-full obcs green e-flex e-con e-parent\" data-id=\"a0ce705\" data-element_type=\"container\" data-settings=\"{&quot;background_background&quot;:&quot;classic&quot;,&quot;shape_divider_bottom&quot;:&quot;waves&quot;}\">\n\t\t\t\t<div class=\"elementor-shape elementor-shape-bottom\" aria-hidden=\"true\" data-negative=\"false\">\n\t\t\t<svg xmlns=\"http:\/\/www.w3.org\/2000\/svg\" viewBox=\"0 0 1000 100\" preserveAspectRatio=\"none\">\n\t<path class=\"elementor-shape-fill\" d=\"M421.9,6.5c22.6-2.5,51.5,0.4,75.5,5.3c23.6,4.9,70.9,23.5,100.5,35.7c75.8,32.2,133.7,44.5,192.6,49.7\n\tc23.6,2.1,48.7,3.5,103.4-2.5c54.7-6,106.2-25.6,106.2-25.6V0H0v30.3c0,0,72,32.6,158.4,30.5c39.2-0.7,92.8-6.7,134-22.4\n\tc21.2-8.1,52.2-18.2,79.7-24.2C399.3,7.9,411.6,7.5,421.9,6.5z\"\/>\n<\/svg>\t\t<\/div>\n\t\t<div class=\"elementor-element elementor-element-7985c9a e-con-full obcs magenta e-flex e-con e-child\" data-id=\"7985c9a\" data-element_type=\"container\" data-settings=\"{&quot;background_background&quot;:&quot;gradient&quot;}\">\n\t\t\t\t<div class=\"elementor-element elementor-element-a8889ce elementor-widget elementor-widget-heading\" data-id=\"a8889ce\" data-element_type=\"widget\" data-widget_type=\"heading.default\">\n\t\t\t\t<div class=\"elementor-widget-container\">\n\t\t\t\t\t<h1 class=\"elementor-heading-title elementor-size-default\">OMNi-LOGiC\u00ae<\/h1>\t\t\t\t<\/div>\n\t\t\t\t<\/div>\n\t\t\t\t<div class=\"elementor-element elementor-element-05bde9a elementor-widget-divider--view-line elementor-widget elementor-widget-divider\" data-id=\"05bde9a\" data-element_type=\"widget\" data-widget_type=\"divider.default\">\n\t\t\t\t<div class=\"elementor-widget-container\">\n\t\t\t\t\t\t\t<div class=\"elementor-divider\">\n\t\t\t<span class=\"elementor-divider-separator\">\n\t\t\t\t\t\t<\/span>\n\t\t<\/div>\n\t\t\t\t\t\t<\/div>\n\t\t\t\t<\/div>\n\t\t\t\t<div class=\"elementor-element elementor-element-09f6774 elementor-widget elementor-widget-text-editor\" data-id=\"09f6774\" data-element_type=\"widget\" data-widget_type=\"text-editor.default\">\n\t\t\t\t<div class=\"elementor-widget-container\">\n\t\t\t\t\t\t\t\t\t<p>\u010crevesje je center na\u0161ega zdravja: na milijarde \u010drevesnih bakterij vsak dan poskrbi za optimalno delovanje prebave in mo\u010dan imunski sistem. Da bi se te koristne pomo\u010dnice po\u010dutile kot doma in opravljale vse svoje pomembne naloge, potrebujejo kot vir hrane posebne prehranske vlaknine, kot so tiste, ki jih vsebujejo prebiotiki.<\/p>\t\t\t\t\t\t\t\t<\/div>\n\t\t\t\t<\/div>\n\t\t\t\t<\/div>\n\t\t<div class=\"elementor-element elementor-element-9d49a72 e-con-full elementor-hidden-mobile obcs none e-flex e-con e-child\" data-id=\"9d49a72\" data-element_type=\"container\">\n\t\t\t\t<\/div>\n\t\t\t\t<\/div>\n\t\t<div class=\"elementor-element elementor-element-f7b98cb obcs none e-flex e-con-boxed e-con e-parent\" data-id=\"f7b98cb\" data-element_type=\"container\">\n\t\t\t\t\t<div class=\"e-con-inner\">\n\t\t<div class=\"elementor-element elementor-element-34e237e e-con-full obcs none e-flex e-con e-child\" data-id=\"34e237e\" data-element_type=\"container\">\n\t\t\t\t<div class=\"elementor-element elementor-element-704e456 elementor-align-left elementor-widget__width-initial elementor-widget elementor-widget-breadcrumbs\" data-id=\"704e456\" data-element_type=\"widget\" data-widget_type=\"breadcrumbs.default\">\n\t\t\t\t<div class=\"elementor-widget-container\">\n\t\t\t\t\t<span><span class=\"last\">Home<\/span><\/span>\t\t\t\t<\/div>\n\t\t\t\t<\/div>\n\t\t\t\t<\/div>\n\t\t<div class=\"elementor-element elementor-element-143e6ca e-con-full obcs none e-flex e-con e-child\" data-id=\"143e6ca\" data-element_type=\"container\">\n\t\t\t\t<\/div>\n\t\t\t\t\t<\/div>\n\t\t\t\t<\/div>\n\t\t<div class=\"elementor-element elementor-element-2f3cf1a obcs none e-flex e-con-boxed e-con e-parent\" data-id=\"2f3cf1a\" data-element_type=\"container\">\n\t\t\t\t\t<div class=\"e-con-inner\">\n\t\t\t\t<div class=\"elementor-element elementor-element-0008878 elementor-widget__width-initial elementor-widget elementor-widget-li-widgets--tile-slider\" data-id=\"0008878\" data-element_type=\"widget\" data-widget_type=\"li-widgets--tile-slider.default\">\n\t\t\t\t<div class=\"elementor-widget-container\">\n\t\t\t\t\t<div class=\"li-widgets--tile-slider magenta\">\n            <div class=\"headlines\">\n                            <div class=\"headline\">\n                    <div class=\"headline--main\"><h2>\"Najljub\u0161a hrana\" za koristne \u010drevesne bakterije<\/h2><\/div>\n                                    <\/div>\n                                <\/div>\n                <div class=\"tiles-container grid\">\n            <div class=\"tiles grid-wrapper\">\n                                    <div class=\"swiper-slide\">\n                        <div class=\"tile\">\n                                                        <a href=\"https:\/\/shop.omni-biotic.com\/sl-si\/products\/omni-logic-fibre-int-99121\">\n                                                                                                    <img decoding=\"async\" src=\"https:\/\/cdn.shopify.com\/s\/files\/1\/0611\/8198\/5020\/files\/omni-logic-fibre-250g-int.webp?v=1760346376\" alt=\"OMNi-LOGiC\u00ae FIBRE\" class=\"tile__image\" title=\"\">\n                                                                                            <\/a>\n                                                                                    <div class=\"tile__headline\">OMNi-LOGiC\u00ae FIBRE<\/div>\n                                                                                        <div class=\"tile__subtitle\">Naraven vir vlaknin<\/div>\n                                                                                                                    <div class=\"tile__price\">\n                                                                        od \u20ac 20,95                                <\/div>\n                                                                                        <a class=\"tile__button\" href=\"https:\/\/shop.omni-biotic.com\/sl-si\/products\/omni-logic-fibre-int-99121\">pojdi na izdelek<\/a>\n                                                    <\/div>\n                    <\/div>\n                                    <div class=\"swiper-slide\">\n                        <div class=\"tile\">\n                                                        <a href=\"https:\/\/shop.omni-biotic.com\/sl-si\/products\/omni-logic-immun-int-99119\">\n                                                                                                    <img decoding=\"async\" src=\"https:\/\/cdn.shopify.com\/s\/files\/1\/0611\/8198\/5020\/files\/omni-logic-immune-450-int_da251604-a0d9-4df3-8614-402b7d96b183.webp?v=1760346366\" alt=\"OMNi-LOGiC\u00ae IMMUNE\" class=\"tile__image\" title=\"\">\n                                                                                            <\/a>\n                                                                                    <div class=\"tile__headline\">OMNi-LOGiC\u00ae IMMUNE<\/div>\n                                                                                        <div class=\"tile__subtitle\">Zdravo \u010drevesje = Mo\u010dan imunski sistem<\/div>\n                                                                                                                    <div class=\"tile__price\">\n                                                                        od \u20ac 49,50                                <\/div>\n                                                                                        <a class=\"tile__button\" href=\"https:\/\/shop.omni-biotic.com\/sl-si\/products\/omni-logic-immun-int-99119\">pojdi na izdelek<\/a>\n                                                    <\/div>\n                    <\/div>\n                                    <div class=\"swiper-slide\">\n                        <div class=\"tile\">\n                                                        <a href=\"https:\/\/shop.omni-biotic.com\/sl-si\/products\/omni-logic-apfelpektin-int-99114\">\n                                                                                                    <img decoding=\"async\" src=\"https:\/\/cdn.shopify.com\/s\/files\/1\/0611\/8198\/5020\/files\/omni-logic-apple-pectin-84kps-int.webp?v=1760346360\" alt=\"OMNi-LOGiC\u00ae JABOL\u010cNI PEKTIN\" class=\"tile__image\" title=\"\">\n                                                                                            <\/a>\n                                                                                    <div class=\"tile__headline\">OMNi-LOGiC\u00ae JABOL\u010cNI PEKTIN<\/div>\n                                                                                        <div class=\"tile__subtitle\">S pomo\u010djo \u010drevesja do \u017eeljene telesne te\u017ee<\/div>\n                                                                                                                    <div class=\"tile__price\">\n                                                                        od \u20ac 25,95                                <\/div>\n                                                                                        <a class=\"tile__button\" href=\"https:\/\/shop.omni-biotic.com\/sl-si\/products\/omni-logic-apfelpektin-int-99114\">pojdi na izdelek<\/a>\n                                                    <\/div>\n                    <\/div>\n                                    <div class=\"swiper-slide\">\n                        <div class=\"tile\">\n                                                        <a href=\"https:\/\/shop.omni-biotic.com\/sl-si\/products\/omni-logic-plus-int-99120\">\n                                                                                                    <img decoding=\"async\" src=\"https:\/\/cdn.shopify.com\/s\/files\/1\/0611\/8198\/5020\/files\/omni-logic-plus-450g-int.webp?v=1760445032\" alt=\"OMNi-LOGiC\u00ae PLUS\" class=\"tile__image\" title=\"\">\n                                                                                            <\/a>\n                                                                                    <div class=\"tile__headline\">OMNi-LOGiC\u00ae PLUS<\/div>\n                                                                                        <div class=\"tile__subtitle\">Harmonija v va\u0161em \u010drevesju<\/div>\n                                                                                                                    <div class=\"tile__price\">\n                                                                        od \u20ac 49,50                                <\/div>\n                                                                                        <a class=\"tile__button\" href=\"https:\/\/shop.omni-biotic.com\/sl-si\/products\/omni-logic-plus-int-99120\">pojdi na izdelek<\/a>\n                                                    <\/div>\n                    <\/div>\n                            <\/div>\n        <\/div>\n    <\/div>\n\t\t\t\t<\/div>\n\t\t\t\t<\/div>\n\t\t\t\t\t<\/div>\n\t\t\t\t<\/div>\n\t\t<div class=\"elementor-element elementor-element-c315ea3 obcs none e-flex e-con-boxed e-con e-parent\" data-id=\"c315ea3\" data-element_type=\"container\">\n\t\t\t\t\t<div class=\"e-con-inner\">\n\t\t\t\t<div class=\"elementor-element elementor-element-34ee286 elementor-widget elementor-widget-heading\" data-id=\"34ee286\" data-element_type=\"widget\" data-widget_type=\"heading.default\">\n\t\t\t\t<div class=\"elementor-widget-container\">\n\t\t\t\t\t<span class=\"elementor-heading-title elementor-size-default\">Ostanite obve\u0161\u010deni!<\/span>\t\t\t\t<\/div>\n\t\t\t\t<\/div>\n\t\t\t\t<div class=\"elementor-element elementor-element-cdcc287 elementor-widget__width-inherit elementor-widget elementor-widget-heading\" data-id=\"cdcc287\" data-element_type=\"widget\" data-widget_type=\"heading.default\">\n\t\t\t\t<div class=\"elementor-widget-container\">\n\t\t\t\t\t<h2 class=\"elementor-heading-title elementor-size-default\">OMNi-BiOTiC\u00ae Blog<\/h2>\t\t\t\t<\/div>\n\t\t\t\t<\/div>\n\t\t\t\t<div class=\"elementor-element elementor-element-f202e41 elementor-widget elementor-widget-li-widgets--posts-gallery\" data-id=\"f202e41\" data-element_type=\"widget\" data-widget_type=\"li-widgets--posts-gallery.default\">\n\t\t\t\t<div class=\"elementor-widget-container\">\n\t\t\t\t\t    \n<div class=\"li-widgets--posts-gallery__pagination\" data-post-id=\"101\">\n\n    <div class=\"li-widgets--posts-gallery__pagination-results\">\n        1-6 od 167 rezultatov    <\/div>\n    <div class=\"li-widgets--posts-gallery__pagination-pages\">\n        Stran 1 od 28    <\/div>\n    <div class=\"li-widgets--posts-gallery__pagination-url\">\n                            <a href=\"#\" data-href=\"https:\/\/www.omni-biotic.com\/sl-si\/wp-json\/wp\/v2\/pages\/101\/?search&category=0&cur=1\">1<\/a>\n                    <a href=\"#\" data-href=\"https:\/\/www.omni-biotic.com\/sl-si\/wp-json\/wp\/v2\/pages\/101\/?search&category=0&cur=2\">2<\/a>\n                    <a href=\"#\" data-href=\"https:\/\/www.omni-biotic.com\/sl-si\/wp-json\/wp\/v2\/pages\/101\/?search&category=0&cur=3\">3<\/a>\n                            <a href=\"#\" data-href=\"https:\/\/www.omni-biotic.com\/sl-si\/wp-json\/wp\/v2\/pages\/101\/?search&category=0&cur=28\">\u00bb<\/a>\n            <\/div>\n<\/div>\n<div class=\"li-widgets--posts-gallery blog\">\n                    <a href=\"https:\/\/www.omni-biotic.com\/sl-si\/blog\/weight-gain-on-antibiotics\/\"\n           class=\"li-widgets--posts-gallery__post\">\n            <div class=\"post--image__container\">\n                <div class=\"post--image\">\n                    <img decoding=\"async\" width=\"700\" height=\"500\" src=\"https:\/\/www.omni-biotic.com\/sl-si\/wp-content\/uploads\/sites\/14\/2024\/03\/weightgain-antibiotics.jpg\" class=\"attachment-medium_large size-medium_large wp-post-image\" alt=\"\" srcset=\"https:\/\/www.omni-biotic.com\/sl-si\/wp-content\/uploads\/sites\/14\/2024\/03\/weightgain-antibiotics.jpg 700w, https:\/\/www.omni-biotic.com\/sl-si\/wp-content\/uploads\/sites\/14\/2024\/03\/weightgain-antibiotics-300x214.jpg 300w\" sizes=\"(max-width: 700px) 100vw, 700px\" title=\"\">                <\/div>\n            <\/div>\n            <div class=\"post--teaser\">\n                <div class=\"title\">Weight gain on antibiotics?<\/div>\n                <div class=\"description\">\n                    Antibiotiki? Antibiotics are a type of medication that act against bacteria and are therefore used\u2026                    <br>\n                    <span class=\"read-more\">\n                            Preberite ve\u010d                        <\/span>\n                <\/div>\n                <div class=\"metadata\"><b>Updated:<\/b> 3. februarja 2025 \u2022 <b>Kategorije:<\/b> Allgemein<\/div>\n            <\/div>\n        <\/a>\n                <a href=\"https:\/\/www.omni-biotic.com\/sl-si\/blog\/colonoscopy-the-microbiome\/\"\n           class=\"li-widgets--posts-gallery__post\">\n            <div class=\"post--image__container\">\n                <div class=\"post--image\">\n                    <img loading=\"lazy\" decoding=\"async\" width=\"768\" height=\"483\" src=\"https:\/\/www.omni-biotic.com\/sl-si\/wp-content\/uploads\/sites\/14\/2023\/06\/darmspiegelung-grafik-102022-768x483.jpg\" class=\"attachment-medium_large size-medium_large wp-post-image\" alt=\"colonoscopy digestive complaints\" srcset=\"https:\/\/www.omni-biotic.com\/sl-si\/wp-content\/uploads\/sites\/14\/2023\/06\/darmspiegelung-grafik-102022-768x483.jpg 768w, https:\/\/www.omni-biotic.com\/sl-si\/wp-content\/uploads\/sites\/14\/2023\/06\/darmspiegelung-grafik-102022-300x189.jpg 300w, https:\/\/www.omni-biotic.com\/sl-si\/wp-content\/uploads\/sites\/14\/2023\/06\/darmspiegelung-grafik-102022.jpg 800w\" sizes=\"(max-width: 768px) 100vw, 768px\" title=\"\">                <\/div>\n            <\/div>\n            <div class=\"post--teaser\">\n                <div class=\"title\">Colonoscopy &amp; The Microbiome<\/div>\n                <div class=\"description\">\n                    Colonoscopies are one of the most important preventive examinations to maintain our (intestinal) health and\u2026                    <br>\n                    <span class=\"read-more\">\n                            Preberite ve\u010d                        <\/span>\n                <\/div>\n                <div class=\"metadata\"><b>Updated:<\/b> 6. decembra 2023 \u2022 <b>Kategorije:<\/b> Research &amp; Development, Symptoms \u2022 <b>Avtor:<\/b> Thore Hansen<\/div>\n            <\/div>\n        <\/a>\n                <a href=\"https:\/\/www.omni-biotic.com\/sl-si\/blog\/omni-biotic-10-aad\/\"\n           class=\"li-widgets--posts-gallery__post\">\n            <div class=\"post--image__container\">\n                <div class=\"post--image\">\n                    <img loading=\"lazy\" decoding=\"async\" width=\"768\" height=\"768\" src=\"https:\/\/www.omni-biotic.com\/sl-si\/wp-content\/uploads\/sites\/14\/2023\/06\/ob-10-aad-instagram-08-1-scaled-1-scaled-1-768x768.jpg\" class=\"attachment-medium_large size-medium_large wp-post-image\" alt=\"\" srcset=\"https:\/\/www.omni-biotic.com\/sl-si\/wp-content\/uploads\/sites\/14\/2023\/06\/ob-10-aad-instagram-08-1-scaled-1-scaled-1-768x768.jpg 768w, https:\/\/www.omni-biotic.com\/sl-si\/wp-content\/uploads\/sites\/14\/2023\/06\/ob-10-aad-instagram-08-1-scaled-1-scaled-1-300x300.jpg 300w, https:\/\/www.omni-biotic.com\/sl-si\/wp-content\/uploads\/sites\/14\/2023\/06\/ob-10-aad-instagram-08-1-scaled-1-scaled-1-1024x1024.jpg 1024w, https:\/\/www.omni-biotic.com\/sl-si\/wp-content\/uploads\/sites\/14\/2023\/06\/ob-10-aad-instagram-08-1-scaled-1-scaled-1-150x150.jpg 150w, https:\/\/www.omni-biotic.com\/sl-si\/wp-content\/uploads\/sites\/14\/2023\/06\/ob-10-aad-instagram-08-1-scaled-1-scaled-1-1536x1536.jpg 1536w, https:\/\/www.omni-biotic.com\/sl-si\/wp-content\/uploads\/sites\/14\/2023\/06\/ob-10-aad-instagram-08-1-scaled-1-scaled-1-1920x1920.jpg 1920w, https:\/\/www.omni-biotic.com\/sl-si\/wp-content\/uploads\/sites\/14\/2023\/06\/ob-10-aad-instagram-08-1-scaled-1-scaled-1.jpg 2048w\" sizes=\"(max-width: 768px) 100vw, 768px\" title=\"\">                <\/div>\n            <\/div>\n            <div class=\"post--teaser\">\n                <div class=\"title\">OMNi-BiOTiC\u00ae 10 AAD<\/div>\n                <div class=\"description\">\n                    Been prescribed yet another course of antibiotics? Despite their use as a cure, antibiotics unleash\u2026                    <br>\n                    <span class=\"read-more\">\n                            Preberite ve\u010d                        <\/span>\n                <\/div>\n                <div class=\"metadata\"><b>Updated:<\/b> 22. oktobra 2024 \u2022 <b>Kategorije:<\/b> General, Research &amp; Development, Symptoms<\/div>\n            <\/div>\n        <\/a>\n                <a href=\"https:\/\/www.omni-biotic.com\/sl-si\/blog\/omni-biotic-6\/\"\n           class=\"li-widgets--posts-gallery__post\">\n            <div class=\"post--image__container\">\n                <div class=\"post--image\">\n                    <img loading=\"lazy\" decoding=\"async\" width=\"768\" height=\"1152\" src=\"https:\/\/www.omni-biotic.com\/sl-si\/wp-content\/uploads\/sites\/14\/2023\/06\/20230119-ob-6-03-int-768x1152.jpg\" class=\"attachment-medium_large size-medium_large wp-post-image\" alt=\"\" srcset=\"https:\/\/www.omni-biotic.com\/sl-si\/wp-content\/uploads\/sites\/14\/2023\/06\/20230119-ob-6-03-int-768x1152.jpg 768w, https:\/\/www.omni-biotic.com\/sl-si\/wp-content\/uploads\/sites\/14\/2023\/06\/20230119-ob-6-03-int-200x300.jpg 200w, https:\/\/www.omni-biotic.com\/sl-si\/wp-content\/uploads\/sites\/14\/2023\/06\/20230119-ob-6-03-int-683x1024.jpg 683w, https:\/\/www.omni-biotic.com\/sl-si\/wp-content\/uploads\/sites\/14\/2023\/06\/20230119-ob-6-03-int-1024x1536.jpg 1024w, https:\/\/www.omni-biotic.com\/sl-si\/wp-content\/uploads\/sites\/14\/2023\/06\/20230119-ob-6-03-int.jpg 1280w\" sizes=\"(max-width: 768px) 100vw, 768px\" title=\"\">                <\/div>\n            <\/div>\n            <div class=\"post--teaser\">\n                <div class=\"title\">OMNi-BiOTiC\u00ae 6<\/div>\n                <div class=\"description\">\n                    Looking to simplify your daily supplement routine? Discover the connection between your gut, immune system\u2026                    <br>\n                    <span class=\"read-more\">\n                            Preberite ve\u010d                        <\/span>\n                <\/div>\n                <div class=\"metadata\"><b>Updated:<\/b> 13. oktobra 2023 \u2022 <b>Kategorije:<\/b> General, Research &amp; Development, Symptoms<\/div>\n            <\/div>\n        <\/a>\n                <a href=\"https:\/\/www.omni-biotic.com\/sl-si\/blog\/stress-repair\/\"\n           class=\"li-widgets--posts-gallery__post\">\n            <div class=\"post--image__container\">\n                <div class=\"post--image\">\n                    <img loading=\"lazy\" decoding=\"async\" width=\"768\" height=\"768\" src=\"https:\/\/www.omni-biotic.com\/sl-si\/wp-content\/uploads\/sites\/14\/2023\/06\/omnibiotic-stress-repair-psychobiotic-supplement-scaled-1-scaled-1-768x768.jpg\" class=\"attachment-medium_large size-medium_large wp-post-image\" alt=\"omnibiotic stress repair probiotic supplement\" srcset=\"https:\/\/www.omni-biotic.com\/sl-si\/wp-content\/uploads\/sites\/14\/2023\/06\/omnibiotic-stress-repair-psychobiotic-supplement-scaled-1-scaled-1-768x768.jpg 768w, https:\/\/www.omni-biotic.com\/sl-si\/wp-content\/uploads\/sites\/14\/2023\/06\/omnibiotic-stress-repair-psychobiotic-supplement-scaled-1-scaled-1-300x300.jpg 300w, https:\/\/www.omni-biotic.com\/sl-si\/wp-content\/uploads\/sites\/14\/2023\/06\/omnibiotic-stress-repair-psychobiotic-supplement-scaled-1-scaled-1-1024x1024.jpg 1024w, https:\/\/www.omni-biotic.com\/sl-si\/wp-content\/uploads\/sites\/14\/2023\/06\/omnibiotic-stress-repair-psychobiotic-supplement-scaled-1-scaled-1-150x150.jpg 150w, https:\/\/www.omni-biotic.com\/sl-si\/wp-content\/uploads\/sites\/14\/2023\/06\/omnibiotic-stress-repair-psychobiotic-supplement-scaled-1-scaled-1-1536x1536.jpg 1536w, https:\/\/www.omni-biotic.com\/sl-si\/wp-content\/uploads\/sites\/14\/2023\/06\/omnibiotic-stress-repair-psychobiotic-supplement-scaled-1-scaled-1-1920x1920.jpg 1920w, https:\/\/www.omni-biotic.com\/sl-si\/wp-content\/uploads\/sites\/14\/2023\/06\/omnibiotic-stress-repair-psychobiotic-supplement-scaled-1-scaled-1.jpg 2048w\" sizes=\"(max-width: 768px) 100vw, 768px\" title=\"\">                <\/div>\n            <\/div>\n            <div class=\"post--teaser\">\n                <div class=\"title\">OMNi-BiOTiC\u00ae STRESS Repair<\/div>\n                <div class=\"description\">\n                    Stress and anxiety causing you some tummy troubles? There is a reason for that! Discover\u2026                    <br>\n                    <span class=\"read-more\">\n                            Preberite ve\u010d                        <\/span>\n                <\/div>\n                <div class=\"metadata\"><b>Updated:<\/b> 28. avgusta 2023 \u2022 <b>Kategorije:<\/b> General, Research &amp; Development, Symptoms \u2022 <b>Avtor:<\/b> Katie Gough<\/div>\n            <\/div>\n        <\/a>\n                <a href=\"https:\/\/www.omni-biotic.com\/sl-si\/blog\/spermidine-fountain-of-youth-use-and-benefits\/\"\n           class=\"li-widgets--posts-gallery__post\">\n            <div class=\"post--image__container\">\n                <div class=\"post--image\">\n                    <img loading=\"lazy\" decoding=\"async\" width=\"768\" height=\"512\" src=\"https:\/\/www.omni-biotic.com\/sl-si\/wp-content\/uploads\/sites\/14\/2023\/06\/weizen-spermidin-quelle-800x600-1-1-768x512.jpg\" class=\"attachment-medium_large size-medium_large wp-post-image\" alt=\"weizenkeime spermidin quelle\" srcset=\"https:\/\/www.omni-biotic.com\/sl-si\/wp-content\/uploads\/sites\/14\/2023\/06\/weizen-spermidin-quelle-800x600-1-1-768x512.jpg 768w, https:\/\/www.omni-biotic.com\/sl-si\/wp-content\/uploads\/sites\/14\/2023\/06\/weizen-spermidin-quelle-800x600-1-1-300x200.jpg 300w, https:\/\/www.omni-biotic.com\/sl-si\/wp-content\/uploads\/sites\/14\/2023\/06\/weizen-spermidin-quelle-800x600-1-1.jpg 800w\" sizes=\"(max-width: 768px) 100vw, 768px\" title=\"\">                <\/div>\n            <\/div>\n            <div class=\"post--teaser\">\n                <div class=\"title\">Spermidine \u2013 The \u201cfountain of youth\u201d for your cells \u2013 Use and Benefits<\/div>\n                <div class=\"description\">\n                    As an effective activator of autophagy, a renewal process of the cells, spermidine is considered\u2026                    <br>\n                    <span class=\"read-more\">\n                            Preberite ve\u010d                        <\/span>\n                <\/div>\n                <div class=\"metadata\"><b>Updated:<\/b> 21. septembra 2023 \u2022 <b>Kategorije:<\/b> Research &amp; Development<\/div>\n            <\/div>\n        <\/a>\n            <\/div>\n\t\t\t\t<\/div>\n\t\t\t\t<\/div>\n\t\t\t\t\t<\/div>\n\t\t\t\t<\/div>\n\t\t\t\t<\/div>\n\t\t","protected":false},"excerpt":{"rendered":"<p>OMNi-LOGiC\u00ae \u010crevesje je center na\u0161ega zdravja: na milijarde \u010drevesnih bakterij vsak dan poskrbi za optimalno delovanje prebave in mo\u010dan imunski sistem. Da bi se te koristne pomo\u010dnice po\u010dutile kot doma in opravljale vse svoje pomembne naloge, potrebujejo kot vir hrane posebne prehranske vlaknine, kot so tiste, ki jih vsebujejo prebiotiki. Home &#8220;Najljub\u0161a hrana&#8221; za koristne [&hellip;]<\/p>\n","protected":false},"author":3,"featured_media":0,"parent":97,"menu_order":190,"comment_status":"closed","ping_status":"closed","template":"","meta":{"_acf_changed":false,"inline_featured_image":false,"footnotes":""},"class_list":["post-101","page","type-page","status-publish","hentry"],"acf":[],"_links":{"self":[{"href":"https:\/\/www.omni-biotic.com\/sl-si\/wp-json\/wp\/v2\/pages\/101","targetHints":{"allow":["GET"]}}],"collection":[{"href":"https:\/\/www.omni-biotic.com\/sl-si\/wp-json\/wp\/v2\/pages"}],"about":[{"href":"https:\/\/www.omni-biotic.com\/sl-si\/wp-json\/wp\/v2\/types\/page"}],"author":[{"embeddable":true,"href":"https:\/\/www.omni-biotic.com\/sl-si\/wp-json\/wp\/v2\/users\/3"}],"replies":[{"embeddable":true,"href":"https:\/\/www.omni-biotic.com\/sl-si\/wp-json\/wp\/v2\/comments?post=101"}],"version-history":[{"count":7,"href":"https:\/\/www.omni-biotic.com\/sl-si\/wp-json\/wp\/v2\/pages\/101\/revisions"}],"predecessor-version":[{"id":18816,"href":"https:\/\/www.omni-biotic.com\/sl-si\/wp-json\/wp\/v2\/pages\/101\/revisions\/18816"}],"up":[{"embeddable":true,"href":"https:\/\/www.omni-biotic.com\/sl-si\/wp-json\/wp\/v2\/pages\/97"}],"wp:attachment":[{"href":"https:\/\/www.omni-biotic.com\/sl-si\/wp-json\/wp\/v2\/media?parent=101"}],"curies":[{"name":"wp","href":"https:\/\/api.w.org\/{rel}","templated":true}]}}