{"id":15579,"date":"2023-07-10T09:37:24","date_gmt":"2023-07-10T07:37:24","guid":{"rendered":"https:\/\/www.omni-biotic.com\/en-eu\/?page_id=15579"},"modified":"2025-01-15T13:48:23","modified_gmt":"2025-01-15T12:48:23","slug":"zdravje-crevesja","status":"publish","type":"page","link":"https:\/\/www.omni-biotic.com\/sl-si\/zdravje-crevesja\/","title":{"rendered":"Zdravje-\u010crevesja"},"content":{"rendered":"\t\t<div data-elementor-type=\"wp-page\" data-elementor-id=\"15579\" class=\"elementor elementor-15579\" data-elementor-post-type=\"page\">\n\t\t\t\t<div class=\"elementor-element elementor-element-ba5414f e-con-full obcs yellow e-flex e-con e-parent\" data-id=\"ba5414f\" data-element_type=\"container\" data-settings=\"{&quot;background_background&quot;:&quot;gradient&quot;,&quot;shape_divider_bottom&quot;:&quot;waves&quot;}\">\n\t\t\t\t<div class=\"elementor-shape elementor-shape-bottom\" aria-hidden=\"true\" data-negative=\"false\">\n\t\t\t<svg xmlns=\"http:\/\/www.w3.org\/2000\/svg\" viewBox=\"0 0 1000 100\" preserveAspectRatio=\"none\">\n\t<path class=\"elementor-shape-fill\" d=\"M421.9,6.5c22.6-2.5,51.5,0.4,75.5,5.3c23.6,4.9,70.9,23.5,100.5,35.7c75.8,32.2,133.7,44.5,192.6,49.7\n\tc23.6,2.1,48.7,3.5,103.4-2.5c54.7-6,106.2-25.6,106.2-25.6V0H0v30.3c0,0,72,32.6,158.4,30.5c39.2-0.7,92.8-6.7,134-22.4\n\tc21.2-8.1,52.2-18.2,79.7-24.2C399.3,7.9,411.6,7.5,421.9,6.5z\"\/>\n<\/svg>\t\t<\/div>\n\t\t\t\t<div class=\"elementor-element elementor-element-e7a31ac elementor-absolute elementor-hidden-mobile elementor-align-center elementor-widget elementor-widget-lottie\" data-id=\"e7a31ac\" data-element_type=\"widget\" data-settings=\"{&quot;source_json&quot;:{&quot;url&quot;:&quot;https:\\\/\\\/www.omni-biotic.com\\\/en-eu\\\/wp-content\\\/uploads\\\/sites\\\/3\\\/2022\\\/08\\\/lf30_editor_s5uwdgjh.json&quot;,&quot;id&quot;:&quot;7733&quot;,&quot;size&quot;:&quot;&quot;,&quot;alt&quot;:&quot;&quot;,&quot;source&quot;:&quot;library&quot;},&quot;loop&quot;:&quot;yes&quot;,&quot;play_speed&quot;:{&quot;unit&quot;:&quot;px&quot;,&quot;size&quot;:&quot;0.3&quot;,&quot;sizes&quot;:[]},&quot;_position&quot;:&quot;absolute&quot;,&quot;source&quot;:&quot;media_file&quot;,&quot;caption_source&quot;:&quot;none&quot;,&quot;link_to&quot;:&quot;none&quot;,&quot;trigger&quot;:&quot;arriving_to_viewport&quot;,&quot;viewport&quot;:{&quot;unit&quot;:&quot;%&quot;,&quot;size&quot;:&quot;&quot;,&quot;sizes&quot;:{&quot;start&quot;:0,&quot;end&quot;:100}},&quot;start_point&quot;:{&quot;unit&quot;:&quot;%&quot;,&quot;size&quot;:0,&quot;sizes&quot;:[]},&quot;end_point&quot;:{&quot;unit&quot;:&quot;%&quot;,&quot;size&quot;:100,&quot;sizes&quot;:[]},&quot;renderer&quot;:&quot;svg&quot;}\" data-widget_type=\"lottie.default\">\n\t\t\t\t<div class=\"elementor-widget-container\">\n\t\t\t\t\t<div class=\"e-lottie__container\"><div class=\"e-lottie__animation\"><\/div><\/div>\t\t\t\t<\/div>\n\t\t\t\t<\/div>\n\t\t<div class=\"elementor-element elementor-element-9fc4738 e-con-full obcs green e-flex e-con e-child\" data-id=\"9fc4738\" data-element_type=\"container\" data-settings=\"{&quot;background_background&quot;:&quot;gradient&quot;}\">\n\t\t\t\t<div class=\"elementor-element elementor-element-c2d7637 elementor-widget elementor-widget-heading\" data-id=\"c2d7637\" data-element_type=\"widget\" data-widget_type=\"heading.default\">\n\t\t\t\t<div class=\"elementor-widget-container\">\n\t\t\t\t\t<h1 class=\"elementor-heading-title elementor-size-default\">Zdravje \u010drevesja<\/h1>\t\t\t\t<\/div>\n\t\t\t\t<\/div>\n\t\t\t\t<div class=\"elementor-element elementor-element-5902e62 elementor-widget-divider--view-line elementor-widget elementor-widget-divider\" data-id=\"5902e62\" data-element_type=\"widget\" data-widget_type=\"divider.default\">\n\t\t\t\t<div class=\"elementor-widget-container\">\n\t\t\t\t\t\t\t<div class=\"elementor-divider\">\n\t\t\t<span class=\"elementor-divider-separator\">\n\t\t\t\t\t\t<\/span>\n\t\t<\/div>\n\t\t\t\t\t\t<\/div>\n\t\t\t\t<\/div>\n\t\t\t\t<div class=\"elementor-element elementor-element-19363ed elementor-widget elementor-widget-text-editor\" data-id=\"19363ed\" data-element_type=\"widget\" data-widget_type=\"text-editor.default\">\n\t\t\t\t<div class=\"elementor-widget-container\">\n\t\t\t\t\t\t\t\t\t<p>Zdravo \u010drevesje je klju\u010dno za na\u0161e zdravje. Ne samo, da prebavlja hrano, ki jo zau\u017eijemo, ampak vpliva tudi na \u0161tevilne telesne procese, od glave do pet. Ko \u010drevesje ne deluje pravilno, to vpliva na celotno telo. Izbira zdravega \u017eivljenjskega sloga ima pomemben vpliv na zdravje in dobro po\u010dutje \u010drevesja.<\/p>\t\t\t\t\t\t\t\t<\/div>\n\t\t\t\t<\/div>\n\t\t\t\t<\/div>\n\t\t\t\t<\/div>\n\t\t<div class=\"elementor-element elementor-element-1712f4d obcs none e-flex e-con-boxed e-con e-parent\" data-id=\"1712f4d\" data-element_type=\"container\">\n\t\t\t\t\t<div class=\"e-con-inner\">\n\t\t<div class=\"elementor-element elementor-element-47ee786 obcs none e-flex e-con-boxed e-con e-child\" data-id=\"47ee786\" data-element_type=\"container\">\n\t\t\t\t\t<div class=\"e-con-inner\">\n\t\t<div class=\"elementor-element elementor-element-264adee e-con-full obcs none e-flex e-con e-child\" data-id=\"264adee\" data-element_type=\"container\">\n\t\t\t\t<\/div>\n\t\t<div class=\"elementor-element elementor-element-777cdb7 e-con-full obcs none e-flex e-con e-child\" data-id=\"777cdb7\" data-element_type=\"container\">\n\t\t\t\t<div class=\"elementor-element elementor-element-ce7226a elementor-toc--minimized-on-desktop elementor-widget elementor-widget-table-of-contents\" data-id=\"ce7226a\" data-element_type=\"widget\" data-settings=\"{&quot;exclude_headings_by_selector&quot;:[],&quot;minimized_on&quot;:&quot;desktop&quot;,&quot;_animation&quot;:&quot;none&quot;,&quot;no_headings_message&quot;:&quot;No headings were found on this page.&quot;,&quot;headings_by_tags&quot;:[&quot;h2&quot;,&quot;h3&quot;,&quot;h4&quot;,&quot;h5&quot;,&quot;h6&quot;],&quot;marker_view&quot;:&quot;numbers&quot;,&quot;minimize_box&quot;:&quot;yes&quot;,&quot;hierarchical_view&quot;:&quot;yes&quot;,&quot;min_height&quot;:{&quot;unit&quot;:&quot;px&quot;,&quot;size&quot;:&quot;&quot;,&quot;sizes&quot;:[]},&quot;min_height_tablet&quot;:{&quot;unit&quot;:&quot;px&quot;,&quot;size&quot;:&quot;&quot;,&quot;sizes&quot;:[]},&quot;min_height_mobile&quot;:{&quot;unit&quot;:&quot;px&quot;,&quot;size&quot;:&quot;&quot;,&quot;sizes&quot;:[]}}\" data-widget_type=\"table-of-contents.default\">\n\t\t\t\t<div class=\"elementor-widget-container\">\n\t\t\t\t\t\t\t\t\t<div class=\"elementor-toc__header\">\n\t\t\t\t\t\t<h4 class=\"elementor-toc__header-title\">\n\t\t\t\tContents\t\t\t<\/h4>\n\t\t\t\t\t\t\t\t\t\t<div class=\"elementor-toc__toggle-button elementor-toc__toggle-button--expand\" role=\"button\" tabindex=\"0\" aria-controls=\"elementor-toc__ce7226a\" aria-expanded=\"true\" aria-label=\"Open table of contents\"><i aria-hidden=\"true\" class=\"fas fa-chevron-down\"><\/i><\/div>\n\t\t\t\t<div class=\"elementor-toc__toggle-button elementor-toc__toggle-button--collapse\" role=\"button\" tabindex=\"0\" aria-controls=\"elementor-toc__ce7226a\" aria-expanded=\"true\" aria-label=\"Close table of contents\"><i aria-hidden=\"true\" class=\"fas fa-chevron-up\"><\/i><\/div>\n\t\t\t\t\t<\/div>\n\t\t\t\t<div id=\"elementor-toc__ce7226a\" class=\"elementor-toc__body\">\n\t\t\t<div class=\"elementor-toc__spinner-container\">\n\t\t\t\t<i class=\"elementor-toc__spinner eicon-animation-spin eicon-loading\" aria-hidden=\"true\"><\/i>\t\t\t<\/div>\n\t\t<\/div>\n\t\t\t\t\t\t<\/div>\n\t\t\t\t<\/div>\n\t\t\t\t<\/div>\n\t\t\t\t\t<\/div>\n\t\t\t\t<\/div>\n\t\t\t\t\t<\/div>\n\t\t\t\t<\/div>\n\t\t<div class=\"elementor-element elementor-element-c3430b0 obcs none e-flex e-con-boxed e-con e-parent\" data-id=\"c3430b0\" data-element_type=\"container\">\n\t\t\t\t\t<div class=\"e-con-inner\">\n\t\t<div class=\"elementor-element elementor-element-9b3c5ba e-con-full obcs none e-flex e-con e-child\" data-id=\"9b3c5ba\" data-element_type=\"container\">\n\t\t\t\t<div class=\"elementor-element elementor-element-057ce0b elementor-widget__width-initial elementor-widget elementor-widget-text-editor\" data-id=\"057ce0b\" data-element_type=\"widget\" data-widget_type=\"text-editor.default\">\n\t\t\t\t<div class=\"elementor-widget-container\">\n\t\t\t\t\t\t\t\t\t<p>\u010crevesje predstavlja najve\u010dje sti\u010di\u0161\u010de na\u0161ega telesa z zunanjim svetom. Vse, kar zau\u017eijemo-bodisi teko\u010de ali trdno, koristno ali potencialno \u0161kodljivo, potuje skozi ustno votlino, po\u017eiralnik, \u017eelodec in na koncu dose\u017ee <strong>\u010drevesje<\/strong>. <strong>Prebavni sistem <\/strong>v \u010dlove\u0161kem \u017eivljenju predela pribli\u017eno <strong>40 ton<\/strong> hrane in pribli\u017eno <strong>60.000 litrov teko\u010din<\/strong>. V debelem \u010drevesju osupljivo \u0161tevilo milijard razli\u010dnih mikroorganizmov sodeluje pri absorpciji bistvenih hranil in \u017eivljenjsko pomembnih snovi. To zbirka \u010drevesnih bakterij se strokovno imenuje <strong>\u010drevesna flora<\/strong> ali \u010drevesna mikrobiota.<\/p><p>V sklopu naravnega procesa se odpadne snovi in neuporabni produkti izlo\u010dijo iz telesa v obliki blata skozi zadnjik. \u0160kodljive snovi pa prehajajo skozi tanko \u010drevo in portalno veno do jeter, ki delujejo kot &#8220;razstrupljevalni center&#8221;\u00a0telesa, kjer se te snovi razgradijo.<\/p><p>V idealnem <strong>prebavnem procesu<\/strong> ta zapleten sistem deluje brezhibno, vendar lahko razli\u010dni dejavniki ogrozijo delovanje \u010drevesja in jeter. <strong>Nezdrave prehranjevalne navade<\/strong>, kot sta pretirano <strong>u\u017eivanje sladkorja<\/strong> in odvisnost od predelane hrane, skupaj s \u0161kodljivimi vplivi okolja in nekaterimi <strong>zdravili (npr. antibiotiki)<\/strong> lahko zmotijo nemoteno delovanje <strong>prebavnega sistema<\/strong>, kar vodi do te\u017eav in manj\u0161e u\u010dinkovitosti.<\/p>\t\t\t\t\t\t\t\t<\/div>\n\t\t\t\t<\/div>\n\t\t\t\t<\/div>\n\t\t\t\t\t<\/div>\n\t\t\t\t<\/div>\n\t\t<div class=\"elementor-element elementor-element-dd7ced0 obcs green e-flex e-con-boxed e-con e-parent\" data-id=\"dd7ced0\" data-element_type=\"container\">\n\t\t\t\t\t<div class=\"e-con-inner\">\n\t\t<div class=\"elementor-element elementor-element-1925f73 e-con-full obcs none e-flex e-con e-child\" data-id=\"1925f73\" data-element_type=\"container\">\n\t\t\t\t<div class=\"elementor-element elementor-element-246a39c elementor-widget elementor-widget-heading\" data-id=\"246a39c\" data-element_type=\"widget\" data-widget_type=\"heading.default\">\n\t\t\t\t<div class=\"elementor-widget-container\">\n\t\t\t\t\t<h3 class=\"elementor-heading-title elementor-size-default\">Sredi\u0161\u010de na\u0161ega zdravja<\/h3>\t\t\t\t<\/div>\n\t\t\t\t<\/div>\n\t\t\t\t<div class=\"elementor-element elementor-element-3905380 e-transform elementor-widget elementor-widget-image\" data-id=\"3905380\" data-element_type=\"widget\" data-settings=\"{&quot;_transform_translateY_effect_hover&quot;:{&quot;unit&quot;:&quot;px&quot;,&quot;size&quot;:&quot;-20&quot;,&quot;sizes&quot;:[]},&quot;_transform_translateX_effect_hover&quot;:{&quot;unit&quot;:&quot;px&quot;,&quot;size&quot;:&quot;&quot;,&quot;sizes&quot;:[]},&quot;_transform_translateX_effect_hover_tablet&quot;:{&quot;unit&quot;:&quot;px&quot;,&quot;size&quot;:&quot;&quot;,&quot;sizes&quot;:[]},&quot;_transform_translateX_effect_hover_mobile&quot;:{&quot;unit&quot;:&quot;px&quot;,&quot;size&quot;:&quot;&quot;,&quot;sizes&quot;:[]},&quot;_transform_translateY_effect_hover_tablet&quot;:{&quot;unit&quot;:&quot;px&quot;,&quot;size&quot;:&quot;&quot;,&quot;sizes&quot;:[]},&quot;_transform_translateY_effect_hover_mobile&quot;:{&quot;unit&quot;:&quot;px&quot;,&quot;size&quot;:&quot;&quot;,&quot;sizes&quot;:[]}}\" data-widget_type=\"image.default\">\n\t\t\t\t<div class=\"elementor-widget-container\">\n\t\t\t\t\t\t\t\t\t\t\t\t\t\t\t\t<a href=\"https:\/\/www.omni-biotic.com\/sl-si\/zdravje-crevesja\/sredisce-vasega-zdravja\/\">\n\t\t\t\t\t\t\t<img fetchpriority=\"high\" decoding=\"async\" width=\"800\" height=\"800\" src=\"https:\/\/www.omni-biotic.com\/sl-si\/wp-content\/uploads\/sites\/14\/2023\/07\/gut-health-centre-of-health.jpg\" class=\"attachment-large size-large wp-image-15836\" alt=\"gut health centre of health\" srcset=\"https:\/\/www.omni-biotic.com\/sl-si\/wp-content\/uploads\/sites\/14\/2023\/07\/gut-health-centre-of-health.jpg 1024w, https:\/\/www.omni-biotic.com\/sl-si\/wp-content\/uploads\/sites\/14\/2023\/07\/gut-health-centre-of-health-300x300.jpg 300w, https:\/\/www.omni-biotic.com\/sl-si\/wp-content\/uploads\/sites\/14\/2023\/07\/gut-health-centre-of-health-150x150.jpg 150w, https:\/\/www.omni-biotic.com\/sl-si\/wp-content\/uploads\/sites\/14\/2023\/07\/gut-health-centre-of-health-768x768.jpg 768w\" sizes=\"(max-width: 800px) 100vw, 800px\" title=\"\">\t\t\t\t\t\t\t\t<\/a>\n\t\t\t\t\t\t\t\t\t\t\t\t\t\t\t<\/div>\n\t\t\t\t<\/div>\n\t\t\t\t<div class=\"elementor-element elementor-element-c607ddb elementor-widget elementor-widget-text-editor\" data-id=\"c607ddb\" data-element_type=\"widget\" data-widget_type=\"text-editor.default\">\n\t\t\t\t<div class=\"elementor-widget-container\">\n\t\t\t\t\t\t\t\t\t<p style=\"text-align: center\">Probiotiki, prebiotiki, \u010drevesne bakterije, \u010drevesni mikrobiom, \u010drevesna flora itd.<\/p>\t\t\t\t\t\t\t\t<\/div>\n\t\t\t\t<\/div>\n\t\t\t\t<\/div>\n\t\t<div class=\"elementor-element elementor-element-bd16188 e-con-full obcs none e-flex e-con e-child\" data-id=\"bd16188\" data-element_type=\"container\">\n\t\t\t\t<div class=\"elementor-element elementor-element-377c8e9 elementor-widget elementor-widget-heading\" data-id=\"377c8e9\" data-element_type=\"widget\" data-widget_type=\"heading.default\">\n\t\t\t\t<div class=\"elementor-widget-container\">\n\t\t\t\t\t<h3 class=\"elementor-heading-title elementor-size-default\">Povezave z zdravjem \u010drevesja<\/h3>\t\t\t\t<\/div>\n\t\t\t\t<\/div>\n\t\t\t\t<div class=\"elementor-element elementor-element-3af3ff6 e-transform elementor-widget elementor-widget-image\" data-id=\"3af3ff6\" data-element_type=\"widget\" data-settings=\"{&quot;_transform_translateY_effect_hover&quot;:{&quot;unit&quot;:&quot;px&quot;,&quot;size&quot;:&quot;-20&quot;,&quot;sizes&quot;:[]},&quot;_transform_translateX_effect_hover&quot;:{&quot;unit&quot;:&quot;px&quot;,&quot;size&quot;:&quot;&quot;,&quot;sizes&quot;:[]},&quot;_transform_translateX_effect_hover_tablet&quot;:{&quot;unit&quot;:&quot;px&quot;,&quot;size&quot;:&quot;&quot;,&quot;sizes&quot;:[]},&quot;_transform_translateX_effect_hover_mobile&quot;:{&quot;unit&quot;:&quot;px&quot;,&quot;size&quot;:&quot;&quot;,&quot;sizes&quot;:[]},&quot;_transform_translateY_effect_hover_tablet&quot;:{&quot;unit&quot;:&quot;px&quot;,&quot;size&quot;:&quot;&quot;,&quot;sizes&quot;:[]},&quot;_transform_translateY_effect_hover_mobile&quot;:{&quot;unit&quot;:&quot;px&quot;,&quot;size&quot;:&quot;&quot;,&quot;sizes&quot;:[]}}\" data-widget_type=\"image.default\">\n\t\t\t\t<div class=\"elementor-widget-container\">\n\t\t\t\t\t\t\t\t\t\t\t\t\t\t\t\t<a href=\"https:\/\/www.omni-biotic.com\/sl-si\/povezava-med-zdravjem-in-crevesjem\/\">\n\t\t\t\t\t\t\t<img decoding=\"async\" width=\"800\" height=\"800\" src=\"https:\/\/www.omni-biotic.com\/sl-si\/wp-content\/uploads\/sites\/14\/2023\/07\/gut-health-connections-immune-system-vaginal-flora.jpg\" class=\"attachment-large size-large wp-image-15837\" alt=\"gut health connections immune system vaginal flora\" srcset=\"https:\/\/www.omni-biotic.com\/sl-si\/wp-content\/uploads\/sites\/14\/2023\/07\/gut-health-connections-immune-system-vaginal-flora.jpg 1024w, https:\/\/www.omni-biotic.com\/sl-si\/wp-content\/uploads\/sites\/14\/2023\/07\/gut-health-connections-immune-system-vaginal-flora-300x300.jpg 300w, https:\/\/www.omni-biotic.com\/sl-si\/wp-content\/uploads\/sites\/14\/2023\/07\/gut-health-connections-immune-system-vaginal-flora-150x150.jpg 150w, https:\/\/www.omni-biotic.com\/sl-si\/wp-content\/uploads\/sites\/14\/2023\/07\/gut-health-connections-immune-system-vaginal-flora-768x768.jpg 768w\" sizes=\"(max-width: 800px) 100vw, 800px\" title=\"\">\t\t\t\t\t\t\t\t<\/a>\n\t\t\t\t\t\t\t\t\t\t\t\t\t\t\t<\/div>\n\t\t\t\t<\/div>\n\t\t\t\t<div class=\"elementor-element elementor-element-5a679ea elementor-widget elementor-widget-text-editor\" data-id=\"5a679ea\" data-element_type=\"widget\" data-widget_type=\"text-editor.default\">\n\t\t\t\t<div class=\"elementor-widget-container\">\n\t\t\t\t\t\t\t\t\t<p style=\"text-align: center\">Ve\u010d o imunskem sistemu, vaginalni flori, ustnem mikrobiomu itd<\/p>\t\t\t\t\t\t\t\t<\/div>\n\t\t\t\t<\/div>\n\t\t\t\t<\/div>\n\t\t\t\t\t<\/div>\n\t\t\t\t<\/div>\n\t\t<div class=\"elementor-element elementor-element-d86ed4c obcs none e-flex e-con-boxed e-con e-parent\" data-id=\"d86ed4c\" data-element_type=\"container\" data-settings=\"{&quot;background_background&quot;:&quot;classic&quot;,&quot;shape_divider_top&quot;:&quot;waves&quot;,&quot;shape_divider_bottom&quot;:&quot;waves&quot;}\">\n\t\t\t\t\t<div class=\"e-con-inner\">\n\t\t\t\t<div class=\"elementor-shape elementor-shape-top\" aria-hidden=\"true\" data-negative=\"false\">\n\t\t\t<svg xmlns=\"http:\/\/www.w3.org\/2000\/svg\" viewBox=\"0 0 1000 100\" preserveAspectRatio=\"none\">\n\t<path class=\"elementor-shape-fill\" d=\"M421.9,6.5c22.6-2.5,51.5,0.4,75.5,5.3c23.6,4.9,70.9,23.5,100.5,35.7c75.8,32.2,133.7,44.5,192.6,49.7\n\tc23.6,2.1,48.7,3.5,103.4-2.5c54.7-6,106.2-25.6,106.2-25.6V0H0v30.3c0,0,72,32.6,158.4,30.5c39.2-0.7,92.8-6.7,134-22.4\n\tc21.2-8.1,52.2-18.2,79.7-24.2C399.3,7.9,411.6,7.5,421.9,6.5z\"\/>\n<\/svg>\t\t<\/div>\n\t\t\t\t<div class=\"elementor-shape elementor-shape-bottom\" aria-hidden=\"true\" data-negative=\"false\">\n\t\t\t<svg xmlns=\"http:\/\/www.w3.org\/2000\/svg\" viewBox=\"0 0 1000 100\" preserveAspectRatio=\"none\">\n\t<path class=\"elementor-shape-fill\" d=\"M421.9,6.5c22.6-2.5,51.5,0.4,75.5,5.3c23.6,4.9,70.9,23.5,100.5,35.7c75.8,32.2,133.7,44.5,192.6,49.7\n\tc23.6,2.1,48.7,3.5,103.4-2.5c54.7-6,106.2-25.6,106.2-25.6V0H0v30.3c0,0,72,32.6,158.4,30.5c39.2-0.7,92.8-6.7,134-22.4\n\tc21.2-8.1,52.2-18.2,79.7-24.2C399.3,7.9,411.6,7.5,421.9,6.5z\"\/>\n<\/svg>\t\t<\/div>\n\t\t<div class=\"elementor-element elementor-element-678f60b e-con-full obcs none e-flex e-con e-child\" data-id=\"678f60b\" data-element_type=\"container\">\n\t\t\t\t<div class=\"elementor-element elementor-element-ace5dc2 elementor-widget elementor-widget-heading\" data-id=\"ace5dc2\" data-element_type=\"widget\" data-widget_type=\"heading.default\">\n\t\t\t\t<div class=\"elementor-widget-container\">\n\t\t\t\t\t<h3 class=\"elementor-heading-title elementor-size-default\">Kateri izdelek je primeren za Vas?<\/h3>\t\t\t\t<\/div>\n\t\t\t\t<\/div>\n\t\t\t\t<div class=\"elementor-element elementor-element-1eb87fa elementor-widget elementor-widget-heading\" data-id=\"1eb87fa\" data-element_type=\"widget\" data-widget_type=\"heading.default\">\n\t\t\t\t<div class=\"elementor-widget-container\">\n\t\t\t\t\t<h2 class=\"elementor-heading-title elementor-size-default\">OMNi-BiOTiC\u00ae Strokovno svetovanje<\/h2>\t\t\t\t<\/div>\n\t\t\t\t<\/div>\n\t\t\t\t<div class=\"elementor-element elementor-element-0d1f0d7 elementor-widget-divider--view-line elementor-widget elementor-widget-divider\" data-id=\"0d1f0d7\" data-element_type=\"widget\" data-widget_type=\"divider.default\">\n\t\t\t\t<div class=\"elementor-widget-container\">\n\t\t\t\t\t\t\t<div class=\"elementor-divider\">\n\t\t\t<span class=\"elementor-divider-separator\">\n\t\t\t\t\t\t<\/span>\n\t\t<\/div>\n\t\t\t\t\t\t<\/div>\n\t\t\t\t<\/div>\n\t\t\t\t<div class=\"elementor-element elementor-element-42ee0aa elementor-widget elementor-widget-text-editor\" data-id=\"42ee0aa\" data-element_type=\"widget\" data-widget_type=\"text-editor.default\">\n\t\t\t\t<div class=\"elementor-widget-container\">\n\t\t\t\t\t\t\t\t\t<p>I\u0161\u010dete pravi ve\u010dsevni probiotik za svoje te\u017eave? Ali i\u0161\u010dete posebne vitamine in minerale? Potem stopite v stik z nami in skupaj bomo pridobili priporo\u010dilo ter nasvet na\u0161e strokovne medicinske ekipe.<\/p>\t\t\t\t\t\t\t\t<\/div>\n\t\t\t\t<\/div>\n\t\t\t\t<div class=\"elementor-element elementor-element-46cd2a1 elementor-align-center elementor-widget elementor-widget-button\" data-id=\"46cd2a1\" data-element_type=\"widget\" data-widget_type=\"button.default\">\n\t\t\t\t<div class=\"elementor-widget-container\">\n\t\t\t\t\t\t\t\t\t<div class=\"elementor-button-wrapper\">\n\t\t\t\t\t<a class=\"elementor-button elementor-button-link elementor-size-md\" href=\"https:\/\/www.omni-biotic.com\/en-eu\/about-us\/institut-allergosan\/contact\/\">\n\t\t\t\t\t\t<span class=\"elementor-button-content-wrapper\">\n\t\t\t\t\t\t\t\t\t<span class=\"elementor-button-text\">Kontaktirajte nas<\/span>\n\t\t\t\t\t<\/span>\n\t\t\t\t\t<\/a>\n\t\t\t\t<\/div>\n\t\t\t\t\t\t\t\t<\/div>\n\t\t\t\t<\/div>\n\t\t\t\t<\/div>\n\t\t\t\t\t<\/div>\n\t\t\t\t<\/div>\n\t\t\t\t<\/div>\n\t\t","protected":false},"excerpt":{"rendered":"<p>Zdravje \u010drevesja Zdravo \u010drevesje je klju\u010dno za na\u0161e zdravje. Ne samo, da prebavlja hrano, ki jo zau\u017eijemo, ampak vpliva tudi na \u0161tevilne telesne procese, od glave do pet. Ko \u010drevesje ne deluje pravilno, to vpliva na celotno telo. Izbira zdravega \u017eivljenjskega sloga ima pomemben vpliv na zdravje in dobro po\u010dutje \u010drevesja. Contents \u010crevesje predstavlja najve\u010dje [&hellip;]<\/p>\n","protected":false},"author":38,"featured_media":0,"parent":0,"menu_order":0,"comment_status":"closed","ping_status":"closed","template":"","meta":{"_acf_changed":false,"inline_featured_image":false,"footnotes":""},"class_list":["post-15579","page","type-page","status-publish","hentry"],"acf":[],"_links":{"self":[{"href":"https:\/\/www.omni-biotic.com\/sl-si\/wp-json\/wp\/v2\/pages\/15579","targetHints":{"allow":["GET"]}}],"collection":[{"href":"https:\/\/www.omni-biotic.com\/sl-si\/wp-json\/wp\/v2\/pages"}],"about":[{"href":"https:\/\/www.omni-biotic.com\/sl-si\/wp-json\/wp\/v2\/types\/page"}],"author":[{"embeddable":true,"href":"https:\/\/www.omni-biotic.com\/sl-si\/wp-json\/wp\/v2\/users\/38"}],"replies":[{"embeddable":true,"href":"https:\/\/www.omni-biotic.com\/sl-si\/wp-json\/wp\/v2\/comments?post=15579"}],"version-history":[{"count":8,"href":"https:\/\/www.omni-biotic.com\/sl-si\/wp-json\/wp\/v2\/pages\/15579\/revisions"}],"predecessor-version":[{"id":18275,"href":"https:\/\/www.omni-biotic.com\/sl-si\/wp-json\/wp\/v2\/pages\/15579\/revisions\/18275"}],"wp:attachment":[{"href":"https:\/\/www.omni-biotic.com\/sl-si\/wp-json\/wp\/v2\/media?parent=15579"}],"curies":[{"name":"wp","href":"https:\/\/api.w.org\/{rel}","templated":true}]}}