{"id":67,"date":"2022-03-07T10:07:27","date_gmt":"2022-03-07T09:07:27","guid":{"rendered":"https:\/\/www.omni-biotic.com\/ueber-uns\/was-ist-omni-biotic\/"},"modified":"2025-04-24T08:20:18","modified_gmt":"2025-04-24T06:20:18","slug":"zgodba-o-uspehu","status":"publish","type":"page","link":"https:\/\/www.omni-biotic.com\/sl-si\/o-nas\/zgodba-o-uspehu\/","title":{"rendered":"Zgodba o uspehu OMNi-BiOTiC\u00ae"},"content":{"rendered":"\t\t<div data-elementor-type=\"wp-page\" data-elementor-id=\"67\" class=\"elementor elementor-67\" data-elementor-post-type=\"page\">\n\t\t\t\t<div class=\"elementor-element elementor-element-452f83e e-con-full obcs none e-flex e-con e-parent\" data-id=\"452f83e\" data-element_type=\"container\" data-settings=\"{&quot;background_background&quot;:&quot;classic&quot;,&quot;shape_divider_bottom&quot;:&quot;waves&quot;}\">\n\t\t\t\t<div class=\"elementor-shape elementor-shape-bottom\" aria-hidden=\"true\" data-negative=\"false\">\n\t\t\t<svg xmlns=\"http:\/\/www.w3.org\/2000\/svg\" viewBox=\"0 0 1000 100\" preserveAspectRatio=\"none\">\n\t<path class=\"elementor-shape-fill\" d=\"M421.9,6.5c22.6-2.5,51.5,0.4,75.5,5.3c23.6,4.9,70.9,23.5,100.5,35.7c75.8,32.2,133.7,44.5,192.6,49.7\n\tc23.6,2.1,48.7,3.5,103.4-2.5c54.7-6,106.2-25.6,106.2-25.6V0H0v30.3c0,0,72,32.6,158.4,30.5c39.2-0.7,92.8-6.7,134-22.4\n\tc21.2-8.1,52.2-18.2,79.7-24.2C399.3,7.9,411.6,7.5,421.9,6.5z\"\/>\n<\/svg>\t\t<\/div>\n\t\t<div class=\"elementor-element elementor-element-8c7c21e e-con-full obcs none e-flex e-con e-child\" data-id=\"8c7c21e\" data-element_type=\"container\" data-settings=\"{&quot;background_background&quot;:&quot;gradient&quot;}\">\n\t\t\t\t<div class=\"elementor-element elementor-element-d69ef23 elementor-widget elementor-widget-heading\" data-id=\"d69ef23\" data-element_type=\"widget\" data-widget_type=\"heading.default\">\n\t\t\t\t<div class=\"elementor-widget-container\">\n\t\t\t\t\t<h1 class=\"elementor-heading-title elementor-size-default\">Dober dan se za\u010dne z OMNi-BiOTiC\u00ae<\/h1>\t\t\t\t<\/div>\n\t\t\t\t<\/div>\n\t\t\t\t<div class=\"elementor-element elementor-element-ed6ed36 elementor-widget-divider--view-line elementor-widget elementor-widget-divider\" data-id=\"ed6ed36\" data-element_type=\"widget\" data-widget_type=\"divider.default\">\n\t\t\t\t<div class=\"elementor-widget-container\">\n\t\t\t\t\t\t\t<div class=\"elementor-divider\">\n\t\t\t<span class=\"elementor-divider-separator\">\n\t\t\t\t\t\t<\/span>\n\t\t<\/div>\n\t\t\t\t\t\t<\/div>\n\t\t\t\t<\/div>\n\t\t\t\t<div class=\"elementor-element elementor-element-9f8b1b4 elementor-widget elementor-widget-text-editor\" data-id=\"9f8b1b4\" data-element_type=\"widget\" data-widget_type=\"text-editor.default\">\n\t\t\t\t<div class=\"elementor-widget-container\">\n\t\t\t\t\t\t\t\t\t<p>Dober dan se za\u010dne z<strong> OMNi-BiOTiC\u00ae<\/strong> &#8211; kot potrjujejo \u0161tevilni zadovoljni uporabniki, ki zaupajo izdelkom OMNi-BiOTiC\u00ae za <strong>bolj\u0161e<\/strong> <strong>po\u010dutje vsak dan!<\/strong><\/p>\t\t\t\t\t\t\t\t<\/div>\n\t\t\t\t<\/div>\n\t\t\t\t<\/div>\n\t\t\t\t<\/div>\n\t\t<div class=\"elementor-element elementor-element-166a8d7 obcs none e-flex e-con-boxed e-con e-parent\" data-id=\"166a8d7\" data-element_type=\"container\">\n\t\t\t\t\t<div class=\"e-con-inner\">\n\t\t<div class=\"elementor-element elementor-element-75f424a e-con-full obcs none e-flex e-con e-child\" data-id=\"75f424a\" data-element_type=\"container\">\n\t\t\t\t<div class=\"elementor-element elementor-element-795ea63 elementor-align-left elementor-widget__width-initial elementor-widget elementor-widget-breadcrumbs\" data-id=\"795ea63\" data-element_type=\"widget\" data-widget_type=\"breadcrumbs.default\">\n\t\t\t\t<div class=\"elementor-widget-container\">\n\t\t\t\t\t<span><span class=\"last\">Home<\/span><\/span>\t\t\t\t<\/div>\n\t\t\t\t<\/div>\n\t\t\t\t<\/div>\n\t\t<div class=\"elementor-element elementor-element-1f68e62 e-con-full obcs none e-flex e-con e-child\" data-id=\"1f68e62\" data-element_type=\"container\">\n\t\t\t\t<div class=\"elementor-element elementor-element-381b70b elementor-toc--minimized-on-desktop elementor-widget elementor-widget-table-of-contents\" data-id=\"381b70b\" data-element_type=\"widget\" data-settings=\"{&quot;exclude_headings_by_selector&quot;:[],&quot;minimized_on&quot;:&quot;desktop&quot;,&quot;no_headings_message&quot;:&quot;No headings were found on this page.&quot;,&quot;headings_by_tags&quot;:[&quot;h2&quot;,&quot;h3&quot;,&quot;h4&quot;,&quot;h5&quot;,&quot;h6&quot;],&quot;marker_view&quot;:&quot;numbers&quot;,&quot;minimize_box&quot;:&quot;yes&quot;,&quot;hierarchical_view&quot;:&quot;yes&quot;,&quot;min_height&quot;:{&quot;unit&quot;:&quot;px&quot;,&quot;size&quot;:&quot;&quot;,&quot;sizes&quot;:[]},&quot;min_height_tablet&quot;:{&quot;unit&quot;:&quot;px&quot;,&quot;size&quot;:&quot;&quot;,&quot;sizes&quot;:[]},&quot;min_height_mobile&quot;:{&quot;unit&quot;:&quot;px&quot;,&quot;size&quot;:&quot;&quot;,&quot;sizes&quot;:[]}}\" data-widget_type=\"table-of-contents.default\">\n\t\t\t\t<div class=\"elementor-widget-container\">\n\t\t\t\t\t\t\t\t\t<div class=\"elementor-toc__header\">\n\t\t\t\t\t\t<h4 class=\"elementor-toc__header-title\">\n\t\t\t\tVsebina\t\t\t<\/h4>\n\t\t\t\t\t\t\t\t\t\t<div class=\"elementor-toc__toggle-button elementor-toc__toggle-button--expand\" role=\"button\" tabindex=\"0\" aria-controls=\"elementor-toc__381b70b\" aria-expanded=\"true\" aria-label=\"Open table of contents\"><i aria-hidden=\"true\" class=\"fas fa-chevron-down\"><\/i><\/div>\n\t\t\t\t<div class=\"elementor-toc__toggle-button elementor-toc__toggle-button--collapse\" role=\"button\" tabindex=\"0\" aria-controls=\"elementor-toc__381b70b\" aria-expanded=\"true\" aria-label=\"Close table of contents\"><i aria-hidden=\"true\" class=\"fas fa-chevron-up\"><\/i><\/div>\n\t\t\t\t\t<\/div>\n\t\t\t\t<div id=\"elementor-toc__381b70b\" class=\"elementor-toc__body\">\n\t\t\t<div class=\"elementor-toc__spinner-container\">\n\t\t\t\t<i class=\"elementor-toc__spinner eicon-animation-spin eicon-loading\" aria-hidden=\"true\"><\/i>\t\t\t<\/div>\n\t\t<\/div>\n\t\t\t\t\t\t<\/div>\n\t\t\t\t<\/div>\n\t\t\t\t<\/div>\n\t\t\t\t\t<\/div>\n\t\t\t\t<\/div>\n\t\t<div class=\"elementor-element elementor-element-f6b726a obcs magenta e-flex e-con-boxed e-con e-parent\" data-id=\"f6b726a\" data-element_type=\"container\">\n\t\t\t\t\t<div class=\"e-con-inner\">\n\t\t<div class=\"elementor-element elementor-element-368f00b e-con-full obcs none e-flex e-con e-child\" data-id=\"368f00b\" data-element_type=\"container\">\n\t\t\t\t<div class=\"elementor-element elementor-element-fe6cb27 elementor-widget elementor-widget-text-editor\" data-id=\"fe6cb27\" data-element_type=\"widget\" data-widget_type=\"text-editor.default\">\n\t\t\t\t<div class=\"elementor-widget-container\">\n\t\t\t\t\t\t\t\t\t<p>Zgodba<strong> o uspehu blagovne znamke, <\/strong>se je za\u010dela <strong>pred<\/strong> ve\u010d kot <strong>30 leti,<\/strong> ko je <strong>Anita Frauwallner,<\/strong> <strong>ve\u010dkrat nagrajena strokovnjakinja za \u010drevesje<\/strong> in ustanoviteljica <strong>In\u0161tituta AllergoSan<\/strong>, odkrila svojo strast do \u010drevesnih bakterij, potem ko jo je drasti\u010den udarec usode spodbudil, da se je podala na povsem novo pot. <strong>Prepri\u010danje, da je zdravo \u010drevesje klju\u010d do vitalnega \u017eivljenja,<\/strong> jo je pripeljalo do ustanovitve blagovne znamke probiotikov <strong>OMNi-BiOTiC\u00ae<\/strong>, ki je od za\u010detka leta 2023 <strong>tretja* vodilna blagovna znamka probiotikov na svetu<\/strong>! Vse ve\u010d ljudi po vsem svetu se zaveda, da se <strong>zdravje za\u010dne v \u010drevesju<\/strong>, zato zaupajo izdelkom OMNi-BiOTiC\u00ae in celostnemu pristopu, ki stoji za njimi: okrepiti temelje zdravja, \u0161e preden se pojavijo bolezni &#8211; in to s tem, kar nam je zagotovila <strong>narava<\/strong>.<\/p><p><em>*Insights 2022, 03D5 Antidiarr Micro-Organisms, 03F1 Probiotics Digest Health, IQVIA OTC Audits \/ Public Price in EUR \/ Mio<\/em><\/p>\t\t\t\t\t\t\t\t<\/div>\n\t\t\t\t<\/div>\n\t\t\t\t<\/div>\n\t\t<div class=\"elementor-element elementor-element-c1bc041 e-con-full obcs none e-flex e-con e-child\" data-id=\"c1bc041\" data-element_type=\"container\">\n\t\t\t\t<div class=\"elementor-element elementor-element-1681e25 elementor-widget elementor-widget-image\" data-id=\"1681e25\" data-element_type=\"widget\" data-widget_type=\"image.default\">\n\t\t\t\t<div class=\"elementor-widget-container\">\n\t\t\t\t\t\t\t\t\t\t\t\t\t\t\t<img fetchpriority=\"high\" decoding=\"async\" width=\"800\" height=\"589\" src=\"https:\/\/www.omni-biotic.com\/sl-si\/wp-content\/uploads\/sites\/14\/2023\/08\/OMNi-BiOTiC_new_Logo-1024x754-1.png\" class=\"attachment-large size-large wp-image-16174\" alt=\"OMNi-BiOTiC novi logo\" srcset=\"https:\/\/www.omni-biotic.com\/sl-si\/wp-content\/uploads\/sites\/14\/2023\/08\/OMNi-BiOTiC_new_Logo-1024x754-1.png 1024w, https:\/\/www.omni-biotic.com\/sl-si\/wp-content\/uploads\/sites\/14\/2023\/08\/OMNi-BiOTiC_new_Logo-1024x754-1-300x221.png 300w, https:\/\/www.omni-biotic.com\/sl-si\/wp-content\/uploads\/sites\/14\/2023\/08\/OMNi-BiOTiC_new_Logo-1024x754-1-768x566.png 768w\" sizes=\"(max-width: 800px) 100vw, 800px\" title=\"\">\t\t\t\t\t\t\t\t\t\t\t\t\t\t\t<\/div>\n\t\t\t\t<\/div>\n\t\t\t\t<\/div>\n\t\t\t\t\t<\/div>\n\t\t\t\t<\/div>\n\t\t<div class=\"elementor-element elementor-element-a5e3214 obcs magenta e-flex e-con-boxed e-con e-parent\" data-id=\"a5e3214\" data-element_type=\"container\">\n\t\t\t\t\t<div class=\"e-con-inner\">\n\t\t\t\t<div class=\"elementor-element elementor-element-5d36e3a elementor-widget elementor-widget-infobox\" data-id=\"5d36e3a\" data-element_type=\"widget\" data-widget_type=\"infobox.default\">\n\t\t\t\t<div class=\"elementor-widget-container\">\n\t\t\t\t\t\n<div class=\"li-widgets--infobox magenta highlights-always-magenta\">\n\n    <div class=\"li-widgets--infobox__icon\">\n        <i aria-hidden=\"true\" class=\"fas fa-info-circle\"><\/i>    <\/div>\n    <div class=\"li-widgets--infobox__text\">\n        <p>Kaj je posebnega pri OMNi-BiOTiC\u00ae izdelkih?<\/p>    <\/div>\n    <div class=\"li-widgets--infobox__text-body\">\n        <p>Skrivnost uspeha OMNi-BiOTiC\u00ae temelji na <strong>inovativni sestavi<\/strong> izjemno visokih standardih kakovosti, ki so najpomembnej\u0161i pri razvoju probiotikov in zagotavljajo <strong>klju\u010dne<\/strong> <strong>koristi za<\/strong> uporabnike.<\/p>    <\/div>\n\n    \n<\/div>\n\t\t\t\t<\/div>\n\t\t\t\t<\/div>\n\t\t\t\t\t<\/div>\n\t\t\t\t<\/div>\n\t\t<div class=\"elementor-element elementor-element-fd4df84 obcs none e-flex e-con-boxed e-con e-parent\" data-id=\"fd4df84\" data-element_type=\"container\">\n\t\t\t\t\t<div class=\"e-con-inner\">\n\t\t<div class=\"elementor-element elementor-element-3e8d7a8 e-con-full obcs none e-flex e-con e-child\" data-id=\"3e8d7a8\" data-element_type=\"container\">\n\t\t\t\t<div class=\"elementor-element elementor-element-6e76cf5 elementor-widget elementor-widget-heading\" data-id=\"6e76cf5\" data-element_type=\"widget\" data-widget_type=\"heading.default\">\n\t\t\t\t<div class=\"elementor-widget-container\">\n\t\t\t\t\t<h2 class=\"elementor-heading-title elementor-size-default\">Klju\u010d do uspeha<\/h2>\t\t\t\t<\/div>\n\t\t\t\t<\/div>\n\t\t\t\t<div class=\"elementor-element elementor-element-4189842 elementor-widget elementor-widget-text-editor\" data-id=\"4189842\" data-element_type=\"widget\" data-widget_type=\"text-editor.default\">\n\t\t\t\t<div class=\"elementor-widget-container\">\n\t\t\t\t\t\t\t\t\t<p>Klju\u010d do uspeha<\/p>\t\t\t\t\t\t\t\t<\/div>\n\t\t\t\t<\/div>\n\t\t\t\t<\/div>\n\t\t\t\t\t<\/div>\n\t\t\t\t<\/div>\n\t\t<div class=\"elementor-element elementor-element-b76b0bd obcs none e-flex e-con-boxed e-con e-parent\" data-id=\"b76b0bd\" data-element_type=\"container\">\n\t\t\t\t\t<div class=\"e-con-inner\">\n\t\t<div class=\"elementor-element elementor-element-9c4f3e6 e-con-full obcs none e-flex e-con e-child\" data-id=\"9c4f3e6\" data-element_type=\"container\">\n\t\t\t\t<div class=\"elementor-element elementor-element-9098857 e-transform elementor-widget elementor-widget-image\" data-id=\"9098857\" data-element_type=\"widget\" data-settings=\"{&quot;_transform_rotateZ_effect&quot;:{&quot;unit&quot;:&quot;px&quot;,&quot;size&quot;:&quot;0&quot;,&quot;sizes&quot;:[]},&quot;_transform_rotate_3d&quot;:&quot;yes&quot;,&quot;_transform_rotateX_effect&quot;:{&quot;unit&quot;:&quot;px&quot;,&quot;size&quot;:&quot;0&quot;,&quot;sizes&quot;:[]},&quot;_transform_rotateY_effect&quot;:{&quot;unit&quot;:&quot;px&quot;,&quot;size&quot;:&quot;4&quot;,&quot;sizes&quot;:[]},&quot;_transform_perspective_effect&quot;:{&quot;unit&quot;:&quot;px&quot;,&quot;size&quot;:&quot;650&quot;,&quot;sizes&quot;:[]},&quot;_transform_rotateZ_effect_tablet&quot;:{&quot;unit&quot;:&quot;deg&quot;,&quot;size&quot;:&quot;&quot;,&quot;sizes&quot;:[]},&quot;_transform_rotateZ_effect_mobile&quot;:{&quot;unit&quot;:&quot;deg&quot;,&quot;size&quot;:&quot;&quot;,&quot;sizes&quot;:[]},&quot;_transform_rotateX_effect_tablet&quot;:{&quot;unit&quot;:&quot;deg&quot;,&quot;size&quot;:&quot;&quot;,&quot;sizes&quot;:[]},&quot;_transform_rotateX_effect_mobile&quot;:{&quot;unit&quot;:&quot;deg&quot;,&quot;size&quot;:&quot;&quot;,&quot;sizes&quot;:[]},&quot;_transform_rotateY_effect_tablet&quot;:{&quot;unit&quot;:&quot;deg&quot;,&quot;size&quot;:&quot;&quot;,&quot;sizes&quot;:[]},&quot;_transform_rotateY_effect_mobile&quot;:{&quot;unit&quot;:&quot;deg&quot;,&quot;size&quot;:&quot;&quot;,&quot;sizes&quot;:[]},&quot;_transform_perspective_effect_tablet&quot;:{&quot;unit&quot;:&quot;px&quot;,&quot;size&quot;:&quot;&quot;,&quot;sizes&quot;:[]},&quot;_transform_perspective_effect_mobile&quot;:{&quot;unit&quot;:&quot;px&quot;,&quot;size&quot;:&quot;&quot;,&quot;sizes&quot;:[]}}\" data-widget_type=\"image.default\">\n\t\t\t\t<div class=\"elementor-widget-container\">\n\t\t\t\t\t\t\t\t\t\t\t\t\t\t\t<img decoding=\"async\" width=\"800\" height=\"800\" src=\"https:\/\/www.omni-biotic.com\/sl-si\/wp-content\/uploads\/sites\/14\/2023\/07\/probiotics-omnibiotic-allergosan-bacteria-1.jpg\" class=\"attachment-large size-large wp-image-15844\" alt=\"probiotiki-omnibiotic-alergosan-bakterije\" srcset=\"https:\/\/www.omni-biotic.com\/sl-si\/wp-content\/uploads\/sites\/14\/2023\/07\/probiotics-omnibiotic-allergosan-bacteria-1.jpg 1024w, https:\/\/www.omni-biotic.com\/sl-si\/wp-content\/uploads\/sites\/14\/2023\/07\/probiotics-omnibiotic-allergosan-bacteria-1-300x300.jpg 300w, https:\/\/www.omni-biotic.com\/sl-si\/wp-content\/uploads\/sites\/14\/2023\/07\/probiotics-omnibiotic-allergosan-bacteria-1-150x150.jpg 150w, https:\/\/www.omni-biotic.com\/sl-si\/wp-content\/uploads\/sites\/14\/2023\/07\/probiotics-omnibiotic-allergosan-bacteria-1-768x768.jpg 768w\" sizes=\"(max-width: 800px) 100vw, 800px\" title=\"\">\t\t\t\t\t\t\t\t\t\t\t\t\t\t\t<\/div>\n\t\t\t\t<\/div>\n\t\t\t\t<\/div>\n\t\t<div class=\"elementor-element elementor-element-b71c417 e-con-full obcs none e-flex e-con e-child\" data-id=\"b71c417\" data-element_type=\"container\">\n\t\t\t\t<div class=\"elementor-element elementor-element-8312bd4 elementor-widget elementor-widget-heading\" data-id=\"8312bd4\" data-element_type=\"widget\" data-widget_type=\"heading.default\">\n\t\t\t\t<div class=\"elementor-widget-container\">\n\t\t\t\t\t<h3 class=\"elementor-heading-title elementor-size-default\">Skrbna izbira bakterijskih sevov<\/h3>\t\t\t\t<\/div>\n\t\t\t\t<\/div>\n\t\t\t\t<div class=\"elementor-element elementor-element-8e43e17 elementor-widget elementor-widget-text-editor\" data-id=\"8e43e17\" data-element_type=\"widget\" data-widget_type=\"text-editor.default\">\n\t\t\t\t<div class=\"elementor-widget-container\">\n\t\t\t\t\t\t\t\t\t<p>Pri <strong>izbiri bakterijskih sevov<\/strong> je klju\u010dno, da se uporabljajo samo \u010dlove\u0161ki sevi, tj. sevi, ki so <strong>naravno prisotni <\/strong>\u00a0v<strong> \u010dlove\u0161kem \u010drevesju<\/strong> in so <strong>genetsko odporni na \u017eelod\u010dno kislino, \u017eol\u010dne kisline in izlo\u010dke trebu\u0161ne slinavke<\/strong>, ki uni\u010dujejo mikroorganizme v \u017eelodcu in dvanajstniku.<\/p>\t\t\t\t\t\t\t\t<\/div>\n\t\t\t\t<\/div>\n\t\t\t\t<div class=\"elementor-element elementor-element-75ce66f elementor-widget elementor-widget-heading\" data-id=\"75ce66f\" data-element_type=\"widget\" data-widget_type=\"heading.default\">\n\t\t\t\t<div class=\"elementor-widget-container\">\n\t\t\t\t\t<h3 class=\"elementor-heading-title elementor-size-default\">Rehidracija bakterij<\/h3>\t\t\t\t<\/div>\n\t\t\t\t<\/div>\n\t\t\t\t<div class=\"elementor-element elementor-element-ebc29a2 elementor-widget elementor-widget-text-editor\" data-id=\"ebc29a2\" data-element_type=\"widget\" data-widget_type=\"text-editor.default\">\n\t\t\t\t<div class=\"elementor-widget-container\">\n\t\t\t\t\t\t\t\t\t<p><strong>Liofilizirani<\/strong> bakterijski sevi v <strong>OMNI-BiOTiC\u00ae probiotikih<\/strong> se intenzivno aktivirajo in okrepijo z rehidracijo v teko\u010dini (npr. v kozarcu vode), kar jim omogo\u010da, da brez te\u017eav <strong>pre\u017eivijo prehod skozi \u017eelodec<\/strong> in takoj za\u010dnejo delovati v \u010drevesju.<\/p>\t\t\t\t\t\t\t\t<\/div>\n\t\t\t\t<\/div>\n\t\t\t\t<\/div>\n\t\t\t\t\t<\/div>\n\t\t\t\t<\/div>\n\t\t<div class=\"elementor-element elementor-element-0236233 obcs none e-flex e-con-boxed e-con e-parent\" data-id=\"0236233\" data-element_type=\"container\" data-settings=\"{&quot;background_background&quot;:&quot;classic&quot;,&quot;shape_divider_top&quot;:&quot;waves&quot;,&quot;shape_divider_bottom&quot;:&quot;waves&quot;}\">\n\t\t\t\t\t<div class=\"e-con-inner\">\n\t\t\t\t<div class=\"elementor-shape elementor-shape-top\" aria-hidden=\"true\" data-negative=\"false\">\n\t\t\t<svg xmlns=\"http:\/\/www.w3.org\/2000\/svg\" viewBox=\"0 0 1000 100\" preserveAspectRatio=\"none\">\n\t<path class=\"elementor-shape-fill\" d=\"M421.9,6.5c22.6-2.5,51.5,0.4,75.5,5.3c23.6,4.9,70.9,23.5,100.5,35.7c75.8,32.2,133.7,44.5,192.6,49.7\n\tc23.6,2.1,48.7,3.5,103.4-2.5c54.7-6,106.2-25.6,106.2-25.6V0H0v30.3c0,0,72,32.6,158.4,30.5c39.2-0.7,92.8-6.7,134-22.4\n\tc21.2-8.1,52.2-18.2,79.7-24.2C399.3,7.9,411.6,7.5,421.9,6.5z\"\/>\n<\/svg>\t\t<\/div>\n\t\t\t\t<div class=\"elementor-shape elementor-shape-bottom\" aria-hidden=\"true\" data-negative=\"false\">\n\t\t\t<svg xmlns=\"http:\/\/www.w3.org\/2000\/svg\" viewBox=\"0 0 1000 100\" preserveAspectRatio=\"none\">\n\t<path class=\"elementor-shape-fill\" d=\"M421.9,6.5c22.6-2.5,51.5,0.4,75.5,5.3c23.6,4.9,70.9,23.5,100.5,35.7c75.8,32.2,133.7,44.5,192.6,49.7\n\tc23.6,2.1,48.7,3.5,103.4-2.5c54.7-6,106.2-25.6,106.2-25.6V0H0v30.3c0,0,72,32.6,158.4,30.5c39.2-0.7,92.8-6.7,134-22.4\n\tc21.2-8.1,52.2-18.2,79.7-24.2C399.3,7.9,411.6,7.5,421.9,6.5z\"\/>\n<\/svg>\t\t<\/div>\n\t\t\t\t<div class=\"elementor-element elementor-element-74fc840 elementor-widget elementor-widget-text-editor\" data-id=\"74fc840\" data-element_type=\"widget\" data-widget_type=\"text-editor.default\">\n\t\t\t\t<div class=\"elementor-widget-container\">\n\t\t\t\t\t\t\t\t\t<p>Na voljo imamo <strong>16 razli\u010dnih<\/strong> izdelkov <strong>OMNi-BiOTiC\u00ae<\/strong>, ki pripomorejo k dobremu po\u010dutju v \u010drevesju! Glede na specifi\u010dno sestavo <strong>\u010drevesne flore<\/strong> in prisotne simptome je nujno <strong>potrebna razli\u010dna kombinacija bakterij<\/strong> za doseganje najbolj\u0161ih mo\u017enih rezultatov in krepitev zdravja \u010drevesja!<\/p>\t\t\t\t\t\t\t\t<\/div>\n\t\t\t\t<\/div>\n\t\t\t\t\t<\/div>\n\t\t\t\t<\/div>\n\t\t\t\t<\/div>\n\t\t","protected":false},"excerpt":{"rendered":"<p>Dober dan se za\u010dne z OMNi-BiOTiC\u00ae Dober dan se za\u010dne z OMNi-BiOTiC\u00ae &#8211; kot potrjujejo \u0161tevilni zadovoljni uporabniki, ki zaupajo izdelkom OMNi-BiOTiC\u00ae za bolj\u0161e po\u010dutje vsak dan! Home Vsebina Zgodba o uspehu blagovne znamke, se je za\u010dela pred ve\u010d kot 30 leti, ko je Anita Frauwallner, ve\u010dkrat nagrajena strokovnjakinja za \u010drevesje in ustanoviteljica In\u0161tituta AllergoSan, [&hellip;]<\/p>\n","protected":false},"author":3,"featured_media":0,"parent":65,"menu_order":20,"comment_status":"closed","ping_status":"closed","template":"","meta":{"_acf_changed":false,"inline_featured_image":false,"footnotes":""},"class_list":["post-67","page","type-page","status-publish","hentry"],"acf":[],"_links":{"self":[{"href":"https:\/\/www.omni-biotic.com\/sl-si\/wp-json\/wp\/v2\/pages\/67","targetHints":{"allow":["GET"]}}],"collection":[{"href":"https:\/\/www.omni-biotic.com\/sl-si\/wp-json\/wp\/v2\/pages"}],"about":[{"href":"https:\/\/www.omni-biotic.com\/sl-si\/wp-json\/wp\/v2\/types\/page"}],"author":[{"embeddable":true,"href":"https:\/\/www.omni-biotic.com\/sl-si\/wp-json\/wp\/v2\/users\/3"}],"replies":[{"embeddable":true,"href":"https:\/\/www.omni-biotic.com\/sl-si\/wp-json\/wp\/v2\/comments?post=67"}],"version-history":[{"count":7,"href":"https:\/\/www.omni-biotic.com\/sl-si\/wp-json\/wp\/v2\/pages\/67\/revisions"}],"predecessor-version":[{"id":18820,"href":"https:\/\/www.omni-biotic.com\/sl-si\/wp-json\/wp\/v2\/pages\/67\/revisions\/18820"}],"up":[{"embeddable":true,"href":"https:\/\/www.omni-biotic.com\/sl-si\/wp-json\/wp\/v2\/pages\/65"}],"wp:attachment":[{"href":"https:\/\/www.omni-biotic.com\/sl-si\/wp-json\/wp\/v2\/media?parent=67"}],"curies":[{"name":"wp","href":"https:\/\/api.w.org\/{rel}","templated":true}]}}