{"id":97,"date":"2022-03-07T10:07:28","date_gmt":"2022-03-07T09:07:28","guid":{"rendered":"https:\/\/www.omni-biotic.com\/produkte\/"},"modified":"2025-04-25T10:04:19","modified_gmt":"2025-04-25T08:04:19","slug":"izdelki","status":"publish","type":"page","link":"https:\/\/www.omni-biotic.com\/sl-si\/izdelki\/","title":{"rendered":"Izdelki"},"content":{"rendered":"\t\t<div data-elementor-type=\"wp-page\" data-elementor-id=\"97\" class=\"elementor elementor-97\" data-elementor-post-type=\"page\">\n\t\t\t\t<div class=\"elementor-element elementor-element-24fd0ef e-con-full obcs none e-flex e-con e-parent\" data-id=\"24fd0ef\" data-element_type=\"container\" data-settings=\"{&quot;background_background&quot;:&quot;classic&quot;,&quot;shape_divider_bottom&quot;:&quot;waves&quot;}\">\n\t\t\t\t<div class=\"elementor-shape elementor-shape-bottom\" aria-hidden=\"true\" data-negative=\"false\">\n\t\t\t<svg xmlns=\"http:\/\/www.w3.org\/2000\/svg\" viewBox=\"0 0 1000 100\" preserveAspectRatio=\"none\">\n\t<path class=\"elementor-shape-fill\" d=\"M421.9,6.5c22.6-2.5,51.5,0.4,75.5,5.3c23.6,4.9,70.9,23.5,100.5,35.7c75.8,32.2,133.7,44.5,192.6,49.7\n\tc23.6,2.1,48.7,3.5,103.4-2.5c54.7-6,106.2-25.6,106.2-25.6V0H0v30.3c0,0,72,32.6,158.4,30.5c39.2-0.7,92.8-6.7,134-22.4\n\tc21.2-8.1,52.2-18.2,79.7-24.2C399.3,7.9,411.6,7.5,421.9,6.5z\"\/>\n<\/svg>\t\t<\/div>\n\t\t<div class=\"elementor-element elementor-element-e5c80b6 e-con-full obcs none e-flex e-con e-child\" data-id=\"e5c80b6\" data-element_type=\"container\" data-settings=\"{&quot;background_background&quot;:&quot;gradient&quot;}\">\n\t\t\t\t<div class=\"elementor-element elementor-element-2f0d93d elementor-widget elementor-widget-heading\" data-id=\"2f0d93d\" data-element_type=\"widget\" data-widget_type=\"heading.default\">\n\t\t\t\t<div class=\"elementor-widget-container\">\n\t\t\t\t\t<h1 class=\"elementor-heading-title elementor-size-default\">Na\u0161i izdelki<\/h1>\t\t\t\t<\/div>\n\t\t\t\t<\/div>\n\t\t\t\t<div class=\"elementor-element elementor-element-0122f39 elementor-widget-divider--view-line elementor-widget elementor-widget-divider\" data-id=\"0122f39\" data-element_type=\"widget\" data-widget_type=\"divider.default\">\n\t\t\t\t<div class=\"elementor-widget-container\">\n\t\t\t\t\t\t\t<div class=\"elementor-divider\">\n\t\t\t<span class=\"elementor-divider-separator\">\n\t\t\t\t\t\t<\/span>\n\t\t<\/div>\n\t\t\t\t\t\t<\/div>\n\t\t\t\t<\/div>\n\t\t\t\t<div class=\"elementor-element elementor-element-4059f19 elementor-widget elementor-widget-text-editor\" data-id=\"4059f19\" data-element_type=\"widget\" data-widget_type=\"text-editor.default\">\n\t\t\t\t<div class=\"elementor-widget-container\">\n\t\t\t\t\t\t\t\t\t<p><strong>Institut AllergoSan<\/strong> \u017ee skoraj 30 let razvija, raziskuje in tr\u017ei izdelke iz naravnih snovi, kot so <strong>probioti\u010dne bakterije, rastlinski izvle\u010dki in minerali<\/strong>, ki imajo en sam cilj: podpirati na\u0161e zdravje, zlasti<strong> zdravje \u010drevesja<\/strong>.<\/p>\t\t\t\t\t\t\t\t<\/div>\n\t\t\t\t<\/div>\n\t\t\t\t<\/div>\n\t\t<div class=\"elementor-element elementor-element-95a1d1b e-con-full elementor-hidden-mobile obcs none e-flex e-con e-child\" data-id=\"95a1d1b\" data-element_type=\"container\">\n\t\t\t\t<\/div>\n\t\t\t\t<\/div>\n\t\t<div class=\"elementor-element elementor-element-a9899b3 obcs none e-flex e-con-boxed e-con e-parent\" data-id=\"a9899b3\" data-element_type=\"container\">\n\t\t\t\t\t<div class=\"e-con-inner\">\n\t\t<div class=\"elementor-element elementor-element-3bfd946 e-con-full obcs none e-flex e-con e-child\" data-id=\"3bfd946\" data-element_type=\"container\">\n\t\t\t\t<\/div>\n\t\t<div class=\"elementor-element elementor-element-322cfe0 e-con-full obcs none e-flex e-con e-child\" data-id=\"322cfe0\" data-element_type=\"container\">\n\t\t\t\t<\/div>\n\t\t\t\t\t<\/div>\n\t\t\t\t<\/div>\n\t\t<div class=\"elementor-element elementor-element-9ea4e92 obcs none e-flex e-con-boxed e-con e-parent\" data-id=\"9ea4e92\" data-element_type=\"container\">\n\t\t\t\t\t<div class=\"e-con-inner\">\n\t\t\t\t<div class=\"elementor-element elementor-element-8e4cce5 elementor-widget__width-initial elementor-widget elementor-widget-li-widgets--tile-slider\" data-id=\"8e4cce5\" data-element_type=\"widget\" data-widget_type=\"li-widgets--tile-slider.default\">\n\t\t\t\t<div class=\"elementor-widget-container\">\n\t\t\t\t\t<div class=\"li-widgets--tile-slider magenta\">\n            <div class=\"headlines\">\n                            <div class=\"headline\">\n                    <div class=\"headline--main\"><h2>Za dober notranji ob\u010dutek - Vsak dan!<\/h2><\/div>\n                                    <\/div>\n                                <\/div>\n                <div class=\"tiles-container grid\">\n            <div class=\"tiles grid-wrapper\">\n                                    <div class=\"swiper-slide\">\n                        <div class=\"tile\">\n                                                        <a href=\"https:\/\/www.omni-biotic.com\/sl-si\/izdelki\/omni-biotic\/\">\n                                                                                                    <img decoding=\"async\" width=\"300\" height=\"212\" src=\"https:\/\/www.omni-biotic.com\/sl-si\/wp-content\/uploads\/sites\/14\/2023\/08\/20200721-ob-produkte-gesamtpackshot-int-300x212.png\" class=\"tile__image\" alt=\"OMNi-BiOTiC packshots\" srcset=\"https:\/\/www.omni-biotic.com\/sl-si\/wp-content\/uploads\/sites\/14\/2023\/08\/20200721-ob-produkte-gesamtpackshot-int-300x212.png 300w, https:\/\/www.omni-biotic.com\/sl-si\/wp-content\/uploads\/sites\/14\/2023\/08\/20200721-ob-produkte-gesamtpackshot-int-768x543.png 768w, https:\/\/www.omni-biotic.com\/sl-si\/wp-content\/uploads\/sites\/14\/2023\/08\/20200721-ob-produkte-gesamtpackshot-int.png 1024w\" sizes=\"(max-width: 300px) 100vw, 300px\" title=\"\">                                                                                            <\/a>\n                                                                                    <div class=\"tile__headline\">OMNi-BiOTiC\u00ae\u200b<\/div>\n                                                                                                                    <div class=\"tile__text\">Probiotiki najvi\u0161je kakovosti<\/div>\n                                                                                                                    <a class=\"tile__button\" href=\"https:\/\/www.omni-biotic.com\/sl-si\/izdelki\/omni-biotic\/\">Nakupuj v spletni trgovini<\/a>\n                                                    <\/div>\n                    <\/div>\n                                    <div class=\"swiper-slide\">\n                        <div class=\"tile\">\n                                                        <a href=\"https:\/\/www.omni-biotic.com\/sl-si\/izdelki\/omni-logic\/\">\n                                                                                                    <img loading=\"lazy\" decoding=\"async\" width=\"300\" height=\"180\" src=\"https:\/\/www.omni-biotic.com\/sl-si\/wp-content\/uploads\/sites\/14\/2023\/08\/20200729-ol-produkte-int-gesamtpackshot-1024x614-1-300x180.png\" class=\"tile__image\" alt=\"OMNi-LOGiC packshot\" srcset=\"https:\/\/www.omni-biotic.com\/sl-si\/wp-content\/uploads\/sites\/14\/2023\/08\/20200729-ol-produkte-int-gesamtpackshot-1024x614-1-300x180.png 300w, https:\/\/www.omni-biotic.com\/sl-si\/wp-content\/uploads\/sites\/14\/2023\/08\/20200729-ol-produkte-int-gesamtpackshot-1024x614-1-768x461.png 768w, https:\/\/www.omni-biotic.com\/sl-si\/wp-content\/uploads\/sites\/14\/2023\/08\/20200729-ol-produkte-int-gesamtpackshot-1024x614-1.png 1024w\" sizes=\"(max-width: 300px) 100vw, 300px\" title=\"\">                                                                                            <\/a>\n                                                                                    <div class=\"tile__headline\">OMNi-LOGiC\u00ae\u200b<\/div>\n                                                                                                                    <div class=\"tile__text\">Naravne vlaknine<\/div>\n                                                                                                                    <a class=\"tile__button\" href=\"https:\/\/www.omni-biotic.com\/sl-si\/izdelki\/omni-logic\/\">Nakupuj v spletni trgovini<\/a>\n                                                    <\/div>\n                    <\/div>\n                                    <div class=\"swiper-slide\">\n                        <div class=\"tile\">\n                                                        <a href=\"https:\/\/www.omni-biotic.com\/sl-si\/izdelki\/meta-care\/\">\n                                                                                                    <img loading=\"lazy\" decoding=\"async\" width=\"300\" height=\"212\" src=\"https:\/\/www.omni-biotic.com\/sl-si\/wp-content\/uploads\/sites\/14\/2022\/10\/META-CARE-Wichtige-Mikronaehr-und-Pflanzenstoffe-300x212.png\" class=\"tile__image\" alt=\"META-CARE\u00ae die Mikron\u00e4hrstoff-Marke mit dem Plus an Pflanzenkraft\" srcset=\"https:\/\/www.omni-biotic.com\/sl-si\/wp-content\/uploads\/sites\/14\/2022\/10\/META-CARE-Wichtige-Mikronaehr-und-Pflanzenstoffe-300x212.png 300w, https:\/\/www.omni-biotic.com\/sl-si\/wp-content\/uploads\/sites\/14\/2022\/10\/META-CARE-Wichtige-Mikronaehr-und-Pflanzenstoffe.png 600w\" sizes=\"(max-width: 300px) 100vw, 300px\" title=\"\">                                                                                            <\/a>\n                                                                                    <div class=\"tile__headline\">META-CARE\u00ae\u200b\u200b<\/div>\n                                                                                                                    <div class=\"tile__text\">Blagovna znamka mikrohranil z dodatkom rastlinske mo\u010di<\/div>\n                                                                                                                    <a class=\"tile__button\" href=\"https:\/\/www.omni-biotic.com\/sl-si\/izdelki\/meta-care\/\">Nakupuj v spletni trgovini<\/a>\n                                                    <\/div>\n                    <\/div>\n                            <\/div>\n        <\/div>\n    <\/div>\n\t\t\t\t<\/div>\n\t\t\t\t<\/div>\n\t\t\t\t\t<\/div>\n\t\t\t\t<\/div>\n\t\t<div class=\"elementor-element elementor-element-f2bfaf8 obcs none e-flex e-con-boxed e-con e-parent\" data-id=\"f2bfaf8\" data-element_type=\"container\">\n\t\t\t\t\t<div class=\"e-con-inner\">\n\t\t\t\t<div class=\"elementor-element elementor-element-79454a1 elementor-widget elementor-widget-heading\" data-id=\"79454a1\" data-element_type=\"widget\" data-widget_type=\"heading.default\">\n\t\t\t\t<div class=\"elementor-widget-container\">\n\t\t\t\t\t<span class=\"elementor-heading-title elementor-size-default\">Ostanite obve\u0161\u010deni!<\/span>\t\t\t\t<\/div>\n\t\t\t\t<\/div>\n\t\t\t\t<div class=\"elementor-element elementor-element-33ba1b7 elementor-widget__width-inherit elementor-widget elementor-widget-heading\" data-id=\"33ba1b7\" data-element_type=\"widget\" data-widget_type=\"heading.default\">\n\t\t\t\t<div class=\"elementor-widget-container\">\n\t\t\t\t\t<h2 class=\"elementor-heading-title elementor-size-default\">OMNi-BiOTiC\u00ae Blog<\/h2>\t\t\t\t<\/div>\n\t\t\t\t<\/div>\n\t\t\t\t<div class=\"elementor-element elementor-element-204180d elementor-widget elementor-widget-li-widgets--posts-gallery\" data-id=\"204180d\" data-element_type=\"widget\" data-widget_type=\"li-widgets--posts-gallery.default\">\n\t\t\t\t<div class=\"elementor-widget-container\">\n\t\t\t\t\t    \n<div class=\"li-widgets--posts-gallery__pagination\" data-post-id=\"97\">\n\n    <div class=\"li-widgets--posts-gallery__pagination-results\">\n        1-6 od 167 rezultatov    <\/div>\n    <div class=\"li-widgets--posts-gallery__pagination-pages\">\n        Stran 1 od 28    <\/div>\n    <div class=\"li-widgets--posts-gallery__pagination-url\">\n                            <a href=\"#\" data-href=\"https:\/\/www.omni-biotic.com\/sl-si\/wp-json\/wp\/v2\/pages\/97\/?search&category=0&cur=1\">1<\/a>\n                    <a href=\"#\" data-href=\"https:\/\/www.omni-biotic.com\/sl-si\/wp-json\/wp\/v2\/pages\/97\/?search&category=0&cur=2\">2<\/a>\n                    <a href=\"#\" data-href=\"https:\/\/www.omni-biotic.com\/sl-si\/wp-json\/wp\/v2\/pages\/97\/?search&category=0&cur=3\">3<\/a>\n                            <a href=\"#\" data-href=\"https:\/\/www.omni-biotic.com\/sl-si\/wp-json\/wp\/v2\/pages\/97\/?search&category=0&cur=28\">\u00bb<\/a>\n            <\/div>\n<\/div>\n<div class=\"li-widgets--posts-gallery blog\">\n                    <a href=\"https:\/\/www.omni-biotic.com\/sl-si\/blog\/weight-gain-on-antibiotics\/\"\n           class=\"li-widgets--posts-gallery__post\">\n            <div class=\"post--image__container\">\n                <div class=\"post--image\">\n                    <img loading=\"lazy\" decoding=\"async\" width=\"700\" height=\"500\" src=\"https:\/\/www.omni-biotic.com\/sl-si\/wp-content\/uploads\/sites\/14\/2024\/03\/weightgain-antibiotics.jpg\" class=\"attachment-medium_large size-medium_large wp-post-image\" alt=\"\" srcset=\"https:\/\/www.omni-biotic.com\/sl-si\/wp-content\/uploads\/sites\/14\/2024\/03\/weightgain-antibiotics.jpg 700w, https:\/\/www.omni-biotic.com\/sl-si\/wp-content\/uploads\/sites\/14\/2024\/03\/weightgain-antibiotics-300x214.jpg 300w\" sizes=\"(max-width: 700px) 100vw, 700px\" title=\"\">                <\/div>\n            <\/div>\n            <div class=\"post--teaser\">\n                <div class=\"title\">Weight gain on antibiotics?<\/div>\n                <div class=\"description\">\n                    Antibiotiki? Antibiotics are a type of medication that act against bacteria and are therefore used\u2026                    <br>\n                    <span class=\"read-more\">\n                            Preberite ve\u010d                        <\/span>\n                <\/div>\n                <div class=\"metadata\"><b>Updated:<\/b> 3. februarja 2025 \u2022 <b>Kategorije:<\/b> Allgemein<\/div>\n            <\/div>\n        <\/a>\n                <a href=\"https:\/\/www.omni-biotic.com\/sl-si\/blog\/colonoscopy-the-microbiome\/\"\n           class=\"li-widgets--posts-gallery__post\">\n            <div class=\"post--image__container\">\n                <div class=\"post--image\">\n                    <img loading=\"lazy\" decoding=\"async\" width=\"768\" height=\"483\" src=\"https:\/\/www.omni-biotic.com\/sl-si\/wp-content\/uploads\/sites\/14\/2023\/06\/darmspiegelung-grafik-102022-768x483.jpg\" class=\"attachment-medium_large size-medium_large wp-post-image\" alt=\"colonoscopy digestive complaints\" srcset=\"https:\/\/www.omni-biotic.com\/sl-si\/wp-content\/uploads\/sites\/14\/2023\/06\/darmspiegelung-grafik-102022-768x483.jpg 768w, https:\/\/www.omni-biotic.com\/sl-si\/wp-content\/uploads\/sites\/14\/2023\/06\/darmspiegelung-grafik-102022-300x189.jpg 300w, https:\/\/www.omni-biotic.com\/sl-si\/wp-content\/uploads\/sites\/14\/2023\/06\/darmspiegelung-grafik-102022.jpg 800w\" sizes=\"(max-width: 768px) 100vw, 768px\" title=\"\">                <\/div>\n            <\/div>\n            <div class=\"post--teaser\">\n                <div class=\"title\">Colonoscopy &amp; The Microbiome<\/div>\n                <div class=\"description\">\n                    Colonoscopies are one of the most important preventive examinations to maintain our (intestinal) health and\u2026                    <br>\n                    <span class=\"read-more\">\n                            Preberite ve\u010d                        <\/span>\n                <\/div>\n                <div class=\"metadata\"><b>Updated:<\/b> 6. decembra 2023 \u2022 <b>Kategorije:<\/b> Research &amp; Development, Symptoms \u2022 <b>Avtor:<\/b> Thore Hansen<\/div>\n            <\/div>\n        <\/a>\n                <a href=\"https:\/\/www.omni-biotic.com\/sl-si\/blog\/omni-biotic-10-aad\/\"\n           class=\"li-widgets--posts-gallery__post\">\n            <div class=\"post--image__container\">\n                <div class=\"post--image\">\n                    <img loading=\"lazy\" decoding=\"async\" width=\"768\" height=\"768\" src=\"https:\/\/www.omni-biotic.com\/sl-si\/wp-content\/uploads\/sites\/14\/2023\/06\/ob-10-aad-instagram-08-1-scaled-1-scaled-1-768x768.jpg\" class=\"attachment-medium_large size-medium_large wp-post-image\" alt=\"\" srcset=\"https:\/\/www.omni-biotic.com\/sl-si\/wp-content\/uploads\/sites\/14\/2023\/06\/ob-10-aad-instagram-08-1-scaled-1-scaled-1-768x768.jpg 768w, https:\/\/www.omni-biotic.com\/sl-si\/wp-content\/uploads\/sites\/14\/2023\/06\/ob-10-aad-instagram-08-1-scaled-1-scaled-1-300x300.jpg 300w, https:\/\/www.omni-biotic.com\/sl-si\/wp-content\/uploads\/sites\/14\/2023\/06\/ob-10-aad-instagram-08-1-scaled-1-scaled-1-1024x1024.jpg 1024w, https:\/\/www.omni-biotic.com\/sl-si\/wp-content\/uploads\/sites\/14\/2023\/06\/ob-10-aad-instagram-08-1-scaled-1-scaled-1-150x150.jpg 150w, https:\/\/www.omni-biotic.com\/sl-si\/wp-content\/uploads\/sites\/14\/2023\/06\/ob-10-aad-instagram-08-1-scaled-1-scaled-1-1536x1536.jpg 1536w, https:\/\/www.omni-biotic.com\/sl-si\/wp-content\/uploads\/sites\/14\/2023\/06\/ob-10-aad-instagram-08-1-scaled-1-scaled-1-1920x1920.jpg 1920w, https:\/\/www.omni-biotic.com\/sl-si\/wp-content\/uploads\/sites\/14\/2023\/06\/ob-10-aad-instagram-08-1-scaled-1-scaled-1.jpg 2048w\" sizes=\"(max-width: 768px) 100vw, 768px\" title=\"\">                <\/div>\n            <\/div>\n            <div class=\"post--teaser\">\n                <div class=\"title\">OMNi-BiOTiC\u00ae 10 AAD<\/div>\n                <div class=\"description\">\n                    Been prescribed yet another course of antibiotics? Despite their use as a cure, antibiotics unleash\u2026                    <br>\n                    <span class=\"read-more\">\n                            Preberite ve\u010d                        <\/span>\n                <\/div>\n                <div class=\"metadata\"><b>Updated:<\/b> 22. oktobra 2024 \u2022 <b>Kategorije:<\/b> General, Research &amp; Development, Symptoms<\/div>\n            <\/div>\n        <\/a>\n                <a href=\"https:\/\/www.omni-biotic.com\/sl-si\/blog\/omni-biotic-6\/\"\n           class=\"li-widgets--posts-gallery__post\">\n            <div class=\"post--image__container\">\n                <div class=\"post--image\">\n                    <img loading=\"lazy\" decoding=\"async\" width=\"768\" height=\"1152\" src=\"https:\/\/www.omni-biotic.com\/sl-si\/wp-content\/uploads\/sites\/14\/2023\/06\/20230119-ob-6-03-int-768x1152.jpg\" class=\"attachment-medium_large size-medium_large wp-post-image\" alt=\"\" srcset=\"https:\/\/www.omni-biotic.com\/sl-si\/wp-content\/uploads\/sites\/14\/2023\/06\/20230119-ob-6-03-int-768x1152.jpg 768w, https:\/\/www.omni-biotic.com\/sl-si\/wp-content\/uploads\/sites\/14\/2023\/06\/20230119-ob-6-03-int-200x300.jpg 200w, https:\/\/www.omni-biotic.com\/sl-si\/wp-content\/uploads\/sites\/14\/2023\/06\/20230119-ob-6-03-int-683x1024.jpg 683w, https:\/\/www.omni-biotic.com\/sl-si\/wp-content\/uploads\/sites\/14\/2023\/06\/20230119-ob-6-03-int-1024x1536.jpg 1024w, https:\/\/www.omni-biotic.com\/sl-si\/wp-content\/uploads\/sites\/14\/2023\/06\/20230119-ob-6-03-int.jpg 1280w\" sizes=\"(max-width: 768px) 100vw, 768px\" title=\"\">                <\/div>\n            <\/div>\n            <div class=\"post--teaser\">\n                <div class=\"title\">OMNi-BiOTiC\u00ae 6<\/div>\n                <div class=\"description\">\n                    Looking to simplify your daily supplement routine? Discover the connection between your gut, immune system\u2026                    <br>\n                    <span class=\"read-more\">\n                            Preberite ve\u010d                        <\/span>\n                <\/div>\n                <div class=\"metadata\"><b>Updated:<\/b> 13. oktobra 2023 \u2022 <b>Kategorije:<\/b> General, Research &amp; Development, Symptoms<\/div>\n            <\/div>\n        <\/a>\n                <a href=\"https:\/\/www.omni-biotic.com\/sl-si\/blog\/stress-repair\/\"\n           class=\"li-widgets--posts-gallery__post\">\n            <div class=\"post--image__container\">\n                <div class=\"post--image\">\n                    <img loading=\"lazy\" decoding=\"async\" width=\"768\" height=\"768\" src=\"https:\/\/www.omni-biotic.com\/sl-si\/wp-content\/uploads\/sites\/14\/2023\/06\/omnibiotic-stress-repair-psychobiotic-supplement-scaled-1-scaled-1-768x768.jpg\" class=\"attachment-medium_large size-medium_large wp-post-image\" alt=\"omnibiotic stress repair probiotic supplement\" srcset=\"https:\/\/www.omni-biotic.com\/sl-si\/wp-content\/uploads\/sites\/14\/2023\/06\/omnibiotic-stress-repair-psychobiotic-supplement-scaled-1-scaled-1-768x768.jpg 768w, https:\/\/www.omni-biotic.com\/sl-si\/wp-content\/uploads\/sites\/14\/2023\/06\/omnibiotic-stress-repair-psychobiotic-supplement-scaled-1-scaled-1-300x300.jpg 300w, https:\/\/www.omni-biotic.com\/sl-si\/wp-content\/uploads\/sites\/14\/2023\/06\/omnibiotic-stress-repair-psychobiotic-supplement-scaled-1-scaled-1-1024x1024.jpg 1024w, https:\/\/www.omni-biotic.com\/sl-si\/wp-content\/uploads\/sites\/14\/2023\/06\/omnibiotic-stress-repair-psychobiotic-supplement-scaled-1-scaled-1-150x150.jpg 150w, https:\/\/www.omni-biotic.com\/sl-si\/wp-content\/uploads\/sites\/14\/2023\/06\/omnibiotic-stress-repair-psychobiotic-supplement-scaled-1-scaled-1-1536x1536.jpg 1536w, https:\/\/www.omni-biotic.com\/sl-si\/wp-content\/uploads\/sites\/14\/2023\/06\/omnibiotic-stress-repair-psychobiotic-supplement-scaled-1-scaled-1-1920x1920.jpg 1920w, https:\/\/www.omni-biotic.com\/sl-si\/wp-content\/uploads\/sites\/14\/2023\/06\/omnibiotic-stress-repair-psychobiotic-supplement-scaled-1-scaled-1.jpg 2048w\" sizes=\"(max-width: 768px) 100vw, 768px\" title=\"\">                <\/div>\n            <\/div>\n            <div class=\"post--teaser\">\n                <div class=\"title\">OMNi-BiOTiC\u00ae STRESS Repair<\/div>\n                <div class=\"description\">\n                    Stress and anxiety causing you some tummy troubles? There is a reason for that! Discover\u2026                    <br>\n                    <span class=\"read-more\">\n                            Preberite ve\u010d                        <\/span>\n                <\/div>\n                <div class=\"metadata\"><b>Updated:<\/b> 28. avgusta 2023 \u2022 <b>Kategorije:<\/b> General, Research &amp; Development, Symptoms \u2022 <b>Avtor:<\/b> Katie Gough<\/div>\n            <\/div>\n        <\/a>\n                <a href=\"https:\/\/www.omni-biotic.com\/sl-si\/blog\/spermidine-fountain-of-youth-use-and-benefits\/\"\n           class=\"li-widgets--posts-gallery__post\">\n            <div class=\"post--image__container\">\n                <div class=\"post--image\">\n                    <img loading=\"lazy\" decoding=\"async\" width=\"768\" height=\"512\" src=\"https:\/\/www.omni-biotic.com\/sl-si\/wp-content\/uploads\/sites\/14\/2023\/06\/weizen-spermidin-quelle-800x600-1-1-768x512.jpg\" class=\"attachment-medium_large size-medium_large wp-post-image\" alt=\"weizenkeime spermidin quelle\" srcset=\"https:\/\/www.omni-biotic.com\/sl-si\/wp-content\/uploads\/sites\/14\/2023\/06\/weizen-spermidin-quelle-800x600-1-1-768x512.jpg 768w, https:\/\/www.omni-biotic.com\/sl-si\/wp-content\/uploads\/sites\/14\/2023\/06\/weizen-spermidin-quelle-800x600-1-1-300x200.jpg 300w, https:\/\/www.omni-biotic.com\/sl-si\/wp-content\/uploads\/sites\/14\/2023\/06\/weizen-spermidin-quelle-800x600-1-1.jpg 800w\" sizes=\"(max-width: 768px) 100vw, 768px\" title=\"\">                <\/div>\n            <\/div>\n            <div class=\"post--teaser\">\n                <div class=\"title\">Spermidine \u2013 The \u201cfountain of youth\u201d for your cells \u2013 Use and Benefits<\/div>\n                <div class=\"description\">\n                    As an effective activator of autophagy, a renewal process of the cells, spermidine is considered\u2026                    <br>\n                    <span class=\"read-more\">\n                            Preberite ve\u010d                        <\/span>\n                <\/div>\n                <div class=\"metadata\"><b>Updated:<\/b> 21. septembra 2023 \u2022 <b>Kategorije:<\/b> Research &amp; Development<\/div>\n            <\/div>\n        <\/a>\n            <\/div>\n\t\t\t\t<\/div>\n\t\t\t\t<\/div>\n\t\t\t\t\t<\/div>\n\t\t\t\t<\/div>\n\t\t\t\t<\/div>\n\t\t","protected":false},"excerpt":{"rendered":"<p>Na\u0161i izdelki Institut AllergoSan \u017ee skoraj 30 let razvija, raziskuje in tr\u017ei izdelke iz naravnih snovi, kot so probioti\u010dne bakterije, rastlinski izvle\u010dki in minerali, ki imajo en sam cilj: podpirati na\u0161e zdravje, zlasti zdravje \u010drevesja. Za dober notranji ob\u010dutek &#8211; Vsak dan! OMNi-BiOTiC\u00ae\u200b Probiotiki najvi\u0161je kakovosti Nakupuj v spletni trgovini OMNi-LOGiC\u00ae\u200b Naravne vlaknine Nakupuj v [&hellip;]<\/p>\n","protected":false},"author":3,"featured_media":0,"parent":0,"menu_order":170,"comment_status":"closed","ping_status":"closed","template":"","meta":{"_acf_changed":false,"inline_featured_image":false,"footnotes":""},"class_list":["post-97","page","type-page","status-publish","hentry"],"acf":[],"_links":{"self":[{"href":"https:\/\/www.omni-biotic.com\/sl-si\/wp-json\/wp\/v2\/pages\/97","targetHints":{"allow":["GET"]}}],"collection":[{"href":"https:\/\/www.omni-biotic.com\/sl-si\/wp-json\/wp\/v2\/pages"}],"about":[{"href":"https:\/\/www.omni-biotic.com\/sl-si\/wp-json\/wp\/v2\/types\/page"}],"author":[{"embeddable":true,"href":"https:\/\/www.omni-biotic.com\/sl-si\/wp-json\/wp\/v2\/users\/3"}],"replies":[{"embeddable":true,"href":"https:\/\/www.omni-biotic.com\/sl-si\/wp-json\/wp\/v2\/comments?post=97"}],"version-history":[{"count":7,"href":"https:\/\/www.omni-biotic.com\/sl-si\/wp-json\/wp\/v2\/pages\/97\/revisions"}],"predecessor-version":[{"id":18840,"href":"https:\/\/www.omni-biotic.com\/sl-si\/wp-json\/wp\/v2\/pages\/97\/revisions\/18840"}],"wp:attachment":[{"href":"https:\/\/www.omni-biotic.com\/sl-si\/wp-json\/wp\/v2\/media?parent=97"}],"curies":[{"name":"wp","href":"https:\/\/api.w.org\/{rel}","templated":true}]}}