{"id":101,"date":"2022-03-07T10:07:28","date_gmt":"2022-03-07T09:07:28","guid":{"rendered":"https:\/\/www.omni-biotic.com\/produkte\/omni-logic\/"},"modified":"2024-09-26T10:18:48","modified_gmt":"2024-09-26T08:18:48","slug":"omni-logic","status":"publish","type":"page","link":"https:\/\/www.omni-biotic.com\/tr-tr\/urunler\/omni-logic\/","title":{"rendered":"OMNi-LOGiC\u00ae"},"content":{"rendered":"\t\t<div data-elementor-type=\"wp-page\" data-elementor-id=\"101\" class=\"elementor elementor-101\" data-elementor-post-type=\"page\">\n\t\t\t\t<div class=\"elementor-element elementor-element-a0ce705 e-con-full obcs green e-flex e-con e-parent\" data-id=\"a0ce705\" data-element_type=\"container\" data-settings=\"{&quot;background_background&quot;:&quot;classic&quot;,&quot;shape_divider_bottom&quot;:&quot;waves&quot;}\">\n\t\t\t\t<div class=\"elementor-shape elementor-shape-bottom\" aria-hidden=\"true\" data-negative=\"false\">\n\t\t\t<svg xmlns=\"http:\/\/www.w3.org\/2000\/svg\" viewBox=\"0 0 1000 100\" preserveAspectRatio=\"none\">\n\t<path class=\"elementor-shape-fill\" d=\"M421.9,6.5c22.6-2.5,51.5,0.4,75.5,5.3c23.6,4.9,70.9,23.5,100.5,35.7c75.8,32.2,133.7,44.5,192.6,49.7\n\tc23.6,2.1,48.7,3.5,103.4-2.5c54.7-6,106.2-25.6,106.2-25.6V0H0v30.3c0,0,72,32.6,158.4,30.5c39.2-0.7,92.8-6.7,134-22.4\n\tc21.2-8.1,52.2-18.2,79.7-24.2C399.3,7.9,411.6,7.5,421.9,6.5z\"\/>\n<\/svg>\t\t<\/div>\n\t\t<div class=\"elementor-element elementor-element-7985c9a e-con-full obcs magenta e-flex e-con e-child\" data-id=\"7985c9a\" data-element_type=\"container\" data-settings=\"{&quot;background_background&quot;:&quot;gradient&quot;}\">\n\t\t\t\t<div class=\"elementor-element elementor-element-a8889ce elementor-widget elementor-widget-heading\" data-id=\"a8889ce\" data-element_type=\"widget\" data-widget_type=\"heading.default\">\n\t\t\t\t<div class=\"elementor-widget-container\">\n\t\t\t\t\t<h1 class=\"elementor-heading-title elementor-size-default\">OMNi-LOGiC\u00ae<\/h1>\t\t\t\t<\/div>\n\t\t\t\t<\/div>\n\t\t\t\t<div class=\"elementor-element elementor-element-05bde9a elementor-widget-divider--view-line elementor-widget elementor-widget-divider\" data-id=\"05bde9a\" data-element_type=\"widget\" data-widget_type=\"divider.default\">\n\t\t\t\t<div class=\"elementor-widget-container\">\n\t\t\t\t\t\t\t<div class=\"elementor-divider\">\n\t\t\t<span class=\"elementor-divider-separator\">\n\t\t\t\t\t\t<\/span>\n\t\t<\/div>\n\t\t\t\t\t\t<\/div>\n\t\t\t\t<\/div>\n\t\t\t\t<div class=\"elementor-element elementor-element-09f6774 elementor-widget elementor-widget-text-editor\" data-id=\"09f6774\" data-element_type=\"widget\" data-widget_type=\"text-editor.default\">\n\t\t\t\t<div class=\"elementor-widget-container\">\n\t\t\t\t\t\t\t\t\t<p>Ba\u011f\u0131rsak v\u00fccudumuzun sa\u011fl\u0131k merkezidir: milyarlarca ba\u011f\u0131rsak bakterisi her g\u00fcn sindirimin ve v\u00fccut savunmas\u0131n\u0131n en iyi \u015fekilde i\u015flemesini sa\u011flamak i\u00e7in \u00e7al\u0131\u015f\u0131r. Bu yararl\u0131 yard\u0131mc\u0131lar\u0131n kendilerini evlerinde hissedebilmeleri ve t\u00fcm \u00f6nemli g\u00f6revlerini yerine getirebilmeleri i\u00e7in, prebiyotiklerde bulunanlar gibi besin kayna\u011f\u0131 olarak \u00f6zel diyet liflerine ihtiya\u00e7lar\u0131 vard\u0131r.<\/p>\t\t\t\t\t\t\t\t<\/div>\n\t\t\t\t<\/div>\n\t\t\t\t<\/div>\n\t\t<div class=\"elementor-element elementor-element-9d49a72 e-con-full elementor-hidden-mobile obcs none e-flex e-con e-child\" data-id=\"9d49a72\" data-element_type=\"container\">\n\t\t\t\t<\/div>\n\t\t\t\t<\/div>\n\t\t<div class=\"elementor-element elementor-element-f7b98cb obcs none e-flex e-con-boxed e-con e-parent\" data-id=\"f7b98cb\" data-element_type=\"container\">\n\t\t\t\t\t<div class=\"e-con-inner\">\n\t\t<div class=\"elementor-element elementor-element-34e237e e-con-full obcs none e-flex e-con e-child\" data-id=\"34e237e\" data-element_type=\"container\">\n\t\t\t\t<div class=\"elementor-element elementor-element-704e456 elementor-align-left elementor-widget__width-initial elementor-widget elementor-widget-breadcrumbs\" data-id=\"704e456\" data-element_type=\"widget\" data-widget_type=\"breadcrumbs.default\">\n\t\t\t\t<div class=\"elementor-widget-container\">\n\t\t\t\t\t<span><span class=\"last\">Home<\/span><\/span>\t\t\t\t<\/div>\n\t\t\t\t<\/div>\n\t\t\t\t<\/div>\n\t\t<div class=\"elementor-element elementor-element-143e6ca e-con-full obcs none e-flex e-con e-child\" data-id=\"143e6ca\" data-element_type=\"container\">\n\t\t\t\t<\/div>\n\t\t\t\t\t<\/div>\n\t\t\t\t<\/div>\n\t\t<div class=\"elementor-element elementor-element-2f3cf1a obcs none e-flex e-con-boxed e-con e-parent\" data-id=\"2f3cf1a\" data-element_type=\"container\">\n\t\t\t\t\t<div class=\"e-con-inner\">\n\t\t\t\t<div class=\"elementor-element elementor-element-0008878 elementor-widget__width-initial elementor-widget elementor-widget-li-widgets--tile-slider\" data-id=\"0008878\" data-element_type=\"widget\" data-widget_type=\"li-widgets--tile-slider.default\">\n\t\t\t\t<div class=\"elementor-widget-container\">\n\t\t\t\t\t<div class=\"li-widgets--tile-slider magenta\">\n            <div class=\"headlines\">\n                            <div class=\"headline\">\n                    <div class=\"headline--main\"><h2>\"Yararl\u0131 ba\u011f\u0131rsak bakterileri i\u00e7in \u201cfavori besin\u201d<\/h2><\/div>\n                                    <\/div>\n                                <\/div>\n                <div class=\"tiles-container grid\">\n            <div class=\"tiles grid-wrapper\">\n                                    <div class=\"swiper-slide\">\n                        <div class=\"tile\">\n                                                        <a href=\"https:\/\/www.omni-biotic.com\/tr-tr\/product\/omni-logic-apfelpektin\/\">\n                                                                                                    <img decoding=\"async\" src=\"https:\/\/cdn.shopify.com\/s\/files\/1\/0611\/8198\/5020\/files\/omni-logic-apfelpektin-84kps-at-de.webp?v=1757923567\" alt=\"OMNi-LOGiC\u00ae APFELPEKTIN\" class=\"tile__image\" title=\"\">\n                                                                                            <\/a>\n                                                                                    <div class=\"tile__headline\">OMNi-LOGiC\u00ae APFELPEKTIN<\/div>\n                                                                                        <div class=\"tile__subtitle\">F\u00fcr Ihr Wohlf\u00fchl-Ich<\/div>\n                                                                                                                                                <a class=\"tile__button\" href=\"https:\/\/www.omni-biotic.com\/tr-tr\/product\/omni-logic-apfelpektin\/\">\u00fcr\u00fcne git<\/a>\n                                                    <\/div>\n                    <\/div>\n                                    <div class=\"swiper-slide\">\n                        <div class=\"tile\">\n                                                        <a href=\"https:\/\/www.omni-biotic.com\/tr-tr\/product\/omni-logic-fibre\/\">\n                                                                                                    <img decoding=\"async\" src=\"https:\/\/cdn.shopify.com\/s\/files\/1\/0611\/8198\/5020\/files\/omni-logic-fibre-250g-at-de_3f60f06d-a5ef-488e-a870-34f8cf3e68b9.webp?v=1757916533\" alt=\"OMNi-LOGiC\u00ae FIBRE\" class=\"tile__image\" title=\"\">\n                                                                                            <\/a>\n                                                                                    <div class=\"tile__headline\">OMNi-LOGiC\u00ae FIBRE<\/div>\n                                                                                        <div class=\"tile__subtitle\">Die nat\u00fcrliche Ballaststoffquelle<\/div>\n                                                                                                                                                <a class=\"tile__button\" href=\"https:\/\/www.omni-biotic.com\/tr-tr\/product\/omni-logic-fibre\/\">\u00fcr\u00fcne git<\/a>\n                                                    <\/div>\n                    <\/div>\n                                    <div class=\"swiper-slide\">\n                        <div class=\"tile\">\n                                                        <a href=\"https:\/\/www.omni-biotic.com\/tr-tr\/product\/omni-logic-humin\/\">\n                                                                                                    <img decoding=\"async\" src=\"https:\/\/cdn.shopify.com\/s\/files\/1\/0611\/8198\/5020\/files\/omni-logic-humin-20kps-at-de.webp?v=1757598185\" alt=\"OMNi-LOGiC\u00ae HUMIN\" class=\"tile__image\" title=\"\">\n                                                                                            <\/a>\n                                                                                    <div class=\"tile__headline\">OMNi-LOGiC\u00ae HUMIN<\/div>\n                                                                                        <div class=\"tile__subtitle\">Durchfall nat\u00fcrlich im Griff<\/div>\n                                                                                                                                                <a class=\"tile__button\" href=\"https:\/\/www.omni-biotic.com\/tr-tr\/product\/omni-logic-humin\/\">\u00fcr\u00fcne git<\/a>\n                                                    <\/div>\n                    <\/div>\n                                    <div class=\"swiper-slide\">\n                        <div class=\"tile\">\n                                                        <a href=\"https:\/\/www.omni-biotic.com\/tr-tr\/product\/omni-logic-immun\/\">\n                                                                                                    <img decoding=\"async\" src=\"https:\/\/cdn.shopify.com\/s\/files\/1\/0611\/8198\/5020\/files\/omni-logic-immun-450g-at-de_5032f7dd-8a39-444a-bc77-66425b682acf.webp?v=1757921003\" alt=\"OMNi-LOGiC\u00ae IMMUN\" class=\"tile__image\" title=\"\">\n                                                                                            <\/a>\n                                                                                    <div class=\"tile__headline\">OMNi-LOGiC\u00ae IMMUN<\/div>\n                                                                                        <div class=\"tile__subtitle\">Gesunder Darm = Starkes Immunsystem<\/div>\n                                                                                                                                                <a class=\"tile__button\" href=\"https:\/\/www.omni-biotic.com\/tr-tr\/product\/omni-logic-immun\/\">\u00fcr\u00fcne git<\/a>\n                                                    <\/div>\n                    <\/div>\n                                    <div class=\"swiper-slide\">\n                        <div class=\"tile\">\n                                                        <a href=\"https:\/\/www.omni-biotic.com\/tr-tr\/product\/omni-logic-plus\/\">\n                                                                                                    <img decoding=\"async\" src=\"https:\/\/cdn.shopify.com\/s\/files\/1\/0611\/8198\/5020\/files\/omni-logic-plus-450g-at-de.webp?v=1757920630\" alt=\"OMNi-LOGiC\u00ae PLUS\" class=\"tile__image\" title=\"\">\n                                                                                            <\/a>\n                                                                                    <div class=\"tile__headline\">OMNi-LOGiC\u00ae PLUS<\/div>\n                                                                                        <div class=\"tile__subtitle\">Darm im Gleich\u201cgewicht\u201c<\/div>\n                                                                                                                                                <a class=\"tile__button\" href=\"https:\/\/www.omni-biotic.com\/tr-tr\/product\/omni-logic-plus\/\">\u00fcr\u00fcne git<\/a>\n                                                    <\/div>\n                    <\/div>\n                            <\/div>\n        <\/div>\n    <\/div>\n\t\t\t\t<\/div>\n\t\t\t\t<\/div>\n\t\t\t\t\t<\/div>\n\t\t\t\t<\/div>\n\t\t\t\t<\/div>\n\t\t","protected":false},"excerpt":{"rendered":"<p>OMNi-LOGiC\u00ae Ba\u011f\u0131rsak v\u00fccudumuzun sa\u011fl\u0131k merkezidir: milyarlarca ba\u011f\u0131rsak bakterisi her g\u00fcn sindirimin ve v\u00fccut savunmas\u0131n\u0131n en iyi \u015fekilde i\u015flemesini sa\u011flamak i\u00e7in \u00e7al\u0131\u015f\u0131r. Bu yararl\u0131 yard\u0131mc\u0131lar\u0131n kendilerini evlerinde hissedebilmeleri ve t\u00fcm \u00f6nemli g\u00f6revlerini yerine getirebilmeleri i\u00e7in, prebiyotiklerde bulunanlar gibi besin kayna\u011f\u0131 olarak \u00f6zel diyet liflerine ihtiya\u00e7lar\u0131 vard\u0131r. Home &#8220;Yararl\u0131 ba\u011f\u0131rsak bakterileri i\u00e7in \u201cfavori besin\u201d OMNi-LOGiC\u00ae APPLE PECTIN [&hellip;]<\/p>\n","protected":false},"author":3,"featured_media":0,"parent":97,"menu_order":190,"comment_status":"closed","ping_status":"closed","template":"","meta":{"_acf_changed":false,"inline_featured_image":false,"footnotes":""},"class_list":["post-101","page","type-page","status-publish","hentry"],"acf":[],"_links":{"self":[{"href":"https:\/\/www.omni-biotic.com\/tr-tr\/wp-json\/wp\/v2\/pages\/101","targetHints":{"allow":["GET"]}}],"collection":[{"href":"https:\/\/www.omni-biotic.com\/tr-tr\/wp-json\/wp\/v2\/pages"}],"about":[{"href":"https:\/\/www.omni-biotic.com\/tr-tr\/wp-json\/wp\/v2\/types\/page"}],"author":[{"embeddable":true,"href":"https:\/\/www.omni-biotic.com\/tr-tr\/wp-json\/wp\/v2\/users\/3"}],"replies":[{"embeddable":true,"href":"https:\/\/www.omni-biotic.com\/tr-tr\/wp-json\/wp\/v2\/comments?post=101"}],"version-history":[{"count":7,"href":"https:\/\/www.omni-biotic.com\/tr-tr\/wp-json\/wp\/v2\/pages\/101\/revisions"}],"predecessor-version":[{"id":18123,"href":"https:\/\/www.omni-biotic.com\/tr-tr\/wp-json\/wp\/v2\/pages\/101\/revisions\/18123"}],"up":[{"embeddable":true,"href":"https:\/\/www.omni-biotic.com\/tr-tr\/wp-json\/wp\/v2\/pages\/97"}],"wp:attachment":[{"href":"https:\/\/www.omni-biotic.com\/tr-tr\/wp-json\/wp\/v2\/media?parent=101"}],"curies":[{"name":"wp","href":"https:\/\/api.w.org\/{rel}","templated":true}]}}