{"id":103,"date":"2022-03-07T10:07:28","date_gmt":"2022-03-07T09:07:28","guid":{"rendered":"https:\/\/www.omni-biotic.com\/produkte\/omnipower\/"},"modified":"2025-07-03T18:31:40","modified_gmt":"2025-07-03T16:31:40","slug":"omnipower","status":"publish","type":"page","link":"https:\/\/www.omni-biotic.com\/tr-tr\/urunler\/omnipower\/","title":{"rendered":"OMNi-POWER\u00ae"},"content":{"rendered":"\t\t<div data-elementor-type=\"wp-page\" data-elementor-id=\"103\" class=\"elementor elementor-103\" data-elementor-post-type=\"page\">\n\t\t\t\t<div class=\"elementor-element elementor-element-2a25893 e-con-full obcs none e-flex e-con e-parent\" data-id=\"2a25893\" data-element_type=\"container\" data-settings=\"{&quot;background_background&quot;:&quot;classic&quot;,&quot;shape_divider_bottom&quot;:&quot;waves&quot;}\">\n\t\t\t\t<div class=\"elementor-shape elementor-shape-bottom\" aria-hidden=\"true\" data-negative=\"false\">\n\t\t\t<svg xmlns=\"http:\/\/www.w3.org\/2000\/svg\" viewBox=\"0 0 1000 100\" preserveAspectRatio=\"none\">\n\t<path class=\"elementor-shape-fill\" d=\"M421.9,6.5c22.6-2.5,51.5,0.4,75.5,5.3c23.6,4.9,70.9,23.5,100.5,35.7c75.8,32.2,133.7,44.5,192.6,49.7\n\tc23.6,2.1,48.7,3.5,103.4-2.5c54.7-6,106.2-25.6,106.2-25.6V0H0v30.3c0,0,72,32.6,158.4,30.5c39.2-0.7,92.8-6.7,134-22.4\n\tc21.2-8.1,52.2-18.2,79.7-24.2C399.3,7.9,411.6,7.5,421.9,6.5z\"\/>\n<\/svg>\t\t<\/div>\n\t\t<div class=\"elementor-element elementor-element-4784b41 e-con-full obcs none e-flex e-con e-child\" data-id=\"4784b41\" data-element_type=\"container\" data-settings=\"{&quot;background_background&quot;:&quot;gradient&quot;}\">\n\t\t\t\t<div class=\"elementor-element elementor-element-d8549d6 elementor-widget elementor-widget-heading\" data-id=\"d8549d6\" data-element_type=\"widget\" data-widget_type=\"heading.default\">\n\t\t\t\t<div class=\"elementor-widget-container\">\n\t\t\t\t\t<h1 class=\"elementor-heading-title elementor-size-default\">OMNi-POWER\u00ae<\/h1>\t\t\t\t<\/div>\n\t\t\t\t<\/div>\n\t\t\t\t<div class=\"elementor-element elementor-element-675b81f elementor-widget-divider--view-line elementor-widget elementor-widget-divider\" data-id=\"675b81f\" data-element_type=\"widget\" data-widget_type=\"divider.default\">\n\t\t\t\t<div class=\"elementor-widget-container\">\n\t\t\t\t\t\t\t<div class=\"elementor-divider\">\n\t\t\t<span class=\"elementor-divider-separator\">\n\t\t\t\t\t\t<\/span>\n\t\t<\/div>\n\t\t\t\t\t\t<\/div>\n\t\t\t\t<\/div>\n\t\t\t\t<div class=\"elementor-element elementor-element-5dc5c3c elementor-widget elementor-widget-text-editor\" data-id=\"5dc5c3c\" data-element_type=\"widget\" data-widget_type=\"text-editor.default\">\n\t\t\t\t<div class=\"elementor-widget-container\">\n\t\t\t\t\t\t\t\t\t<p>OMNi-POWER\u00ae \u00fcr\u00fcnleri, profesyonel sporcular ve beslenme uzmanlar\u0131ndan olu\u015fan bir ekip taraf\u0131ndan v\u00fccuda mineral ve enerji sa\u011flamak i\u00e7in maksimum tolere edilebilirlikle geli\u015ftirilmi\u015ftir. Bunun nedeni, \u00f6zellikle dayan\u0131kl\u0131l\u0131k sporlar\u0131n\u0131n gastrointestinal sistemde sorunlara yol a\u00e7abilmesidir.<\/p>\t\t\t\t\t\t\t\t<\/div>\n\t\t\t\t<\/div>\n\t\t\t\t<\/div>\n\t\t<div class=\"elementor-element elementor-element-e5059bb e-con-full elementor-hidden-mobile obcs none e-flex e-con e-child\" data-id=\"e5059bb\" data-element_type=\"container\">\n\t\t\t\t<\/div>\n\t\t\t\t<\/div>\n\t\t<div class=\"elementor-element elementor-element-39abd07 obcs none e-flex e-con-boxed e-con e-parent\" data-id=\"39abd07\" data-element_type=\"container\">\n\t\t\t\t\t<div class=\"e-con-inner\">\n\t\t<div class=\"elementor-element elementor-element-1cbaaf3 e-con-full obcs none e-flex e-con e-child\" data-id=\"1cbaaf3\" data-element_type=\"container\">\n\t\t\t\t<div class=\"elementor-element elementor-element-9ff9937 elementor-align-left elementor-widget__width-initial elementor-widget elementor-widget-breadcrumbs\" data-id=\"9ff9937\" data-element_type=\"widget\" data-widget_type=\"breadcrumbs.default\">\n\t\t\t\t<div class=\"elementor-widget-container\">\n\t\t\t\t\t<span><span class=\"last\">Home<\/span><\/span>\t\t\t\t<\/div>\n\t\t\t\t<\/div>\n\t\t\t\t<\/div>\n\t\t<div class=\"elementor-element elementor-element-4ae8a39 e-con-full obcs none e-flex e-con e-child\" data-id=\"4ae8a39\" data-element_type=\"container\">\n\t\t\t\t<\/div>\n\t\t\t\t\t<\/div>\n\t\t\t\t<\/div>\n\t\t<div class=\"elementor-element elementor-element-4152f99 obcs none e-flex e-con-boxed e-con e-parent\" data-id=\"4152f99\" data-element_type=\"container\">\n\t\t\t\t\t<div class=\"e-con-inner\">\n\t\t\t\t<div class=\"elementor-element elementor-element-f6a3563 elementor-widget__width-initial elementor-widget elementor-widget-li-widgets--tile-slider\" data-id=\"f6a3563\" data-element_type=\"widget\" data-widget_type=\"li-widgets--tile-slider.default\">\n\t\t\t\t<div class=\"elementor-widget-container\">\n\t\t\t\t\t<div class=\"li-widgets--tile-slider magenta\">\n            <div class=\"headlines\">\n                            <div class=\"headline\">\n                    <div class=\"headline--main\"><h2>Sa\u011fl\u0131kl\u0131 bir ba\u011f\u0131rsak en iyi atletik performans\u0131n temelidir<\/h2><\/div>\n                                    <\/div>\n                                <\/div>\n                <div class=\"tiles-container grid\">\n            <div class=\"tiles grid-wrapper\">\n                                    <div class=\"swiper-slide\">\n                        <div class=\"tile\">\n                                                        <a href=\"https:\/\/www.omni-biotic.com\/tr-tr\/product\/omni-power-carbo-gel-neutral\/\">\n                                                                                                    <img decoding=\"async\" src=\"https:\/\/cdn.shopify.com\/s\/files\/1\/0611\/8198\/5020\/files\/omni-power-carbo-gel-neutral-40g-at-de.webp?v=1757514445\" alt=\"OMNi-POWER\u00ae CARBO GEL neutral\" class=\"tile__image\" title=\"\">\n                                                                                            <\/a>\n                                                                                    <div class=\"tile__headline\">OMNi-POWER\u00ae CARBO GEL neutral<\/div>\n                                                                                        <div class=\"tile__subtitle\">Schnelle und einfache Energiebereitstellung f\u00fcr Training und Wettkampf<\/div>\n                                                                                                                                                <a class=\"tile__button\" href=\"https:\/\/www.omni-biotic.com\/tr-tr\/product\/omni-power-carbo-gel-neutral\/\">\u00fcr\u00fcne git<\/a>\n                                                    <\/div>\n                    <\/div>\n                                    <div class=\"swiper-slide\">\n                        <div class=\"tile\">\n                                                        <a href=\"https:\/\/www.omni-biotic.com\/tr-tr\/product\/omni-power-carbo-gel-neutral-koffein\/\">\n                                                                                                    <img decoding=\"async\" src=\"https:\/\/cdn.shopify.com\/s\/files\/1\/0611\/8198\/5020\/files\/omni-power-carbo-gel-neutral-koffein-40g-at-de.webp?v=1757514366\" alt=\"OMNi-POWER\u00ae CARBO GEL neutral + Koffein\" class=\"tile__image\" title=\"\">\n                                                                                            <\/a>\n                                                                                    <div class=\"tile__headline\">OMNi-POWER\u00ae CARBO GEL neutral + Koffein<\/div>\n                                                                                        <div class=\"tile__subtitle\">Schnelle und einfache Energiebereitstellung f\u00fcr Training und Wettkampf<\/div>\n                                                                                                                                                <a class=\"tile__button\" href=\"https:\/\/www.omni-biotic.com\/tr-tr\/product\/omni-power-carbo-gel-neutral-koffein\/\">\u00fcr\u00fcne git<\/a>\n                                                    <\/div>\n                    <\/div>\n                                    <div class=\"swiper-slide\">\n                        <div class=\"tile\">\n                                                        <a href=\"https:\/\/www.omni-biotic.com\/tr-tr\/product\/omni-power-carbo-gum-cola-koffein\/\">\n                                                                                                    <img decoding=\"async\" src=\"https:\/\/cdn.shopify.com\/s\/files\/1\/0611\/8198\/5020\/files\/omni-power-carbo-gum-cola-koffein-30g-at-de.webp?v=1757514517\" alt=\"OMNi-POWER\u00ae CARBO GUM Cola + Koffein\" class=\"tile__image\" title=\"\">\n                                                                                            <\/a>\n                                                                                    <div class=\"tile__headline\">OMNi-POWER\u00ae CARBO GUM Cola + Koffein<\/div>\n                                                                                        <div class=\"tile__subtitle\">F\u00fcr die, die eine Alternative zu traditionellen Energiegels suchen<\/div>\n                                                                                                                                                <a class=\"tile__button\" href=\"https:\/\/www.omni-biotic.com\/tr-tr\/product\/omni-power-carbo-gum-cola-koffein\/\">\u00fcr\u00fcne git<\/a>\n                                                    <\/div>\n                    <\/div>\n                                    <div class=\"swiper-slide\">\n                        <div class=\"tile\">\n                                                        <a href=\"https:\/\/www.omni-biotic.com\/tr-tr\/product\/omni-power-carbo-gum-erdbeere\/\">\n                                                                                                    <img decoding=\"async\" src=\"https:\/\/cdn.shopify.com\/s\/files\/1\/0611\/8198\/5020\/files\/omni-power-carbo-gum-erdbeere-30g-at-de.webp?v=1757514556\" alt=\"OMNi-POWER\u00ae CARBO GUM Erdbeere\" class=\"tile__image\" title=\"\">\n                                                                                            <\/a>\n                                                                                    <div class=\"tile__headline\">OMNi-POWER\u00ae CARBO GUM Erdbeere<\/div>\n                                                                                        <div class=\"tile__subtitle\">Die innovative Fusion von Gel und Energieriegel<\/div>\n                                                                                                                                                <a class=\"tile__button\" href=\"https:\/\/www.omni-biotic.com\/tr-tr\/product\/omni-power-carbo-gum-erdbeere\/\">\u00fcr\u00fcne git<\/a>\n                                                    <\/div>\n                    <\/div>\n                                    <div class=\"swiper-slide\">\n                        <div class=\"tile\">\n                                                        <a href=\"https:\/\/www.omni-biotic.com\/tr-tr\/product\/omni-power-carbotonic\/\">\n                                                                                                    <img decoding=\"async\" src=\"https:\/\/cdn.shopify.com\/s\/files\/1\/0611\/8198\/5020\/files\/omni-power-carbotonic-1000g-at-de.webp?v=1757579499\" alt=\"OMNi-POWER\u00ae CarboTonic\" class=\"tile__image\" title=\"\">\n                                                                                            <\/a>\n                                                                                    <div class=\"tile__headline\">OMNi-POWER\u00ae CarboTonic<\/div>\n                                                                                        <div class=\"tile__subtitle\">Hypotones, s\u00e4urefreies Sportgetr\u00e4nk<\/div>\n                                                                                                                                                <a class=\"tile__button\" href=\"https:\/\/www.omni-biotic.com\/tr-tr\/product\/omni-power-carbotonic\/\">\u00fcr\u00fcne git<\/a>\n                                                    <\/div>\n                    <\/div>\n                                    <div class=\"swiper-slide\">\n                        <div class=\"tile\">\n                                                        <a href=\"https:\/\/www.omni-biotic.com\/tr-tr\/product\/omni-power-gut-bar\/\">\n                                                                                                    <img decoding=\"async\" src=\"https:\/\/cdn.shopify.com\/s\/files\/1\/0611\/8198\/5020\/files\/omni-power-gut-bar-at-de.webp?v=1757589615\" alt=\"OMNi-POWER\u00ae GUT BAR\" class=\"tile__image\" title=\"\">\n                                                                                            <\/a>\n                                                                                    <div class=\"tile__headline\">OMNi-POWER\u00ae GUT BAR<\/div>\n                                                                                        <div class=\"tile__subtitle\">Der Snack-Riegel f\u00fcr unterwegs!<\/div>\n                                                                                                                                                <a class=\"tile__button\" href=\"https:\/\/www.omni-biotic.com\/tr-tr\/product\/omni-power-gut-bar\/\">\u00fcr\u00fcne git<\/a>\n                                                    <\/div>\n                    <\/div>\n                                    <div class=\"swiper-slide\">\n                        <div class=\"tile\">\n                                                        <a href=\"https:\/\/www.omni-biotic.com\/tr-tr\/product\/omni-power-protein-bar\/\">\n                                                                                                    <img decoding=\"async\" src=\"https:\/\/cdn.shopify.com\/s\/files\/1\/0611\/8198\/5020\/files\/omni-power-protein-bar-at-de.webp?v=1746610104\" alt=\"OMNi-POWER\u00ae PROTEIN BAR\" class=\"tile__image\" title=\"\">\n                                                                                            <\/a>\n                                                                                    <div class=\"tile__headline\">OMNi-POWER\u00ae PROTEIN BAR<\/div>\n                                                                                        <div class=\"tile__subtitle\">Mit Kiwi-Enzymen (KWD+\u00ae) f\u00fcr leichtere Proteinverdauung<\/div>\n                                                                                                                                                <a class=\"tile__button\" href=\"https:\/\/www.omni-biotic.com\/tr-tr\/product\/omni-power-protein-bar\/\">\u00fcr\u00fcne git<\/a>\n                                                    <\/div>\n                    <\/div>\n                                    <div class=\"swiper-slide\">\n                        <div class=\"tile\">\n                                                        <a href=\"https:\/\/www.omni-biotic.com\/tr-tr\/product\/omni-power-protein-plus\/\">\n                                                                                                    <img decoding=\"async\" src=\"https:\/\/cdn.shopify.com\/s\/files\/1\/0611\/8198\/5020\/files\/omni-power-protein-plus-schokolade-900g-at-de_ce288a32-a7cf-4b9e-a97b-717d94b47d5d.webp?v=1775727628\" alt=\"OMNi-POWER\u00ae PROTEIN PLUS\" class=\"tile__image\" title=\"\">\n                                                                                            <\/a>\n                                                                                    <div class=\"tile__headline\">OMNi-POWER\u00ae PROTEIN PLUS<\/div>\n                                                                                        <div class=\"tile__subtitle\">Das Protein f\u00fcr die OPTIMALE Resorption<\/div>\n                                                                                                                                                <a class=\"tile__button\" href=\"https:\/\/www.omni-biotic.com\/tr-tr\/product\/omni-power-protein-plus\/\">\u00fcr\u00fcne git<\/a>\n                                                    <\/div>\n                    <\/div>\n                                    <div class=\"swiper-slide\">\n                        <div class=\"tile\">\n                                                        <a href=\"https:\/\/www.omni-biotic.com\/tr-tr\/product\/omni-power-solid\/\">\n                                                                                                    <img decoding=\"async\" src=\"https:\/\/cdn.shopify.com\/s\/files\/1\/0611\/8198\/5020\/files\/omni-power-solid-7-40g-at-de.webp?v=1757572743\" alt=\"OMNi-POWER\u00ae SOLID AUSVERKAUFT\" class=\"tile__image\" title=\"\">\n                                                                                            <\/a>\n                                                                                    <div class=\"tile__headline\">OMNi-POWER\u00ae SOLID AUSVERKAUFT<\/div>\n                                                                                        <div class=\"tile__subtitle\">Nachfolgeprodukt: COMING SOON<\/div>\n                                                                                                                                                <a class=\"tile__button\" href=\"https:\/\/www.omni-biotic.com\/tr-tr\/product\/omni-power-solid\/\">\u00fcr\u00fcne git<\/a>\n                                                    <\/div>\n                    <\/div>\n                            <\/div>\n        <\/div>\n    <\/div>\n\t\t\t\t<\/div>\n\t\t\t\t<\/div>\n\t\t\t\t\t<\/div>\n\t\t\t\t<\/div>\n\t\t\t\t<\/div>\n\t\t","protected":false},"excerpt":{"rendered":"<p>OMNi-POWER\u00ae OMNi-POWER\u00ae \u00fcr\u00fcnleri, profesyonel sporcular ve beslenme uzmanlar\u0131ndan olu\u015fan bir ekip taraf\u0131ndan v\u00fccuda mineral ve enerji sa\u011flamak i\u00e7in maksimum tolere edilebilirlikle geli\u015ftirilmi\u015ftir. Bunun nedeni, \u00f6zellikle dayan\u0131kl\u0131l\u0131k sporlar\u0131n\u0131n gastrointestinal sistemde sorunlara yol a\u00e7abilmesidir. Home Sa\u011fl\u0131kl\u0131 bir ba\u011f\u0131rsak en iyi atletik performans\u0131n temelidir OMNi-POWER\u00ae CARBO GEL neutral Schnelle und einfache Energiebereitstellung f\u00fcr Training und Wettkampf go to [&hellip;]<\/p>\n","protected":false},"author":3,"featured_media":0,"parent":97,"menu_order":200,"comment_status":"closed","ping_status":"closed","template":"","meta":{"_acf_changed":false,"inline_featured_image":false,"footnotes":""},"class_list":["post-103","page","type-page","status-publish","hentry"],"acf":[],"_links":{"self":[{"href":"https:\/\/www.omni-biotic.com\/tr-tr\/wp-json\/wp\/v2\/pages\/103","targetHints":{"allow":["GET"]}}],"collection":[{"href":"https:\/\/www.omni-biotic.com\/tr-tr\/wp-json\/wp\/v2\/pages"}],"about":[{"href":"https:\/\/www.omni-biotic.com\/tr-tr\/wp-json\/wp\/v2\/types\/page"}],"author":[{"embeddable":true,"href":"https:\/\/www.omni-biotic.com\/tr-tr\/wp-json\/wp\/v2\/users\/3"}],"replies":[{"embeddable":true,"href":"https:\/\/www.omni-biotic.com\/tr-tr\/wp-json\/wp\/v2\/comments?post=103"}],"version-history":[{"count":7,"href":"https:\/\/www.omni-biotic.com\/tr-tr\/wp-json\/wp\/v2\/pages\/103\/revisions"}],"predecessor-version":[{"id":19158,"href":"https:\/\/www.omni-biotic.com\/tr-tr\/wp-json\/wp\/v2\/pages\/103\/revisions\/19158"}],"up":[{"embeddable":true,"href":"https:\/\/www.omni-biotic.com\/tr-tr\/wp-json\/wp\/v2\/pages\/97"}],"wp:attachment":[{"href":"https:\/\/www.omni-biotic.com\/tr-tr\/wp-json\/wp\/v2\/media?parent=103"}],"curies":[{"name":"wp","href":"https:\/\/api.w.org\/{rel}","templated":true}]}}