{"id":107,"date":"2022-03-07T10:07:28","date_gmt":"2022-03-07T09:07:28","guid":{"rendered":"https:\/\/www.omni-biotic.com\/produkte\/caricol\/"},"modified":"2025-07-07T14:37:49","modified_gmt":"2025-07-07T12:37:49","slug":"caricol","status":"publish","type":"page","link":"https:\/\/www.omni-biotic.com\/tr-tr\/urunler\/caricol\/","title":{"rendered":"Caricol"},"content":{"rendered":"\t\t<div data-elementor-type=\"wp-page\" data-elementor-id=\"107\" class=\"elementor elementor-107\" data-elementor-post-type=\"page\">\n\t\t\t\t<div class=\"elementor-element elementor-element-7388658 e-con-full obcs yellow e-flex e-con e-parent\" data-id=\"7388658\" data-element_type=\"container\" data-settings=\"{&quot;background_background&quot;:&quot;classic&quot;,&quot;shape_divider_bottom&quot;:&quot;waves&quot;}\">\n\t\t\t\t<div class=\"elementor-shape elementor-shape-bottom\" aria-hidden=\"true\" data-negative=\"false\">\n\t\t\t<svg xmlns=\"http:\/\/www.w3.org\/2000\/svg\" viewBox=\"0 0 1000 100\" preserveAspectRatio=\"none\">\n\t<path class=\"elementor-shape-fill\" d=\"M421.9,6.5c22.6-2.5,51.5,0.4,75.5,5.3c23.6,4.9,70.9,23.5,100.5,35.7c75.8,32.2,133.7,44.5,192.6,49.7\n\tc23.6,2.1,48.7,3.5,103.4-2.5c54.7-6,106.2-25.6,106.2-25.6V0H0v30.3c0,0,72,32.6,158.4,30.5c39.2-0.7,92.8-6.7,134-22.4\n\tc21.2-8.1,52.2-18.2,79.7-24.2C399.3,7.9,411.6,7.5,421.9,6.5z\"\/>\n<\/svg>\t\t<\/div>\n\t\t<div class=\"elementor-element elementor-element-99e0cf0 e-con-full obcs none e-flex e-con e-child\" data-id=\"99e0cf0\" data-element_type=\"container\" data-settings=\"{&quot;background_background&quot;:&quot;gradient&quot;}\">\n\t\t\t\t<div class=\"elementor-element elementor-element-6434c91 elementor-widget elementor-widget-heading\" data-id=\"6434c91\" data-element_type=\"widget\" data-widget_type=\"heading.default\">\n\t\t\t\t<div class=\"elementor-widget-container\">\n\t\t\t\t\t<h1 class=\"elementor-heading-title elementor-size-default\">Caricol\u00ae - T\u00fcm aile i\u00e7in<\/h1>\t\t\t\t<\/div>\n\t\t\t\t<\/div>\n\t\t\t\t<div class=\"elementor-element elementor-element-8d911ae elementor-widget-divider--view-line elementor-widget elementor-widget-divider\" data-id=\"8d911ae\" data-element_type=\"widget\" data-widget_type=\"divider.default\">\n\t\t\t\t<div class=\"elementor-widget-container\">\n\t\t\t\t\t\t\t<div class=\"elementor-divider\">\n\t\t\t<span class=\"elementor-divider-separator\">\n\t\t\t\t\t\t<\/span>\n\t\t<\/div>\n\t\t\t\t\t\t<\/div>\n\t\t\t\t<\/div>\n\t\t\t\t<div class=\"elementor-element elementor-element-31c733b elementor-widget elementor-widget-text-editor\" data-id=\"31c733b\" data-element_type=\"widget\" data-widget_type=\"text-editor.default\">\n\t\t\t\t<div class=\"elementor-widget-container\">\n\t\t\t\t\t\t\t\t\t<p>Sindirimi dengelemek i\u00e7in do\u011fan\u0131n hazine sand\u0131\u011f\u0131nda \u00e7ok \u00f6zel bir meyve var: papaya. Papain gibi sindirime yard\u0131mc\u0131 olan enzimlerin yan\u0131 s\u0131ra v\u00fccudumuza fayda sa\u011flayan bir\u00e7ok antioksidan, vitamin ve mineral i\u00e7erir.<\/p><p>Caricol\u00ae \u00fcr\u00fcnlerinde bulunan papaya organik tar\u0131mdan ve adil ticaretten gelmektedir.<\/p>\t\t\t\t\t\t\t\t<\/div>\n\t\t\t\t<\/div>\n\t\t\t\t<\/div>\n\t\t<div class=\"elementor-element elementor-element-82873a7 e-con-full elementor-hidden-mobile obcs none e-flex e-con e-child\" data-id=\"82873a7\" data-element_type=\"container\">\n\t\t\t\t<\/div>\n\t\t\t\t<\/div>\n\t\t<div class=\"elementor-element elementor-element-d43d080 obcs none e-flex e-con-boxed e-con e-parent\" data-id=\"d43d080\" data-element_type=\"container\">\n\t\t\t\t\t<div class=\"e-con-inner\">\n\t\t<div class=\"elementor-element elementor-element-11bb6f2 e-con-full obcs none e-flex e-con e-child\" data-id=\"11bb6f2\" data-element_type=\"container\">\n\t\t\t\t<div class=\"elementor-element elementor-element-f4256e6 elementor-align-left elementor-widget__width-initial elementor-widget elementor-widget-breadcrumbs\" data-id=\"f4256e6\" data-element_type=\"widget\" data-widget_type=\"breadcrumbs.default\">\n\t\t\t\t<div class=\"elementor-widget-container\">\n\t\t\t\t\t<span><span class=\"last\">Home<\/span><\/span>\t\t\t\t<\/div>\n\t\t\t\t<\/div>\n\t\t\t\t<\/div>\n\t\t<div class=\"elementor-element elementor-element-3554c3a e-con-full obcs none e-flex e-con e-child\" data-id=\"3554c3a\" data-element_type=\"container\">\n\t\t\t\t<\/div>\n\t\t\t\t\t<\/div>\n\t\t\t\t<\/div>\n\t\t<div class=\"elementor-element elementor-element-1d34489 obcs yellow e-flex e-con-boxed e-con e-parent\" data-id=\"1d34489\" data-element_type=\"container\">\n\t\t\t\t\t<div class=\"e-con-inner\">\n\t\t\t\t<div class=\"elementor-element elementor-element-823dd9f elementor-widget__width-initial elementor-widget elementor-widget-li-widgets--tile-slider\" data-id=\"823dd9f\" data-element_type=\"widget\" data-widget_type=\"li-widgets--tile-slider.default\">\n\t\t\t\t<div class=\"elementor-widget-container\">\n\t\t\t\t\t<div class=\"li-widgets--tile-slider yellow\">\n            <div class=\"headlines\">\n                            <div class=\"headline\">\n                    <div class=\"headline--main\"><h2>G\u00fc\u00e7 merkezdedir<\/h2><\/div>\n                                    <\/div>\n                                <\/div>\n                <div class=\"tiles-container grid\">\n            <div class=\"tiles grid-wrapper\">\n                                    <div class=\"swiper-slide\">\n                        <div class=\"tile\">\n                                                        <a href=\"https:\/\/www.omni-biotic.com\/tr-tr\/product\/caricol\/\">\n                                                                                                    <img decoding=\"async\" src=\"https:\/\/cdn.shopify.com\/s\/files\/1\/0611\/8198\/5020\/files\/caricol-7stk-at-de.webp?v=1757580196\" alt=\"Caricol\u00ae\" class=\"tile__image\" title=\"\">\n                                                                                            <\/a>\n                                                                                    <div class=\"tile__headline\">Caricol\u00ae<\/div>\n                                                                                        <div class=\"tile__subtitle\">Wohlbefinden im Darm mit der Kraft der Papaya<\/div>\n                                                                                                                                                <a class=\"tile__button\" href=\"https:\/\/www.omni-biotic.com\/tr-tr\/product\/caricol\/\">\u00fcr\u00fcne git<\/a>\n                                                    <\/div>\n                    <\/div>\n                                    <div class=\"swiper-slide\">\n                        <div class=\"tile\">\n                                                        <a href=\"https:\/\/www.omni-biotic.com\/tr-tr\/product\/caricol-derma-sensitiv\/\">\n                                                                                                    <img decoding=\"async\" src=\"https:\/\/cdn.shopify.com\/s\/files\/1\/0611\/8198\/5020\/files\/caricol-derma-sensitiv-50ml-at-de.webp?v=1757601781\" alt=\"Caricol\u00ae-Derma Sensitiv\" class=\"tile__image\" title=\"\">\n                                                                                            <\/a>\n                                                                                    <div class=\"tile__headline\">Caricol\u00ae-Derma Sensitiv<\/div>\n                                                                                        <div class=\"tile__subtitle\">Wenn es juckt und brennt<\/div>\n                                                                                                                                                <a class=\"tile__button\" href=\"https:\/\/www.omni-biotic.com\/tr-tr\/product\/caricol-derma-sensitiv\/\">\u00fcr\u00fcne git<\/a>\n                                                    <\/div>\n                    <\/div>\n                                    <div class=\"swiper-slide\">\n                        <div class=\"tile\">\n                                                        <a href=\"https:\/\/www.omni-biotic.com\/tr-tr\/product\/caricol-gastro\/\">\n                                                                                                    <img decoding=\"async\" src=\"https:\/\/cdn.shopify.com\/s\/files\/1\/0611\/8198\/5020\/files\/caricol-gastro-20-sticks-a-20g-online-kaufen-de_15106a80-1497-444e-bac5-e56495fef6ef.png?v=1698997350\" alt=\"Caricol\u00ae-Gastro\" class=\"tile__image\" title=\"\">\n                                                                                            <\/a>\n                                                                                    <div class=\"tile__headline\">Caricol\u00ae-Gastro<\/div>\n                                                                                        <div class=\"tile__subtitle\">\"Salbe\" f\u00fcr den Magen<\/div>\n                                                                                                                                                <a class=\"tile__button\" href=\"https:\/\/www.omni-biotic.com\/tr-tr\/product\/caricol-gastro\/\">\u00fcr\u00fcne git<\/a>\n                                                    <\/div>\n                    <\/div>\n                            <\/div>\n        <\/div>\n    <\/div>\n\t\t\t\t<\/div>\n\t\t\t\t<\/div>\n\t\t\t\t\t<\/div>\n\t\t\t\t<\/div>\n\t\t\t\t<\/div>\n\t\t","protected":false},"excerpt":{"rendered":"<p>Caricol\u00ae &#8211; T\u00fcm aile i\u00e7in Sindirimi dengelemek i\u00e7in do\u011fan\u0131n hazine sand\u0131\u011f\u0131nda \u00e7ok \u00f6zel bir meyve var: papaya. Papain gibi sindirime yard\u0131mc\u0131 olan enzimlerin yan\u0131 s\u0131ra v\u00fccudumuza fayda sa\u011flayan bir\u00e7ok antioksidan, vitamin ve mineral i\u00e7erir. Caricol\u00ae \u00fcr\u00fcnlerinde bulunan papaya organik tar\u0131mdan ve adil ticaretten gelmektedir. Home G\u00fc\u00e7 merkezdedir Caricol\u00ae Wohlbefinden im Darm mit der Kraft der [&hellip;]<\/p>\n","protected":false},"author":3,"featured_media":0,"parent":97,"menu_order":220,"comment_status":"closed","ping_status":"closed","template":"","meta":{"_acf_changed":false,"inline_featured_image":false,"footnotes":""},"class_list":["post-107","page","type-page","status-publish","hentry"],"acf":[],"_links":{"self":[{"href":"https:\/\/www.omni-biotic.com\/tr-tr\/wp-json\/wp\/v2\/pages\/107","targetHints":{"allow":["GET"]}}],"collection":[{"href":"https:\/\/www.omni-biotic.com\/tr-tr\/wp-json\/wp\/v2\/pages"}],"about":[{"href":"https:\/\/www.omni-biotic.com\/tr-tr\/wp-json\/wp\/v2\/types\/page"}],"author":[{"embeddable":true,"href":"https:\/\/www.omni-biotic.com\/tr-tr\/wp-json\/wp\/v2\/users\/3"}],"replies":[{"embeddable":true,"href":"https:\/\/www.omni-biotic.com\/tr-tr\/wp-json\/wp\/v2\/comments?post=107"}],"version-history":[{"count":7,"href":"https:\/\/www.omni-biotic.com\/tr-tr\/wp-json\/wp\/v2\/pages\/107\/revisions"}],"predecessor-version":[{"id":19198,"href":"https:\/\/www.omni-biotic.com\/tr-tr\/wp-json\/wp\/v2\/pages\/107\/revisions\/19198"}],"up":[{"embeddable":true,"href":"https:\/\/www.omni-biotic.com\/tr-tr\/wp-json\/wp\/v2\/pages\/97"}],"wp:attachment":[{"href":"https:\/\/www.omni-biotic.com\/tr-tr\/wp-json\/wp\/v2\/media?parent=107"}],"curies":[{"name":"wp","href":"https:\/\/api.w.org\/{rel}","templated":true}]}}