{"id":109,"date":"2022-03-07T10:07:28","date_gmt":"2022-03-07T09:07:28","guid":{"rendered":"https:\/\/www.omni-biotic.com\/produkte\/aboca\/"},"modified":"2025-07-07T14:54:29","modified_gmt":"2025-07-07T12:54:29","slug":"dr-med-schuetze","status":"publish","type":"page","link":"https:\/\/www.omni-biotic.com\/tr-tr\/urunler\/dr-med-schuetze\/","title":{"rendered":"Dr. med. Sch\u00fctze\u00ae"},"content":{"rendered":"\t\t<div data-elementor-type=\"wp-page\" data-elementor-id=\"109\" class=\"elementor elementor-109\" data-elementor-post-type=\"page\">\n\t\t\t\t<div class=\"elementor-element elementor-element-b645b17 e-con-full obcs blue e-flex e-con e-parent\" data-id=\"b645b17\" data-element_type=\"container\" data-settings=\"{&quot;background_background&quot;:&quot;classic&quot;,&quot;shape_divider_bottom&quot;:&quot;waves&quot;}\">\n\t\t\t\t<div class=\"elementor-shape elementor-shape-bottom\" aria-hidden=\"true\" data-negative=\"false\">\n\t\t\t<svg xmlns=\"http:\/\/www.w3.org\/2000\/svg\" viewBox=\"0 0 1000 100\" preserveAspectRatio=\"none\">\n\t<path class=\"elementor-shape-fill\" d=\"M421.9,6.5c22.6-2.5,51.5,0.4,75.5,5.3c23.6,4.9,70.9,23.5,100.5,35.7c75.8,32.2,133.7,44.5,192.6,49.7\n\tc23.6,2.1,48.7,3.5,103.4-2.5c54.7-6,106.2-25.6,106.2-25.6V0H0v30.3c0,0,72,32.6,158.4,30.5c39.2-0.7,92.8-6.7,134-22.4\n\tc21.2-8.1,52.2-18.2,79.7-24.2C399.3,7.9,411.6,7.5,421.9,6.5z\"\/>\n<\/svg>\t\t<\/div>\n\t\t<div class=\"elementor-element elementor-element-cf32dbb e-con-full obcs blue e-flex e-con e-child\" data-id=\"cf32dbb\" data-element_type=\"container\" data-settings=\"{&quot;background_background&quot;:&quot;gradient&quot;}\">\n\t\t\t\t<div class=\"elementor-element elementor-element-87ea95f elementor-widget elementor-widget-heading\" data-id=\"87ea95f\" data-element_type=\"widget\" data-widget_type=\"heading.default\">\n\t\t\t\t<div class=\"elementor-widget-container\">\n\t\t\t\t\t<h1 class=\"elementor-heading-title elementor-size-default\">Dr. med. Sch\u00fctze\u00ae\n<\/h1>\t\t\t\t<\/div>\n\t\t\t\t<\/div>\n\t\t\t\t<div class=\"elementor-element elementor-element-859c619 elementor-widget-divider--view-line elementor-widget elementor-widget-divider\" data-id=\"859c619\" data-element_type=\"widget\" data-widget_type=\"divider.default\">\n\t\t\t\t<div class=\"elementor-widget-container\">\n\t\t\t\t\t\t\t<div class=\"elementor-divider\">\n\t\t\t<span class=\"elementor-divider-separator\">\n\t\t\t\t\t\t<\/span>\n\t\t<\/div>\n\t\t\t\t\t\t<\/div>\n\t\t\t\t<\/div>\n\t\t\t\t<div class=\"elementor-element elementor-element-0668ee0 elementor-widget elementor-widget-text-editor\" data-id=\"0668ee0\" data-element_type=\"widget\" data-widget_type=\"text-editor.default\">\n\t\t\t\t<div class=\"elementor-widget-container\">\n\t\t\t\t\t\t\t\t\t<p>Avusturya&#8217;n\u0131n en yenilik\u00e7i aile i\u015fletmesi di\u015f bak\u0131m \u015firketlerinden biri art\u0131k Institut AllergoSan ile ayn\u0131 \u00e7at\u0131 alt\u0131nda. Temmuz 2022&#8217;de Institut AllergoSan, Attnang-Puchheim&#8217;dan Dr. med. Sch\u00fctze GmbH&#8217;yi devrald\u0131 ve b\u00f6ylece a\u011f\u0131z mikrobiyomuna ili\u015fkin \u00fcr\u00fcn yelpazesini geni\u015fletti.<\/p>\t\t\t\t\t\t\t\t<\/div>\n\t\t\t\t<\/div>\n\t\t\t\t<\/div>\n\t\t<div class=\"elementor-element elementor-element-0f3c191 e-con-full elementor-hidden-mobile obcs none e-flex e-con e-child\" data-id=\"0f3c191\" data-element_type=\"container\">\n\t\t\t\t<\/div>\n\t\t\t\t<\/div>\n\t\t<div class=\"elementor-element elementor-element-1aeafe7 obcs none e-flex e-con-boxed e-con e-parent\" data-id=\"1aeafe7\" data-element_type=\"container\">\n\t\t\t\t\t<div class=\"e-con-inner\">\n\t\t<div class=\"elementor-element elementor-element-5283908 e-con-full obcs none e-flex e-con e-child\" data-id=\"5283908\" data-element_type=\"container\">\n\t\t\t\t<div class=\"elementor-element elementor-element-ef70354 elementor-align-left elementor-widget__width-initial elementor-widget elementor-widget-breadcrumbs\" data-id=\"ef70354\" data-element_type=\"widget\" data-widget_type=\"breadcrumbs.default\">\n\t\t\t\t<div class=\"elementor-widget-container\">\n\t\t\t\t\t<span><span class=\"last\">Home<\/span><\/span>\t\t\t\t<\/div>\n\t\t\t\t<\/div>\n\t\t\t\t<\/div>\n\t\t<div class=\"elementor-element elementor-element-ee9bdea e-con-full obcs none e-flex e-con e-child\" data-id=\"ee9bdea\" data-element_type=\"container\">\n\t\t\t\t<\/div>\n\t\t\t\t\t<\/div>\n\t\t\t\t<\/div>\n\t\t<div class=\"elementor-element elementor-element-7b03b1b obcs none e-flex e-con-boxed e-con e-parent\" data-id=\"7b03b1b\" data-element_type=\"container\">\n\t\t\t\t\t<div class=\"e-con-inner\">\n\t\t\t\t<div class=\"elementor-element elementor-element-9242010 elementor-widget__width-initial elementor-widget elementor-widget-li-widgets--tile-slider\" data-id=\"9242010\" data-element_type=\"widget\" data-widget_type=\"li-widgets--tile-slider.default\">\n\t\t\t\t<div class=\"elementor-widget-container\">\n\t\t\t\t\t<div class=\"li-widgets--tile-slider blue\">\n            <div class=\"headlines\">\n                            <div class=\"headline\">\n                    <div class=\"headline--main\"><h2>Di\u015f bak\u0131m\u0131n\u0131z i\u00e7in \u00fcr\u00fcnler<\/h2><\/div>\n                                    <\/div>\n                                <\/div>\n                <div class=\"tiles-container grid\">\n            <div class=\"tiles grid-wrapper\">\n                                    <div class=\"swiper-slide\">\n                        <div class=\"tile\">\n                                                        <a href=\"https:\/\/www.omni-biotic.com\/tr-tr\/product\/cellfood-silica-plus-tropfen\/\">\n                                                                                                    <img decoding=\"async\" src=\"https:\/\/cdn.shopify.com\/s\/files\/1\/0611\/8198\/5020\/files\/cellfood-silica-plus-tropfen-118ml-at-de.webp?v=1757587776\" alt=\"CELLFOOD\u00ae SILICA PLUS Tropfen\" class=\"tile__image\" title=\"\">\n                                                                                            <\/a>\n                                                                                    <div class=\"tile__headline\">CELLFOOD\u00ae SILICA PLUS Tropfen<\/div>\n                                                                                        <div class=\"tile__subtitle\">Kr\u00e4ftigen Bindegewebe und unterst\u00fctzen bei der Bek\u00e4mpfung von Cellulitis<\/div>\n                                                                                                                                                <a class=\"tile__button\" href=\"https:\/\/www.omni-biotic.com\/tr-tr\/product\/cellfood-silica-plus-tropfen\/\">\u00fcr\u00fcne git<\/a>\n                                                    <\/div>\n                    <\/div>\n                                    <div class=\"swiper-slide\">\n                        <div class=\"tile\">\n                                                        <a href=\"https:\/\/www.omni-biotic.com\/tr-tr\/product\/cellfood-tropfen\/\">\n                                                                                                    <img decoding=\"async\" src=\"https:\/\/cdn.shopify.com\/s\/files\/1\/0611\/8198\/5020\/files\/cellfood-selen-tropfen-30ml-at-de.webp?v=1757587722\" alt=\"CELLFOOD\u00ae Tropfen\" class=\"tile__image\" title=\"\">\n                                                                                            <\/a>\n                                                                                    <div class=\"tile__headline\">CELLFOOD\u00ae Tropfen<\/div>\n                                                                                        <div class=\"tile__subtitle\">F\u00fcr eine optimale Bereitstellung des Sauerstoffs in der Zelle<\/div>\n                                                                                                                                                <a class=\"tile__button\" href=\"https:\/\/www.omni-biotic.com\/tr-tr\/product\/cellfood-tropfen\/\">\u00fcr\u00fcne git<\/a>\n                                                    <\/div>\n                    <\/div>\n                                    <div class=\"swiper-slide\">\n                        <div class=\"tile\">\n                                                        <a href=\"https:\/\/www.omni-biotic.com\/tr-tr\/product\/cellfood-vitamin-c-spray\/\">\n                                                                                                    <img decoding=\"async\" src=\"https:\/\/cdn.shopify.com\/s\/files\/1\/0611\/8198\/5020\/files\/cellfood-vitamin-c-spray-118ml-at-de.webp?v=1757587612\" alt=\"CELLFOOD\u00ae VITAMIN C+ Spray\" class=\"tile__image\" title=\"\">\n                                                                                            <\/a>\n                                                                                    <div class=\"tile__headline\">CELLFOOD\u00ae VITAMIN C+ Spray<\/div>\n                                                                                        <div class=\"tile__subtitle\">Mit einer Bioverf\u00fcgbarkeit von 98 %!<\/div>\n                                                                                                                                                <a class=\"tile__button\" href=\"https:\/\/www.omni-biotic.com\/tr-tr\/product\/cellfood-vitamin-c-spray\/\">\u00fcr\u00fcne git<\/a>\n                                                    <\/div>\n                    <\/div>\n                                    <div class=\"swiper-slide\">\n                        <div class=\"tile\">\n                                                        <a href=\"https:\/\/www.omni-biotic.com\/tr-tr\/product\/circum-dental-buersten-cdb-1\/\">\n                                                                                                    <img decoding=\"async\" src=\"https:\/\/cdn.shopify.com\/s\/files\/1\/0611\/8198\/5020\/files\/circum-dentalbuersten-grau-cdb1-5stk-at-de.webp?v=1757584061\" alt=\"Circum\u00ae Dental B\u00fcrsten (CDB-1)\" class=\"tile__image\" title=\"\">\n                                                                                            <\/a>\n                                                                                    <div class=\"tile__headline\">Circum\u00ae Dental B\u00fcrsten (CDB-1)<\/div>\n                                                                                        <div class=\"tile__subtitle\">F\u00fcr ein Minimum an Aufwand ein Maximum erzielen<\/div>\n                                                                                                                                                <a class=\"tile__button\" href=\"https:\/\/www.omni-biotic.com\/tr-tr\/product\/circum-dental-buersten-cdb-1\/\">\u00fcr\u00fcne git<\/a>\n                                                    <\/div>\n                    <\/div>\n                                    <div class=\"swiper-slide\">\n                        <div class=\"tile\">\n                                                        <a href=\"https:\/\/www.omni-biotic.com\/tr-tr\/product\/circum-dental-buersten-cdb-3\/\">\n                                                                                                    <img decoding=\"async\" src=\"https:\/\/cdn.shopify.com\/s\/files\/1\/0611\/8198\/5020\/files\/circum-dentalbuersten-weiss-cdb3-5stk-at-de.webp?v=1757583681\" alt=\"Circum\u00ae Dental B\u00fcrsten (CDB-3)\" class=\"tile__image\" title=\"\">\n                                                                                            <\/a>\n                                                                                    <div class=\"tile__headline\">Circum\u00ae Dental B\u00fcrsten (CDB-3)<\/div>\n                                                                                        <div class=\"tile__subtitle\">F\u00fcr ein Minimum an Aufwand ein Maximum erzielen<\/div>\n                                                                                                                                                <a class=\"tile__button\" href=\"https:\/\/www.omni-biotic.com\/tr-tr\/product\/circum-dental-buersten-cdb-3\/\">\u00fcr\u00fcne git<\/a>\n                                                    <\/div>\n                    <\/div>\n                                    <div class=\"swiper-slide\">\n                        <div class=\"tile\">\n                                                        <a href=\"https:\/\/www.omni-biotic.com\/tr-tr\/product\/circum-dental-buersten-cdb-4\/\">\n                                                                                                    <img decoding=\"async\" src=\"https:\/\/cdn.shopify.com\/s\/files\/1\/0611\/8198\/5020\/files\/circum-dentalbuersten-gelb-cdb4-5stk-at-de.webp?v=1757583235\" alt=\"Circum\u00ae Dental B\u00fcrsten (CDB-4)\" class=\"tile__image\" title=\"\">\n                                                                                            <\/a>\n                                                                                    <div class=\"tile__headline\">Circum\u00ae Dental B\u00fcrsten (CDB-4)<\/div>\n                                                                                        <div class=\"tile__subtitle\">F\u00fcr ein Minimum an Aufwand ein Maximum erzielen<\/div>\n                                                                                                                                                <a class=\"tile__button\" href=\"https:\/\/www.omni-biotic.com\/tr-tr\/product\/circum-dental-buersten-cdb-4\/\">\u00fcr\u00fcne git<\/a>\n                                                    <\/div>\n                    <\/div>\n                                    <div class=\"swiper-slide\">\n                        <div class=\"tile\">\n                                                        <a href=\"https:\/\/www.omni-biotic.com\/tr-tr\/product\/circum-dental-buersten-cdb-6\/\">\n                                                                                                    <img decoding=\"async\" src=\"https:\/\/cdn.shopify.com\/s\/files\/1\/0611\/8198\/5020\/files\/circum-dentalbuersten-blau-cdb6-5stk-at-de.webp?v=1757582758\" alt=\"Circum\u00ae Dental B\u00fcrsten (CDB-6)\" class=\"tile__image\" title=\"\">\n                                                                                            <\/a>\n                                                                                    <div class=\"tile__headline\">Circum\u00ae Dental B\u00fcrsten (CDB-6)<\/div>\n                                                                                        <div class=\"tile__subtitle\">F\u00fcr ein Minimum an Aufwand ein Maximum erzielen<\/div>\n                                                                                                                                                <a class=\"tile__button\" href=\"https:\/\/www.omni-biotic.com\/tr-tr\/product\/circum-dental-buersten-cdb-6\/\">\u00fcr\u00fcne git<\/a>\n                                                    <\/div>\n                    <\/div>\n                                    <div class=\"swiper-slide\">\n                        <div class=\"tile\">\n                                                        <a href=\"https:\/\/www.omni-biotic.com\/tr-tr\/product\/paromit-q10-spray\/\">\n                                                                                                    <img decoding=\"async\" src=\"https:\/\/cdn.shopify.com\/s\/files\/1\/0611\/8198\/5020\/files\/paromit-q10-spray-30ml-at-de.webp?v=1757593373\" alt=\"PAROMiT\u00ae Q10 Spray\" class=\"tile__image\" title=\"\">\n                                                                                            <\/a>\n                                                                                    <div class=\"tile__headline\">PAROMiT\u00ae Q10 Spray<\/div>\n                                                                                        <div class=\"tile__subtitle\">Schutz und Pflege f\u00fcr das Zahnfleisch<\/div>\n                                                                                                                                                <a class=\"tile__button\" href=\"https:\/\/www.omni-biotic.com\/tr-tr\/product\/paromit-q10-spray\/\">\u00fcr\u00fcne git<\/a>\n                                                    <\/div>\n                    <\/div>\n                            <\/div>\n        <\/div>\n    <\/div>\n\t\t\t\t<\/div>\n\t\t\t\t<\/div>\n\t\t\t\t\t<\/div>\n\t\t\t\t<\/div>\n\t\t\t\t<\/div>\n\t\t","protected":false},"excerpt":{"rendered":"<p>Dr. med. Sch\u00fctze\u00ae Avusturya&#8217;n\u0131n en yenilik\u00e7i aile i\u015fletmesi di\u015f bak\u0131m \u015firketlerinden biri art\u0131k Institut AllergoSan ile ayn\u0131 \u00e7at\u0131 alt\u0131nda. Temmuz 2022&#8217;de Institut AllergoSan, Attnang-Puchheim&#8217;dan Dr. med. Sch\u00fctze GmbH&#8217;yi devrald\u0131 ve b\u00f6ylece a\u011f\u0131z mikrobiyomuna ili\u015fkin \u00fcr\u00fcn yelpazesini geni\u015fletti. Home Di\u015f bak\u0131m\u0131n\u0131z i\u00e7in \u00fcr\u00fcnler CELLFOOD\u00ae SILICA PLUS Tropfen Kr\u00e4ftigen Bindegewebe und unterst\u00fctzen bei der Bek\u00e4mpfung von Cellulitis [&hellip;]<\/p>\n","protected":false},"author":3,"featured_media":0,"parent":97,"menu_order":230,"comment_status":"closed","ping_status":"closed","template":"","meta":{"_acf_changed":false,"inline_featured_image":false,"footnotes":""},"class_list":["post-109","page","type-page","status-publish","hentry"],"acf":[],"_links":{"self":[{"href":"https:\/\/www.omni-biotic.com\/tr-tr\/wp-json\/wp\/v2\/pages\/109","targetHints":{"allow":["GET"]}}],"collection":[{"href":"https:\/\/www.omni-biotic.com\/tr-tr\/wp-json\/wp\/v2\/pages"}],"about":[{"href":"https:\/\/www.omni-biotic.com\/tr-tr\/wp-json\/wp\/v2\/types\/page"}],"author":[{"embeddable":true,"href":"https:\/\/www.omni-biotic.com\/tr-tr\/wp-json\/wp\/v2\/users\/3"}],"replies":[{"embeddable":true,"href":"https:\/\/www.omni-biotic.com\/tr-tr\/wp-json\/wp\/v2\/comments?post=109"}],"version-history":[{"count":7,"href":"https:\/\/www.omni-biotic.com\/tr-tr\/wp-json\/wp\/v2\/pages\/109\/revisions"}],"predecessor-version":[{"id":19215,"href":"https:\/\/www.omni-biotic.com\/tr-tr\/wp-json\/wp\/v2\/pages\/109\/revisions\/19215"}],"up":[{"embeddable":true,"href":"https:\/\/www.omni-biotic.com\/tr-tr\/wp-json\/wp\/v2\/pages\/97"}],"wp:attachment":[{"href":"https:\/\/www.omni-biotic.com\/tr-tr\/wp-json\/wp\/v2\/media?parent=109"}],"curies":[{"name":"wp","href":"https:\/\/api.w.org\/{rel}","templated":true}]}}