{"id":119,"date":"2022-03-07T10:07:28","date_gmt":"2022-03-07T09:07:28","guid":{"rendered":"https:\/\/www.omni-biotic.com\/darmgesundheit\/gesundheitszentrale-darm\/probiotika\/"},"modified":"2025-07-07T16:13:03","modified_gmt":"2025-07-07T14:13:03","slug":"probiyotikler-ve-prebiyotikler","status":"publish","type":"page","link":"https:\/\/www.omni-biotic.com\/tr-tr\/bagirsaklariniz-sagligin-merkezi\/probiyotikler-ve-prebiyotikler\/","title":{"rendered":"Probiyotikler ve prebiyotikler"},"content":{"rendered":"\t\t<div data-elementor-type=\"wp-page\" data-elementor-id=\"119\" class=\"elementor elementor-119\" data-elementor-post-type=\"page\">\n\t\t\t\t<div class=\"elementor-element elementor-element-65b9bc1 e-con-full obcs none e-flex e-con e-parent\" data-id=\"65b9bc1\" data-element_type=\"container\" data-settings=\"{&quot;background_background&quot;:&quot;gradient&quot;,&quot;shape_divider_bottom&quot;:&quot;waves&quot;}\">\n\t\t\t\t<div class=\"elementor-shape elementor-shape-bottom\" aria-hidden=\"true\" data-negative=\"false\">\n\t\t\t<svg xmlns=\"http:\/\/www.w3.org\/2000\/svg\" viewBox=\"0 0 1000 100\" preserveAspectRatio=\"none\">\n\t<path class=\"elementor-shape-fill\" d=\"M421.9,6.5c22.6-2.5,51.5,0.4,75.5,5.3c23.6,4.9,70.9,23.5,100.5,35.7c75.8,32.2,133.7,44.5,192.6,49.7\n\tc23.6,2.1,48.7,3.5,103.4-2.5c54.7-6,106.2-25.6,106.2-25.6V0H0v30.3c0,0,72,32.6,158.4,30.5c39.2-0.7,92.8-6.7,134-22.4\n\tc21.2-8.1,52.2-18.2,79.7-24.2C399.3,7.9,411.6,7.5,421.9,6.5z\"\/>\n<\/svg>\t\t<\/div>\n\t\t\t\t<div class=\"elementor-element elementor-element-52265cf elementor-absolute elementor-hidden-mobile elementor-align-center elementor-widget elementor-widget-lottie\" data-id=\"52265cf\" data-element_type=\"widget\" data-settings=\"{&quot;source_json&quot;:{&quot;url&quot;:&quot;https:\\\/\\\/www.omni-biotic.com\\\/en-eu\\\/wp-content\\\/uploads\\\/sites\\\/3\\\/2022\\\/08\\\/lf30_editor_s5uwdgjh.json&quot;,&quot;id&quot;:&quot;7733&quot;,&quot;size&quot;:&quot;&quot;,&quot;alt&quot;:&quot;&quot;,&quot;source&quot;:&quot;library&quot;},&quot;loop&quot;:&quot;yes&quot;,&quot;play_speed&quot;:{&quot;unit&quot;:&quot;px&quot;,&quot;size&quot;:&quot;0.3&quot;,&quot;sizes&quot;:[]},&quot;_position&quot;:&quot;absolute&quot;,&quot;source&quot;:&quot;media_file&quot;,&quot;caption_source&quot;:&quot;none&quot;,&quot;link_to&quot;:&quot;none&quot;,&quot;trigger&quot;:&quot;arriving_to_viewport&quot;,&quot;viewport&quot;:{&quot;unit&quot;:&quot;%&quot;,&quot;size&quot;:&quot;&quot;,&quot;sizes&quot;:{&quot;start&quot;:0,&quot;end&quot;:100}},&quot;start_point&quot;:{&quot;unit&quot;:&quot;%&quot;,&quot;size&quot;:0,&quot;sizes&quot;:[]},&quot;end_point&quot;:{&quot;unit&quot;:&quot;%&quot;,&quot;size&quot;:100,&quot;sizes&quot;:[]},&quot;renderer&quot;:&quot;svg&quot;}\" data-widget_type=\"lottie.default\">\n\t\t\t\t<div class=\"elementor-widget-container\">\n\t\t\t\t\t<div class=\"e-lottie__container\"><div class=\"e-lottie__animation\"><\/div><\/div>\t\t\t\t<\/div>\n\t\t\t\t<\/div>\n\t\t<div class=\"elementor-element elementor-element-005b22b e-con-full obcs none e-flex e-con e-child\" data-id=\"005b22b\" data-element_type=\"container\" data-settings=\"{&quot;background_background&quot;:&quot;gradient&quot;}\">\n\t\t\t\t<div class=\"elementor-element elementor-element-e547cc2 elementor-widget elementor-widget-heading\" data-id=\"e547cc2\" data-element_type=\"widget\" data-widget_type=\"heading.default\">\n\t\t\t\t<div class=\"elementor-widget-container\">\n\t\t\t\t\t<h1 class=\"elementor-heading-title elementor-size-default\">Probiyotikler ve prebiyotikler<\/h1>\t\t\t\t<\/div>\n\t\t\t\t<\/div>\n\t\t\t\t<div class=\"elementor-element elementor-element-a58b508 elementor-widget-divider--view-line elementor-widget elementor-widget-divider\" data-id=\"a58b508\" data-element_type=\"widget\" data-widget_type=\"divider.default\">\n\t\t\t\t<div class=\"elementor-widget-container\">\n\t\t\t\t\t\t\t<div class=\"elementor-divider\">\n\t\t\t<span class=\"elementor-divider-separator\">\n\t\t\t\t\t\t<\/span>\n\t\t<\/div>\n\t\t\t\t\t\t<\/div>\n\t\t\t\t<\/div>\n\t\t\t\t<div class=\"elementor-element elementor-element-498bfa1 elementor-widget elementor-widget-text-editor\" data-id=\"498bfa1\" data-element_type=\"widget\" data-widget_type=\"text-editor.default\">\n\t\t\t\t<div class=\"elementor-widget-container\">\n\t\t\t\t\t\t\t\t\t<p>Milyarlarca faydal\u0131 bakteriden olu\u015fan ba\u011f\u0131rsa\u011f\u0131m\u0131z\u0131n mikrokozmosu her g\u00fcn \u00e7ok \u00e7e\u015fitli i\u015flevleri yerine getirir. Yiyeceklerimizi sindirir, toksinleri v\u00fccudumuzdan uzakla\u015ft\u0131r\u0131r ve patojenlerin yay\u0131lmas\u0131n\u0131 \u00f6nler. Ancak bu hassas bakteri dengesi, \u00f6rne\u011fin k\u00f6t\u00fc beslenme, stres veya ila\u00e7lar nedeniyle bozuldu\u011funda ne olur? Bu gibi durumlarda, sinbiyotikler ba\u011f\u0131rsaklar\u0131m\u0131zdaki uyumu yeniden sa\u011flamaya yard\u0131mc\u0131 olabilir.<\/p>\t\t\t\t\t\t\t\t<\/div>\n\t\t\t\t<\/div>\n\t\t\t\t<\/div>\n\t\t\t\t<\/div>\n\t\t<div class=\"elementor-element elementor-element-b0732dd obcs none e-flex e-con-boxed e-con e-parent\" data-id=\"b0732dd\" data-element_type=\"container\">\n\t\t\t\t\t<div class=\"e-con-inner\">\n\t\t<div class=\"elementor-element elementor-element-0800d35 obcs none e-flex e-con-boxed e-con e-child\" data-id=\"0800d35\" data-element_type=\"container\">\n\t\t\t\t\t<div class=\"e-con-inner\">\n\t\t<div class=\"elementor-element elementor-element-07a0037 e-con-full obcs none e-flex e-con e-child\" data-id=\"07a0037\" data-element_type=\"container\">\n\t\t\t\t<div class=\"elementor-element elementor-element-4bad2e8 elementor-align-left elementor-widget__width-initial elementor-widget elementor-widget-breadcrumbs\" data-id=\"4bad2e8\" data-element_type=\"widget\" data-widget_type=\"breadcrumbs.default\">\n\t\t\t\t<div class=\"elementor-widget-container\">\n\t\t\t\t\t<span><span class=\"last\">Home<\/span><\/span>\t\t\t\t<\/div>\n\t\t\t\t<\/div>\n\t\t\t\t<\/div>\n\t\t<div class=\"elementor-element elementor-element-72ae8e7 e-con-full obcs none e-flex e-con e-child\" data-id=\"72ae8e7\" data-element_type=\"container\">\n\t\t\t\t<div class=\"elementor-element elementor-element-9e9e0b4 elementor-toc--minimized-on-desktop elementor-widget elementor-widget-table-of-contents\" data-id=\"9e9e0b4\" data-element_type=\"widget\" data-settings=\"{&quot;exclude_headings_by_selector&quot;:[],&quot;minimized_on&quot;:&quot;desktop&quot;,&quot;_animation&quot;:&quot;none&quot;,&quot;no_headings_message&quot;:&quot;No headings were found on this page.&quot;,&quot;headings_by_tags&quot;:[&quot;h2&quot;,&quot;h3&quot;,&quot;h4&quot;,&quot;h5&quot;,&quot;h6&quot;],&quot;marker_view&quot;:&quot;numbers&quot;,&quot;minimize_box&quot;:&quot;yes&quot;,&quot;hierarchical_view&quot;:&quot;yes&quot;,&quot;min_height&quot;:{&quot;unit&quot;:&quot;px&quot;,&quot;size&quot;:&quot;&quot;,&quot;sizes&quot;:[]},&quot;min_height_tablet&quot;:{&quot;unit&quot;:&quot;px&quot;,&quot;size&quot;:&quot;&quot;,&quot;sizes&quot;:[]},&quot;min_height_mobile&quot;:{&quot;unit&quot;:&quot;px&quot;,&quot;size&quot;:&quot;&quot;,&quot;sizes&quot;:[]}}\" data-widget_type=\"table-of-contents.default\">\n\t\t\t\t<div class=\"elementor-widget-container\">\n\t\t\t\t\t\t\t\t\t<div class=\"elementor-toc__header\">\n\t\t\t\t\t\t<h4 class=\"elementor-toc__header-title\">\n\t\t\t\tContents\t\t\t<\/h4>\n\t\t\t\t\t\t\t\t\t\t<div class=\"elementor-toc__toggle-button elementor-toc__toggle-button--expand\" role=\"button\" tabindex=\"0\" aria-controls=\"elementor-toc__9e9e0b4\" aria-expanded=\"true\" aria-label=\"Open table of contents\"><i aria-hidden=\"true\" class=\"fas fa-chevron-down\"><\/i><\/div>\n\t\t\t\t<div class=\"elementor-toc__toggle-button elementor-toc__toggle-button--collapse\" role=\"button\" tabindex=\"0\" aria-controls=\"elementor-toc__9e9e0b4\" aria-expanded=\"true\" aria-label=\"Close table of contents\"><i aria-hidden=\"true\" class=\"fas fa-chevron-up\"><\/i><\/div>\n\t\t\t\t\t<\/div>\n\t\t\t\t<div id=\"elementor-toc__9e9e0b4\" class=\"elementor-toc__body\">\n\t\t\t<div class=\"elementor-toc__spinner-container\">\n\t\t\t\t<i class=\"elementor-toc__spinner eicon-animation-spin eicon-loading\" aria-hidden=\"true\"><\/i>\t\t\t<\/div>\n\t\t<\/div>\n\t\t\t\t\t\t<\/div>\n\t\t\t\t<\/div>\n\t\t\t\t<\/div>\n\t\t\t\t\t<\/div>\n\t\t\t\t<\/div>\n\t\t\t\t\t<\/div>\n\t\t\t\t<\/div>\n\t\t<div class=\"elementor-element elementor-element-a671870 obcs blue e-flex e-con-boxed e-con e-parent\" data-id=\"a671870\" data-element_type=\"container\">\n\t\t\t\t\t<div class=\"e-con-inner\">\n\t\t<div class=\"elementor-element elementor-element-c5ba63f e-con-full obcs green e-flex e-con e-child\" data-id=\"c5ba63f\" data-element_type=\"container\">\n\t\t\t\t<div class=\"elementor-element elementor-element-395aecb e-transform elementor-widget elementor-widget-image\" data-id=\"395aecb\" data-element_type=\"widget\" data-settings=\"{&quot;_transform_rotateZ_effect&quot;:{&quot;unit&quot;:&quot;px&quot;,&quot;size&quot;:&quot;0&quot;,&quot;sizes&quot;:[]},&quot;_transform_rotate_3d&quot;:&quot;yes&quot;,&quot;_transform_rotateX_effect&quot;:{&quot;unit&quot;:&quot;px&quot;,&quot;size&quot;:&quot;0&quot;,&quot;sizes&quot;:[]},&quot;_transform_rotateY_effect&quot;:{&quot;unit&quot;:&quot;px&quot;,&quot;size&quot;:&quot;-4&quot;,&quot;sizes&quot;:[]},&quot;_transform_perspective_effect&quot;:{&quot;unit&quot;:&quot;px&quot;,&quot;size&quot;:&quot;650&quot;,&quot;sizes&quot;:[]},&quot;_transform_rotateZ_effect_tablet&quot;:{&quot;unit&quot;:&quot;deg&quot;,&quot;size&quot;:&quot;&quot;,&quot;sizes&quot;:[]},&quot;_transform_rotateZ_effect_mobile&quot;:{&quot;unit&quot;:&quot;deg&quot;,&quot;size&quot;:&quot;&quot;,&quot;sizes&quot;:[]},&quot;_transform_rotateX_effect_tablet&quot;:{&quot;unit&quot;:&quot;deg&quot;,&quot;size&quot;:&quot;&quot;,&quot;sizes&quot;:[]},&quot;_transform_rotateX_effect_mobile&quot;:{&quot;unit&quot;:&quot;deg&quot;,&quot;size&quot;:&quot;&quot;,&quot;sizes&quot;:[]},&quot;_transform_rotateY_effect_tablet&quot;:{&quot;unit&quot;:&quot;deg&quot;,&quot;size&quot;:&quot;&quot;,&quot;sizes&quot;:[]},&quot;_transform_rotateY_effect_mobile&quot;:{&quot;unit&quot;:&quot;deg&quot;,&quot;size&quot;:&quot;&quot;,&quot;sizes&quot;:[]},&quot;_transform_perspective_effect_tablet&quot;:{&quot;unit&quot;:&quot;px&quot;,&quot;size&quot;:&quot;&quot;,&quot;sizes&quot;:[]},&quot;_transform_perspective_effect_mobile&quot;:{&quot;unit&quot;:&quot;px&quot;,&quot;size&quot;:&quot;&quot;,&quot;sizes&quot;:[]}}\" data-widget_type=\"image.default\">\n\t\t\t\t<div class=\"elementor-widget-container\">\n\t\t\t\t\t\t\t\t\t\t\t\t\t\t\t<img fetchpriority=\"high\" decoding=\"async\" width=\"768\" height=\"512\" src=\"https:\/\/www.omni-biotic.com\/tr-tr\/wp-content\/uploads\/sites\/15\/2023\/07\/prebiotics-omni-logic.png\" class=\"attachment-large size-large wp-image-15735\" alt=\"prebiyotikler\" srcset=\"https:\/\/www.omni-biotic.com\/tr-tr\/wp-content\/uploads\/sites\/15\/2023\/07\/prebiotics-omni-logic.png 768w, https:\/\/www.omni-biotic.com\/tr-tr\/wp-content\/uploads\/sites\/15\/2023\/07\/prebiotics-omni-logic-300x200.png 300w\" sizes=\"(max-width: 768px) 100vw, 768px\" title=\"\">\t\t\t\t\t\t\t\t\t\t\t\t\t\t\t<\/div>\n\t\t\t\t<\/div>\n\t\t\t\t<\/div>\n\t\t<div class=\"elementor-element elementor-element-82b67af e-con-full obcs none e-flex e-con e-child\" data-id=\"82b67af\" data-element_type=\"container\">\n\t\t\t\t<div class=\"elementor-element elementor-element-1837114 elementor-widget elementor-widget-heading\" data-id=\"1837114\" data-element_type=\"widget\" data-widget_type=\"heading.default\">\n\t\t\t\t<div class=\"elementor-widget-container\">\n\t\t\t\t\t<h3 class=\"elementor-heading-title elementor-size-large\">Sinbiyotiklerin etkisi<\/h3>\t\t\t\t<\/div>\n\t\t\t\t<\/div>\n\t\t\t\t<div class=\"elementor-element elementor-element-cecb2aa elementor-widget-mobile__width-inherit elementor-widget elementor-widget-text-editor\" data-id=\"cecb2aa\" data-element_type=\"widget\" data-widget_type=\"text-editor.default\">\n\t\t\t\t<div class=\"elementor-widget-container\">\n\t\t\t\t\t\t\t\t\t<p>Birka\u00e7 y\u0131ld\u0131r bilimsel ara\u015ft\u0131rmalar, geni\u015f uygulama alanlar\u0131 nedeniyle \u00f6zellikle sinbiyotikler olarak bilinen probiyotik ve prebiyotik kombinasyonuna odaklanm\u0131\u015ft\u0131r. Probiyotik mikroorganizmalar ba\u011f\u0131rsak floras\u0131n\u0131n dengesini yeniden sa\u011flamak i\u00e7in \u00e7al\u0131\u015f\u0131rken, prebiyotikler bakteriler i\u00e7in enerji sa\u011flayan maddelerdir. Birlikte, ba\u011f\u0131rsaklar\u0131m\u0131zdaki temel bakterilerin \u00e7o\u011falmas\u0131n\u0131 te\u015fvik ederek aktivitelerini ve hayatta kalma \u015fanslar\u0131n\u0131 artt\u0131r\u0131rlar.<\/p>\t\t\t\t\t\t\t\t<\/div>\n\t\t\t\t<\/div>\n\t\t\t\t<div class=\"elementor-element elementor-element-678bb8b elementor-widget elementor-widget-heading\" data-id=\"678bb8b\" data-element_type=\"widget\" data-widget_type=\"heading.default\">\n\t\t\t\t<div class=\"elementor-widget-container\">\n\t\t\t\t\t<h3 class=\"elementor-heading-title elementor-size-large\">Probiyotikler <\/h3>\t\t\t\t<\/div>\n\t\t\t\t<\/div>\n\t\t\t\t<div class=\"elementor-element elementor-element-39c543f elementor-widget-mobile__width-inherit elementor-widget elementor-widget-text-editor\" data-id=\"39c543f\" data-element_type=\"widget\" data-widget_type=\"text-editor.default\">\n\t\t\t\t<div class=\"elementor-widget-container\">\n\t\t\t\t\t\t\t\t\t<p>Pro bios &#8216;ya\u015fam i\u00e7in&#8217; anlam\u0131na gelir. Ba\u015fta laktik asit \u00fcreten bakteriler olmak \u00fczere probiyotikler v\u00fccudun ba\u011f\u0131rsak fonksiyonlar\u0131n\u0131 destekler ve suda \u00e7\u00f6z\u00fcnen prebiyotiklerin liflerini enerji kayna\u011f\u0131 olarak kullan\u0131r. En iyi bilinen probiyotikler aras\u0131nda lactobacillus ve bifidobacteria bulunur. Sindirim sistemimizin mukus zarlar\u0131n\u0131 kolonize ederek do\u011fal ba\u011f\u0131rsak floras\u0131n\u0131n yabanc\u0131 ve istenmeyen patojenleri uzakla\u015ft\u0131rma yetene\u011fini g\u00fc\u00e7lendirirler. Sindirim sistemimizdeki sa\u011fl\u0131kl\u0131 bakterilerin varl\u0131\u011f\u0131 patojenlere ve toksinlere kar\u015f\u0131 direncimizi art\u0131r\u0131r. Probiyotikler ba\u011f\u0131rsaklar\u0131 v\u00fccudun en g\u00fc\u00e7l\u00fc savunma sistemi haline getirir. Sa\u011fl\u0131kl\u0131 ba\u011f\u0131rsaklar dalak, kemik ili\u011fi ve lenf d\u00fc\u011f\u00fcmlerinin toplam\u0131ndan \u00fc\u00e7 kat daha fazla ba\u011f\u0131\u015f\u0131kl\u0131k h\u00fccresi i\u00e7erir.<\/p>\t\t\t\t\t\t\t\t<\/div>\n\t\t\t\t<\/div>\n\t\t\t\t<\/div>\n\t\t\t\t\t<\/div>\n\t\t\t\t<\/div>\n\t\t<div class=\"elementor-element elementor-element-f6f4927 obcs blue e-flex e-con-boxed e-con e-parent\" data-id=\"f6f4927\" data-element_type=\"container\">\n\t\t\t\t\t<div class=\"e-con-inner\">\n\t\t<div class=\"elementor-element elementor-element-a64fea8 e-con-full obcs none e-flex e-con e-child\" data-id=\"a64fea8\" data-element_type=\"container\">\n\t\t\t\t<div class=\"elementor-element elementor-element-4e7f0cf elementor-widget elementor-widget-heading\" data-id=\"4e7f0cf\" data-element_type=\"widget\" data-widget_type=\"heading.default\">\n\t\t\t\t<div class=\"elementor-widget-container\">\n\t\t\t\t\t<h2 class=\"elementor-heading-title elementor-size-default\">Nas\u0131l \u00e7al\u0131\u015f\u0131rlar?<\/h2>\t\t\t\t<\/div>\n\t\t\t\t<\/div>\n\t\t\t\t<div class=\"elementor-element elementor-element-2e5e1b8 elementor-widget elementor-widget-text-editor\" data-id=\"2e5e1b8\" data-element_type=\"widget\" data-widget_type=\"text-editor.default\">\n\t\t\t\t<div class=\"elementor-widget-container\">\n\t\t\t\t\t\t\t\t\t<p>Ba\u011f\u0131rsaklar\u0131n temizlenmesi<\/p><ul><li>Hassas ba\u011f\u0131rsak mukozas\u0131n\u0131n (mukoza zar\u0131) korunmas\u0131<\/li><li>Vitaminler, enzimler, amino asitler ve esansiyel ya\u011f asitleri \u00fcretimi<\/li><li>Patojenlere kar\u015f\u0131 savunma<\/li><li>G\u0131dalardaki enzimlerin emiliminin desteklenmesi<\/li><li>Ba\u011f\u0131\u015f\u0131kl\u0131k sisteminin dengelenmesi<\/li><li>Metabolik toksinlerin par\u00e7alanmas\u0131<\/li><\/ul>\t\t\t\t\t\t\t\t<\/div>\n\t\t\t\t<\/div>\n\t\t\t\t<\/div>\n\t\t<div class=\"elementor-element elementor-element-bd5060a e-con-full obcs green e-flex e-con e-child\" data-id=\"bd5060a\" data-element_type=\"container\">\n\t\t\t\t<div class=\"elementor-element elementor-element-b76a9d9 e-transform elementor-widget elementor-widget-image\" data-id=\"b76a9d9\" data-element_type=\"widget\" data-settings=\"{&quot;_transform_rotateZ_effect&quot;:{&quot;unit&quot;:&quot;px&quot;,&quot;size&quot;:&quot;0&quot;,&quot;sizes&quot;:[]},&quot;_transform_rotate_3d&quot;:&quot;yes&quot;,&quot;_transform_rotateX_effect&quot;:{&quot;unit&quot;:&quot;px&quot;,&quot;size&quot;:&quot;0&quot;,&quot;sizes&quot;:[]},&quot;_transform_rotateY_effect&quot;:{&quot;unit&quot;:&quot;px&quot;,&quot;size&quot;:&quot;-4&quot;,&quot;sizes&quot;:[]},&quot;_transform_perspective_effect&quot;:{&quot;unit&quot;:&quot;px&quot;,&quot;size&quot;:&quot;650&quot;,&quot;sizes&quot;:[]},&quot;_transform_rotateZ_effect_tablet&quot;:{&quot;unit&quot;:&quot;deg&quot;,&quot;size&quot;:&quot;&quot;,&quot;sizes&quot;:[]},&quot;_transform_rotateZ_effect_mobile&quot;:{&quot;unit&quot;:&quot;deg&quot;,&quot;size&quot;:&quot;&quot;,&quot;sizes&quot;:[]},&quot;_transform_rotateX_effect_tablet&quot;:{&quot;unit&quot;:&quot;deg&quot;,&quot;size&quot;:&quot;&quot;,&quot;sizes&quot;:[]},&quot;_transform_rotateX_effect_mobile&quot;:{&quot;unit&quot;:&quot;deg&quot;,&quot;size&quot;:&quot;&quot;,&quot;sizes&quot;:[]},&quot;_transform_rotateY_effect_tablet&quot;:{&quot;unit&quot;:&quot;deg&quot;,&quot;size&quot;:&quot;&quot;,&quot;sizes&quot;:[]},&quot;_transform_rotateY_effect_mobile&quot;:{&quot;unit&quot;:&quot;deg&quot;,&quot;size&quot;:&quot;&quot;,&quot;sizes&quot;:[]},&quot;_transform_perspective_effect_tablet&quot;:{&quot;unit&quot;:&quot;px&quot;,&quot;size&quot;:&quot;&quot;,&quot;sizes&quot;:[]},&quot;_transform_perspective_effect_mobile&quot;:{&quot;unit&quot;:&quot;px&quot;,&quot;size&quot;:&quot;&quot;,&quot;sizes&quot;:[]}}\" data-widget_type=\"image.default\">\n\t\t\t\t<div class=\"elementor-widget-container\">\n\t\t\t\t\t\t\t\t\t\t\t\t\t\t\t<img decoding=\"async\" width=\"800\" height=\"800\" src=\"https:\/\/www.omni-biotic.com\/tr-tr\/wp-content\/uploads\/sites\/15\/2023\/08\/gut-flora.jpg\" class=\"attachment-large size-large wp-image-17226\" alt=\"ba\u011f\u0131rsak floras\u0131\" srcset=\"https:\/\/www.omni-biotic.com\/tr-tr\/wp-content\/uploads\/sites\/15\/2023\/08\/gut-flora.jpg 1024w, https:\/\/www.omni-biotic.com\/tr-tr\/wp-content\/uploads\/sites\/15\/2023\/08\/gut-flora-300x300.jpg 300w, https:\/\/www.omni-biotic.com\/tr-tr\/wp-content\/uploads\/sites\/15\/2023\/08\/gut-flora-150x150.jpg 150w, https:\/\/www.omni-biotic.com\/tr-tr\/wp-content\/uploads\/sites\/15\/2023\/08\/gut-flora-768x768.jpg 768w\" sizes=\"(max-width: 800px) 100vw, 800px\" title=\"\">\t\t\t\t\t\t\t\t\t\t\t\t\t\t\t<\/div>\n\t\t\t\t<\/div>\n\t\t\t\t<\/div>\n\t\t\t\t\t<\/div>\n\t\t\t\t<\/div>\n\t\t\t\t<\/div>\n\t\t","protected":false},"excerpt":{"rendered":"<p>Probiyotikler ve prebiyotikler Milyarlarca faydal\u0131 bakteriden olu\u015fan ba\u011f\u0131rsa\u011f\u0131m\u0131z\u0131n mikrokozmosu her g\u00fcn \u00e7ok \u00e7e\u015fitli i\u015flevleri yerine getirir. Yiyeceklerimizi sindirir, toksinleri v\u00fccudumuzdan uzakla\u015ft\u0131r\u0131r ve patojenlerin yay\u0131lmas\u0131n\u0131 \u00f6nler. Ancak bu hassas bakteri dengesi, \u00f6rne\u011fin k\u00f6t\u00fc beslenme, stres veya ila\u00e7lar nedeniyle bozuldu\u011funda ne olur? Bu gibi durumlarda, sinbiyotikler ba\u011f\u0131rsaklar\u0131m\u0131zdaki uyumu yeniden sa\u011flamaya yard\u0131mc\u0131 olabilir. Home Contents Sinbiyotiklerin etkisi Birka\u00e7 [&hellip;]<\/p>\n","protected":false},"author":3,"featured_media":0,"parent":117,"menu_order":280,"comment_status":"closed","ping_status":"closed","template":"","meta":{"_acf_changed":false,"inline_featured_image":false,"footnotes":""},"class_list":["post-119","page","type-page","status-publish","hentry"],"acf":[],"_links":{"self":[{"href":"https:\/\/www.omni-biotic.com\/tr-tr\/wp-json\/wp\/v2\/pages\/119","targetHints":{"allow":["GET"]}}],"collection":[{"href":"https:\/\/www.omni-biotic.com\/tr-tr\/wp-json\/wp\/v2\/pages"}],"about":[{"href":"https:\/\/www.omni-biotic.com\/tr-tr\/wp-json\/wp\/v2\/types\/page"}],"author":[{"embeddable":true,"href":"https:\/\/www.omni-biotic.com\/tr-tr\/wp-json\/wp\/v2\/users\/3"}],"replies":[{"embeddable":true,"href":"https:\/\/www.omni-biotic.com\/tr-tr\/wp-json\/wp\/v2\/comments?post=119"}],"version-history":[{"count":7,"href":"https:\/\/www.omni-biotic.com\/tr-tr\/wp-json\/wp\/v2\/pages\/119\/revisions"}],"predecessor-version":[{"id":19261,"href":"https:\/\/www.omni-biotic.com\/tr-tr\/wp-json\/wp\/v2\/pages\/119\/revisions\/19261"}],"up":[{"embeddable":true,"href":"https:\/\/www.omni-biotic.com\/tr-tr\/wp-json\/wp\/v2\/pages\/117"}],"wp:attachment":[{"href":"https:\/\/www.omni-biotic.com\/tr-tr\/wp-json\/wp\/v2\/media?parent=119"}],"curies":[{"name":"wp","href":"https:\/\/api.w.org\/{rel}","templated":true}]}}