{"id":15579,"date":"2023-07-10T09:37:24","date_gmt":"2023-07-10T07:37:24","guid":{"rendered":"https:\/\/www.omni-biotic.com\/en-eu\/?page_id=15579"},"modified":"2025-07-07T16:11:27","modified_gmt":"2025-07-07T14:11:27","slug":"bagirsak-sagligi","status":"publish","type":"page","link":"https:\/\/www.omni-biotic.com\/tr-tr\/bagirsaklariniz-sagligin-merkezi\/bagirsak-sagligi\/","title":{"rendered":"Ba\u011f\u0131rsak sa\u011fl\u0131\u011f\u0131"},"content":{"rendered":"\t\t<div data-elementor-type=\"wp-page\" data-elementor-id=\"15579\" class=\"elementor elementor-15579\" data-elementor-post-type=\"page\">\n\t\t\t\t<div class=\"elementor-element elementor-element-ba5414f e-con-full obcs yellow e-flex e-con e-parent\" data-id=\"ba5414f\" data-element_type=\"container\" data-settings=\"{&quot;background_background&quot;:&quot;gradient&quot;,&quot;shape_divider_bottom&quot;:&quot;waves&quot;}\">\n\t\t\t\t<div class=\"elementor-shape elementor-shape-bottom\" aria-hidden=\"true\" data-negative=\"false\">\n\t\t\t<svg xmlns=\"http:\/\/www.w3.org\/2000\/svg\" viewBox=\"0 0 1000 100\" preserveAspectRatio=\"none\">\n\t<path class=\"elementor-shape-fill\" d=\"M421.9,6.5c22.6-2.5,51.5,0.4,75.5,5.3c23.6,4.9,70.9,23.5,100.5,35.7c75.8,32.2,133.7,44.5,192.6,49.7\n\tc23.6,2.1,48.7,3.5,103.4-2.5c54.7-6,106.2-25.6,106.2-25.6V0H0v30.3c0,0,72,32.6,158.4,30.5c39.2-0.7,92.8-6.7,134-22.4\n\tc21.2-8.1,52.2-18.2,79.7-24.2C399.3,7.9,411.6,7.5,421.9,6.5z\"\/>\n<\/svg>\t\t<\/div>\n\t\t\t\t<div class=\"elementor-element elementor-element-e7a31ac elementor-absolute elementor-hidden-mobile elementor-align-center elementor-widget elementor-widget-lottie\" data-id=\"e7a31ac\" data-element_type=\"widget\" data-settings=\"{&quot;source_json&quot;:{&quot;url&quot;:&quot;https:\\\/\\\/www.omni-biotic.com\\\/en-eu\\\/wp-content\\\/uploads\\\/sites\\\/3\\\/2022\\\/08\\\/lf30_editor_s5uwdgjh.json&quot;,&quot;id&quot;:&quot;7733&quot;,&quot;size&quot;:&quot;&quot;,&quot;alt&quot;:&quot;&quot;,&quot;source&quot;:&quot;library&quot;},&quot;loop&quot;:&quot;yes&quot;,&quot;play_speed&quot;:{&quot;unit&quot;:&quot;px&quot;,&quot;size&quot;:&quot;0.3&quot;,&quot;sizes&quot;:[]},&quot;_position&quot;:&quot;absolute&quot;,&quot;source&quot;:&quot;media_file&quot;,&quot;caption_source&quot;:&quot;none&quot;,&quot;link_to&quot;:&quot;none&quot;,&quot;trigger&quot;:&quot;arriving_to_viewport&quot;,&quot;viewport&quot;:{&quot;unit&quot;:&quot;%&quot;,&quot;size&quot;:&quot;&quot;,&quot;sizes&quot;:{&quot;start&quot;:0,&quot;end&quot;:100}},&quot;start_point&quot;:{&quot;unit&quot;:&quot;%&quot;,&quot;size&quot;:0,&quot;sizes&quot;:[]},&quot;end_point&quot;:{&quot;unit&quot;:&quot;%&quot;,&quot;size&quot;:100,&quot;sizes&quot;:[]},&quot;renderer&quot;:&quot;svg&quot;}\" data-widget_type=\"lottie.default\">\n\t\t\t\t<div class=\"elementor-widget-container\">\n\t\t\t\t\t<div class=\"e-lottie__container\"><div class=\"e-lottie__animation\"><\/div><\/div>\t\t\t\t<\/div>\n\t\t\t\t<\/div>\n\t\t<div class=\"elementor-element elementor-element-9fc4738 e-con-full obcs green e-flex e-con e-child\" data-id=\"9fc4738\" data-element_type=\"container\" data-settings=\"{&quot;background_background&quot;:&quot;gradient&quot;}\">\n\t\t\t\t<div class=\"elementor-element elementor-element-c2d7637 elementor-widget elementor-widget-heading\" data-id=\"c2d7637\" data-element_type=\"widget\" data-widget_type=\"heading.default\">\n\t\t\t\t<div class=\"elementor-widget-container\">\n\t\t\t\t\t<h1 class=\"elementor-heading-title elementor-size-default\">Ba\u011f\u0131rsak sa\u011fl\u0131\u011f\u0131<\/h1>\t\t\t\t<\/div>\n\t\t\t\t<\/div>\n\t\t\t\t<div class=\"elementor-element elementor-element-5902e62 elementor-widget-divider--view-line elementor-widget elementor-widget-divider\" data-id=\"5902e62\" data-element_type=\"widget\" data-widget_type=\"divider.default\">\n\t\t\t\t<div class=\"elementor-widget-container\">\n\t\t\t\t\t\t\t<div class=\"elementor-divider\">\n\t\t\t<span class=\"elementor-divider-separator\">\n\t\t\t\t\t\t<\/span>\n\t\t<\/div>\n\t\t\t\t\t\t<\/div>\n\t\t\t\t<\/div>\n\t\t\t\t<div class=\"elementor-element elementor-element-19363ed elementor-widget elementor-widget-text-editor\" data-id=\"19363ed\" data-element_type=\"widget\" data-widget_type=\"text-editor.default\">\n\t\t\t\t<div class=\"elementor-widget-container\">\n\t\t\t\t\t\t\t\t\t<p>Ba\u011f\u0131rsaklar hayat\u0131m\u0131z\u0131n motorudur. Sadece yiyecekleri sindirerek yak\u0131t sa\u011flamakla kalmaz, ayn\u0131 zamanda v\u00fccuttaki di\u011fer bir\u00e7ok s\u00fcreci de etkiler. Dengesiz bir ba\u011f\u0131rsak da t\u00fcm v\u00fccudu etkiler. Ya\u015fam tarz\u0131 ba\u011f\u0131rsak sa\u011fl\u0131\u011f\u0131 \u00fczerinde belirleyici bir rol oynar. End\u00fcstriyel olarak \u00fcretilen g\u0131dalar\u0131n fazlal\u0131\u011f\u0131 ve \u00e7ok say\u0131da zararl\u0131 \u00e7evresel fakt\u00f6r\u00fcn damgas\u0131n\u0131 vurdu\u011fu modern \u00e7a\u011f\u0131m\u0131zda, ba\u011f\u0131rsak sa\u011fl\u0131\u011f\u0131n\u0131 korumak zor olabilir. Bununla birlikte, ba\u011f\u0131rsak sa\u011fl\u0131\u011f\u0131n\u0131 geli\u015ftirmek i\u00e7in etkili \u00f6nlemler al\u0131nabilir.<\/p>\t\t\t\t\t\t\t\t<\/div>\n\t\t\t\t<\/div>\n\t\t\t\t<\/div>\n\t\t\t\t<\/div>\n\t\t<div class=\"elementor-element elementor-element-1712f4d obcs none e-flex e-con-boxed e-con e-parent\" data-id=\"1712f4d\" data-element_type=\"container\">\n\t\t\t\t\t<div class=\"e-con-inner\">\n\t\t<div class=\"elementor-element elementor-element-47ee786 obcs none e-flex e-con-boxed e-con e-child\" data-id=\"47ee786\" data-element_type=\"container\">\n\t\t\t\t\t<div class=\"e-con-inner\">\n\t\t<div class=\"elementor-element elementor-element-264adee e-con-full obcs none e-flex e-con e-child\" data-id=\"264adee\" data-element_type=\"container\">\n\t\t\t\t<\/div>\n\t\t<div class=\"elementor-element elementor-element-777cdb7 e-con-full obcs none e-flex e-con e-child\" data-id=\"777cdb7\" data-element_type=\"container\">\n\t\t\t\t<div class=\"elementor-element elementor-element-ce7226a elementor-toc--minimized-on-desktop elementor-widget elementor-widget-table-of-contents\" data-id=\"ce7226a\" data-element_type=\"widget\" data-settings=\"{&quot;exclude_headings_by_selector&quot;:[],&quot;minimized_on&quot;:&quot;desktop&quot;,&quot;_animation&quot;:&quot;none&quot;,&quot;no_headings_message&quot;:&quot;No headings were found on this page.&quot;,&quot;headings_by_tags&quot;:[&quot;h2&quot;,&quot;h3&quot;,&quot;h4&quot;,&quot;h5&quot;,&quot;h6&quot;],&quot;marker_view&quot;:&quot;numbers&quot;,&quot;minimize_box&quot;:&quot;yes&quot;,&quot;hierarchical_view&quot;:&quot;yes&quot;,&quot;min_height&quot;:{&quot;unit&quot;:&quot;px&quot;,&quot;size&quot;:&quot;&quot;,&quot;sizes&quot;:[]},&quot;min_height_tablet&quot;:{&quot;unit&quot;:&quot;px&quot;,&quot;size&quot;:&quot;&quot;,&quot;sizes&quot;:[]},&quot;min_height_mobile&quot;:{&quot;unit&quot;:&quot;px&quot;,&quot;size&quot;:&quot;&quot;,&quot;sizes&quot;:[]}}\" data-widget_type=\"table-of-contents.default\">\n\t\t\t\t<div class=\"elementor-widget-container\">\n\t\t\t\t\t\t\t\t\t<div class=\"elementor-toc__header\">\n\t\t\t\t\t\t<h4 class=\"elementor-toc__header-title\">\n\t\t\t\tContents\t\t\t<\/h4>\n\t\t\t\t\t\t\t\t\t\t<div class=\"elementor-toc__toggle-button elementor-toc__toggle-button--expand\" role=\"button\" tabindex=\"0\" aria-controls=\"elementor-toc__ce7226a\" aria-expanded=\"true\" aria-label=\"Open table of contents\"><i aria-hidden=\"true\" class=\"fas fa-chevron-down\"><\/i><\/div>\n\t\t\t\t<div class=\"elementor-toc__toggle-button elementor-toc__toggle-button--collapse\" role=\"button\" tabindex=\"0\" aria-controls=\"elementor-toc__ce7226a\" aria-expanded=\"true\" aria-label=\"Close table of contents\"><i aria-hidden=\"true\" class=\"fas fa-chevron-up\"><\/i><\/div>\n\t\t\t\t\t<\/div>\n\t\t\t\t<div id=\"elementor-toc__ce7226a\" class=\"elementor-toc__body\">\n\t\t\t<div class=\"elementor-toc__spinner-container\">\n\t\t\t\t<i class=\"elementor-toc__spinner eicon-animation-spin eicon-loading\" aria-hidden=\"true\"><\/i>\t\t\t<\/div>\n\t\t<\/div>\n\t\t\t\t\t\t<\/div>\n\t\t\t\t<\/div>\n\t\t\t\t<\/div>\n\t\t\t\t\t<\/div>\n\t\t\t\t<\/div>\n\t\t\t\t\t<\/div>\n\t\t\t\t<\/div>\n\t\t<div class=\"elementor-element elementor-element-c3430b0 obcs none e-flex e-con-boxed e-con e-parent\" data-id=\"c3430b0\" data-element_type=\"container\">\n\t\t\t\t\t<div class=\"e-con-inner\">\n\t\t<div class=\"elementor-element elementor-element-52af75f obcs magenta e-flex e-con-boxed e-con e-child\" data-id=\"52af75f\" data-element_type=\"container\">\n\t\t\t\t\t<div class=\"e-con-inner\">\n\t\t<div class=\"elementor-element elementor-element-de5f15f e-con-full obcs none e-flex e-con e-child\" data-id=\"de5f15f\" data-element_type=\"container\">\n\t\t\t\t<div class=\"elementor-element elementor-element-8a46720 e-transform elementor-widget elementor-widget-image\" data-id=\"8a46720\" data-element_type=\"widget\" data-settings=\"{&quot;_transform_rotateZ_effect&quot;:{&quot;unit&quot;:&quot;px&quot;,&quot;size&quot;:&quot;0&quot;,&quot;sizes&quot;:[]},&quot;_transform_rotate_3d&quot;:&quot;yes&quot;,&quot;_transform_rotateX_effect&quot;:{&quot;unit&quot;:&quot;px&quot;,&quot;size&quot;:&quot;0&quot;,&quot;sizes&quot;:[]},&quot;_transform_rotateY_effect&quot;:{&quot;unit&quot;:&quot;px&quot;,&quot;size&quot;:&quot;4&quot;,&quot;sizes&quot;:[]},&quot;_transform_perspective_effect&quot;:{&quot;unit&quot;:&quot;px&quot;,&quot;size&quot;:&quot;650&quot;,&quot;sizes&quot;:[]},&quot;_transform_rotateZ_effect_tablet&quot;:{&quot;unit&quot;:&quot;deg&quot;,&quot;size&quot;:&quot;&quot;,&quot;sizes&quot;:[]},&quot;_transform_rotateZ_effect_mobile&quot;:{&quot;unit&quot;:&quot;deg&quot;,&quot;size&quot;:&quot;&quot;,&quot;sizes&quot;:[]},&quot;_transform_rotateX_effect_tablet&quot;:{&quot;unit&quot;:&quot;deg&quot;,&quot;size&quot;:&quot;&quot;,&quot;sizes&quot;:[]},&quot;_transform_rotateX_effect_mobile&quot;:{&quot;unit&quot;:&quot;deg&quot;,&quot;size&quot;:&quot;&quot;,&quot;sizes&quot;:[]},&quot;_transform_rotateY_effect_tablet&quot;:{&quot;unit&quot;:&quot;deg&quot;,&quot;size&quot;:&quot;&quot;,&quot;sizes&quot;:[]},&quot;_transform_rotateY_effect_mobile&quot;:{&quot;unit&quot;:&quot;deg&quot;,&quot;size&quot;:&quot;&quot;,&quot;sizes&quot;:[]},&quot;_transform_perspective_effect_tablet&quot;:{&quot;unit&quot;:&quot;px&quot;,&quot;size&quot;:&quot;&quot;,&quot;sizes&quot;:[]},&quot;_transform_perspective_effect_mobile&quot;:{&quot;unit&quot;:&quot;px&quot;,&quot;size&quot;:&quot;&quot;,&quot;sizes&quot;:[]}}\" data-widget_type=\"image.default\">\n\t\t\t\t<div class=\"elementor-widget-container\">\n\t\t\t\t\t\t\t\t\t\t\t\t\t\t\t<img fetchpriority=\"high\" decoding=\"async\" width=\"800\" height=\"800\" src=\"https:\/\/www.omni-biotic.com\/tr-tr\/wp-content\/uploads\/sites\/15\/2023\/08\/microbiome-gut-flora.jpg\" class=\"attachment-large size-large wp-image-16577\" alt=\"mikrobiyom ba\u011f\u0131rsak floras\u0131\" srcset=\"https:\/\/www.omni-biotic.com\/tr-tr\/wp-content\/uploads\/sites\/15\/2023\/08\/microbiome-gut-flora.jpg 1024w, https:\/\/www.omni-biotic.com\/tr-tr\/wp-content\/uploads\/sites\/15\/2023\/08\/microbiome-gut-flora-300x300.jpg 300w, https:\/\/www.omni-biotic.com\/tr-tr\/wp-content\/uploads\/sites\/15\/2023\/08\/microbiome-gut-flora-150x150.jpg 150w, https:\/\/www.omni-biotic.com\/tr-tr\/wp-content\/uploads\/sites\/15\/2023\/08\/microbiome-gut-flora-768x768.jpg 768w\" sizes=\"(max-width: 800px) 100vw, 800px\" title=\"\">\t\t\t\t\t\t\t\t\t\t\t\t\t\t\t<\/div>\n\t\t\t\t<\/div>\n\t\t\t\t<\/div>\n\t\t<div class=\"elementor-element elementor-element-b6132dc e-con-full obcs none e-flex e-con e-child\" data-id=\"b6132dc\" data-element_type=\"container\">\n\t\t\t\t<div class=\"elementor-element elementor-element-e2b463b elementor-widget elementor-widget-heading\" data-id=\"e2b463b\" data-element_type=\"widget\" data-widget_type=\"heading.default\">\n\t\t\t\t<div class=\"elementor-widget-container\">\n\t\t\t\t\t<h2 class=\"elementor-heading-title elementor-size-default\">Sa\u011fl\u0131kl\u0131 ba\u011f\u0131rsak floras\u0131n\u0131n \u00f6nemi<\/h2>\t\t\t\t<\/div>\n\t\t\t\t<\/div>\n\t\t\t\t<div class=\"elementor-element elementor-element-02e74bd elementor-widget elementor-widget-text-editor\" data-id=\"02e74bd\" data-element_type=\"widget\" data-widget_type=\"text-editor.default\">\n\t\t\t\t<div class=\"elementor-widget-container\">\n\t\t\t\t\t\t\t\t\t<p>Ba\u011f\u0131rsak, v\u00fccudun d\u0131\u015f d\u00fcnya ile en b\u00fcy\u00fck temas noktas\u0131d\u0131r. Sa\u011fl\u0131kl\u0131 ya da zararl\u0131 olsun t\u00fcketti\u011fimiz her \u015fey a\u011f\u0131z, yemek borusu ve mideden ge\u00e7tikten sonra eninde sonunda ba\u011f\u0131rsa\u011fa ula\u015f\u0131r. Sindirim sistemi bir \u00f6m\u00fcr boyunca yakla\u015f\u0131k 40 ton g\u0131da ve 60.000 litre s\u0131v\u0131 i\u015fler. Ba\u015fta kal\u0131n ba\u011f\u0131rsakta olmak \u00fczere trilyonlarca mikroorganizma bu maddelerin i\u015flenmesine yard\u0131mc\u0131 olur ve hayati besinlerin hedeflerine ula\u015fmas\u0131n\u0131 sa\u011flar. Bu ba\u011f\u0131rsak bakterileri toplulu\u011fu ba\u011f\u0131rsak floras\u0131 veya mikrobiyota olarak bilinir. Zararl\u0131 ve kullan\u0131lamaz maddelerin \u00e7o\u011fu an\u00fcs yoluyla d\u0131\u015fk\u0131 olarak at\u0131l\u0131r. Kalan toksinler ince ba\u011f\u0131rsaktan v\u00fccudun detoksifikasyon merkezi olan portal ven yoluyla karaci\u011fere ta\u015f\u0131n\u0131r ve burada par\u00e7alan\u0131r. Bu ideal sindirim s\u00fcrecidir, ancak bu s\u00fcreci bozabilecek ve ba\u011f\u0131rsak ve karaci\u011fer sa\u011fl\u0131\u011f\u0131n\u0131 etkileyebilecek \u00e7e\u015fitli zorluklar vard\u0131r. A\u015f\u0131r\u0131 \u015feker t\u00fcketimi ve end\u00fcstriyel olarak i\u015flenmi\u015f g\u0131dalara ba\u011f\u0131ml\u0131l\u0131k ile karakterize edilen k\u00f6t\u00fc beslenme al\u0131\u015fkanl\u0131klar\u0131, zararl\u0131 \u00e7evresel toksinlere ve antibiyotikler gibi baz\u0131 ila\u00e7lara maruz kalma ile birlikte ba\u011f\u0131rsak mikrobiyotas\u0131n\u0131n hassas dengesini ve i\u015flevini bozabilir.<\/p>\t\t\t\t\t\t\t\t<\/div>\n\t\t\t\t<\/div>\n\t\t\t\t<\/div>\n\t\t\t\t\t<\/div>\n\t\t\t\t<\/div>\n\t\t\t\t\t<\/div>\n\t\t\t\t<\/div>\n\t\t<div class=\"elementor-element elementor-element-dd229d2 obcs none e-flex e-con-boxed e-con e-parent\" data-id=\"dd229d2\" data-element_type=\"container\">\n\t\t\t\t\t<div class=\"e-con-inner\">\n\t\t<div class=\"elementor-element elementor-element-9a73ab3 e-con-full obcs none e-flex e-con e-child\" data-id=\"9a73ab3\" data-element_type=\"container\">\n\t\t\t\t<div class=\"elementor-element elementor-element-e558fae elementor-widget elementor-widget-heading\" data-id=\"e558fae\" data-element_type=\"widget\" data-widget_type=\"heading.default\">\n\t\t\t\t<div class=\"elementor-widget-container\">\n\t\t\t\t\t<h3 class=\"elementor-heading-title elementor-size-default\">Sindirime h\u0131zl\u0131 ba\u015flang\u0131\u00e7<\/h3>\t\t\t\t<\/div>\n\t\t\t\t<\/div>\n\t\t\t\t<div class=\"elementor-element elementor-element-3b823af elementor-widget elementor-widget-text-editor\" data-id=\"3b823af\" data-element_type=\"widget\" data-widget_type=\"text-editor.default\">\n\t\t\t\t<div class=\"elementor-widget-container\">\n\t\t\t\t\t\t\t\t\t<p>G\u00fcn\u00fcm\u00fczde g\u00fcr\u00fclt\u00fc veya egzoz duman\u0131 gibi t\u00fcm \u00e7evresel etkilerden ka\u00e7\u0131nmak her zaman m\u00fcmk\u00fcn de\u011fildir. Ancak bireyler do\u011fru ya\u015fam tarz\u0131 se\u00e7imleriyle sindirim sistemlerini olumlu y\u00f6nde etkileyebilirler. \u00c7e\u015fitli, b\u00f6lgesel ve mevsimsel beslenme, stres y\u00f6netimi, d\u00fczenli dinlenme periyotlar\u0131, fiziksel aktivite, sigara ve a\u015f\u0131r\u0131 alkol t\u00fcketiminden ka\u00e7\u0131nma &#8211; bunlar\u0131n hepsi sindirim sistemini ve mikrobiyal sakinlerinin refah\u0131n\u0131 destekler. Bu al\u0131\u015fkanl\u0131klara sahip olundu\u011funda, kab\u0131zl\u0131k, ishal ve gaz gibi yayg\u0131n sindirim sorunlar\u0131n\u0131n geli\u015fme \u015fans\u0131 neredeyse hi\u00e7 yoktur. Bunun tek istisnas\u0131, agresif patojenlerin ortaya \u00e7\u0131kmas\u0131d\u0131r.<\/p>\t\t\t\t\t\t\t\t<\/div>\n\t\t\t\t<\/div>\n\t\t\t\t<\/div>\n\t\t<div class=\"elementor-element elementor-element-53d9fe4 e-con-full obcs none e-flex e-con e-child\" data-id=\"53d9fe4\" data-element_type=\"container\">\n\t\t\t\t<div class=\"elementor-element elementor-element-c4464e9 elementor-widget elementor-widget-heading\" data-id=\"c4464e9\" data-element_type=\"widget\" data-widget_type=\"heading.default\">\n\t\t\t\t<div class=\"elementor-widget-container\">\n\t\t\t\t\t<h3 class=\"elementor-heading-title elementor-size-default\">Ba\u011f\u0131rsaklar\u0131n\u0131z\u0131 nas\u0131l sa\u011fl\u0131kl\u0131 tutabilirsiniz?<\/h3>\t\t\t\t<\/div>\n\t\t\t\t<\/div>\n\t\t\t\t<div class=\"elementor-element elementor-element-d8f0069 elementor-widget elementor-widget-text-editor\" data-id=\"d8f0069\" data-element_type=\"widget\" data-widget_type=\"text-editor.default\">\n\t\t\t\t<div class=\"elementor-widget-container\">\n\t\t\t\t\t\t\t\t\t<ul><li>Laksatiflere g\u00fcvenmeden d\u00fczenli ba\u011f\u0131rsak hareketleri sa\u011flay\u0131n<\/li><li>Bol sebze, pirin\u00e7 ve patates t\u00fcketin, \u015feker ve ya\u011f al\u0131m\u0131n\u0131 s\u0131n\u0131rlay\u0131n<\/li><li>\u00a0Koruyucu i\u00e7eren g\u0131dalardan ka\u00e7\u0131n\u0131n<\/li><li>Her g\u00fcn en az 2 litre temiz su i\u00e7in<\/li><li>A\u00e7\u0131k havada bol bol egzersiz yap\u0131n<\/li><li>\u0130ster i\u015fte ister bo\u015f zamanlar\u0131n\u0131zda olsun, stresi etkili bir \u015fekilde y\u00f6netmeyi \u00f6\u011frenin<\/li><li>\u00a0K\u00f6t\u00fc beslenme ve stresten kaynaklanan kay\u0131plar\u0131 telafi etmek i\u00e7in her g\u00fcn aktif ba\u011f\u0131rsak bakterileri t\u00fcketin<\/li><li>M\u00fcmk\u00fcn oldu\u011funca gereksiz ila\u00e7 kullan\u0131m\u0131ndan ka\u00e7\u0131n\u0131n<\/li><\/ul>\t\t\t\t\t\t\t\t<\/div>\n\t\t\t\t<\/div>\n\t\t\t\t<\/div>\n\t\t\t\t\t<\/div>\n\t\t\t\t<\/div>\n\t\t<div class=\"elementor-element elementor-element-192d541 obcs green e-flex e-con-boxed e-con e-parent\" data-id=\"192d541\" data-element_type=\"container\">\n\t\t\t\t\t<div class=\"e-con-inner\">\n\t\t<div class=\"elementor-element elementor-element-66957a3 e-con-full obcs none e-flex e-con e-child\" data-id=\"66957a3\" data-element_type=\"container\">\n\t\t\t\t<div class=\"elementor-element elementor-element-1aed80c elementor-widget elementor-widget-heading\" data-id=\"1aed80c\" data-element_type=\"widget\" data-widget_type=\"heading.default\">\n\t\t\t\t<div class=\"elementor-widget-container\">\n\t\t\t\t\t<h2 class=\"elementor-heading-title elementor-size-default\"><h3>Pro bios 'ya\u015fam i\u00e7in' anlam\u0131na gelir<\/h3><\/h2>\t\t\t\t<\/div>\n\t\t\t\t<\/div>\n\t\t\t\t<div class=\"elementor-element elementor-element-6ac3622 elementor-widget elementor-widget-text-editor\" data-id=\"6ac3622\" data-element_type=\"widget\" data-widget_type=\"text-editor.default\">\n\t\t\t\t<div class=\"elementor-widget-container\">\n\t\t\t\t\t\t\t\t\t<p>100 y\u0131l\u0131 a\u015fk\u0131n bir s\u00fcre \u00f6nce \u00fcnl\u00fc Rus doktor ve Nobel \u00f6d\u00fcll\u00fc Dr. Ilja Metchnikoff \u015f\u00f6yle demi\u015fti: &#8220;\u00d6l\u00fcm ba\u011f\u0131rsaklarda yatar.&#8221; Kafkasya&#8217;da laktik asit fermantasyonuyla \u00fcretilen \u00fcr\u00fcnleri (= probiyotikler) t\u00fcketen etnik gruplar\u0131n sa\u011fl\u0131kl\u0131, hastal\u0131klara kar\u015f\u0131 diren\u00e7li ve \u00e7ok uzun ya\u015fad\u0131klar\u0131n\u0131 ke\u015ffetmi\u015fti.<\/p><p>\u015eimdi nedenini biliyoruz! Ba\u011f\u0131rsaklar v\u00fccudun en geli\u015fmi\u015f savunma sistemini i\u00e7erir. Organizmam\u0131z\u0131 toksinlerden ve yabanc\u0131 bakteri ve vir\u00fcslerden uzak tutan ba\u011f\u0131\u015f\u0131kl\u0131k h\u00fccreleri burada olu\u015fur. Sa\u011fl\u0131kl\u0131 ba\u011f\u0131rsaklar dalak, kemik ili\u011fi ve lenf d\u00fc\u011f\u00fcmlerinin toplam\u0131ndan \u00fc\u00e7 kat daha fazla ba\u011f\u0131\u015f\u0131kl\u0131k h\u00fccresi i\u00e7erir.<br \/>T\u00fcm bunlar savunma g\u00fcc\u00fcm\u00fcze katk\u0131da bulunur, ancak ba\u011f\u0131rsaklarda \u00fcretilebilmeleri i\u00e7in yeterli say\u0131da sa\u011fl\u0131kl\u0131 bakterinin s\u00fcrekli olarak chyme&#8217;i (k\u0131smen sindirilmi\u015f g\u0131da) i\u015flemesi gerekir, b\u00f6ylece fermente olmaya veya \u00e7\u00fcr\u00fcmeye ba\u015flamaz. Sa\u011fl\u0131kl\u0131 bir insanda, milyarlarca ba\u011f\u0131rsak bakterisi sindirimimizin iyi \u00e7al\u0131\u015fmas\u0131n\u0131 sa\u011flamak ve kendimizi ger\u00e7ekten iyi hissetmemizi sa\u011flamak i\u00e7in her g\u00fcn \u00e7al\u0131\u015f\u0131r.<\/p>\t\t\t\t\t\t\t\t<\/div>\n\t\t\t\t<\/div>\n\t\t\t\t<\/div>\n\t\t<div class=\"elementor-element elementor-element-863f3be e-con-full obcs none e-flex e-con e-child\" data-id=\"863f3be\" data-element_type=\"container\">\n\t\t\t\t<div class=\"elementor-element elementor-element-b70f68b e-transform elementor-widget elementor-widget-image\" data-id=\"b70f68b\" data-element_type=\"widget\" data-settings=\"{&quot;_transform_rotateZ_effect&quot;:{&quot;unit&quot;:&quot;px&quot;,&quot;size&quot;:&quot;0&quot;,&quot;sizes&quot;:[]},&quot;_transform_rotate_3d&quot;:&quot;yes&quot;,&quot;_transform_rotateX_effect&quot;:{&quot;unit&quot;:&quot;px&quot;,&quot;size&quot;:&quot;0&quot;,&quot;sizes&quot;:[]},&quot;_transform_rotateY_effect&quot;:{&quot;unit&quot;:&quot;px&quot;,&quot;size&quot;:&quot;-4&quot;,&quot;sizes&quot;:[]},&quot;_transform_perspective_effect&quot;:{&quot;unit&quot;:&quot;px&quot;,&quot;size&quot;:&quot;650&quot;,&quot;sizes&quot;:[]},&quot;_transform_rotateZ_effect_tablet&quot;:{&quot;unit&quot;:&quot;deg&quot;,&quot;size&quot;:&quot;&quot;,&quot;sizes&quot;:[]},&quot;_transform_rotateZ_effect_mobile&quot;:{&quot;unit&quot;:&quot;deg&quot;,&quot;size&quot;:&quot;&quot;,&quot;sizes&quot;:[]},&quot;_transform_rotateX_effect_tablet&quot;:{&quot;unit&quot;:&quot;deg&quot;,&quot;size&quot;:&quot;&quot;,&quot;sizes&quot;:[]},&quot;_transform_rotateX_effect_mobile&quot;:{&quot;unit&quot;:&quot;deg&quot;,&quot;size&quot;:&quot;&quot;,&quot;sizes&quot;:[]},&quot;_transform_rotateY_effect_tablet&quot;:{&quot;unit&quot;:&quot;deg&quot;,&quot;size&quot;:&quot;&quot;,&quot;sizes&quot;:[]},&quot;_transform_rotateY_effect_mobile&quot;:{&quot;unit&quot;:&quot;deg&quot;,&quot;size&quot;:&quot;&quot;,&quot;sizes&quot;:[]},&quot;_transform_perspective_effect_tablet&quot;:{&quot;unit&quot;:&quot;px&quot;,&quot;size&quot;:&quot;&quot;,&quot;sizes&quot;:[]},&quot;_transform_perspective_effect_mobile&quot;:{&quot;unit&quot;:&quot;px&quot;,&quot;size&quot;:&quot;&quot;,&quot;sizes&quot;:[]}}\" data-widget_type=\"image.default\">\n\t\t\t\t<div class=\"elementor-widget-container\">\n\t\t\t\t\t\t\t\t\t\t\t\t\t\t\t<img decoding=\"async\" width=\"768\" height=\"576\" src=\"https:\/\/www.omni-biotic.com\/tr-tr\/wp-content\/uploads\/sites\/15\/2023\/07\/synbiotic-bacteria-gut-health-optimal.jpg\" class=\"attachment-large size-large wp-image-15736\" alt=\"sinbiyotik bakteriler ba\u011f\u0131rsak sa\u011fl\u0131\u011f\u0131 optimal\" srcset=\"https:\/\/www.omni-biotic.com\/tr-tr\/wp-content\/uploads\/sites\/15\/2023\/07\/synbiotic-bacteria-gut-health-optimal.jpg 768w, https:\/\/www.omni-biotic.com\/tr-tr\/wp-content\/uploads\/sites\/15\/2023\/07\/synbiotic-bacteria-gut-health-optimal-300x225.jpg 300w\" sizes=\"(max-width: 768px) 100vw, 768px\" title=\"\">\t\t\t\t\t\t\t\t\t\t\t\t\t\t\t<\/div>\n\t\t\t\t<\/div>\n\t\t\t\t<\/div>\n\t\t\t\t\t<\/div>\n\t\t\t\t<\/div>\n\t\t<div class=\"elementor-element elementor-element-bf5774c obcs none e-flex e-con-boxed e-con e-parent\" data-id=\"bf5774c\" data-element_type=\"container\">\n\t\t\t\t\t<div class=\"e-con-inner\">\n\t\t<div class=\"elementor-element elementor-element-9596a11 e-con-full obcs none e-flex e-con e-child\" data-id=\"9596a11\" data-element_type=\"container\">\n\t\t\t\t<div class=\"elementor-element elementor-element-55661fe elementor-widget elementor-widget-heading\" data-id=\"55661fe\" data-element_type=\"widget\" data-widget_type=\"heading.default\">\n\t\t\t\t<div class=\"elementor-widget-container\">\n\t\t\t\t\t<h3 class=\"elementor-heading-title elementor-size-default\">Temizlik ve rejenerasyon<\/h3>\t\t\t\t<\/div>\n\t\t\t\t<\/div>\n\t\t\t\t<div class=\"elementor-element elementor-element-0fa5759 elementor-widget elementor-widget-text-editor\" data-id=\"0fa5759\" data-element_type=\"widget\" data-widget_type=\"text-editor.default\">\n\t\t\t\t<div class=\"elementor-widget-container\">\n\t\t\t\t\t\t\t\t\t<p>Toksinlerin ve \u00e7\u00fcr\u00fct\u00fcc\u00fc bakterilerin sindirim sisteminden kal\u0131c\u0131 olarak at\u0131lmas\u0131n\u0131n temel unsurlar\u0131ndan biri, \u00e7ok \u00e7e\u015fitli ba\u011f\u0131rsak bakteri t\u00fcrlerinin varl\u0131\u011f\u0131d\u0131r. OMNi-BiOTiC\u00ae gibi y\u00fcksek kaliteli sinbiyotikler, \u00e7e\u015fitli g\u00f6revleri olan milyarlarca aktif k\u00fc\u00e7\u00fck yard\u0131mc\u0131dan olu\u015fur: vitamin ve enzim \u00fcretiminin yan\u0131 s\u0131ra fizyolojik olarak istenmeyen mikroorganizmalar\u0131 uzakla\u015ft\u0131rmak ve ba\u011f\u0131rsa\u011f\u0131n hassas mukoza zarlar\u0131n\u0131 korumak.<\/p>\t\t\t\t\t\t\t\t<\/div>\n\t\t\t\t<\/div>\n\t\t\t\t<\/div>\n\t\t\t\t\t<\/div>\n\t\t\t\t<\/div>\n\t\t\t\t<\/div>\n\t\t","protected":false},"excerpt":{"rendered":"<p>Ba\u011f\u0131rsak sa\u011fl\u0131\u011f\u0131 Ba\u011f\u0131rsaklar hayat\u0131m\u0131z\u0131n motorudur. Sadece yiyecekleri sindirerek yak\u0131t sa\u011flamakla kalmaz, ayn\u0131 zamanda v\u00fccuttaki di\u011fer bir\u00e7ok s\u00fcreci de etkiler. Dengesiz bir ba\u011f\u0131rsak da t\u00fcm v\u00fccudu etkiler. Ya\u015fam tarz\u0131 ba\u011f\u0131rsak sa\u011fl\u0131\u011f\u0131 \u00fczerinde belirleyici bir rol oynar. End\u00fcstriyel olarak \u00fcretilen g\u0131dalar\u0131n fazlal\u0131\u011f\u0131 ve \u00e7ok say\u0131da zararl\u0131 \u00e7evresel fakt\u00f6r\u00fcn damgas\u0131n\u0131 vurdu\u011fu modern \u00e7a\u011f\u0131m\u0131zda, ba\u011f\u0131rsak sa\u011fl\u0131\u011f\u0131n\u0131 korumak zor olabilir. [&hellip;]<\/p>\n","protected":false},"author":8,"featured_media":0,"parent":117,"menu_order":0,"comment_status":"closed","ping_status":"closed","template":"","meta":{"_acf_changed":false,"inline_featured_image":false,"footnotes":""},"class_list":["post-15579","page","type-page","status-publish","hentry"],"acf":[],"_links":{"self":[{"href":"https:\/\/www.omni-biotic.com\/tr-tr\/wp-json\/wp\/v2\/pages\/15579","targetHints":{"allow":["GET"]}}],"collection":[{"href":"https:\/\/www.omni-biotic.com\/tr-tr\/wp-json\/wp\/v2\/pages"}],"about":[{"href":"https:\/\/www.omni-biotic.com\/tr-tr\/wp-json\/wp\/v2\/types\/page"}],"author":[{"embeddable":true,"href":"https:\/\/www.omni-biotic.com\/tr-tr\/wp-json\/wp\/v2\/users\/8"}],"replies":[{"embeddable":true,"href":"https:\/\/www.omni-biotic.com\/tr-tr\/wp-json\/wp\/v2\/comments?post=15579"}],"version-history":[{"count":7,"href":"https:\/\/www.omni-biotic.com\/tr-tr\/wp-json\/wp\/v2\/pages\/15579\/revisions"}],"predecessor-version":[{"id":19141,"href":"https:\/\/www.omni-biotic.com\/tr-tr\/wp-json\/wp\/v2\/pages\/15579\/revisions\/19141"}],"up":[{"embeddable":true,"href":"https:\/\/www.omni-biotic.com\/tr-tr\/wp-json\/wp\/v2\/pages\/117"}],"wp:attachment":[{"href":"https:\/\/www.omni-biotic.com\/tr-tr\/wp-json\/wp\/v2\/media?parent=15579"}],"curies":[{"name":"wp","href":"https:\/\/api.w.org\/{rel}","templated":true}]}}