{"id":16114,"date":"2023-08-07T13:19:52","date_gmt":"2023-08-07T11:19:52","guid":{"rendered":"https:\/\/www.omni-biotic.com\/en-eu\/?page_id=16114"},"modified":"2026-03-16T10:53:03","modified_gmt":"2026-03-16T09:53:03","slug":"yasal-uyari","status":"publish","type":"page","link":"https:\/\/www.omni-biotic.com\/tr-tr\/yasal-uyari\/","title":{"rendered":"Yasal Uyar\u0131"},"content":{"rendered":"\t\t<div data-elementor-type=\"wp-page\" data-elementor-id=\"16114\" class=\"elementor elementor-16114\" data-elementor-post-type=\"page\">\n\t\t\t\t<div class=\"elementor-element elementor-element-7c20155 e-con-full obcs none e-flex e-con e-parent\" data-id=\"7c20155\" data-element_type=\"container\" data-settings=\"{&quot;background_background&quot;:&quot;classic&quot;,&quot;shape_divider_bottom&quot;:&quot;waves&quot;}\">\n\t\t\t\t<div class=\"elementor-shape elementor-shape-bottom\" aria-hidden=\"true\" data-negative=\"false\">\n\t\t\t<svg xmlns=\"http:\/\/www.w3.org\/2000\/svg\" viewBox=\"0 0 1000 100\" preserveAspectRatio=\"none\">\n\t<path class=\"elementor-shape-fill\" d=\"M421.9,6.5c22.6-2.5,51.5,0.4,75.5,5.3c23.6,4.9,70.9,23.5,100.5,35.7c75.8,32.2,133.7,44.5,192.6,49.7\n\tc23.6,2.1,48.7,3.5,103.4-2.5c54.7-6,106.2-25.6,106.2-25.6V0H0v30.3c0,0,72,32.6,158.4,30.5c39.2-0.7,92.8-6.7,134-22.4\n\tc21.2-8.1,52.2-18.2,79.7-24.2C399.3,7.9,411.6,7.5,421.9,6.5z\"\/>\n<\/svg>\t\t<\/div>\n\t\t\t\t<div class=\"elementor-element elementor-element-3f1179e elementor-absolute elementor-hidden-mobile elementor-align-center elementor-widget elementor-widget-lottie\" data-id=\"3f1179e\" data-element_type=\"widget\" data-settings=\"{&quot;source_json&quot;:{&quot;url&quot;:&quot;https:\\\/\\\/www.omni-biotic.com\\\/en-eu\\\/wp-content\\\/uploads\\\/sites\\\/3\\\/2022\\\/08\\\/lf30_editor_s5uwdgjh.json&quot;,&quot;id&quot;:&quot;7733&quot;,&quot;size&quot;:&quot;&quot;,&quot;alt&quot;:&quot;&quot;,&quot;source&quot;:&quot;library&quot;},&quot;loop&quot;:&quot;yes&quot;,&quot;play_speed&quot;:{&quot;unit&quot;:&quot;px&quot;,&quot;size&quot;:&quot;0.3&quot;,&quot;sizes&quot;:[]},&quot;_position&quot;:&quot;absolute&quot;,&quot;source&quot;:&quot;media_file&quot;,&quot;caption_source&quot;:&quot;none&quot;,&quot;link_to&quot;:&quot;none&quot;,&quot;trigger&quot;:&quot;arriving_to_viewport&quot;,&quot;viewport&quot;:{&quot;unit&quot;:&quot;%&quot;,&quot;size&quot;:&quot;&quot;,&quot;sizes&quot;:{&quot;start&quot;:0,&quot;end&quot;:100}},&quot;start_point&quot;:{&quot;unit&quot;:&quot;%&quot;,&quot;size&quot;:0,&quot;sizes&quot;:[]},&quot;end_point&quot;:{&quot;unit&quot;:&quot;%&quot;,&quot;size&quot;:100,&quot;sizes&quot;:[]},&quot;renderer&quot;:&quot;svg&quot;}\" data-widget_type=\"lottie.default\">\n\t\t\t\t<div class=\"elementor-widget-container\">\n\t\t\t\t\t<div class=\"e-lottie__container\"><div class=\"e-lottie__animation\"><\/div><\/div>\t\t\t\t<\/div>\n\t\t\t\t<\/div>\n\t\t<div class=\"elementor-element elementor-element-761d426 e-con-full obcs none e-flex e-con e-child\" data-id=\"761d426\" data-element_type=\"container\" data-settings=\"{&quot;background_background&quot;:&quot;gradient&quot;}\">\n\t\t\t\t<div class=\"elementor-element elementor-element-cc42cc7 elementor-widget elementor-widget-heading\" data-id=\"cc42cc7\" data-element_type=\"widget\" data-widget_type=\"heading.default\">\n\t\t\t\t<div class=\"elementor-widget-container\">\n\t\t\t\t\t<h1 class=\"elementor-heading-title elementor-size-default\">Yasal Uyar\u0131<\/h1>\t\t\t\t<\/div>\n\t\t\t\t<\/div>\n\t\t\t\t<div class=\"elementor-element elementor-element-d074699 elementor-widget-divider--view-line elementor-widget elementor-widget-divider\" data-id=\"d074699\" data-element_type=\"widget\" data-widget_type=\"divider.default\">\n\t\t\t\t<div class=\"elementor-widget-container\">\n\t\t\t\t\t\t\t<div class=\"elementor-divider\">\n\t\t\t<span class=\"elementor-divider-separator\">\n\t\t\t\t\t\t<\/span>\n\t\t<\/div>\n\t\t\t\t\t\t<\/div>\n\t\t\t\t<\/div>\n\t\t\t\t<\/div>\n\t\t\t\t<\/div>\n\t\t<div class=\"elementor-element elementor-element-4a581b0 obcs none e-flex e-con-boxed e-con e-parent\" data-id=\"4a581b0\" data-element_type=\"container\">\n\t\t\t\t\t<div class=\"e-con-inner\">\n\t\t<div class=\"elementor-element elementor-element-199f229 obcs none e-flex e-con-boxed e-con e-child\" data-id=\"199f229\" data-element_type=\"container\">\n\t\t\t\t\t<div class=\"e-con-inner\">\n\t\t<div class=\"elementor-element elementor-element-82aa2fa e-con-full obcs none e-flex e-con e-child\" data-id=\"82aa2fa\" data-element_type=\"container\">\n\t\t\t\t<div class=\"elementor-element elementor-element-758e9fd elementor-align-left elementor-widget__width-initial elementor-widget elementor-widget-breadcrumbs\" data-id=\"758e9fd\" data-element_type=\"widget\" data-widget_type=\"breadcrumbs.default\">\n\t\t\t\t<div class=\"elementor-widget-container\">\n\t\t\t\t\t<span><span class=\"last\">Home<\/span><\/span>\t\t\t\t<\/div>\n\t\t\t\t<\/div>\n\t\t\t\t<\/div>\n\t\t\t\t\t<\/div>\n\t\t\t\t<\/div>\n\t\t\t\t\t<\/div>\n\t\t\t\t<\/div>\n\t\t<div class=\"elementor-element elementor-element-dfcf3c1 obcs yellow e-flex e-con-boxed e-con e-parent\" data-id=\"dfcf3c1\" data-element_type=\"container\">\n\t\t\t\t\t<div class=\"e-con-inner\">\n\t\t<div class=\"elementor-element elementor-element-3b8eda8 e-con-full obcs blue e-flex e-con e-child\" data-id=\"3b8eda8\" data-element_type=\"container\">\n\t\t\t\t<div class=\"elementor-element elementor-element-648a330 elementor-widget elementor-widget-heading\" data-id=\"648a330\" data-element_type=\"widget\" data-widget_type=\"heading.default\">\n\t\t\t\t<div class=\"elementor-widget-container\">\n\t\t\t\t\t<h2 class=\"elementor-heading-title elementor-size-default\">Institut Allergosan Pharma GmbH<\/h2>\t\t\t\t<\/div>\n\t\t\t\t<\/div>\n\t\t\t\t<div class=\"elementor-element elementor-element-045abeb elementor-widget elementor-widget-text-editor\" data-id=\"045abeb\" data-element_type=\"widget\" data-widget_type=\"text-editor.default\">\n\t\t\t\t<div class=\"elementor-widget-container\">\n\t\t\t\t\t\t\t\t\t<p><b>\u015eirket konusu:<\/b> Sa\u011fl\u0131k \u00fcr\u00fcnlerinin ara\u015ft\u0131r\u0131lmas\u0131, geli\u015ftirilmesi, \u00fcretimi ve sat\u0131\u015f\u0131 (besin takviyeleri ve t\u0131bbi \u00fcr\u00fcnler ile toptan ticaret; eczane \u00fcr\u00fcnleri ile ticaret)<\/p><p><b>KDV No:<\/b> ATU64528657<\/p><p><b>\u015eirket Sicil No:<\/b> FN 317527 b Graz \u0130l Mahkemesi (Graz&#8217;da yerle\u015fik GmbH)<\/p><p><b>Ticaret Sicil Mahkemesi:<\/b> ZRS Graz Eyalet Mahkemesi<\/p><p><b>\u015eirket merkezi:<\/b> Gmeinstra\u00dfe 13, AT-8055 Graz<\/p><p><b>\u0130leti\u015fim<\/b> <b>Tel:<\/b> +43 316 405 305; Faks: +43 316 405 305 20; E-posta: info@allergosan.com<\/p><p><b>Oda organizasyonlar\u0131nda \u00fcyelikler:<\/b> Steiermark Ticaret Odas\u0131<\/p><p><b>\u0130lgili kanun (di\u011ferlerinin yan\u0131 s\u0131ra):<\/b> ticaret y\u00f6netmelikleri (t\u00fcm kanunlara <a href=\"http:\/\/ris.bka.gv.at\/\" rel=\"nofollow noopener\" target=\"_blank\">www.ris.bka.gv.at<\/a> adresinden eri\u015filebilir) D\u00fczenleyici kurum: Graz Ticaret Ofisi<\/p><p>Avrupa Komisyonu, \u00e7evrimi\u00e7i uyu\u015fmazl\u0131k \u00e7\u00f6z\u00fcm\u00fc (ODR) i\u00e7in <a href=\"https:\/\/ec.europa.eu\/consumers\/odr\/\" rel=\"nofollow noopener\" target=\"_blank\">https:\/\/ec.europa.eu\/consumers\/odr\/<\/a> adresinde bulabilece\u011finiz bir platform sa\u011flamaktad\u0131r.<\/p>\t\t\t\t\t\t\t\t<\/div>\n\t\t\t\t<\/div>\n\t\t\t\t<\/div>\n\t\t\t\t\t<\/div>\n\t\t\t\t<\/div>\n\t\t\t\t<\/div>\n\t\t","protected":false},"excerpt":{"rendered":"<p>Yasal Uyar\u0131 Home Institut Allergosan Pharma GmbH \u015eirket konusu: Sa\u011fl\u0131k \u00fcr\u00fcnlerinin ara\u015ft\u0131r\u0131lmas\u0131, geli\u015ftirilmesi, \u00fcretimi ve sat\u0131\u015f\u0131 (besin takviyeleri ve t\u0131bbi \u00fcr\u00fcnler ile toptan ticaret; eczane \u00fcr\u00fcnleri ile ticaret) KDV No: ATU64528657 \u015eirket Sicil No: FN 317527 b Graz \u0130l Mahkemesi (Graz&#8217;da yerle\u015fik GmbH) Ticaret Sicil Mahkemesi: ZRS Graz Eyalet Mahkemesi \u015eirket merkezi: Gmeinstra\u00dfe 13, AT-8055 [&hellip;]<\/p>\n","protected":false},"author":8,"featured_media":0,"parent":0,"menu_order":0,"comment_status":"closed","ping_status":"closed","template":"","meta":{"_acf_changed":false,"inline_featured_image":false,"footnotes":""},"class_list":["post-16114","page","type-page","status-publish","hentry"],"acf":[],"_links":{"self":[{"href":"https:\/\/www.omni-biotic.com\/tr-tr\/wp-json\/wp\/v2\/pages\/16114","targetHints":{"allow":["GET"]}}],"collection":[{"href":"https:\/\/www.omni-biotic.com\/tr-tr\/wp-json\/wp\/v2\/pages"}],"about":[{"href":"https:\/\/www.omni-biotic.com\/tr-tr\/wp-json\/wp\/v2\/types\/page"}],"author":[{"embeddable":true,"href":"https:\/\/www.omni-biotic.com\/tr-tr\/wp-json\/wp\/v2\/users\/8"}],"replies":[{"embeddable":true,"href":"https:\/\/www.omni-biotic.com\/tr-tr\/wp-json\/wp\/v2\/comments?post=16114"}],"version-history":[{"count":7,"href":"https:\/\/www.omni-biotic.com\/tr-tr\/wp-json\/wp\/v2\/pages\/16114\/revisions"}],"predecessor-version":[{"id":19406,"href":"https:\/\/www.omni-biotic.com\/tr-tr\/wp-json\/wp\/v2\/pages\/16114\/revisions\/19406"}],"wp:attachment":[{"href":"https:\/\/www.omni-biotic.com\/tr-tr\/wp-json\/wp\/v2\/media?parent=16114"}],"curies":[{"name":"wp","href":"https:\/\/api.w.org\/{rel}","templated":true}]}}