{"id":65,"date":"2022-03-07T10:07:27","date_gmt":"2022-03-07T09:07:27","guid":{"rendered":"https:\/\/www.omni-biotic.com\/ueber-uns\/"},"modified":"2025-07-07T17:10:20","modified_gmt":"2025-07-07T15:10:20","slug":"hakkimizda","status":"publish","type":"page","link":"https:\/\/www.omni-biotic.com\/tr-tr\/hakkimizda\/","title":{"rendered":"Hakk\u0131m\u0131zda"},"content":{"rendered":"\t\t<div data-elementor-type=\"wp-page\" data-elementor-id=\"65\" class=\"elementor elementor-65\" data-elementor-post-type=\"page\">\n\t\t\t\t<div class=\"elementor-element elementor-element-aa1448d e-con-full obcs yellow e-flex e-con e-parent\" data-id=\"aa1448d\" data-element_type=\"container\" data-settings=\"{&quot;background_background&quot;:&quot;gradient&quot;,&quot;shape_divider_bottom&quot;:&quot;waves&quot;}\">\n\t\t\t\t<div class=\"elementor-shape elementor-shape-bottom\" aria-hidden=\"true\" data-negative=\"false\">\n\t\t\t<svg xmlns=\"http:\/\/www.w3.org\/2000\/svg\" viewBox=\"0 0 1000 100\" preserveAspectRatio=\"none\">\n\t<path class=\"elementor-shape-fill\" d=\"M421.9,6.5c22.6-2.5,51.5,0.4,75.5,5.3c23.6,4.9,70.9,23.5,100.5,35.7c75.8,32.2,133.7,44.5,192.6,49.7\n\tc23.6,2.1,48.7,3.5,103.4-2.5c54.7-6,106.2-25.6,106.2-25.6V0H0v30.3c0,0,72,32.6,158.4,30.5c39.2-0.7,92.8-6.7,134-22.4\n\tc21.2-8.1,52.2-18.2,79.7-24.2C399.3,7.9,411.6,7.5,421.9,6.5z\"\/>\n<\/svg>\t\t<\/div>\n\t\t\t\t<div class=\"elementor-element elementor-element-d70eb69 elementor-absolute elementor-hidden-mobile elementor-align-center elementor-widget elementor-widget-lottie\" data-id=\"d70eb69\" data-element_type=\"widget\" data-settings=\"{&quot;source_json&quot;:{&quot;url&quot;:&quot;https:\\\/\\\/www.omni-biotic.com\\\/en-eu\\\/wp-content\\\/uploads\\\/sites\\\/3\\\/2022\\\/08\\\/lf30_editor_s5uwdgjh.json&quot;,&quot;id&quot;:&quot;7733&quot;,&quot;size&quot;:&quot;&quot;,&quot;alt&quot;:&quot;&quot;,&quot;source&quot;:&quot;library&quot;},&quot;loop&quot;:&quot;yes&quot;,&quot;play_speed&quot;:{&quot;unit&quot;:&quot;px&quot;,&quot;size&quot;:&quot;0.3&quot;,&quot;sizes&quot;:[]},&quot;_position&quot;:&quot;absolute&quot;,&quot;source&quot;:&quot;media_file&quot;,&quot;caption_source&quot;:&quot;none&quot;,&quot;link_to&quot;:&quot;none&quot;,&quot;trigger&quot;:&quot;arriving_to_viewport&quot;,&quot;viewport&quot;:{&quot;unit&quot;:&quot;%&quot;,&quot;size&quot;:&quot;&quot;,&quot;sizes&quot;:{&quot;start&quot;:0,&quot;end&quot;:100}},&quot;start_point&quot;:{&quot;unit&quot;:&quot;%&quot;,&quot;size&quot;:0,&quot;sizes&quot;:[]},&quot;end_point&quot;:{&quot;unit&quot;:&quot;%&quot;,&quot;size&quot;:100,&quot;sizes&quot;:[]},&quot;renderer&quot;:&quot;svg&quot;}\" data-widget_type=\"lottie.default\">\n\t\t\t\t<div class=\"elementor-widget-container\">\n\t\t\t\t\t<div class=\"e-lottie__container\"><div class=\"e-lottie__animation\"><\/div><\/div>\t\t\t\t<\/div>\n\t\t\t\t<\/div>\n\t\t<div class=\"elementor-element elementor-element-34dad29 e-con-full obcs yellow e-flex e-con e-child\" data-id=\"34dad29\" data-element_type=\"container\" data-settings=\"{&quot;background_background&quot;:&quot;gradient&quot;}\">\n\t\t\t\t<div class=\"elementor-element elementor-element-8a8156d elementor-widget elementor-widget-heading\" data-id=\"8a8156d\" data-element_type=\"widget\" data-widget_type=\"heading.default\">\n\t\t\t\t<div class=\"elementor-widget-container\">\n\t\t\t\t\t<h1 class=\"elementor-heading-title elementor-size-default\">Hakk\u0131m\u0131zda<\/h1>\t\t\t\t<\/div>\n\t\t\t\t<\/div>\n\t\t\t\t<div class=\"elementor-element elementor-element-a2340fc elementor-widget-divider--view-line elementor-widget elementor-widget-divider\" data-id=\"a2340fc\" data-element_type=\"widget\" data-widget_type=\"divider.default\">\n\t\t\t\t<div class=\"elementor-widget-container\">\n\t\t\t\t\t\t\t<div class=\"elementor-divider\">\n\t\t\t<span class=\"elementor-divider-separator\">\n\t\t\t\t\t\t<\/span>\n\t\t<\/div>\n\t\t\t\t\t\t<\/div>\n\t\t\t\t<\/div>\n\t\t\t\t<div class=\"elementor-element elementor-element-a1468ae elementor-widget elementor-widget-text-editor\" data-id=\"a1468ae\" data-element_type=\"widget\" data-widget_type=\"text-editor.default\">\n\t\t\t\t<div class=\"elementor-widget-container\">\n\t\t\t\t\t\t\t\t\t<p>Merkezi Graz&#8217;da (Avusturya) bulunan institut AllergoSan, Ocak 1991&#8217;de kurulmu\u015ftur ve 30 y\u0131l\u0131 a\u015fk\u0131n bir s\u00fcredir probiyotik bakteriler, bitki \u00f6zleri ve mineraller gibi do\u011fal maddelerden yap\u0131lan \u00fcr\u00fcnlerin ara\u015ft\u0131r\u0131lmas\u0131 ve geli\u015ftirilmesine adanm\u0131\u015ft\u0131r.<\/p>\t\t\t\t\t\t\t\t<\/div>\n\t\t\t\t<\/div>\n\t\t\t\t<\/div>\n\t\t\t\t<\/div>\n\t\t<div class=\"elementor-element elementor-element-96d7c42 obcs none e-flex e-con-boxed e-con e-parent\" data-id=\"96d7c42\" data-element_type=\"container\">\n\t\t\t\t\t<div class=\"e-con-inner\">\n\t\t<div class=\"elementor-element elementor-element-e9b5a2b obcs none e-flex e-con-boxed e-con e-child\" data-id=\"e9b5a2b\" data-element_type=\"container\">\n\t\t\t\t\t<div class=\"e-con-inner\">\n\t\t<div class=\"elementor-element elementor-element-548ad85 e-con-full obcs none e-flex e-con e-child\" data-id=\"548ad85\" data-element_type=\"container\">\n\t\t\t\t<div class=\"elementor-element elementor-element-1728935 elementor-align-left elementor-widget__width-initial elementor-widget elementor-widget-breadcrumbs\" data-id=\"1728935\" data-element_type=\"widget\" data-widget_type=\"breadcrumbs.default\">\n\t\t\t\t<div class=\"elementor-widget-container\">\n\t\t\t\t\t<span><span class=\"last\">Home<\/span><\/span>\t\t\t\t<\/div>\n\t\t\t\t<\/div>\n\t\t\t\t<\/div>\n\t\t<div class=\"elementor-element elementor-element-c24b3b0 e-con-full obcs none e-flex e-con e-child\" data-id=\"c24b3b0\" data-element_type=\"container\">\n\t\t\t\t<div class=\"elementor-element elementor-element-ac0936f elementor-toc--minimized-on-desktop elementor-widget elementor-widget-table-of-contents\" data-id=\"ac0936f\" data-element_type=\"widget\" data-settings=\"{&quot;exclude_headings_by_selector&quot;:[],&quot;minimized_on&quot;:&quot;desktop&quot;,&quot;_animation&quot;:&quot;none&quot;,&quot;no_headings_message&quot;:&quot;No headings were found on this page.&quot;,&quot;headings_by_tags&quot;:[&quot;h2&quot;,&quot;h3&quot;,&quot;h4&quot;,&quot;h5&quot;,&quot;h6&quot;],&quot;marker_view&quot;:&quot;numbers&quot;,&quot;minimize_box&quot;:&quot;yes&quot;,&quot;hierarchical_view&quot;:&quot;yes&quot;,&quot;min_height&quot;:{&quot;unit&quot;:&quot;px&quot;,&quot;size&quot;:&quot;&quot;,&quot;sizes&quot;:[]},&quot;min_height_tablet&quot;:{&quot;unit&quot;:&quot;px&quot;,&quot;size&quot;:&quot;&quot;,&quot;sizes&quot;:[]},&quot;min_height_mobile&quot;:{&quot;unit&quot;:&quot;px&quot;,&quot;size&quot;:&quot;&quot;,&quot;sizes&quot;:[]}}\" data-widget_type=\"table-of-contents.default\">\n\t\t\t\t<div class=\"elementor-widget-container\">\n\t\t\t\t\t\t\t\t\t<div class=\"elementor-toc__header\">\n\t\t\t\t\t\t<h4 class=\"elementor-toc__header-title\">\n\t\t\t\tContents\t\t\t<\/h4>\n\t\t\t\t\t\t\t\t\t\t<div class=\"elementor-toc__toggle-button elementor-toc__toggle-button--expand\" role=\"button\" tabindex=\"0\" aria-controls=\"elementor-toc__ac0936f\" aria-expanded=\"true\" aria-label=\"Open table of contents\"><i aria-hidden=\"true\" class=\"fas fa-chevron-down\"><\/i><\/div>\n\t\t\t\t<div class=\"elementor-toc__toggle-button elementor-toc__toggle-button--collapse\" role=\"button\" tabindex=\"0\" aria-controls=\"elementor-toc__ac0936f\" aria-expanded=\"true\" aria-label=\"Close table of contents\"><i aria-hidden=\"true\" class=\"fas fa-chevron-up\"><\/i><\/div>\n\t\t\t\t\t<\/div>\n\t\t\t\t<div id=\"elementor-toc__ac0936f\" class=\"elementor-toc__body\">\n\t\t\t<div class=\"elementor-toc__spinner-container\">\n\t\t\t\t<i class=\"elementor-toc__spinner eicon-animation-spin eicon-loading\" aria-hidden=\"true\"><\/i>\t\t\t<\/div>\n\t\t<\/div>\n\t\t\t\t\t\t<\/div>\n\t\t\t\t<\/div>\n\t\t\t\t<\/div>\n\t\t\t\t\t<\/div>\n\t\t\t\t<\/div>\n\t\t\t\t\t<\/div>\n\t\t\t\t<\/div>\n\t\t<div class=\"elementor-element elementor-element-d4d59f3 obcs yellow e-flex e-con-boxed e-con e-parent\" data-id=\"d4d59f3\" data-element_type=\"container\">\n\t\t\t\t\t<div class=\"e-con-inner\">\n\t\t<div class=\"elementor-element elementor-element-a5ce2d2 e-con-full obcs none e-flex e-con e-child\" data-id=\"a5ce2d2\" data-element_type=\"container\">\n\t\t\t\t<div class=\"elementor-element elementor-element-c1d1c56 elementor-widget elementor-widget-heading\" data-id=\"c1d1c56\" data-element_type=\"widget\" data-widget_type=\"heading.default\">\n\t\t\t\t<div class=\"elementor-widget-container\">\n\t\t\t\t\t<h2 class=\"elementor-heading-title elementor-size-default\">Felsefe<\/h2>\t\t\t\t<\/div>\n\t\t\t\t<\/div>\n\t\t\t\t<div class=\"elementor-element elementor-element-c863dd5 elementor-widget elementor-widget-text-editor\" data-id=\"c863dd5\" data-element_type=\"widget\" data-widget_type=\"text-editor.default\">\n\t\t\t\t<div class=\"elementor-widget-container\">\n\t\t\t\t\t\t\t\t\t<p>Institut Allergosan, sorunlar ortaya \u00e7\u0131kmadan \u00f6nce sa\u011fl\u0131\u011f\u0131m\u0131z\u0131n temellerini g\u00fc\u00e7lendirmeyi ama\u00e7layan ve do\u011fan\u0131n sunduklar\u0131n\u0131 kullanan b\u00fct\u00fcnsel bir yakla\u015f\u0131m benimsemektedir.<\/p><p>Odak noktam\u0131z, insan sa\u011fl\u0131\u011f\u0131na adanm\u0131\u015f bilimsel yenilikleri m\u00fc\u015fterilerimize sunmakt\u0131r. Amac\u0131m\u0131z, bilimsel yenilikleri kullan\u0131c\u0131 g\u00fcvenli\u011fi ile birle\u015ftirerek karma\u015f\u0131k sa\u011fl\u0131k sorunlar\u0131 i\u00e7in en uygun \u00e7\u00f6z\u00fcmleri bulmakt\u0131r.<\/p>\t\t\t\t\t\t\t\t<\/div>\n\t\t\t\t<\/div>\n\t\t\t\t<\/div>\n\t\t\t\t\t<\/div>\n\t\t\t\t<\/div>\n\t\t<div class=\"elementor-element elementor-element-2e88ecc obcs yellow e-flex e-con-boxed e-con e-parent\" data-id=\"2e88ecc\" data-element_type=\"container\">\n\t\t\t\t\t<div class=\"e-con-inner\">\n\t\t<div class=\"elementor-element elementor-element-ed4d2f1 e-con-full obcs none e-flex e-con e-child\" data-id=\"ed4d2f1\" data-element_type=\"container\">\n\t\t\t\t<div class=\"elementor-element elementor-element-6f752ff e-transform elementor-widget elementor-widget-image\" data-id=\"6f752ff\" data-element_type=\"widget\" data-settings=\"{&quot;_transform_translateY_effect_hover&quot;:{&quot;unit&quot;:&quot;px&quot;,&quot;size&quot;:&quot;-20&quot;,&quot;sizes&quot;:[]},&quot;_transform_translateX_effect_hover&quot;:{&quot;unit&quot;:&quot;px&quot;,&quot;size&quot;:&quot;&quot;,&quot;sizes&quot;:[]},&quot;_transform_translateX_effect_hover_tablet&quot;:{&quot;unit&quot;:&quot;px&quot;,&quot;size&quot;:&quot;&quot;,&quot;sizes&quot;:[]},&quot;_transform_translateX_effect_hover_mobile&quot;:{&quot;unit&quot;:&quot;px&quot;,&quot;size&quot;:&quot;&quot;,&quot;sizes&quot;:[]},&quot;_transform_translateY_effect_hover_tablet&quot;:{&quot;unit&quot;:&quot;px&quot;,&quot;size&quot;:&quot;&quot;,&quot;sizes&quot;:[]},&quot;_transform_translateY_effect_hover_mobile&quot;:{&quot;unit&quot;:&quot;px&quot;,&quot;size&quot;:&quot;&quot;,&quot;sizes&quot;:[]}}\" data-widget_type=\"image.default\">\n\t\t\t\t<div class=\"elementor-widget-container\">\n\t\t\t\t\t\t\t\t\t\t\t\t\t\t\t\t<a href=\"https:\/\/www.omni-biotic.com\/tr-tr\/hakkimizda\/institut-allergosan\/\">\n\t\t\t\t\t\t\t<img fetchpriority=\"high\" decoding=\"async\" width=\"800\" height=\"800\" src=\"https:\/\/www.omni-biotic.com\/tr-tr\/wp-content\/uploads\/sites\/15\/2023\/07\/Institut-AllergoSan-global-probiotic.jpg\" class=\"attachment-large size-large wp-image-15790\" alt=\"Institut AllergoSan k\u00fcresel probiyotik\" srcset=\"https:\/\/www.omni-biotic.com\/tr-tr\/wp-content\/uploads\/sites\/15\/2023\/07\/Institut-AllergoSan-global-probiotic.jpg 1024w, https:\/\/www.omni-biotic.com\/tr-tr\/wp-content\/uploads\/sites\/15\/2023\/07\/Institut-AllergoSan-global-probiotic-300x300.jpg 300w, https:\/\/www.omni-biotic.com\/tr-tr\/wp-content\/uploads\/sites\/15\/2023\/07\/Institut-AllergoSan-global-probiotic-150x150.jpg 150w, https:\/\/www.omni-biotic.com\/tr-tr\/wp-content\/uploads\/sites\/15\/2023\/07\/Institut-AllergoSan-global-probiotic-768x768.jpg 768w\" sizes=\"(max-width: 800px) 100vw, 800px\" title=\"\">\t\t\t\t\t\t\t\t<\/a>\n\t\t\t\t\t\t\t\t\t\t\t\t\t\t\t<\/div>\n\t\t\t\t<\/div>\n\t\t\t\t<div class=\"elementor-element elementor-element-6ef1ffd elementor-widget elementor-widget-heading\" data-id=\"6ef1ffd\" data-element_type=\"widget\" data-widget_type=\"heading.default\">\n\t\t\t\t<div class=\"elementor-widget-container\">\n\t\t\t\t\t<h3 class=\"elementor-heading-title elementor-size-default\"><a href=\"https:\/\/www.omni-biotic.com\/tr-tr\/hakkimizda\/institut-allergosan\/\">Institut AllergoSan<\/a><\/h3>\t\t\t\t<\/div>\n\t\t\t\t<\/div>\n\t\t\t\t<\/div>\n\t\t<div class=\"elementor-element elementor-element-2ef6126 e-con-full obcs none e-flex e-con e-child\" data-id=\"2ef6126\" data-element_type=\"container\">\n\t\t\t\t<div class=\"elementor-element elementor-element-df0a321 e-transform elementor-widget elementor-widget-image\" data-id=\"df0a321\" data-element_type=\"widget\" data-settings=\"{&quot;_transform_translateY_effect_hover&quot;:{&quot;unit&quot;:&quot;px&quot;,&quot;size&quot;:&quot;-20&quot;,&quot;sizes&quot;:[]},&quot;_transform_translateX_effect_hover&quot;:{&quot;unit&quot;:&quot;px&quot;,&quot;size&quot;:&quot;&quot;,&quot;sizes&quot;:[]},&quot;_transform_translateX_effect_hover_tablet&quot;:{&quot;unit&quot;:&quot;px&quot;,&quot;size&quot;:&quot;&quot;,&quot;sizes&quot;:[]},&quot;_transform_translateX_effect_hover_mobile&quot;:{&quot;unit&quot;:&quot;px&quot;,&quot;size&quot;:&quot;&quot;,&quot;sizes&quot;:[]},&quot;_transform_translateY_effect_hover_tablet&quot;:{&quot;unit&quot;:&quot;px&quot;,&quot;size&quot;:&quot;&quot;,&quot;sizes&quot;:[]},&quot;_transform_translateY_effect_hover_mobile&quot;:{&quot;unit&quot;:&quot;px&quot;,&quot;size&quot;:&quot;&quot;,&quot;sizes&quot;:[]}}\" data-widget_type=\"image.default\">\n\t\t\t\t<div class=\"elementor-widget-container\">\n\t\t\t\t\t\t\t\t\t\t\t\t\t\t\t\t<a href=\"https:\/\/www.omni-biotic.com\/tr-tr\/hakkimizda\/anita-frauwallner\/\">\n\t\t\t\t\t\t\t<img decoding=\"async\" width=\"768\" height=\"768\" src=\"https:\/\/www.omni-biotic.com\/tr-tr\/wp-content\/uploads\/sites\/15\/2023\/07\/frauwallner.jpg\" class=\"attachment-large size-large wp-image-15853\" alt=\"Bayan Frauwallner\" srcset=\"https:\/\/www.omni-biotic.com\/tr-tr\/wp-content\/uploads\/sites\/15\/2023\/07\/frauwallner.jpg 768w, https:\/\/www.omni-biotic.com\/tr-tr\/wp-content\/uploads\/sites\/15\/2023\/07\/frauwallner-300x300.jpg 300w, https:\/\/www.omni-biotic.com\/tr-tr\/wp-content\/uploads\/sites\/15\/2023\/07\/frauwallner-150x150.jpg 150w\" sizes=\"(max-width: 768px) 100vw, 768px\" title=\"\">\t\t\t\t\t\t\t\t<\/a>\n\t\t\t\t\t\t\t\t\t\t\t\t\t\t\t<\/div>\n\t\t\t\t<\/div>\n\t\t\t\t<div class=\"elementor-element elementor-element-a17672a elementor-widget elementor-widget-heading\" data-id=\"a17672a\" data-element_type=\"widget\" data-widget_type=\"heading.default\">\n\t\t\t\t<div class=\"elementor-widget-container\">\n\t\t\t\t\t<h3 class=\"elementor-heading-title elementor-size-default\"><a href=\"https:\/\/www.omni-biotic.com\/tr-tr\/hakkimizda\/institut-allergosan\/anita-frauwallner\/\">Profes\u00f6r Anita Frauwallner<\/a><\/h3>\t\t\t\t<\/div>\n\t\t\t\t<\/div>\n\t\t\t\t<\/div>\n\t\t<div class=\"elementor-element elementor-element-aa19de1 e-con-full obcs none e-flex e-con e-child\" data-id=\"aa19de1\" data-element_type=\"container\">\n\t\t\t\t<div class=\"elementor-element elementor-element-8996c53 e-transform elementor-widget elementor-widget-image\" data-id=\"8996c53\" data-element_type=\"widget\" data-settings=\"{&quot;_transform_translateY_effect_hover&quot;:{&quot;unit&quot;:&quot;px&quot;,&quot;size&quot;:&quot;-20&quot;,&quot;sizes&quot;:[]},&quot;_transform_translateX_effect_hover&quot;:{&quot;unit&quot;:&quot;px&quot;,&quot;size&quot;:&quot;&quot;,&quot;sizes&quot;:[]},&quot;_transform_translateX_effect_hover_tablet&quot;:{&quot;unit&quot;:&quot;px&quot;,&quot;size&quot;:&quot;&quot;,&quot;sizes&quot;:[]},&quot;_transform_translateX_effect_hover_mobile&quot;:{&quot;unit&quot;:&quot;px&quot;,&quot;size&quot;:&quot;&quot;,&quot;sizes&quot;:[]},&quot;_transform_translateY_effect_hover_tablet&quot;:{&quot;unit&quot;:&quot;px&quot;,&quot;size&quot;:&quot;&quot;,&quot;sizes&quot;:[]},&quot;_transform_translateY_effect_hover_mobile&quot;:{&quot;unit&quot;:&quot;px&quot;,&quot;size&quot;:&quot;&quot;,&quot;sizes&quot;:[]}}\" data-widget_type=\"image.default\">\n\t\t\t\t<div class=\"elementor-widget-container\">\n\t\t\t\t\t\t\t\t\t\t\t\t\t\t\t\t<a href=\"https:\/\/www.omni-biotic.com\/tr-tr\/hakkimizda\/arastirma-ve-gelistirme\/\">\n\t\t\t\t\t\t\t<img decoding=\"async\" width=\"800\" height=\"800\" src=\"https:\/\/www.omni-biotic.com\/tr-tr\/wp-content\/uploads\/sites\/15\/2023\/07\/research-and-development-probiotics-top-brand-best-probiotics.jpg\" class=\"attachment-large size-large wp-image-15792\" alt=\"ara\u015ft\u0131rma ve geli\u015ftirme probiyotikleri en iyi marka en iyi probiyotikler\" srcset=\"https:\/\/www.omni-biotic.com\/tr-tr\/wp-content\/uploads\/sites\/15\/2023\/07\/research-and-development-probiotics-top-brand-best-probiotics.jpg 1024w, https:\/\/www.omni-biotic.com\/tr-tr\/wp-content\/uploads\/sites\/15\/2023\/07\/research-and-development-probiotics-top-brand-best-probiotics-300x300.jpg 300w, https:\/\/www.omni-biotic.com\/tr-tr\/wp-content\/uploads\/sites\/15\/2023\/07\/research-and-development-probiotics-top-brand-best-probiotics-150x150.jpg 150w, https:\/\/www.omni-biotic.com\/tr-tr\/wp-content\/uploads\/sites\/15\/2023\/07\/research-and-development-probiotics-top-brand-best-probiotics-768x768.jpg 768w\" sizes=\"(max-width: 800px) 100vw, 800px\" title=\"\">\t\t\t\t\t\t\t\t<\/a>\n\t\t\t\t\t\t\t\t\t\t\t\t\t\t\t<\/div>\n\t\t\t\t<\/div>\n\t\t\t\t<div class=\"elementor-element elementor-element-af88271 elementor-widget elementor-widget-heading\" data-id=\"af88271\" data-element_type=\"widget\" data-widget_type=\"heading.default\">\n\t\t\t\t<div class=\"elementor-widget-container\">\n\t\t\t\t\t<h3 class=\"elementor-heading-title elementor-size-default\"><a href=\"https:\/\/www.omni-biotic.com\/tr-tr\/hakkimizda\/arastirma-ve-gelistirme\/\">Ara\u015ft\u0131rma ve Geli\u015ftirme<\/a><\/h3>\t\t\t\t<\/div>\n\t\t\t\t<\/div>\n\t\t\t\t<\/div>\n\t\t<div class=\"elementor-element elementor-element-498d0bc e-con-full obcs none e-flex e-con e-child\" data-id=\"498d0bc\" data-element_type=\"container\">\n\t\t\t\t<div class=\"elementor-element elementor-element-186174f e-transform elementor-widget elementor-widget-image\" data-id=\"186174f\" data-element_type=\"widget\" data-settings=\"{&quot;_transform_translateY_effect_hover&quot;:{&quot;unit&quot;:&quot;px&quot;,&quot;size&quot;:&quot;-20&quot;,&quot;sizes&quot;:[]},&quot;_transform_translateX_effect_hover&quot;:{&quot;unit&quot;:&quot;px&quot;,&quot;size&quot;:&quot;&quot;,&quot;sizes&quot;:[]},&quot;_transform_translateX_effect_hover_tablet&quot;:{&quot;unit&quot;:&quot;px&quot;,&quot;size&quot;:&quot;&quot;,&quot;sizes&quot;:[]},&quot;_transform_translateX_effect_hover_mobile&quot;:{&quot;unit&quot;:&quot;px&quot;,&quot;size&quot;:&quot;&quot;,&quot;sizes&quot;:[]},&quot;_transform_translateY_effect_hover_tablet&quot;:{&quot;unit&quot;:&quot;px&quot;,&quot;size&quot;:&quot;&quot;,&quot;sizes&quot;:[]},&quot;_transform_translateY_effect_hover_mobile&quot;:{&quot;unit&quot;:&quot;px&quot;,&quot;size&quot;:&quot;&quot;,&quot;sizes&quot;:[]}}\" data-widget_type=\"image.default\">\n\t\t\t\t<div class=\"elementor-widget-container\">\n\t\t\t\t\t\t\t\t\t\t\t\t\t\t\t\t<a href=\"https:\/\/www.omni-biotic.com\/tr-tr\/hakkimizda\/kalite-kriterleri\/\">\n\t\t\t\t\t\t\t<img loading=\"lazy\" decoding=\"async\" width=\"800\" height=\"800\" src=\"https:\/\/www.omni-biotic.com\/tr-tr\/wp-content\/uploads\/sites\/15\/2023\/07\/OMNi-BiOTiC-about-us-more-information.jpg\" class=\"attachment-large size-large wp-image-15789\" alt=\"OMNi-BiOTiC - about us more information\" srcset=\"https:\/\/www.omni-biotic.com\/tr-tr\/wp-content\/uploads\/sites\/15\/2023\/07\/OMNi-BiOTiC-about-us-more-information.jpg 1024w, https:\/\/www.omni-biotic.com\/tr-tr\/wp-content\/uploads\/sites\/15\/2023\/07\/OMNi-BiOTiC-about-us-more-information-300x300.jpg 300w, https:\/\/www.omni-biotic.com\/tr-tr\/wp-content\/uploads\/sites\/15\/2023\/07\/OMNi-BiOTiC-about-us-more-information-150x150.jpg 150w, https:\/\/www.omni-biotic.com\/tr-tr\/wp-content\/uploads\/sites\/15\/2023\/07\/OMNi-BiOTiC-about-us-more-information-768x768.jpg 768w\" sizes=\"(max-width: 800px) 100vw, 800px\" title=\"\">\t\t\t\t\t\t\t\t<\/a>\n\t\t\t\t\t\t\t\t\t\t\t\t\t\t\t<\/div>\n\t\t\t\t<\/div>\n\t\t\t\t<div class=\"elementor-element elementor-element-7926c25 elementor-widget elementor-widget-heading\" data-id=\"7926c25\" data-element_type=\"widget\" data-widget_type=\"heading.default\">\n\t\t\t\t<div class=\"elementor-widget-container\">\n\t\t\t\t\t<h3 class=\"elementor-heading-title elementor-size-default\"><a href=\"https:\/\/www.omni-biotic.com\/tr-tr\/hakkimizda\/kalite-kriterleri\/\">Kalite kriterleri<\/a><\/h3>\t\t\t\t<\/div>\n\t\t\t\t<\/div>\n\t\t\t\t<\/div>\n\t\t\t\t\t<\/div>\n\t\t\t\t<\/div>\n\t\t\t\t<\/div>\n\t\t","protected":false},"excerpt":{"rendered":"<p>Hakk\u0131m\u0131zda Merkezi Graz&#8217;da (Avusturya) bulunan institut AllergoSan, Ocak 1991&#8217;de kurulmu\u015ftur ve 30 y\u0131l\u0131 a\u015fk\u0131n bir s\u00fcredir probiyotik bakteriler, bitki \u00f6zleri ve mineraller gibi do\u011fal maddelerden yap\u0131lan \u00fcr\u00fcnlerin ara\u015ft\u0131r\u0131lmas\u0131 ve geli\u015ftirilmesine adanm\u0131\u015ft\u0131r. Home Contents Felsefe Institut Allergosan, sorunlar ortaya \u00e7\u0131kmadan \u00f6nce sa\u011fl\u0131\u011f\u0131m\u0131z\u0131n temellerini g\u00fc\u00e7lendirmeyi ama\u00e7layan ve do\u011fan\u0131n sunduklar\u0131n\u0131 kullanan b\u00fct\u00fcnsel bir yakla\u015f\u0131m benimsemektedir. Odak noktam\u0131z, insan [&hellip;]<\/p>\n","protected":false},"author":3,"featured_media":0,"parent":0,"menu_order":10,"comment_status":"closed","ping_status":"closed","template":"","meta":{"_acf_changed":false,"inline_featured_image":false,"footnotes":""},"class_list":["post-65","page","type-page","status-publish","hentry"],"acf":[],"_links":{"self":[{"href":"https:\/\/www.omni-biotic.com\/tr-tr\/wp-json\/wp\/v2\/pages\/65","targetHints":{"allow":["GET"]}}],"collection":[{"href":"https:\/\/www.omni-biotic.com\/tr-tr\/wp-json\/wp\/v2\/pages"}],"about":[{"href":"https:\/\/www.omni-biotic.com\/tr-tr\/wp-json\/wp\/v2\/types\/page"}],"author":[{"embeddable":true,"href":"https:\/\/www.omni-biotic.com\/tr-tr\/wp-json\/wp\/v2\/users\/3"}],"replies":[{"embeddable":true,"href":"https:\/\/www.omni-biotic.com\/tr-tr\/wp-json\/wp\/v2\/comments?post=65"}],"version-history":[{"count":7,"href":"https:\/\/www.omni-biotic.com\/tr-tr\/wp-json\/wp\/v2\/pages\/65\/revisions"}],"predecessor-version":[{"id":19324,"href":"https:\/\/www.omni-biotic.com\/tr-tr\/wp-json\/wp\/v2\/pages\/65\/revisions\/19324"}],"wp:attachment":[{"href":"https:\/\/www.omni-biotic.com\/tr-tr\/wp-json\/wp\/v2\/media?parent=65"}],"curies":[{"name":"wp","href":"https:\/\/api.w.org\/{rel}","templated":true}]}}