{"id":91,"date":"2022-03-07T10:07:28","date_gmt":"2022-03-07T09:07:28","guid":{"rendered":"https:\/\/www.omni-biotic.com\/ueber-uns\/forschung-entwicklung\/"},"modified":"2025-07-02T17:14:06","modified_gmt":"2025-07-02T15:14:06","slug":"arastirma-ve-gelistirme","status":"publish","type":"page","link":"https:\/\/www.omni-biotic.com\/tr-tr\/hakkimizda\/arastirma-ve-gelistirme\/","title":{"rendered":"Ara\u015ft\u0131rma ve Geli\u015ftirme"},"content":{"rendered":"\t\t<div data-elementor-type=\"wp-page\" data-elementor-id=\"91\" class=\"elementor elementor-91\" data-elementor-post-type=\"page\">\n\t\t\t\t<div class=\"elementor-element elementor-element-a25129f e-con-full obcs green e-flex e-con e-parent\" data-id=\"a25129f\" data-element_type=\"container\" data-settings=\"{&quot;background_background&quot;:&quot;gradient&quot;,&quot;shape_divider_bottom&quot;:&quot;waves&quot;}\">\n\t\t\t\t<div class=\"elementor-shape elementor-shape-bottom\" aria-hidden=\"true\" data-negative=\"false\">\n\t\t\t<svg xmlns=\"http:\/\/www.w3.org\/2000\/svg\" viewBox=\"0 0 1000 100\" preserveAspectRatio=\"none\">\n\t<path class=\"elementor-shape-fill\" d=\"M421.9,6.5c22.6-2.5,51.5,0.4,75.5,5.3c23.6,4.9,70.9,23.5,100.5,35.7c75.8,32.2,133.7,44.5,192.6,49.7\n\tc23.6,2.1,48.7,3.5,103.4-2.5c54.7-6,106.2-25.6,106.2-25.6V0H0v30.3c0,0,72,32.6,158.4,30.5c39.2-0.7,92.8-6.7,134-22.4\n\tc21.2-8.1,52.2-18.2,79.7-24.2C399.3,7.9,411.6,7.5,421.9,6.5z\"\/>\n<\/svg>\t\t<\/div>\n\t\t\t\t<div class=\"elementor-element elementor-element-d6d6bbd elementor-absolute elementor-hidden-mobile elementor-align-center elementor-widget elementor-widget-lottie\" data-id=\"d6d6bbd\" data-element_type=\"widget\" data-settings=\"{&quot;source_json&quot;:{&quot;url&quot;:&quot;https:\\\/\\\/www.omni-biotic.com\\\/en-eu\\\/wp-content\\\/uploads\\\/sites\\\/3\\\/2022\\\/08\\\/lf30_editor_s5uwdgjh.json&quot;,&quot;id&quot;:&quot;7733&quot;,&quot;size&quot;:&quot;&quot;,&quot;alt&quot;:&quot;&quot;,&quot;source&quot;:&quot;library&quot;},&quot;loop&quot;:&quot;yes&quot;,&quot;play_speed&quot;:{&quot;unit&quot;:&quot;px&quot;,&quot;size&quot;:&quot;0.3&quot;,&quot;sizes&quot;:[]},&quot;_position&quot;:&quot;absolute&quot;,&quot;source&quot;:&quot;media_file&quot;,&quot;caption_source&quot;:&quot;none&quot;,&quot;link_to&quot;:&quot;none&quot;,&quot;trigger&quot;:&quot;arriving_to_viewport&quot;,&quot;viewport&quot;:{&quot;unit&quot;:&quot;%&quot;,&quot;size&quot;:&quot;&quot;,&quot;sizes&quot;:{&quot;start&quot;:0,&quot;end&quot;:100}},&quot;start_point&quot;:{&quot;unit&quot;:&quot;%&quot;,&quot;size&quot;:0,&quot;sizes&quot;:[]},&quot;end_point&quot;:{&quot;unit&quot;:&quot;%&quot;,&quot;size&quot;:100,&quot;sizes&quot;:[]},&quot;renderer&quot;:&quot;svg&quot;}\" data-widget_type=\"lottie.default\">\n\t\t\t\t<div class=\"elementor-widget-container\">\n\t\t\t\t\t<div class=\"e-lottie__container\"><div class=\"e-lottie__animation\"><\/div><\/div>\t\t\t\t<\/div>\n\t\t\t\t<\/div>\n\t\t<div class=\"elementor-element elementor-element-4c62dc7 e-con-full obcs yellow e-flex e-con e-child\" data-id=\"4c62dc7\" data-element_type=\"container\" data-settings=\"{&quot;background_background&quot;:&quot;gradient&quot;}\">\n\t\t\t\t<div class=\"elementor-element elementor-element-3342735 elementor-widget elementor-widget-heading\" data-id=\"3342735\" data-element_type=\"widget\" data-widget_type=\"heading.default\">\n\t\t\t\t<div class=\"elementor-widget-container\">\n\t\t\t\t\t<h1 class=\"elementor-heading-title elementor-size-default\">Ara\u015ft\u0131rma ve Geli\u015ftirme <\/h1>\t\t\t\t<\/div>\n\t\t\t\t<\/div>\n\t\t\t\t<div class=\"elementor-element elementor-element-8450bec elementor-widget-divider--view-line elementor-widget elementor-widget-divider\" data-id=\"8450bec\" data-element_type=\"widget\" data-widget_type=\"divider.default\">\n\t\t\t\t<div class=\"elementor-widget-container\">\n\t\t\t\t\t\t\t<div class=\"elementor-divider\">\n\t\t\t<span class=\"elementor-divider-separator\">\n\t\t\t\t\t\t<\/span>\n\t\t<\/div>\n\t\t\t\t\t\t<\/div>\n\t\t\t\t<\/div>\n\t\t\t\t<div class=\"elementor-element elementor-element-24edffd elementor-widget elementor-widget-text-editor\" data-id=\"24edffd\" data-element_type=\"widget\" data-widget_type=\"text-editor.default\">\n\t\t\t\t<div class=\"elementor-widget-container\">\n\t\t\t\t\t\t\t\t\t<p>Institut AllergoSan kendini ara\u015ft\u0131rma ve geli\u015ftirmeye s\u00fcrekli yat\u0131r\u0131m yapmaya adam\u0131\u015ft\u0131r. Bu yakla\u015f\u0131m sayesinde Institut AllergoSan, m\u00fc\u015fterilerine sadece h\u0131zl\u0131 bir \u015fekilde etkili olmakla kalmay\u0131p ayn\u0131 zamanda bilimsel \u00e7al\u0131\u015fmalarla da desteklenen do\u011fal maddeler sunabilmektedir. Bu \u015fekilde, onlarca y\u0131ld\u0131r \u00f6ncelikle ba\u011f\u0131rsak sa\u011fl\u0131\u011f\u0131n\u0131 desteklemeyi ama\u00e7layan benzersiz \u00fcr\u00fcnler yarat\u0131yoruz.<\/p>\t\t\t\t\t\t\t\t<\/div>\n\t\t\t\t<\/div>\n\t\t\t\t<\/div>\n\t\t\t\t<\/div>\n\t\t<div class=\"elementor-element elementor-element-63ea5ec obcs none e-flex e-con-boxed e-con e-parent\" data-id=\"63ea5ec\" data-element_type=\"container\">\n\t\t\t\t\t<div class=\"e-con-inner\">\n\t\t<div class=\"elementor-element elementor-element-58c3483 obcs none e-flex e-con-boxed e-con e-child\" data-id=\"58c3483\" data-element_type=\"container\">\n\t\t\t\t\t<div class=\"e-con-inner\">\n\t\t<div class=\"elementor-element elementor-element-615668b e-con-full obcs none e-flex e-con e-child\" data-id=\"615668b\" data-element_type=\"container\">\n\t\t\t\t<div class=\"elementor-element elementor-element-7b70ac8 elementor-align-left elementor-widget__width-initial elementor-widget elementor-widget-breadcrumbs\" data-id=\"7b70ac8\" data-element_type=\"widget\" data-widget_type=\"breadcrumbs.default\">\n\t\t\t\t<div class=\"elementor-widget-container\">\n\t\t\t\t\t<span><span class=\"last\">Home<\/span><\/span>\t\t\t\t<\/div>\n\t\t\t\t<\/div>\n\t\t\t\t<\/div>\n\t\t<div class=\"elementor-element elementor-element-5691a09 e-con-full obcs none e-flex e-con e-child\" data-id=\"5691a09\" data-element_type=\"container\">\n\t\t\t\t<div class=\"elementor-element elementor-element-d7d0e9f elementor-toc--minimized-on-desktop elementor-widget elementor-widget-table-of-contents\" data-id=\"d7d0e9f\" data-element_type=\"widget\" data-settings=\"{&quot;exclude_headings_by_selector&quot;:[],&quot;minimized_on&quot;:&quot;desktop&quot;,&quot;_animation&quot;:&quot;none&quot;,&quot;no_headings_message&quot;:&quot;No headings were found on this page.&quot;,&quot;headings_by_tags&quot;:[&quot;h2&quot;,&quot;h3&quot;,&quot;h4&quot;,&quot;h5&quot;,&quot;h6&quot;],&quot;marker_view&quot;:&quot;numbers&quot;,&quot;minimize_box&quot;:&quot;yes&quot;,&quot;hierarchical_view&quot;:&quot;yes&quot;,&quot;min_height&quot;:{&quot;unit&quot;:&quot;px&quot;,&quot;size&quot;:&quot;&quot;,&quot;sizes&quot;:[]},&quot;min_height_tablet&quot;:{&quot;unit&quot;:&quot;px&quot;,&quot;size&quot;:&quot;&quot;,&quot;sizes&quot;:[]},&quot;min_height_mobile&quot;:{&quot;unit&quot;:&quot;px&quot;,&quot;size&quot;:&quot;&quot;,&quot;sizes&quot;:[]}}\" data-widget_type=\"table-of-contents.default\">\n\t\t\t\t<div class=\"elementor-widget-container\">\n\t\t\t\t\t\t\t\t\t<div class=\"elementor-toc__header\">\n\t\t\t\t\t\t<h4 class=\"elementor-toc__header-title\">\n\t\t\t\tContents\t\t\t<\/h4>\n\t\t\t\t\t\t\t\t\t\t<div class=\"elementor-toc__toggle-button elementor-toc__toggle-button--expand\" role=\"button\" tabindex=\"0\" aria-controls=\"elementor-toc__d7d0e9f\" aria-expanded=\"true\" aria-label=\"Open table of contents\"><i aria-hidden=\"true\" class=\"fas fa-chevron-down\"><\/i><\/div>\n\t\t\t\t<div class=\"elementor-toc__toggle-button elementor-toc__toggle-button--collapse\" role=\"button\" tabindex=\"0\" aria-controls=\"elementor-toc__d7d0e9f\" aria-expanded=\"true\" aria-label=\"Close table of contents\"><i aria-hidden=\"true\" class=\"fas fa-chevron-up\"><\/i><\/div>\n\t\t\t\t\t<\/div>\n\t\t\t\t<div id=\"elementor-toc__d7d0e9f\" class=\"elementor-toc__body\">\n\t\t\t<div class=\"elementor-toc__spinner-container\">\n\t\t\t\t<i class=\"elementor-toc__spinner eicon-animation-spin eicon-loading\" aria-hidden=\"true\"><\/i>\t\t\t<\/div>\n\t\t<\/div>\n\t\t\t\t\t\t<\/div>\n\t\t\t\t<\/div>\n\t\t\t\t<\/div>\n\t\t\t\t\t<\/div>\n\t\t\t\t<\/div>\n\t\t\t\t\t<\/div>\n\t\t\t\t<\/div>\n\t\t<div class=\"elementor-element elementor-element-e622dd4 obcs none e-flex e-con-boxed e-con e-parent\" data-id=\"e622dd4\" data-element_type=\"container\">\n\t\t\t\t\t<div class=\"e-con-inner\">\n\t\t<div class=\"elementor-element elementor-element-f00139e e-con-full obcs none e-flex e-con e-child\" data-id=\"f00139e\" data-element_type=\"container\">\n\t\t\t\t<div class=\"elementor-element elementor-element-63724ee elementor-widget elementor-widget-heading\" data-id=\"63724ee\" data-element_type=\"widget\" data-widget_type=\"heading.default\">\n\t\t\t\t<div class=\"elementor-widget-container\">\n\t\t\t\t\t<h2 class=\"elementor-heading-title elementor-size-default\">En y\u00fcksek bilimsel standartlar<\/h2>\t\t\t\t<\/div>\n\t\t\t\t<\/div>\n\t\t\t\t<div class=\"elementor-element elementor-element-8039f42 elementor-widget elementor-widget-text-editor\" data-id=\"8039f42\" data-element_type=\"widget\" data-widget_type=\"text-editor.default\">\n\t\t\t\t<div class=\"elementor-widget-container\">\n\t\t\t\t\t\t\t\t\t<p>\u00a0Genel M\u00fcd\u00fcr Anita Frauwallner, Institut Allergosan&#8217;\u0131n ard\u0131ndaki felsefe hakk\u0131nda \u015funlar\u0131 s\u00f6yl\u00fcyor: &#8220;Ara\u015ft\u0131rmaya b\u00fcy\u00fck yat\u0131r\u0131mlar yaparak giri\u015fimci cesaretimizi defalarca g\u00f6sterdik, \u00e7\u00fcnk\u00fc ancak bu \u015fekilde \u00fcr\u00fcnlerimizin en y\u00fcksek bilimsel standartlar\u0131 kar\u015f\u0131lamas\u0131n\u0131 ve m\u00fc\u015fterilerimize ger\u00e7ekten yard\u0131mc\u0131 olmas\u0131n\u0131 garanti edebiliriz.&#8221;<\/p>\t\t\t\t\t\t\t\t<\/div>\n\t\t\t\t<\/div>\n\t\t\t\t<\/div>\n\t\t\t\t\t<\/div>\n\t\t\t\t<\/div>\n\t\t<div class=\"elementor-element elementor-element-84348d8 obcs green e-flex e-con-boxed e-con e-parent\" data-id=\"84348d8\" data-element_type=\"container\">\n\t\t\t\t\t<div class=\"e-con-inner\">\n\t\t<div class=\"elementor-element elementor-element-2e17af9 e-con-full obcs none e-flex e-con e-child\" data-id=\"2e17af9\" data-element_type=\"container\">\n\t\t\t\t<div class=\"elementor-element elementor-element-78da7da elementor-widget elementor-widget-heading\" data-id=\"78da7da\" data-element_type=\"widget\" data-widget_type=\"heading.default\">\n\t\t\t\t<div class=\"elementor-widget-container\">\n\t\t\t\t\t<h2 class=\"elementor-heading-title elementor-size-default\">Ara\u015ft\u0131rmaya y\u00fcksek d\u00fczeyde yat\u0131r\u0131m<\/h2>\t\t\t\t<\/div>\n\t\t\t\t<\/div>\n\t\t\t\t<div class=\"elementor-element elementor-element-82461da elementor-widget elementor-widget-text-editor\" data-id=\"82461da\" data-element_type=\"widget\" data-widget_type=\"text-editor.default\">\n\t\t\t\t<div class=\"elementor-widget-container\">\n\t\t\t\t\t\t\t\t\t<p>\u015eirket k\u0131sa s\u00fcre \u00f6nce ara\u015ft\u0131rma alan\u0131nda tarihinin en b\u00fcy\u00fck yat\u0131r\u0131mlar\u0131ndan birini yapt\u0131. Graz T\u0131p \u00dcniversitesi&#8217;nde mikrobiyom ara\u015ft\u0131rmalar\u0131 alan\u0131nda son derece yenilik\u00e7i d\u00f6rt proje y\u00fcr\u00fct\u00fcl\u00fcyor. Yakla\u015f\u0131k 20 y\u0131l \u00f6nce Institut Allergosan bu konuda cesur bir ad\u0131m att\u0131. O zamanlar probiyotik t\u0131p hala b\u00fcy\u00fck \u00f6l\u00e7\u00fcde ke\u015ffedilmemi\u015f bir aland\u0131 ve cevaplanmam\u0131\u015f pek \u00e7ok soru vard\u0131. Graz&#8217;daki Institut Allergosan bu alanda uzmanla\u015fmaya ve mikrobiyom ara\u015ft\u0131rmalar\u0131na yat\u0131r\u0131m yapmaya ba\u015flad\u0131\u011f\u0131nda, bir\u00e7ok \u00e7evreden gelen \u015f\u00fcphe ve ele\u015ftirilerle kar\u015f\u0131la\u015ft\u0131. &#8220;Baz\u0131 insanlar deli oldu\u011fumuzu d\u00fc\u015f\u00fcnd\u00fc \u00e7\u00fcnk\u00fc finansal a\u00e7\u0131dan bak\u0131ld\u0131\u011f\u0131nda o zamanlar gelecek vaat eden bir alan gibi g\u00f6r\u00fcnm\u00fcyordu. Ancak biz finansal g\u00fcd\u00fclerle hareket etmiyorduk; daha ziyade bu yolla pek \u00e7ok insana ger\u00e7ekten yard\u0131mc\u0131 olabilece\u011fimize inan\u0131yorduk. Bu nedenle OMNi-BiOTiC\u00ae \u00fcr\u00fcnlerimizi geli\u015ftirmeye ba\u015flad\u0131k,\u201d diyor Institut Allergosan&#8217;\u0131 kurulu\u015fundan bu yana y\u00f6neten Anita Frauwallner.<\/p>\t\t\t\t\t\t\t\t<\/div>\n\t\t\t\t<\/div>\n\t\t\t\t<\/div>\n\t\t<div class=\"elementor-element elementor-element-fa89a80 e-con-full obcs none e-flex e-con e-child\" data-id=\"fa89a80\" data-element_type=\"container\">\n\t\t\t\t<div class=\"elementor-element elementor-element-caa5516 e-transform elementor-widget elementor-widget-image\" data-id=\"caa5516\" data-element_type=\"widget\" data-settings=\"{&quot;_transform_rotateZ_effect&quot;:{&quot;unit&quot;:&quot;px&quot;,&quot;size&quot;:0,&quot;sizes&quot;:[]},&quot;_transform_rotate_3d&quot;:&quot;yes&quot;,&quot;_transform_rotateX_effect&quot;:{&quot;unit&quot;:&quot;px&quot;,&quot;size&quot;:0,&quot;sizes&quot;:[]},&quot;_transform_rotateY_effect&quot;:{&quot;unit&quot;:&quot;px&quot;,&quot;size&quot;:-4,&quot;sizes&quot;:[]},&quot;_transform_perspective_effect&quot;:{&quot;unit&quot;:&quot;px&quot;,&quot;size&quot;:650,&quot;sizes&quot;:[]},&quot;_transform_rotateZ_effect_tablet&quot;:{&quot;unit&quot;:&quot;deg&quot;,&quot;size&quot;:&quot;&quot;,&quot;sizes&quot;:[]},&quot;_transform_rotateZ_effect_mobile&quot;:{&quot;unit&quot;:&quot;deg&quot;,&quot;size&quot;:&quot;&quot;,&quot;sizes&quot;:[]},&quot;_transform_rotateX_effect_tablet&quot;:{&quot;unit&quot;:&quot;deg&quot;,&quot;size&quot;:&quot;&quot;,&quot;sizes&quot;:[]},&quot;_transform_rotateX_effect_mobile&quot;:{&quot;unit&quot;:&quot;deg&quot;,&quot;size&quot;:&quot;&quot;,&quot;sizes&quot;:[]},&quot;_transform_rotateY_effect_tablet&quot;:{&quot;unit&quot;:&quot;deg&quot;,&quot;size&quot;:&quot;&quot;,&quot;sizes&quot;:[]},&quot;_transform_rotateY_effect_mobile&quot;:{&quot;unit&quot;:&quot;deg&quot;,&quot;size&quot;:&quot;&quot;,&quot;sizes&quot;:[]},&quot;_transform_perspective_effect_tablet&quot;:{&quot;unit&quot;:&quot;px&quot;,&quot;size&quot;:&quot;&quot;,&quot;sizes&quot;:[]},&quot;_transform_perspective_effect_mobile&quot;:{&quot;unit&quot;:&quot;px&quot;,&quot;size&quot;:&quot;&quot;,&quot;sizes&quot;:[]}}\" data-widget_type=\"image.default\">\n\t\t\t\t<div class=\"elementor-widget-container\">\n\t\t\t\t\t\t\t\t\t\t\t\t\t\t\t<img fetchpriority=\"high\" decoding=\"async\" width=\"800\" height=\"800\" src=\"https:\/\/www.omni-biotic.com\/tr-tr\/wp-content\/uploads\/sites\/15\/2023\/07\/research-and-development-probiotics-top-brand-best-probiotics.jpg\" class=\"attachment-large size-large wp-image-15792\" alt=\"ara\u015ft\u0131rma ve geli\u015ftirme probiyotikleri en iyi marka en iyi probiyotikler\" srcset=\"https:\/\/www.omni-biotic.com\/tr-tr\/wp-content\/uploads\/sites\/15\/2023\/07\/research-and-development-probiotics-top-brand-best-probiotics.jpg 1024w, https:\/\/www.omni-biotic.com\/tr-tr\/wp-content\/uploads\/sites\/15\/2023\/07\/research-and-development-probiotics-top-brand-best-probiotics-300x300.jpg 300w, https:\/\/www.omni-biotic.com\/tr-tr\/wp-content\/uploads\/sites\/15\/2023\/07\/research-and-development-probiotics-top-brand-best-probiotics-150x150.jpg 150w, https:\/\/www.omni-biotic.com\/tr-tr\/wp-content\/uploads\/sites\/15\/2023\/07\/research-and-development-probiotics-top-brand-best-probiotics-768x768.jpg 768w\" sizes=\"(max-width: 800px) 100vw, 800px\" title=\"\">\t\t\t\t\t\t\t\t\t\t\t\t\t\t\t<\/div>\n\t\t\t\t<\/div>\n\t\t\t\t<\/div>\n\t\t\t\t\t<\/div>\n\t\t\t\t<\/div>\n\t\t<div class=\"elementor-element elementor-element-0e16dc7 obcs none e-flex e-con-boxed e-con e-parent\" data-id=\"0e16dc7\" data-element_type=\"container\" data-settings=\"{&quot;background_background&quot;:&quot;classic&quot;,&quot;shape_divider_top&quot;:&quot;waves&quot;,&quot;shape_divider_bottom&quot;:&quot;waves&quot;}\">\n\t\t\t\t\t<div class=\"e-con-inner\">\n\t\t\t\t<div class=\"elementor-shape elementor-shape-top\" aria-hidden=\"true\" data-negative=\"false\">\n\t\t\t<svg xmlns=\"http:\/\/www.w3.org\/2000\/svg\" viewBox=\"0 0 1000 100\" preserveAspectRatio=\"none\">\n\t<path class=\"elementor-shape-fill\" d=\"M421.9,6.5c22.6-2.5,51.5,0.4,75.5,5.3c23.6,4.9,70.9,23.5,100.5,35.7c75.8,32.2,133.7,44.5,192.6,49.7\n\tc23.6,2.1,48.7,3.5,103.4-2.5c54.7-6,106.2-25.6,106.2-25.6V0H0v30.3c0,0,72,32.6,158.4,30.5c39.2-0.7,92.8-6.7,134-22.4\n\tc21.2-8.1,52.2-18.2,79.7-24.2C399.3,7.9,411.6,7.5,421.9,6.5z\"\/>\n<\/svg>\t\t<\/div>\n\t\t\t\t<div class=\"elementor-shape elementor-shape-bottom\" aria-hidden=\"true\" data-negative=\"false\">\n\t\t\t<svg xmlns=\"http:\/\/www.w3.org\/2000\/svg\" viewBox=\"0 0 1000 100\" preserveAspectRatio=\"none\">\n\t<path class=\"elementor-shape-fill\" d=\"M421.9,6.5c22.6-2.5,51.5,0.4,75.5,5.3c23.6,4.9,70.9,23.5,100.5,35.7c75.8,32.2,133.7,44.5,192.6,49.7\n\tc23.6,2.1,48.7,3.5,103.4-2.5c54.7-6,106.2-25.6,106.2-25.6V0H0v30.3c0,0,72,32.6,158.4,30.5c39.2-0.7,92.8-6.7,134-22.4\n\tc21.2-8.1,52.2-18.2,79.7-24.2C399.3,7.9,411.6,7.5,421.9,6.5z\"\/>\n<\/svg>\t\t<\/div>\n\t\t\t\t<div class=\"elementor-element elementor-element-a891808 elementor-widget__width-inherit elementor-widget elementor-widget-heading\" data-id=\"a891808\" data-element_type=\"widget\" data-widget_type=\"heading.default\">\n\t\t\t\t<div class=\"elementor-widget-container\">\n\t\t\t\t\t<h2 class=\"elementor-heading-title elementor-size-default\">Yenilik\u00e7ilik ve sorumluluk<\/h2>\t\t\t\t<\/div>\n\t\t\t\t<\/div>\n\t\t\t\t<div class=\"elementor-element elementor-element-15dbb16 elementor-widget elementor-widget-text-editor\" data-id=\"15dbb16\" data-element_type=\"widget\" data-widget_type=\"text-editor.default\">\n\t\t\t\t<div class=\"elementor-widget-container\">\n\t\t\t\t\t\t\t\t\t<p>\u015eirket bu cesur tavr\u0131 benimsemeye devam ediyor. Anita Frauwallner, yenilik\u00e7i kalabilmek i\u00e7in her \u015firkette b\u00f6yle bir tutumun gerekli oldu\u011funa inan\u0131yor. Bununla birlikte, \u015firketin sorumlulu\u011fu konusunda y\u00fcksek d\u00fczeyde bir fark\u0131ndal\u0131\u011fa da ihtiya\u00e7 var: &#8220;M\u00fc\u015fterilerimize ve \u00e7al\u0131\u015fanlar\u0131m\u0131za kar\u015f\u0131 b\u00fcy\u00fck bir sorumluluk hissediyoruz. \u00c7al\u0131\u015fmalar korunmal\u0131 ve \u00fcr\u00fcnlerin kalitesi g\u00fcvence alt\u0131na al\u0131nmal\u0131d\u0131r. M\u00fc\u015fterilerimizin \u00e7o\u011fu, benzer de\u011ferde bir ikamesi olmad\u0131\u011f\u0131 i\u00e7in \u00fcr\u00fcnlerimize g\u00fcveniyor, bu nedenle onlara g\u00fcvenli bir tedarik sa\u011flamal\u0131y\u0131z.&#8221; Institut AllergoSan gelecekte yurtd\u0131\u015f\u0131na da a\u00e7\u0131lacak ve b\u00f6ylece di\u011fer \u00fclkelerde de m\u00fcmk\u00fcn oldu\u011funca \u00e7ok say\u0131da insan AllergoSan&#8217;\u0131n y\u00fcksek kaliteli \u00fcr\u00fcnlerinden faydalanabilecek. Anita Frauwallner, \u201c\u00dcr\u00fcnlerimiz \u00e7ok iyi kar\u015f\u0131land\u0131 \u00e7\u00fcnk\u00fc benzer bir \u00fcr\u00fcn neredeyse yok\u201d diyor. \u015eirketteki t\u00fcm de\u011fi\u015fikliklere ra\u011fmen Institut AllergoSan ilkelerine sad\u0131k kalmaya devam ediyor: &#8220;Do\u011fa ve bilim aras\u0131ndaki yak\u0131n ba\u011flant\u0131 bizim i\u00e7in en \u00f6nemli \u015fey. \u00dcr\u00fcnlerimizi karakterize eden de bu\u201d diyor Anita Frauwallner memnuniyetle.<\/p>\t\t\t\t\t\t\t\t<\/div>\n\t\t\t\t<\/div>\n\t\t\t\t\t<\/div>\n\t\t\t\t<\/div>\n\t\t\t\t<\/div>\n\t\t","protected":false},"excerpt":{"rendered":"<p>Ara\u015ft\u0131rma ve Geli\u015ftirme Institut AllergoSan kendini ara\u015ft\u0131rma ve geli\u015ftirmeye s\u00fcrekli yat\u0131r\u0131m yapmaya adam\u0131\u015ft\u0131r. Bu yakla\u015f\u0131m sayesinde Institut AllergoSan, m\u00fc\u015fterilerine sadece h\u0131zl\u0131 bir \u015fekilde etkili olmakla kalmay\u0131p ayn\u0131 zamanda bilimsel \u00e7al\u0131\u015fmalarla da desteklenen do\u011fal maddeler sunabilmektedir. Bu \u015fekilde, onlarca y\u0131ld\u0131r \u00f6ncelikle ba\u011f\u0131rsak sa\u011fl\u0131\u011f\u0131n\u0131 desteklemeyi ama\u00e7layan benzersiz \u00fcr\u00fcnler yarat\u0131yoruz. Home Contents En y\u00fcksek bilimsel standartlar \u00a0Genel M\u00fcd\u00fcr [&hellip;]<\/p>\n","protected":false},"author":3,"featured_media":0,"parent":65,"menu_order":140,"comment_status":"closed","ping_status":"closed","template":"","meta":{"_acf_changed":false,"inline_featured_image":false,"footnotes":""},"class_list":["post-91","page","type-page","status-publish","hentry"],"acf":[],"_links":{"self":[{"href":"https:\/\/www.omni-biotic.com\/tr-tr\/wp-json\/wp\/v2\/pages\/91","targetHints":{"allow":["GET"]}}],"collection":[{"href":"https:\/\/www.omni-biotic.com\/tr-tr\/wp-json\/wp\/v2\/pages"}],"about":[{"href":"https:\/\/www.omni-biotic.com\/tr-tr\/wp-json\/wp\/v2\/types\/page"}],"author":[{"embeddable":true,"href":"https:\/\/www.omni-biotic.com\/tr-tr\/wp-json\/wp\/v2\/users\/3"}],"replies":[{"embeddable":true,"href":"https:\/\/www.omni-biotic.com\/tr-tr\/wp-json\/wp\/v2\/comments?post=91"}],"version-history":[{"count":7,"href":"https:\/\/www.omni-biotic.com\/tr-tr\/wp-json\/wp\/v2\/pages\/91\/revisions"}],"predecessor-version":[{"id":19134,"href":"https:\/\/www.omni-biotic.com\/tr-tr\/wp-json\/wp\/v2\/pages\/91\/revisions\/19134"}],"up":[{"embeddable":true,"href":"https:\/\/www.omni-biotic.com\/tr-tr\/wp-json\/wp\/v2\/pages\/65"}],"wp:attachment":[{"href":"https:\/\/www.omni-biotic.com\/tr-tr\/wp-json\/wp\/v2\/media?parent=91"}],"curies":[{"name":"wp","href":"https:\/\/api.w.org\/{rel}","templated":true}]}}