{"id":93,"date":"2022-03-07T10:07:28","date_gmt":"2022-03-07T09:07:28","guid":{"rendered":"https:\/\/www.omni-biotic.com\/ueber-uns\/forschung-entwicklung\/studienspiegel\/"},"modified":"2025-07-04T12:53:31","modified_gmt":"2025-07-04T10:53:31","slug":"kalite-kriterleri","status":"publish","type":"page","link":"https:\/\/www.omni-biotic.com\/tr-tr\/hakkimizda\/kalite-kriterleri\/","title":{"rendered":"Kalite kriterleri"},"content":{"rendered":"\t\t<div data-elementor-type=\"wp-page\" data-elementor-id=\"93\" class=\"elementor elementor-93\" data-elementor-post-type=\"page\">\n\t\t\t\t<div class=\"elementor-element elementor-element-c870004 e-con-full obcs none e-flex e-con e-parent\" data-id=\"c870004\" data-element_type=\"container\" data-settings=\"{&quot;background_background&quot;:&quot;classic&quot;,&quot;shape_divider_bottom&quot;:&quot;waves&quot;}\">\n\t\t\t\t<div class=\"elementor-shape elementor-shape-bottom\" aria-hidden=\"true\" data-negative=\"false\">\n\t\t\t<svg xmlns=\"http:\/\/www.w3.org\/2000\/svg\" viewBox=\"0 0 1000 100\" preserveAspectRatio=\"none\">\n\t<path class=\"elementor-shape-fill\" d=\"M421.9,6.5c22.6-2.5,51.5,0.4,75.5,5.3c23.6,4.9,70.9,23.5,100.5,35.7c75.8,32.2,133.7,44.5,192.6,49.7\n\tc23.6,2.1,48.7,3.5,103.4-2.5c54.7-6,106.2-25.6,106.2-25.6V0H0v30.3c0,0,72,32.6,158.4,30.5c39.2-0.7,92.8-6.7,134-22.4\n\tc21.2-8.1,52.2-18.2,79.7-24.2C399.3,7.9,411.6,7.5,421.9,6.5z\"\/>\n<\/svg>\t\t<\/div>\n\t\t\t\t<div class=\"elementor-element elementor-element-bbd1f6c elementor-absolute elementor-hidden-mobile elementor-align-center elementor-widget elementor-widget-lottie\" data-id=\"bbd1f6c\" data-element_type=\"widget\" data-settings=\"{&quot;source_json&quot;:{&quot;url&quot;:&quot;https:\\\/\\\/www.omni-biotic.com\\\/en-eu\\\/wp-content\\\/uploads\\\/sites\\\/3\\\/2022\\\/08\\\/lf30_editor_s5uwdgjh.json&quot;,&quot;id&quot;:&quot;7733&quot;,&quot;size&quot;:&quot;&quot;,&quot;alt&quot;:&quot;&quot;,&quot;source&quot;:&quot;library&quot;},&quot;loop&quot;:&quot;yes&quot;,&quot;play_speed&quot;:{&quot;unit&quot;:&quot;px&quot;,&quot;size&quot;:&quot;0.3&quot;,&quot;sizes&quot;:[]},&quot;_position&quot;:&quot;absolute&quot;,&quot;source&quot;:&quot;media_file&quot;,&quot;caption_source&quot;:&quot;none&quot;,&quot;link_to&quot;:&quot;none&quot;,&quot;trigger&quot;:&quot;arriving_to_viewport&quot;,&quot;viewport&quot;:{&quot;unit&quot;:&quot;%&quot;,&quot;size&quot;:&quot;&quot;,&quot;sizes&quot;:{&quot;start&quot;:0,&quot;end&quot;:100}},&quot;start_point&quot;:{&quot;unit&quot;:&quot;%&quot;,&quot;size&quot;:0,&quot;sizes&quot;:[]},&quot;end_point&quot;:{&quot;unit&quot;:&quot;%&quot;,&quot;size&quot;:100,&quot;sizes&quot;:[]},&quot;renderer&quot;:&quot;svg&quot;}\" data-widget_type=\"lottie.default\">\n\t\t\t\t<div class=\"elementor-widget-container\">\n\t\t\t\t\t<div class=\"e-lottie__container\"><div class=\"e-lottie__animation\"><\/div><\/div>\t\t\t\t<\/div>\n\t\t\t\t<\/div>\n\t\t<div class=\"elementor-element elementor-element-2effe04 e-con-full obcs none e-flex e-con e-child\" data-id=\"2effe04\" data-element_type=\"container\" data-settings=\"{&quot;background_background&quot;:&quot;gradient&quot;}\">\n\t\t\t\t<div class=\"elementor-element elementor-element-4a23325 elementor-widget elementor-widget-heading\" data-id=\"4a23325\" data-element_type=\"widget\" data-widget_type=\"heading.default\">\n\t\t\t\t<div class=\"elementor-widget-container\">\n\t\t\t\t\t<h1 class=\"elementor-heading-title elementor-size-default\">T\u0131bbi \u00f6neme sahip pro- ve sinbiyotikler i\u00e7in kalite kriterleri<\/h1>\t\t\t\t<\/div>\n\t\t\t\t<\/div>\n\t\t\t\t<div class=\"elementor-element elementor-element-ba634fb elementor-widget-divider--view-line elementor-widget elementor-widget-divider\" data-id=\"ba634fb\" data-element_type=\"widget\" data-widget_type=\"divider.default\">\n\t\t\t\t<div class=\"elementor-widget-container\">\n\t\t\t\t\t\t\t<div class=\"elementor-divider\">\n\t\t\t<span class=\"elementor-divider-separator\">\n\t\t\t\t\t\t<\/span>\n\t\t<\/div>\n\t\t\t\t\t\t<\/div>\n\t\t\t\t<\/div>\n\t\t\t\t<div class=\"elementor-element elementor-element-bba7f69 elementor-widget elementor-widget-text-editor\" data-id=\"bba7f69\" data-element_type=\"widget\" data-widget_type=\"text-editor.default\">\n\t\t\t\t<div class=\"elementor-widget-container\">\n\t\t\t\t\t\t\t\t\t<p>WHO, WGO, FDA ile Avusturya ve Almanya Probiyotik T\u0131p Derneklerinin (DePROM ve OePROM) t\u0131bben ilgili pro ve sinbiyotik k\u0131lavuzlar\u0131 do\u011frultusunda<\/p><p>\u00a0<\/p>\t\t\t\t\t\t\t\t<\/div>\n\t\t\t\t<\/div>\n\t\t\t\t<\/div>\n\t\t\t\t<\/div>\n\t\t<div class=\"elementor-element elementor-element-71e5d18 obcs none e-flex e-con-boxed e-con e-parent\" data-id=\"71e5d18\" data-element_type=\"container\">\n\t\t\t\t\t<div class=\"e-con-inner\">\n\t\t<div class=\"elementor-element elementor-element-d953c14 e-con-full obcs none e-flex e-con e-child\" data-id=\"d953c14\" data-element_type=\"container\">\n\t\t\t\t<div class=\"elementor-element elementor-element-8cb8044 elementor-align-left elementor-widget__width-initial elementor-widget elementor-widget-breadcrumbs\" data-id=\"8cb8044\" data-element_type=\"widget\" data-widget_type=\"breadcrumbs.default\">\n\t\t\t\t<div class=\"elementor-widget-container\">\n\t\t\t\t\t<span><span class=\"last\">Home<\/span><\/span>\t\t\t\t<\/div>\n\t\t\t\t<\/div>\n\t\t\t\t<\/div>\n\t\t<div class=\"elementor-element elementor-element-67ae566 e-con-full obcs none e-flex e-con e-child\" data-id=\"67ae566\" data-element_type=\"container\">\n\t\t\t\t<div class=\"elementor-element elementor-element-31247bb elementor-toc--minimized-on-desktop elementor-widget elementor-widget-table-of-contents\" data-id=\"31247bb\" data-element_type=\"widget\" data-settings=\"{&quot;exclude_headings_by_selector&quot;:[],&quot;minimized_on&quot;:&quot;desktop&quot;,&quot;headings_by_tags&quot;:[&quot;h2&quot;,&quot;h3&quot;,&quot;h4&quot;,&quot;h5&quot;,&quot;h6&quot;],&quot;marker_view&quot;:&quot;numbers&quot;,&quot;no_headings_message&quot;:&quot;No headings were found on this page.&quot;,&quot;minimize_box&quot;:&quot;yes&quot;,&quot;hierarchical_view&quot;:&quot;yes&quot;,&quot;min_height&quot;:{&quot;unit&quot;:&quot;px&quot;,&quot;size&quot;:&quot;&quot;,&quot;sizes&quot;:[]},&quot;min_height_tablet&quot;:{&quot;unit&quot;:&quot;px&quot;,&quot;size&quot;:&quot;&quot;,&quot;sizes&quot;:[]},&quot;min_height_mobile&quot;:{&quot;unit&quot;:&quot;px&quot;,&quot;size&quot;:&quot;&quot;,&quot;sizes&quot;:[]}}\" data-widget_type=\"table-of-contents.default\">\n\t\t\t\t<div class=\"elementor-widget-container\">\n\t\t\t\t\t\t\t\t\t<div class=\"elementor-toc__header\">\n\t\t\t\t\t\t<h4 class=\"elementor-toc__header-title\">\n\t\t\t\tContents\t\t\t<\/h4>\n\t\t\t\t\t\t\t\t\t\t<div class=\"elementor-toc__toggle-button elementor-toc__toggle-button--expand\" role=\"button\" tabindex=\"0\" aria-controls=\"elementor-toc__31247bb\" aria-expanded=\"true\" aria-label=\"Open table of contents\"><i aria-hidden=\"true\" class=\"fas fa-chevron-down\"><\/i><\/div>\n\t\t\t\t<div class=\"elementor-toc__toggle-button elementor-toc__toggle-button--collapse\" role=\"button\" tabindex=\"0\" aria-controls=\"elementor-toc__31247bb\" aria-expanded=\"true\" aria-label=\"Close table of contents\"><i aria-hidden=\"true\" class=\"fas fa-chevron-up\"><\/i><\/div>\n\t\t\t\t\t<\/div>\n\t\t\t\t<div id=\"elementor-toc__31247bb\" class=\"elementor-toc__body\">\n\t\t\t<div class=\"elementor-toc__spinner-container\">\n\t\t\t\t<i class=\"elementor-toc__spinner eicon-animation-spin eicon-loading\" aria-hidden=\"true\"><\/i>\t\t\t<\/div>\n\t\t<\/div>\n\t\t\t\t\t\t<\/div>\n\t\t\t\t<\/div>\n\t\t\t\t<\/div>\n\t\t\t\t\t<\/div>\n\t\t\t\t<\/div>\n\t\t<div class=\"elementor-element elementor-element-d5b4ca9 obcs none e-flex e-con-boxed e-con e-parent\" data-id=\"d5b4ca9\" data-element_type=\"container\">\n\t\t\t\t\t<div class=\"e-con-inner\">\n\t\t\t\t<div class=\"elementor-element elementor-element-335bb34 elementor-widget elementor-widget-infobox\" data-id=\"335bb34\" data-element_type=\"widget\" data-widget_type=\"infobox.default\">\n\t\t\t\t<div class=\"elementor-widget-container\">\n\t\t\t\t\t\n<div class=\"li-widgets--infobox magenta highlights-always-magenta\">\n\n    <div class=\"li-widgets--infobox__icon\">\n        <i aria-hidden=\"true\" class=\"fas fa-info-circle\"><\/i>    <\/div>\n    <div class=\"li-widgets--infobox__text\">\n        <p>OMNi-BiOTiC\u00ae \u00fcr\u00fcnleri a\u015fa\u011f\u0131daki kalite kriterlerini kar\u015f\u0131lar ve yaln\u0131zca insan ba\u011f\u0131rsaklar\u0131nda do\u011fal olarak bulunan bakteri k\u00fclt\u00fcrlerinden olu\u015fur.<\/p>    <\/div>\n    <div class=\"li-widgets--infobox__text-body\">\n            <\/div>\n\n    \n<\/div>\n\t\t\t\t<\/div>\n\t\t\t\t<\/div>\n\t\t\t\t\t<\/div>\n\t\t\t\t<\/div>\n\t\t<div class=\"elementor-element elementor-element-233c7cb obcs none e-flex e-con-boxed e-con e-parent\" data-id=\"233c7cb\" data-element_type=\"container\">\n\t\t\t\t\t<div class=\"e-con-inner\">\n\t\t\t\t<div class=\"elementor-element elementor-element-6e1efc0 elementor-widget elementor-widget-heading\" data-id=\"6e1efc0\" data-element_type=\"widget\" data-widget_type=\"heading.default\">\n\t\t\t\t<div class=\"elementor-widget-container\">\n\t\t\t\t\t<h2 class=\"elementor-heading-title elementor-size-default\">1. G\u00fcvenlik<\/h2>\t\t\t\t<\/div>\n\t\t\t\t<\/div>\n\t\t\t\t<div class=\"elementor-element elementor-element-51c6ba3 elementor-widget elementor-widget-text-editor\" data-id=\"51c6ba3\" data-element_type=\"widget\" data-widget_type=\"text-editor.default\">\n\t\t\t\t<div class=\"elementor-widget-container\">\n\t\t\t\t\t\t\t\t\t<p>Kullan\u0131lan t\u00fcm bakteri su\u015flar\u0131 GRAS stat\u00fcs\u00fcne, QPS stat\u00fcs\u00fcne veya benzer g\u00fcvenlik standartlar\u0131na sahip olmal\u0131d\u0131r, bu da insan sindirimi i\u00e7in g\u00fcvenli\u011fi ve uzun s\u00fcreli kullan\u0131mda bile yan etkilerin olmamas\u0131n\u0131 sa\u011flar.<\/p>\t\t\t\t\t\t\t\t<\/div>\n\t\t\t\t<\/div>\n\t\t\t\t<div class=\"elementor-element elementor-element-8fde9f6 elementor-widget elementor-widget-heading\" data-id=\"8fde9f6\" data-element_type=\"widget\" data-widget_type=\"heading.default\">\n\t\t\t\t<div class=\"elementor-widget-container\">\n\t\t\t\t\t<h2 class=\"elementor-heading-title elementor-size-default\">2. Bakteri say\u0131s\u0131 <\/h2>\t\t\t\t<\/div>\n\t\t\t\t<\/div>\n\t\t\t\t<div class=\"elementor-element elementor-element-84ff5eb elementor-widget elementor-widget-text-editor\" data-id=\"84ff5eb\" data-element_type=\"widget\" data-widget_type=\"text-editor.default\">\n\t\t\t\t<div class=\"elementor-widget-container\">\n\t\t\t\t\t\t\t\t\t<p>OMNi-BiOTiC\u00ae \u00fcr\u00fcnleri en az 109 CFU\/g (= gram toz ba\u015f\u0131na 1 milyar bakteri) i\u00e7erir. Bu, yeterli miktarda canl\u0131 bakteri al\u0131m\u0131 anlam\u0131na gelir.<\/p>\t\t\t\t\t\t\t\t<\/div>\n\t\t\t\t<\/div>\n\t\t\t\t<div class=\"elementor-element elementor-element-63eb24d elementor-widget elementor-widget-heading\" data-id=\"63eb24d\" data-element_type=\"widget\" data-widget_type=\"heading.default\">\n\t\t\t\t<div class=\"elementor-widget-container\">\n\t\t\t\t\t<h2 class=\"elementor-heading-title elementor-size-default\">3. Etkililik<\/h2>\t\t\t\t<\/div>\n\t\t\t\t<\/div>\n\t\t\t\t<div class=\"elementor-element elementor-element-becda4b elementor-widget elementor-widget-text-editor\" data-id=\"becda4b\" data-element_type=\"widget\" data-widget_type=\"text-editor.default\">\n\t\t\t\t<div class=\"elementor-widget-container\">\n\t\t\t\t\t\t\t\t\t<p>Probiyotik bakteriler en \u00e7ok rehidrasyondan sonraki ilk 24 saat i\u00e7inde etkili olur ve v\u00fccutta aktif hale gelerek \u00e7al\u0131\u015fmaya ba\u015flarlar. Yo\u011furt \u00fcretiminde bu fermantasyon s\u00fcreci, laktik asit bakterilerinin s\u00fctteki laktozu laktik aside d\u00f6n\u00fc\u015ft\u00fcrerek yo\u011furt elde etti\u011fi mand\u0131rada ger\u00e7ekle\u015fir. Bu aktivasyon s\u00fcreci, toz yutuldu\u011funda v\u00fccudumuzda ger\u00e7ekle\u015ferek bakterilerin aktif hale gelmesine ve faydal\u0131 etkilerine ba\u015flamas\u0131na izin verir.<\/p>\t\t\t\t\t\t\t\t<\/div>\n\t\t\t\t<\/div>\n\t\t\t\t<div class=\"elementor-element elementor-element-dd71a00 elementor-widget elementor-widget-heading\" data-id=\"dd71a00\" data-element_type=\"widget\" data-widget_type=\"heading.default\">\n\t\t\t\t<div class=\"elementor-widget-container\">\n\t\t\t\t\t<h2 class=\"elementor-heading-title elementor-size-default\">4. \u00dcreme oran\u0131<\/h2>\t\t\t\t<\/div>\n\t\t\t\t<\/div>\n\t\t\t\t<div class=\"elementor-element elementor-element-4856745 elementor-widget elementor-widget-text-editor\" data-id=\"4856745\" data-element_type=\"widget\" data-widget_type=\"text-editor.default\">\n\t\t\t\t<div class=\"elementor-widget-container\">\n\t\t\t\t\t\t\t\t\t<p>OMNi-BiOTiC\u00ae \u00fcr\u00fcnlerinin bir k\u00fcr\u00fc tamamland\u0131ktan sonra bile probiyotik bakterilerin \u00e7o\u011fald\u0131\u011f\u0131 g\u00f6sterilmi\u015ftir. Bu olgu, \u00e7ok y\u00fcksek \u00fcreme rakamlar\u0131 gerektirdi\u011finden yaln\u0131zca birka\u00e7 vakada g\u00f6zlemlenmi\u015ftir. OMNi-BiOTiC\u00ae PANDA, OMNi-BiOTiC\u00ae 10 AAD ve OMNi-BiOTiC\u00ae STRESS Repair&#8217;de bu \u00fcreme oran\u0131n\u0131n kan\u0131tlar\u0131 kaydedilmi\u015f ve bilimsel dergilerde yay\u0131nlanm\u0131\u015ft\u0131r.<\/p>\t\t\t\t\t\t\t\t<\/div>\n\t\t\t\t<\/div>\n\t\t\t\t<div class=\"elementor-element elementor-element-86f66a2 elementor-widget elementor-widget-heading\" data-id=\"86f66a2\" data-element_type=\"widget\" data-widget_type=\"heading.default\">\n\t\t\t\t<div class=\"elementor-widget-container\">\n\t\t\t\t\t<h2 class=\"elementor-heading-title elementor-size-default\">5. Mide ve safra asitlerine kar\u015f\u0131 diren\u00e7<\/h2>\t\t\t\t<\/div>\n\t\t\t\t<\/div>\n\t\t\t\t<div class=\"elementor-element elementor-element-2ca901c elementor-widget elementor-widget-text-editor\" data-id=\"2ca901c\" data-element_type=\"widget\" data-widget_type=\"text-editor.default\">\n\t\t\t\t<div class=\"elementor-widget-container\">\n\t\t\t\t\t\t\t\t\t<p>\u00d6nemli bir fakt\u00f6r de bakterilerin g\u00fc\u00e7l\u00fc asitlere kar\u015f\u0131 direncidir. Dondurularak kurutulmu\u015f bakterilerin reaktivasyonu ideal olarak v\u00fccut d\u0131\u015f\u0131nda, su gibi n\u00f6tr bir s\u0131v\u0131 i\u00e7inde ger\u00e7ekle\u015fmelidir. Burada bakteriler besinleri emer ve ba\u011f\u0131rsaklardan ge\u00e7ip mide asidi, safra asidi ve pankreas sular\u0131yla kar\u015f\u0131la\u015fmadan \u00f6nce g\u00fc\u00e7 kazan\u0131r.<\/p>\t\t\t\t\t\t\t\t<\/div>\n\t\t\t\t<\/div>\n\t\t\t\t<div class=\"elementor-element elementor-element-2f68a30 elementor-widget elementor-widget-heading\" data-id=\"2f68a30\" data-element_type=\"widget\" data-widget_type=\"heading.default\">\n\t\t\t\t<div class=\"elementor-widget-container\">\n\t\t\t\t\t<h2 class=\"elementor-heading-title elementor-size-default\">6. Oda s\u0131cakl\u0131\u011f\u0131nda stabilite<\/h2>\t\t\t\t<\/div>\n\t\t\t\t<\/div>\n\t\t\t\t<div class=\"elementor-element elementor-element-8b559b1 elementor-widget elementor-widget-text-editor\" data-id=\"8b559b1\" data-element_type=\"widget\" data-widget_type=\"text-editor.default\">\n\t\t\t\t<div class=\"elementor-widget-container\">\n\t\t\t\t\t\t\t\t\t<p>Son kullanma tarihinde garanti edilen bakteri say\u0131s\u0131, ambalajlama s\u0131ras\u0131ndaki ilk say\u0131mdan daha \u00f6nemlidir. Bir\u00e7ok bakteri, ortam\u0131n hayatta kalmak i\u00e7in ideal ko\u015fullar\u0131 kar\u015f\u0131lamamas\u0131 halinde birka\u00e7 g\u00fcn sonra \u00f6lebilir. OMNi-BiOTiC\u00ae \u00fcr\u00fcnlerinin her partisinin kalite analizi, 24 ay boyunca oda s\u0131cakl\u0131\u011f\u0131nda stabilite kan\u0131t\u0131 da dahil olmak \u00fczere talep \u00fczerine sa\u011flanabilir.<\/p>\t\t\t\t\t\t\t\t<\/div>\n\t\t\t\t<\/div>\n\t\t\t\t<div class=\"elementor-element elementor-element-1ec1357 elementor-widget elementor-widget-heading\" data-id=\"1ec1357\" data-element_type=\"widget\" data-widget_type=\"heading.default\">\n\t\t\t\t<div class=\"elementor-widget-container\">\n\t\t\t\t\t<h2 class=\"elementor-heading-title elementor-size-default\">7. \u00c7evre optimizasyonu\n<\/h2>\t\t\t\t<\/div>\n\t\t\t\t<\/div>\n\t\t\t\t<div class=\"elementor-element elementor-element-07580f2 elementor-widget elementor-widget-text-editor\" data-id=\"07580f2\" data-element_type=\"widget\" data-widget_type=\"text-editor.default\">\n\t\t\t\t<div class=\"elementor-widget-container\">\n\t\t\t\t\t\t\t\t\t<p>\u0130nce ba\u011f\u0131rsaktaki ideal pH de\u011feri 4,0 ile 5,0 aras\u0131nda de\u011fi\u015fir. Bu asidik ortam, patojenlerin b\u00fcy\u00fcmesini engellerken yararl\u0131 bakterilerin b\u00fcy\u00fcmesi i\u00e7in idealdir.<\/p>\t\t\t\t\t\t\t\t<\/div>\n\t\t\t\t<\/div>\n\t\t\t\t<div class=\"elementor-element elementor-element-6ff864e elementor-widget elementor-widget-heading\" data-id=\"6ff864e\" data-element_type=\"widget\" data-widget_type=\"heading.default\">\n\t\t\t\t<div class=\"elementor-widget-container\">\n\t\t\t\t\t<h2 class=\"elementor-heading-title elementor-size-default\">8. Simbiyotik bakteri su\u015flar\u0131n\u0131n \u00e7ok t\u00fcrl\u00fc form\u00fcl\u00fc<\/h2>\t\t\t\t<\/div>\n\t\t\t\t<\/div>\n\t\t\t\t<div class=\"elementor-element elementor-element-48ce8a4 elementor-widget elementor-widget-text-editor\" data-id=\"48ce8a4\" data-element_type=\"widget\" data-widget_type=\"text-editor.default\">\n\t\t\t\t<div class=\"elementor-widget-container\">\n\t\t\t\t\t\t\t\t\t<p>Birden fazla bakteri t\u00fcr\u00fcn\u00fcn kombinasyonu, bakteriler ve h\u00fccrelerimiz aras\u0131nda geli\u015fmi\u015f bir sinerji sa\u011flar. \u00c7e\u015fitli su\u015flarla, \u00e7o\u011falma potansiyelleri artar ve bu da \u00e7e\u015fitli bir ekibin tek ba\u015f\u0131na hareket eden tek bir su\u015ftan daha etkili oldu\u011funu g\u00f6sterir.<\/p>\t\t\t\t\t\t\t\t<\/div>\n\t\t\t\t<\/div>\n\t\t\t\t<div class=\"elementor-element elementor-element-6209228 elementor-widget elementor-widget-heading\" data-id=\"6209228\" data-element_type=\"widget\" data-widget_type=\"heading.default\">\n\t\t\t\t<div class=\"elementor-widget-container\">\n\t\t\t\t\t<h2 class=\"elementor-heading-title elementor-size-default\">9. Bakteriyel su\u015flar\u0131n sinerjisi<\/h2>\t\t\t\t<\/div>\n\t\t\t\t<\/div>\n\t\t\t\t<div class=\"elementor-element elementor-element-d3f2fff elementor-widget elementor-widget-text-editor\" data-id=\"d3f2fff\" data-element_type=\"widget\" data-widget_type=\"text-editor.default\">\n\t\t\t\t<div class=\"elementor-widget-container\">\n\t\t\t\t\t\t\t\t\t<p>T\u00fcm bakteri t\u00fcrleri birbirini tolere edemez; hatta g\u0131da kaynaklar\u0131 gibi konularda birbirlerine rakip olabilirler. Bu nedenle, kombine bakteri su\u015flar\u0131n\u0131n etkinli\u011finin \u00e7apraz \u00e7izgi y\u00f6ntemiyle kan\u0131tlanmas\u0131 ve\/veya etkinliklerine ili\u015fkin \u00e7al\u0131\u015fmalar\u0131n mevcut olmas\u0131 gerekir.<\/p>\t\t\t\t\t\t\t\t<\/div>\n\t\t\t\t<\/div>\n\t\t\t\t<div class=\"elementor-element elementor-element-457febe elementor-widget elementor-widget-heading\" data-id=\"457febe\" data-element_type=\"widget\" data-widget_type=\"heading.default\">\n\t\t\t\t<div class=\"elementor-widget-container\">\n\t\t\t\t\t<h2 class=\"elementor-heading-title elementor-size-default\">10. \u015eeker, gl\u00fcten ve hayvansal protein i\u00e7ermez<\/h2>\t\t\t\t<\/div>\n\t\t\t\t<\/div>\n\t\t\t\t<div class=\"elementor-element elementor-element-11cf9d0 elementor-widget elementor-widget-text-editor\" data-id=\"11cf9d0\" data-element_type=\"widget\" data-widget_type=\"text-editor.default\">\n\t\t\t\t<div class=\"elementor-widget-container\">\n\t\t\t\t\t\t\t\t\t<p>Mevcut intoleranslar\u0131 te\u015fvik etmekten ka\u00e7\u0131n\u0131r.<\/p>\t\t\t\t\t\t\t\t<\/div>\n\t\t\t\t<\/div>\n\t\t\t\t<div class=\"elementor-element elementor-element-aeb62df elementor-widget elementor-widget-heading\" data-id=\"aeb62df\" data-element_type=\"widget\" data-widget_type=\"heading.default\">\n\t\t\t\t<div class=\"elementor-widget-container\">\n\t\t\t\t\t<h2 class=\"elementor-heading-title elementor-size-default\">11. Matris<\/h2>\t\t\t\t<\/div>\n\t\t\t\t<\/div>\n\t\t\t\t<div class=\"elementor-element elementor-element-ea5e02a elementor-widget elementor-widget-text-editor\" data-id=\"ea5e02a\" data-element_type=\"widget\" data-widget_type=\"text-editor.default\">\n\t\t\t\t<div class=\"elementor-widget-container\">\n\t\t\t\t\t\t\t\t\t<p>\u00dcr\u00fcn bile\u015fimine enzim, lif ve minerallerin eklenmesi bakterilerin \u00fcreme h\u0131z\u0131n\u0131 ve aktivitesini art\u0131rabilir. Bu art\u0131\u015f, ba\u011f\u0131rsak zar\u0131nda mukoza \u00fcretimini te\u015fvik eder ve yutulan bakterilerin yap\u0131\u015fmas\u0131n\u0131 art\u0131r\u0131r.<\/p>\t\t\t\t\t\t\t\t<\/div>\n\t\t\t\t<\/div>\n\t\t\t\t<div class=\"elementor-element elementor-element-b84395f elementor-widget elementor-widget-heading\" data-id=\"b84395f\" data-element_type=\"widget\" data-widget_type=\"heading.default\">\n\t\t\t\t<div class=\"elementor-widget-container\">\n\t\t\t\t\t<h2 class=\"elementor-heading-title elementor-size-default\">12. Etkinlik \u00fczerine \u00e7al\u0131\u015fmalar<\/h2>\t\t\t\t<\/div>\n\t\t\t\t<\/div>\n\t\t\t\t<div class=\"elementor-element elementor-element-9bc53fc elementor-widget elementor-widget-text-editor\" data-id=\"9bc53fc\" data-element_type=\"widget\" data-widget_type=\"text-editor.default\">\n\t\t\t\t<div class=\"elementor-widget-container\">\n\t\t\t\t\t\t\t\t\t<p>Bilimsel \u00e7al\u0131\u015fmalar probiyotiklerin etkinli\u011fini g\u00f6stermelidir.<\/p>\t\t\t\t\t\t\t\t<\/div>\n\t\t\t\t<\/div>\n\t\t\t\t<div class=\"elementor-element elementor-element-6331570 elementor-widget elementor-widget-heading\" data-id=\"6331570\" data-element_type=\"widget\" data-widget_type=\"heading.default\">\n\t\t\t\t<div class=\"elementor-widget-container\">\n\t\t\t\t\t<h2 class=\"elementor-heading-title elementor-size-default\">Ba\u015far\u0131n\u0131n anahtar\u0131 ara\u015ft\u0131rma ve geli\u015ftirmede sakl\u0131<\/h2>\t\t\t\t<\/div>\n\t\t\t\t<\/div>\n\t\t\t\t<div class=\"elementor-element elementor-element-d989651 elementor-widget elementor-widget-text-editor\" data-id=\"d989651\" data-element_type=\"widget\" data-widget_type=\"text-editor.default\">\n\t\t\t\t<div class=\"elementor-widget-container\">\n\t\t\t\t\t\t\t\t\t<p>Institut AllergoSan kendini ara\u015ft\u0131rma ve geli\u015ftirmeye s\u00fcrekli yat\u0131r\u0131m yapmaya adam\u0131\u015ft\u0131r. Bu yakla\u015f\u0131m sayesinde Institut AllergoSan, m\u00fc\u015fterilerine sadece h\u0131zl\u0131 bir \u015fekilde etkili olmakla kalmay\u0131p ayn\u0131 zamanda bilimsel \u00e7al\u0131\u015fmalarla da desteklenen do\u011fal maddeler sunabilmektedir. Bu \u015fekilde, onlarca y\u0131ld\u0131r \u00f6ncelikle ba\u011f\u0131rsak sa\u011fl\u0131\u011f\u0131n\u0131 desteklemeyi ama\u00e7layan benzersiz \u00fcr\u00fcnler yarat\u0131yoruz.<\/p>\t\t\t\t\t\t\t\t<\/div>\n\t\t\t\t<\/div>\n\t\t\t\t\t<\/div>\n\t\t\t\t<\/div>\n\t\t\t\t<\/div>\n\t\t","protected":false},"excerpt":{"rendered":"<p>T\u0131bbi \u00f6neme sahip pro- ve sinbiyotikler i\u00e7in kalite kriterleri WHO, WGO, FDA ile Avusturya ve Almanya Probiyotik T\u0131p Derneklerinin (DePROM ve OePROM) t\u0131bben ilgili pro ve sinbiyotik k\u0131lavuzlar\u0131 do\u011frultusunda Home Contents OMNi-BiOTiC\u00ae \u00fcr\u00fcnleri a\u015fa\u011f\u0131daki kalite kriterlerini kar\u015f\u0131lar ve yaln\u0131zca insan ba\u011f\u0131rsaklar\u0131nda do\u011fal olarak bulunan bakteri k\u00fclt\u00fcrlerinden olu\u015fur. 1. G\u00fcvenlik Kullan\u0131lan t\u00fcm bakteri su\u015flar\u0131 GRAS stat\u00fcs\u00fcne, [&hellip;]<\/p>\n","protected":false},"author":3,"featured_media":0,"parent":65,"menu_order":150,"comment_status":"closed","ping_status":"closed","template":"","meta":{"_acf_changed":false,"inline_featured_image":false,"footnotes":""},"class_list":["post-93","page","type-page","status-publish","hentry"],"acf":[],"_links":{"self":[{"href":"https:\/\/www.omni-biotic.com\/tr-tr\/wp-json\/wp\/v2\/pages\/93","targetHints":{"allow":["GET"]}}],"collection":[{"href":"https:\/\/www.omni-biotic.com\/tr-tr\/wp-json\/wp\/v2\/pages"}],"about":[{"href":"https:\/\/www.omni-biotic.com\/tr-tr\/wp-json\/wp\/v2\/types\/page"}],"author":[{"embeddable":true,"href":"https:\/\/www.omni-biotic.com\/tr-tr\/wp-json\/wp\/v2\/users\/3"}],"replies":[{"embeddable":true,"href":"https:\/\/www.omni-biotic.com\/tr-tr\/wp-json\/wp\/v2\/comments?post=93"}],"version-history":[{"count":7,"href":"https:\/\/www.omni-biotic.com\/tr-tr\/wp-json\/wp\/v2\/pages\/93\/revisions"}],"predecessor-version":[{"id":18747,"href":"https:\/\/www.omni-biotic.com\/tr-tr\/wp-json\/wp\/v2\/pages\/93\/revisions\/18747"}],"up":[{"embeddable":true,"href":"https:\/\/www.omni-biotic.com\/tr-tr\/wp-json\/wp\/v2\/pages\/65"}],"wp:attachment":[{"href":"https:\/\/www.omni-biotic.com\/tr-tr\/wp-json\/wp\/v2\/media?parent=93"}],"curies":[{"name":"wp","href":"https:\/\/api.w.org\/{rel}","templated":true}]}}