{"id":97,"date":"2022-03-07T10:07:28","date_gmt":"2022-03-07T09:07:28","guid":{"rendered":"https:\/\/www.omni-biotic.com\/produkte\/"},"modified":"2025-07-07T14:43:58","modified_gmt":"2025-07-07T12:43:58","slug":"urunler","status":"publish","type":"page","link":"https:\/\/www.omni-biotic.com\/tr-tr\/urunler\/","title":{"rendered":"\u00dcr\u00fcnler"},"content":{"rendered":"\t\t<div data-elementor-type=\"wp-page\" data-elementor-id=\"97\" class=\"elementor elementor-97\" data-elementor-post-type=\"page\">\n\t\t\t\t<div class=\"elementor-element elementor-element-24fd0ef e-con-full obcs none e-flex e-con e-parent\" data-id=\"24fd0ef\" data-element_type=\"container\" data-settings=\"{&quot;background_background&quot;:&quot;classic&quot;,&quot;shape_divider_bottom&quot;:&quot;waves&quot;}\">\n\t\t\t\t<div class=\"elementor-shape elementor-shape-bottom\" aria-hidden=\"true\" data-negative=\"false\">\n\t\t\t<svg xmlns=\"http:\/\/www.w3.org\/2000\/svg\" viewBox=\"0 0 1000 100\" preserveAspectRatio=\"none\">\n\t<path class=\"elementor-shape-fill\" d=\"M421.9,6.5c22.6-2.5,51.5,0.4,75.5,5.3c23.6,4.9,70.9,23.5,100.5,35.7c75.8,32.2,133.7,44.5,192.6,49.7\n\tc23.6,2.1,48.7,3.5,103.4-2.5c54.7-6,106.2-25.6,106.2-25.6V0H0v30.3c0,0,72,32.6,158.4,30.5c39.2-0.7,92.8-6.7,134-22.4\n\tc21.2-8.1,52.2-18.2,79.7-24.2C399.3,7.9,411.6,7.5,421.9,6.5z\"\/>\n<\/svg>\t\t<\/div>\n\t\t<div class=\"elementor-element elementor-element-e5c80b6 e-con-full obcs none e-flex e-con e-child\" data-id=\"e5c80b6\" data-element_type=\"container\" data-settings=\"{&quot;background_background&quot;:&quot;gradient&quot;}\">\n\t\t\t\t<div class=\"elementor-element elementor-element-2f0d93d elementor-widget elementor-widget-heading\" data-id=\"2f0d93d\" data-element_type=\"widget\" data-widget_type=\"heading.default\">\n\t\t\t\t<div class=\"elementor-widget-container\">\n\t\t\t\t\t<h1 class=\"elementor-heading-title elementor-size-default\">\u00dcr\u00fcnlerimiz<\/h1>\t\t\t\t<\/div>\n\t\t\t\t<\/div>\n\t\t\t\t<div class=\"elementor-element elementor-element-0122f39 elementor-widget-divider--view-line elementor-widget elementor-widget-divider\" data-id=\"0122f39\" data-element_type=\"widget\" data-widget_type=\"divider.default\">\n\t\t\t\t<div class=\"elementor-widget-container\">\n\t\t\t\t\t\t\t<div class=\"elementor-divider\">\n\t\t\t<span class=\"elementor-divider-separator\">\n\t\t\t\t\t\t<\/span>\n\t\t<\/div>\n\t\t\t\t\t\t<\/div>\n\t\t\t\t<\/div>\n\t\t\t\t<div class=\"elementor-element elementor-element-4059f19 elementor-widget elementor-widget-text-editor\" data-id=\"4059f19\" data-element_type=\"widget\" data-widget_type=\"text-editor.default\">\n\t\t\t\t<div class=\"elementor-widget-container\">\n\t\t\t\t\t\t\t\t\t<p>Institut AllergoSan yakla\u015f\u0131k 30 y\u0131ld\u0131r probiyotik bakteriler, bitki \u00f6zleri ve mineraller gibi do\u011fal maddelerden \u00fcretilen ve tek bir amac\u0131 olan \u00fcr\u00fcnler geli\u015ftirmekte, ara\u015ft\u0131rmakta ve pazarlamaktad\u0131r: sa\u011fl\u0131\u011f\u0131m\u0131z\u0131, \u00f6zellikle de ba\u011f\u0131rsak sa\u011fl\u0131\u011f\u0131m\u0131z\u0131 desteklemek.<\/p>\t\t\t\t\t\t\t\t<\/div>\n\t\t\t\t<\/div>\n\t\t\t\t<\/div>\n\t\t<div class=\"elementor-element elementor-element-95a1d1b e-con-full elementor-hidden-mobile obcs none e-flex e-con e-child\" data-id=\"95a1d1b\" data-element_type=\"container\">\n\t\t\t\t<\/div>\n\t\t\t\t<\/div>\n\t\t<div class=\"elementor-element elementor-element-fadff77 obcs none e-flex e-con-boxed e-con e-parent\" data-id=\"fadff77\" data-element_type=\"container\">\n\t\t\t\t\t<div class=\"e-con-inner\">\n\t\t<div class=\"elementor-element elementor-element-1ac6666 e-con-full obcs none e-flex e-con e-child\" data-id=\"1ac6666\" data-element_type=\"container\">\n\t\t\t\t<div class=\"elementor-element elementor-element-51c8f36 elementor-align-left elementor-widget__width-initial elementor-widget elementor-widget-breadcrumbs\" data-id=\"51c8f36\" data-element_type=\"widget\" data-widget_type=\"breadcrumbs.default\">\n\t\t\t\t<div class=\"elementor-widget-container\">\n\t\t\t\t\t<span><span class=\"last\">Home<\/span><\/span>\t\t\t\t<\/div>\n\t\t\t\t<\/div>\n\t\t\t\t<\/div>\n\t\t<div class=\"elementor-element elementor-element-b97e87e e-con-full obcs none e-flex e-con e-child\" data-id=\"b97e87e\" data-element_type=\"container\">\n\t\t\t\t<\/div>\n\t\t\t\t\t<\/div>\n\t\t\t\t<\/div>\n\t\t<div class=\"elementor-element elementor-element-34c5dbc obcs none e-flex e-con-boxed e-con e-parent\" data-id=\"34c5dbc\" data-element_type=\"container\">\n\t\t\t\t\t<div class=\"e-con-inner\">\n\t\t\t\t<div class=\"elementor-element elementor-element-5f2b807 elementor-widget__width-initial elementor-widget elementor-widget-li-widgets--tile-slider\" data-id=\"5f2b807\" data-element_type=\"widget\" data-widget_type=\"li-widgets--tile-slider.default\">\n\t\t\t\t<div class=\"elementor-widget-container\">\n\t\t\t\t\t<div class=\"li-widgets--tile-slider magenta\">\n            <div class=\"headlines\">\n                            <div class=\"headline\">\n                    <div class=\"headline--main\"><h2>\u0130yi bir i\u00e7g\u00fcd\u00fc - Her g\u00fcn!<\/h2><\/div>\n                                    <\/div>\n                                <\/div>\n                <div class=\"tiles-container grid\">\n            <div class=\"tiles grid-wrapper\">\n                                    <div class=\"swiper-slide\">\n                        <div class=\"tile\">\n                                                        <a href=\"https:\/\/www.omni-biotic.com\/tr-tr\/urunler\/omni-biotic\/\">\n                                                                                                    <img fetchpriority=\"high\" decoding=\"async\" width=\"300\" height=\"300\" src=\"https:\/\/www.omni-biotic.com\/tr-tr\/wp-content\/uploads\/sites\/15\/2025\/07\/OMNi-BiOTiC-Produkte-Gesamtpackshot.png\" class=\"tile__image\" alt=\"\" srcset=\"https:\/\/www.omni-biotic.com\/tr-tr\/wp-content\/uploads\/sites\/15\/2025\/07\/OMNi-BiOTiC-Produkte-Gesamtpackshot.png 300w, https:\/\/www.omni-biotic.com\/tr-tr\/wp-content\/uploads\/sites\/15\/2025\/07\/OMNi-BiOTiC-Produkte-Gesamtpackshot-150x150.png 150w\" sizes=\"(max-width: 300px) 100vw, 300px\" title=\"\">                                                                                            <\/a>\n                                                                                    <div class=\"tile__headline\">OMNi-BiOTiC\u00ae\u200b<\/div>\n                                                                                                                    <div class=\"tile__text\">Ba\u011f\u0131rsaklar\u0131n\u0131z i\u00e7in en y\u00fcksek kalitede sinbiyotikler<\/div>\n                                                                                                                    <a class=\"tile__button\" href=\"https:\/\/www.omni-biotic.com\/tr-tr\/urunler\/omni-biotic\/\">\u00dcr\u00fcnleri g\u00f6ster<\/a>\n                                                    <\/div>\n                    <\/div>\n                                    <div class=\"swiper-slide\">\n                        <div class=\"tile\">\n                                                        <a href=\"https:\/\/www.omni-biotic.com\/tr-tr\/urunler\/omni-logic\/\">\n                                                                                                    <img decoding=\"async\" width=\"300\" height=\"300\" src=\"https:\/\/www.omni-biotic.com\/tr-tr\/wp-content\/uploads\/sites\/15\/2025\/07\/OMNi-LOGiC-Produkte-Gesamtpackshot.png\" class=\"tile__image\" alt=\"\" srcset=\"https:\/\/www.omni-biotic.com\/tr-tr\/wp-content\/uploads\/sites\/15\/2025\/07\/OMNi-LOGiC-Produkte-Gesamtpackshot.png 300w, https:\/\/www.omni-biotic.com\/tr-tr\/wp-content\/uploads\/sites\/15\/2025\/07\/OMNi-LOGiC-Produkte-Gesamtpackshot-150x150.png 150w\" sizes=\"(max-width: 300px) 100vw, 300px\" title=\"\">                                                                                            <\/a>\n                                                                                    <div class=\"tile__headline\">OMNi-LOGiC\u00ae\u200b<\/div>\n                                                                                                                    <div class=\"tile__text\">Ba\u011f\u0131rsaklar\u0131n\u0131z i\u00e7in do\u011fal lif<\/div>\n                                                                                                                    <a class=\"tile__button\" href=\"https:\/\/www.omni-biotic.com\/tr-tr\/urunler\/omni-logic\/\">\u00dcr\u00fcnleri g\u00f6ster<\/a>\n                                                    <\/div>\n                    <\/div>\n                                    <div class=\"swiper-slide\">\n                        <div class=\"tile\">\n                                                        <a href=\"https:\/\/www.omni-biotic.com\/tr-tr\/urunler\/omnipower\/\">\n                                                                                                    <img decoding=\"async\" width=\"300\" height=\"300\" src=\"https:\/\/www.omni-biotic.com\/tr-tr\/wp-content\/uploads\/sites\/15\/2025\/07\/500x500_OP_Gesamtpackshot-300x300.png\" class=\"tile__image\" alt=\"\" srcset=\"https:\/\/www.omni-biotic.com\/tr-tr\/wp-content\/uploads\/sites\/15\/2025\/07\/500x500_OP_Gesamtpackshot-300x300.png 300w, https:\/\/www.omni-biotic.com\/tr-tr\/wp-content\/uploads\/sites\/15\/2025\/07\/500x500_OP_Gesamtpackshot-150x150.png 150w, https:\/\/www.omni-biotic.com\/tr-tr\/wp-content\/uploads\/sites\/15\/2025\/07\/500x500_OP_Gesamtpackshot.png 500w\" sizes=\"(max-width: 300px) 100vw, 300px\" title=\"\">                                                                                            <\/a>\n                                                                                    <div class=\"tile__headline\">OMNi-POWER\u00ae<\/div>\n                                                                                                                    <div class=\"tile__text\">Mineral ve enerji tedari\u011fi<\/div>\n                                                                                                                    <a class=\"tile__button\" href=\"https:\/\/www.omni-biotic.com\/tr-tr\/urunler\/omnipower\/\">\u00dcr\u00fcnleri g\u00f6ster<\/a>\n                                                    <\/div>\n                    <\/div>\n                                    <div class=\"swiper-slide\">\n                        <div class=\"tile\">\n                                                        <a href=\"https:\/\/www.omni-biotic.com\/tr-tr\/urunler\/meta-care\/\">\n                                                                                                    <img loading=\"lazy\" decoding=\"async\" width=\"300\" height=\"300\" src=\"https:\/\/www.omni-biotic.com\/tr-tr\/wp-content\/uploads\/sites\/15\/2025\/07\/META-CARE-Produkte-Gesamtpackshot-AT.png\" class=\"tile__image\" alt=\"\" srcset=\"https:\/\/www.omni-biotic.com\/tr-tr\/wp-content\/uploads\/sites\/15\/2025\/07\/META-CARE-Produkte-Gesamtpackshot-AT.png 300w, https:\/\/www.omni-biotic.com\/tr-tr\/wp-content\/uploads\/sites\/15\/2025\/07\/META-CARE-Produkte-Gesamtpackshot-AT-150x150.png 150w\" sizes=\"(max-width: 300px) 100vw, 300px\" title=\"\">                                                                                            <\/a>\n                                                                                    <div class=\"tile__headline\">META-CARE\u00ae\u200b\u200b<\/div>\n                                                                                                                    <div class=\"tile__text\">Ba\u011f\u0131rsaklar\u0131n\u0131z i\u00e7in y\u00fcksek kaliteli besinler<\/div>\n                                                                                                                    <a class=\"tile__button\" href=\"https:\/\/www.omni-biotic.com\/tr-tr\/urunler\/meta-care\/\">\u00dcr\u00fcnleri g\u00f6ster<\/a>\n                                                    <\/div>\n                    <\/div>\n                                    <div class=\"swiper-slide\">\n                        <div class=\"tile\">\n                                                        <a href=\"https:\/\/www.omni-biotic.com\/tr-tr\/urunler\/caricol\/\">\n                                                                                                    <img loading=\"lazy\" decoding=\"async\" width=\"300\" height=\"300\" src=\"https:\/\/www.omni-biotic.com\/tr-tr\/wp-content\/uploads\/sites\/15\/2025\/07\/800x800_Caricol_NEM-300x300.png\" class=\"tile__image\" alt=\"\" srcset=\"https:\/\/www.omni-biotic.com\/tr-tr\/wp-content\/uploads\/sites\/15\/2025\/07\/800x800_Caricol_NEM-300x300.png 300w, https:\/\/www.omni-biotic.com\/tr-tr\/wp-content\/uploads\/sites\/15\/2025\/07\/800x800_Caricol_NEM-150x150.png 150w, https:\/\/www.omni-biotic.com\/tr-tr\/wp-content\/uploads\/sites\/15\/2025\/07\/800x800_Caricol_NEM-768x768.png 768w, https:\/\/www.omni-biotic.com\/tr-tr\/wp-content\/uploads\/sites\/15\/2025\/07\/800x800_Caricol_NEM.png 800w\" sizes=\"(max-width: 300px) 100vw, 300px\" title=\"\">                                                                                            <\/a>\n                                                                                    <div class=\"tile__headline\">Caricol\u00ae\u200b<\/div>\n                                                                                                                    <div class=\"tile__text\">G\u00fc\u00e7 merkezdedir<\/div>\n                                                                                                                    <a class=\"tile__button\" href=\"https:\/\/www.omni-biotic.com\/tr-tr\/urunler\/caricol\/\">\u00dcr\u00fcnleri g\u00f6ster<\/a>\n                                                    <\/div>\n                    <\/div>\n                                    <div class=\"swiper-slide\">\n                        <div class=\"tile\">\n                                                        <a href=\"https:\/\/www.omni-biotic.com\/tr-tr\/urunler\/dr-med-schuetze\/\">\n                                                                                                    <img loading=\"lazy\" decoding=\"async\" width=\"300\" height=\"300\" src=\"https:\/\/www.omni-biotic.com\/tr-tr\/wp-content\/uploads\/sites\/15\/2025\/07\/paromit-spray-dr-med-schuetze-768x768-1-300x300.png\" class=\"tile__image\" alt=\"\" srcset=\"https:\/\/www.omni-biotic.com\/tr-tr\/wp-content\/uploads\/sites\/15\/2025\/07\/paromit-spray-dr-med-schuetze-768x768-1-300x300.png 300w, https:\/\/www.omni-biotic.com\/tr-tr\/wp-content\/uploads\/sites\/15\/2025\/07\/paromit-spray-dr-med-schuetze-768x768-1-150x150.png 150w, https:\/\/www.omni-biotic.com\/tr-tr\/wp-content\/uploads\/sites\/15\/2025\/07\/paromit-spray-dr-med-schuetze-768x768-1.png 768w\" sizes=\"(max-width: 300px) 100vw, 300px\" title=\"\">                                                                                            <\/a>\n                                                                                    <div class=\"tile__headline\">Dr.med. Sch\u00fctze\u00ae<\/div>\n                                                                                                                    <div class=\"tile__text\">Di\u015f bak\u0131m\u0131n\u0131z i\u00e7in \u00fcr\u00fcnler<\/div>\n                                                                                                                    <a class=\"tile__button\" href=\"https:\/\/www.omni-biotic.com\/tr-tr\/urunler\/dr-med-schuetze\/\">\u00dcr\u00fcnleri g\u00f6ster<\/a>\n                                                    <\/div>\n                    <\/div>\n                            <\/div>\n        <\/div>\n    <\/div>\n\t\t\t\t<\/div>\n\t\t\t\t<\/div>\n\t\t\t\t\t<\/div>\n\t\t\t\t<\/div>\n\t\t\t\t<\/div>\n\t\t","protected":false},"excerpt":{"rendered":"<p>\u00dcr\u00fcnlerimiz Institut AllergoSan yakla\u015f\u0131k 30 y\u0131ld\u0131r probiyotik bakteriler, bitki \u00f6zleri ve mineraller gibi do\u011fal maddelerden \u00fcretilen ve tek bir amac\u0131 olan \u00fcr\u00fcnler geli\u015ftirmekte, ara\u015ft\u0131rmakta ve pazarlamaktad\u0131r: sa\u011fl\u0131\u011f\u0131m\u0131z\u0131, \u00f6zellikle de ba\u011f\u0131rsak sa\u011fl\u0131\u011f\u0131m\u0131z\u0131 desteklemek. Home \u0130yi bir i\u00e7g\u00fcd\u00fc &#8211; Her g\u00fcn! OMNi-BiOTiC\u00ae\u200b Ba\u011f\u0131rsaklar\u0131n\u0131z i\u00e7in en y\u00fcksek kalitede sinbiyotikler \u00dcr\u00fcnleri g\u00f6ster OMNi-LOGiC\u00ae\u200b Ba\u011f\u0131rsaklar\u0131n\u0131z i\u00e7in do\u011fal lif \u00dcr\u00fcnleri g\u00f6ster [&hellip;]<\/p>\n","protected":false},"author":3,"featured_media":0,"parent":0,"menu_order":170,"comment_status":"closed","ping_status":"closed","template":"","meta":{"_acf_changed":false,"inline_featured_image":false,"footnotes":""},"class_list":["post-97","page","type-page","status-publish","hentry"],"acf":[],"_links":{"self":[{"href":"https:\/\/www.omni-biotic.com\/tr-tr\/wp-json\/wp\/v2\/pages\/97","targetHints":{"allow":["GET"]}}],"collection":[{"href":"https:\/\/www.omni-biotic.com\/tr-tr\/wp-json\/wp\/v2\/pages"}],"about":[{"href":"https:\/\/www.omni-biotic.com\/tr-tr\/wp-json\/wp\/v2\/types\/page"}],"author":[{"embeddable":true,"href":"https:\/\/www.omni-biotic.com\/tr-tr\/wp-json\/wp\/v2\/users\/3"}],"replies":[{"embeddable":true,"href":"https:\/\/www.omni-biotic.com\/tr-tr\/wp-json\/wp\/v2\/comments?post=97"}],"version-history":[{"count":7,"href":"https:\/\/www.omni-biotic.com\/tr-tr\/wp-json\/wp\/v2\/pages\/97\/revisions"}],"predecessor-version":[{"id":19209,"href":"https:\/\/www.omni-biotic.com\/tr-tr\/wp-json\/wp\/v2\/pages\/97\/revisions\/19209"}],"wp:attachment":[{"href":"https:\/\/www.omni-biotic.com\/tr-tr\/wp-json\/wp\/v2\/media?parent=97"}],"curies":[{"name":"wp","href":"https:\/\/api.w.org\/{rel}","templated":true}]}}